{"id":4968,"date":"2018-07-18T17:00:02","date_gmt":"2018-07-18T16:00:02","guid":{"rendered":"http:\/\/fleet.tech\/preview\/solutions\/kategorien\/container-auflieger\/"},"modified":"2018-09-14T15:30:11","modified_gmt":"2018-09-14T14:30:11","slug":"container-trailers","status":"publish","type":"page","link":"https:\/\/fleet.tech\/en\/solutions\/categories\/container-trailers\/","title":{"rendered":"Container and trailers"},"content":{"rendered":"<div id=\"pl-4968\"  class=\"panel-layout\" ><div id=\"pg-4968-0\"  class=\"panel-grid panel-no-style\" ><div id=\"pgc-4968-0-0\"  class=\"panel-grid-cell\" ><div id=\"panel-4968-0-0-0\" class=\"so-panel widget widget_sow-editor panel-first-child\" data-index=\"0\" ><div\n\t\t\t\n\t\t\tclass=\"so-widget-sow-editor so-widget-sow-editor-base\"\n\t\t\t\n\t\t>\n<div class=\"siteorigin-widget-tinymce textwidget\">\n\t<h1> Safety systems based on GPS for containers and trailers<\/h1>\n<p><strong>Locating worldwide or locally:<\/strong> Containers and other temporary load carriers are often left unguarded. The industry leader's innovative and cost-effective solutions enable the development of comprehensive alarm and control systems.<\/p>\n<p>Ensuring the safety of containers and similar temporary items is a difficult task. fleet.tech\u00ae \/ LOSTnFOUND\u00ae's innovative location and monitoring solutions provide a 24-hour security and control system that transmits information directly to the cloud or mobile phone. Because these systems are self-sufficient and therefore do not require a power connection, they are particularly suitable for trailer, chassis and similar objects.<\/p>\n<\/div>\n<\/div><\/div><div id=\"panel-4968-0-0-1\" class=\"so-panel widget widget_sow-editor panel-last-child\" data-index=\"1\" ><div\n\t\t\t\n\t\t\tclass=\"so-widget-sow-editor so-widget-sow-editor-base\"\n\t\t\t\n\t\t>\n<div class=\"siteorigin-widget-tinymce textwidget\">\n\t    <div class=\"uk-container uk-container-center slideInUp fleet-categories\">\n      <div class=\"uk-flex uk-flex-center uk-grid uk-grid-small\"><div class=\"uk-width-small-1-2 uk-width-medium-1-2 uk-width-large-1-3 uk-width-xlarge-1-4\"><a class=\"uk-panel panel-white\" href=\"https:\/\/fleet.tech\/en\/solutions\/industries\/telematics-for-the-transport-industry\/\"><div class=\"panel-content-pos\"><img decoding=\"async\" class=\"fn-svg telematics-for-the-transport-industry\" src=\"https:\/\/fleet.tech\/wp-content\/uploads\/transportwesen-1.svg\" alt=\"transportwesen\" \/><h3 class='panel-title uk-margin-remove'>Telematics for the transport industry<\/h3><div class='panel-excerpt uk-text-center'>Uncomplicated data acquisition and ETA of your entire fleet in real-time<\/div><\/div>\n              <\/a><\/div><div class=\"uk-width-small-1-2 uk-width-medium-1-2 uk-width-large-1-3 uk-width-xlarge-1-4\"><a class=\"uk-panel panel-white\" href=\"https:\/\/fleet.tech\/en\/solutions\/industries\/telematics-for-temperature-monitoring\/\"><div class=\"panel-content-pos\"><img decoding=\"async\" class=\"fn-svg telematics-for-temperature-monitoring\" src=\"https:\/\/fleet.tech\/wp-content\/uploads\/temperaturueberwachung-1.svg\" alt=\"temperaturueberwachung\" \/><h3 class='panel-title uk-margin-remove'>Telematics for temperature monitoring<\/h3><div class='panel-excerpt uk-text-center'>Seamless temperature monitoring for reliable transport<\/div><\/div>\n              <\/a><\/div><div class=\"uk-width-small-1-2 uk-width-medium-1-2 uk-width-large-1-3 uk-width-xlarge-1-4\"><a class=\"uk-panel panel-white\" href=\"\"><div class=\"panel-content-pos\"><h3 class='panel-title uk-margin-remove'><\/h3><div class='panel-excerpt uk-text-center'><\/div><\/div>\n              <\/a><\/div><\/div>\n    <\/div><\/div>\n<\/div><\/div><\/div><\/div><\/div>","protected":false},"excerpt":{"rendered":"<p>Safety systems based on GPS for containers and trailers Locating worldwide or locally: Containers and other temporary load carriers are often left unguarded. The industry leader&#8217;s innovative and cost-effective solutions enable the development of comprehensive alarm and control systems. Ensuring the safety of containers and similar temporary items is a difficult task. fleet.tech\u00ae \/ LOSTnFOUND\u00ae&#8217;s [&hellip;]<\/p>\n","protected":false},"author":3,"featured_media":3508,"parent":4944,"menu_order":0,"comment_status":"closed","ping_status":"closed","template":"","meta":{"_acf_changed":false,"inline_featured_image":false,"footnotes":""},"class_list":["post-4968","page","type-page","status-publish","has-post-thumbnail","hentry"],"acf":[],"yoast_head":"<!-- This site is optimized with the Yoast SEO plugin v26.1.1 - https:\/\/yoast.com\/wordpress\/plugins\/seo\/ -->\n<title>Sicherheitssysteme auf Basis von GPS f\u00fcr Container und Wechselbr\u00fccken<\/title>\n<meta name=\"description\" content=\"Container und andere tempor\u00e4r aufgestellte Ladungstr\u00e4ger sind auf oft unbewacht. Mithilfe der innovativen und kosteneffizienten L\u00f6sungen des Branchenprimus lassen sich umfangreiche Alarm- und Kontrollsysteme aufbauen.\" \/>\n<meta name=\"robots\" content=\"index, follow, max-snippet:-1, max-image-preview:large, max-video-preview:-1\" \/>\n<link rel=\"canonical\" href=\"https:\/\/fleet.tech\/en\/solutions\/categories\/container-trailers\/\" \/>\n<meta property=\"og:locale\" content=\"en_US\" \/>\n<meta property=\"og:type\" content=\"article\" \/>\n<meta property=\"og:title\" content=\"Sicherheitssysteme auf Basis von GPS f\u00fcr Container und Wechselbr\u00fccken\" \/>\n<meta property=\"og:description\" content=\"Container und andere tempor\u00e4r aufgestellte Ladungstr\u00e4ger sind auf oft unbewacht. Mithilfe der innovativen und kosteneffizienten L\u00f6sungen des Branchenprimus lassen sich umfangreiche Alarm- und Kontrollsysteme aufbauen.\" \/>\n<meta property=\"og:url\" content=\"https:\/\/fleet.tech\/en\/solutions\/categories\/container-trailers\/\" \/>\n<meta property=\"og:site_name\" content=\"fleet.tech\" \/>\n<meta property=\"article:modified_time\" content=\"2018-09-14T14:30:11+00:00\" \/>\n<meta property=\"og:image\" content=\"https:\/\/fleet.tech\/wp-content\/uploads\/LnF-container.jpg\" \/>\n\t<meta property=\"og:image:width\" content=\"1920\" \/>\n\t<meta property=\"og:image:height\" content=\"1067\" \/>\n\t<meta property=\"og:image:type\" content=\"image\/jpeg\" \/>\n<meta name=\"twitter:card\" content=\"summary_large_image\" \/>\n<meta name=\"twitter:label1\" content=\"Est. reading time\" \/>\n\t<meta name=\"twitter:data1\" content=\"1 minute\" \/>\n<script type=\"application\/ld+json\" class=\"yoast-schema-graph\">{\"@context\":\"https:\/\/schema.org\",\"@graph\":[{\"@type\":\"WebPage\",\"@id\":\"https:\/\/fleet.tech\/en\/solutions\/categories\/container-trailers\/\",\"url\":\"https:\/\/fleet.tech\/en\/solutions\/categories\/container-trailers\/\",\"name\":\"Sicherheitssysteme auf Basis von GPS f\u00fcr Container und Wechselbr\u00fccken\",\"isPartOf\":{\"@id\":\"https:\/\/fleet.tech\/#website\"},\"primaryImageOfPage\":{\"@id\":\"https:\/\/fleet.tech\/en\/solutions\/categories\/container-trailers\/#primaryimage\"},\"image\":{\"@id\":\"https:\/\/fleet.tech\/en\/solutions\/categories\/container-trailers\/#primaryimage\"},\"thumbnailUrl\":\"https:\/\/fleet.tech\/wp-content\/uploads\/LnF-container.jpg\",\"datePublished\":\"2018-07-18T16:00:02+00:00\",\"dateModified\":\"2018-09-14T14:30:11+00:00\",\"description\":\"Container und andere tempor\u00e4r aufgestellte Ladungstr\u00e4ger sind auf oft unbewacht. Mithilfe der innovativen und kosteneffizienten L\u00f6sungen des Branchenprimus lassen sich umfangreiche Alarm- und Kontrollsysteme aufbauen.\",\"breadcrumb\":{\"@id\":\"https:\/\/fleet.tech\/en\/solutions\/categories\/container-trailers\/#breadcrumb\"},\"inLanguage\":\"en-US\",\"potentialAction\":[{\"@type\":\"ReadAction\",\"target\":[\"https:\/\/fleet.tech\/en\/solutions\/categories\/container-trailers\/\"]}]},{\"@type\":\"ImageObject\",\"inLanguage\":\"en-US\",\"@id\":\"https:\/\/fleet.tech\/en\/solutions\/categories\/container-trailers\/#primaryimage\",\"url\":\"https:\/\/fleet.tech\/wp-content\/uploads\/LnF-container.jpg\",\"contentUrl\":\"https:\/\/fleet.tech\/wp-content\/uploads\/LnF-container.jpg\",\"width\":1920,\"height\":1067},{\"@type\":\"BreadcrumbList\",\"@id\":\"https:\/\/fleet.tech\/en\/solutions\/categories\/container-trailers\/#breadcrumb\",\"itemListElement\":[{\"@type\":\"ListItem\",\"position\":1,\"name\":\"Home\",\"item\":\"https:\/\/fleet.tech\/en\/\"},{\"@type\":\"ListItem\",\"position\":2,\"name\":\"Solutions\",\"item\":\"https:\/\/fleet.tech\/en\/solutions\/\"},{\"@type\":\"ListItem\",\"position\":3,\"name\":\"Categories\",\"item\":\"https:\/\/fleet.tech\/en\/solutions\/categories\/\"},{\"@type\":\"ListItem\",\"position\":4,\"name\":\"Container and trailers\"}]},{\"@type\":\"WebSite\",\"@id\":\"https:\/\/fleet.tech\/#website\",\"url\":\"https:\/\/fleet.tech\/\",\"name\":\"fleet.tech\",\"description\":\"\",\"potentialAction\":[{\"@type\":\"SearchAction\",\"target\":{\"@type\":\"EntryPoint\",\"urlTemplate\":\"https:\/\/fleet.tech\/?s={search_term_string}\"},\"query-input\":{\"@type\":\"PropertyValueSpecification\",\"valueRequired\":true,\"valueName\":\"search_term_string\"}}],\"inLanguage\":\"en-US\"}]}<\/script>\n<!-- \/ Yoast SEO plugin. -->","yoast_head_json":{"title":"Sicherheitssysteme auf Basis von GPS f\u00fcr Container und Wechselbr\u00fccken","description":"Container und andere tempor\u00e4r aufgestellte Ladungstr\u00e4ger sind auf oft unbewacht. Mithilfe der innovativen und kosteneffizienten L\u00f6sungen des Branchenprimus lassen sich umfangreiche Alarm- und Kontrollsysteme aufbauen.","robots":{"index":"index","follow":"follow","max-snippet":"max-snippet:-1","max-image-preview":"max-image-preview:large","max-video-preview":"max-video-preview:-1"},"canonical":"https:\/\/fleet.tech\/en\/solutions\/categories\/container-trailers\/","og_locale":"en_US","og_type":"article","og_title":"Sicherheitssysteme auf Basis von GPS f\u00fcr Container und Wechselbr\u00fccken","og_description":"Container und andere tempor\u00e4r aufgestellte Ladungstr\u00e4ger sind auf oft unbewacht. Mithilfe der innovativen und kosteneffizienten L\u00f6sungen des Branchenprimus lassen sich umfangreiche Alarm- und Kontrollsysteme aufbauen.","og_url":"https:\/\/fleet.tech\/en\/solutions\/categories\/container-trailers\/","og_site_name":"fleet.tech","article_modified_time":"2018-09-14T14:30:11+00:00","og_image":[{"width":1920,"height":1067,"url":"https:\/\/fleet.tech\/wp-content\/uploads\/LnF-container.jpg","type":"image\/jpeg"}],"twitter_card":"summary_large_image","twitter_misc":{"Est. reading time":"1 minute"},"schema":{"@context":"https:\/\/schema.org","@graph":[{"@type":"WebPage","@id":"https:\/\/fleet.tech\/en\/solutions\/categories\/container-trailers\/","url":"https:\/\/fleet.tech\/en\/solutions\/categories\/container-trailers\/","name":"Sicherheitssysteme auf Basis von GPS f\u00fcr Container und Wechselbr\u00fccken","isPartOf":{"@id":"https:\/\/fleet.tech\/#website"},"primaryImageOfPage":{"@id":"https:\/\/fleet.tech\/en\/solutions\/categories\/container-trailers\/#primaryimage"},"image":{"@id":"https:\/\/fleet.tech\/en\/solutions\/categories\/container-trailers\/#primaryimage"},"thumbnailUrl":"https:\/\/fleet.tech\/wp-content\/uploads\/LnF-container.jpg","datePublished":"2018-07-18T16:00:02+00:00","dateModified":"2018-09-14T14:30:11+00:00","description":"Container und andere tempor\u00e4r aufgestellte Ladungstr\u00e4ger sind auf oft unbewacht. Mithilfe der innovativen und kosteneffizienten L\u00f6sungen des Branchenprimus lassen sich umfangreiche Alarm- und Kontrollsysteme aufbauen.","breadcrumb":{"@id":"https:\/\/fleet.tech\/en\/solutions\/categories\/container-trailers\/#breadcrumb"},"inLanguage":"en-US","potentialAction":[{"@type":"ReadAction","target":["https:\/\/fleet.tech\/en\/solutions\/categories\/container-trailers\/"]}]},{"@type":"ImageObject","inLanguage":"en-US","@id":"https:\/\/fleet.tech\/en\/solutions\/categories\/container-trailers\/#primaryimage","url":"https:\/\/fleet.tech\/wp-content\/uploads\/LnF-container.jpg","contentUrl":"https:\/\/fleet.tech\/wp-content\/uploads\/LnF-container.jpg","width":1920,"height":1067},{"@type":"BreadcrumbList","@id":"https:\/\/fleet.tech\/en\/solutions\/categories\/container-trailers\/#breadcrumb","itemListElement":[{"@type":"ListItem","position":1,"name":"Home","item":"https:\/\/fleet.tech\/en\/"},{"@type":"ListItem","position":2,"name":"Solutions","item":"https:\/\/fleet.tech\/en\/solutions\/"},{"@type":"ListItem","position":3,"name":"Categories","item":"https:\/\/fleet.tech\/en\/solutions\/categories\/"},{"@type":"ListItem","position":4,"name":"Container and trailers"}]},{"@type":"WebSite","@id":"https:\/\/fleet.tech\/#website","url":"https:\/\/fleet.tech\/","name":"fleet.tech","description":"","potentialAction":[{"@type":"SearchAction","target":{"@type":"EntryPoint","urlTemplate":"https:\/\/fleet.tech\/?s={search_term_string}"},"query-input":{"@type":"PropertyValueSpecification","valueRequired":true,"valueName":"search_term_string"}}],"inLanguage":"en-US"}]}},"_links":{"self":[{"href":"https:\/\/fleet.tech\/en\/wp-json\/wp\/v2\/pages\/4968","targetHints":{"allow":["GET"]}}],"collection":[{"href":"https:\/\/fleet.tech\/en\/wp-json\/wp\/v2\/pages"}],"about":[{"href":"https:\/\/fleet.tech\/en\/wp-json\/wp\/v2\/types\/page"}],"author":[{"embeddable":true,"href":"https:\/\/fleet.tech\/en\/wp-json\/wp\/v2\/users\/3"}],"replies":[{"embeddable":true,"href":"https:\/\/fleet.tech\/en\/wp-json\/wp\/v2\/comments?post=4968"}],"version-history":[{"count":3,"href":"https:\/\/fleet.tech\/en\/wp-json\/wp\/v2\/pages\/4968\/revisions"}],"predecessor-version":[{"id":4973,"href":"https:\/\/fleet.tech\/en\/wp-json\/wp\/v2\/pages\/4968\/revisions\/4973"}],"up":[{"embeddable":true,"href":"https:\/\/fleet.tech\/en\/wp-json\/wp\/v2\/pages\/4944"}],"wp:featuredmedia":[{"embeddable":true,"href":"https:\/\/fleet.tech\/en\/wp-json\/wp\/v2\/media\/3508"}],"wp:attachment":[{"href":"https:\/\/fleet.tech\/en\/wp-json\/wp\/v2\/media?parent=4968"}],"curies":[{"name":"wp","href":"https:\/\/api.w.org\/{rel}","templated":true}]}}