{"id":4993,"date":"2018-07-18T16:59:23","date_gmt":"2018-07-18T15:59:23","guid":{"rendered":"http:\/\/fleet.tech\/preview\/solutions\/kategorien\/personentransporte\/"},"modified":"2018-09-14T15:50:02","modified_gmt":"2018-09-14T14:50:02","slug":"passenger-transporter","status":"publish","type":"page","link":"https:\/\/fleet.tech\/en\/solutions\/categories\/passenger-transporter\/","title":{"rendered":"Passenger transporter"},"content":{"rendered":"<div id=\"pl-4993\"  class=\"panel-layout\" ><div id=\"pg-4993-0\"  class=\"panel-grid panel-no-style\" ><div id=\"pgc-4993-0-0\"  class=\"panel-grid-cell\" ><div id=\"panel-4993-0-0-0\" class=\"so-panel widget widget_sow-editor panel-first-child\" data-index=\"0\" ><div\n\t\t\t\n\t\t\tclass=\"so-widget-sow-editor so-widget-sow-editor-base\"\n\t\t\t\n\t\t>\n<div class=\"siteorigin-widget-tinymce textwidget\">\n\t<h1>Practical telematics solution for bus fleet management <\/h1>\n<p><strong>Safety and Transparency:<\/strong> With the cost-efficient telematics of the serial test winner, information from your passenger transporters is recorded in real time. So you keep track of the buses at any time. <\/p>\n<p>Passenger transportation companies need reliable information about the operation of their buses to respond quickly to unpredictable situations. With the award-winning fleet management company fleet.tech, data about the state of the vehicle in real time are obtained. Whether reading the tachograph, an extensive driving style analysis or the monitoring of the tire pressure - the manufacturer-independent telematics of fleet.tech\u00ae can be easily retrofitted and in consideration of the customer's needs. With the extensive reporting system you additionally reduce your work, because the manual preparation of billing is greatly simplified - of course, taking into account the relevant provisions of the GDPR. Find out now about the possible applications of telematics in passenger transport.<\/p>\n<\/div>\n<\/div><\/div><div id=\"panel-4993-0-0-1\" class=\"so-panel widget widget_sow-editor panel-last-child\" data-index=\"1\" ><div\n\t\t\t\n\t\t\tclass=\"so-widget-sow-editor so-widget-sow-editor-base\"\n\t\t\t\n\t\t>\n<div class=\"siteorigin-widget-tinymce textwidget\">\n\t    <div class=\"uk-container uk-container-center slideInUp fleet-categories\">\n      <div class=\"uk-flex uk-flex-center uk-grid uk-grid-small\"><div class=\"uk-width-small-1-2 uk-width-medium-1-2 uk-width-large-1-3 uk-width-xlarge-1-4\"><a class=\"uk-panel panel-white\" href=\"https:\/\/fleet.tech\/en\/solutions\/industries\/passenger-transport\/\"><div class=\"panel-content-pos\"><img decoding=\"async\" class=\"fn-svg passenger-transport\" src=\"https:\/\/fleet.tech\/wp-content\/uploads\/bus-side-view.svg\" alt=\"Personentransport\" \/><h3 class='panel-title uk-margin-remove'>Passenger transport<\/h3><div class='panel-excerpt uk-text-center'>Increased economy thanks to detailed vehicle data<\/div><\/div>\n              <\/a><\/div><div class=\"uk-width-small-1-2 uk-width-medium-1-2 uk-width-large-1-3 uk-width-xlarge-1-4\"><a class=\"uk-panel panel-white\" href=\"https:\/\/fleet.tech\/en\/solutions\/industries\/vehicle-rental\/\"><div class=\"panel-content-pos\"><img decoding=\"async\" class=\"fn-svg vehicle-rental\" src=\"https:\/\/fleet.tech\/wp-content\/uploads\/fahrzeugvermietung-1.svg\" alt=\"Fahrzeugvermietung\" \/><h3 class='panel-title uk-margin-remove'>Vehicle rental<\/h3><div class='panel-excerpt uk-text-center'>Reliable control functions for those who place vehicles in foreign hands<\/div><\/div>\n              <\/a><\/div><\/div>\n    <\/div><\/div>\n<\/div><\/div><\/div><\/div><\/div>","protected":false},"excerpt":{"rendered":"<p>Practical telematics solution for bus fleet management Safety and Transparency: With the cost-efficient telematics of the serial test winner, information from your passenger transporters is recorded in real time. So you keep track of the buses at any time. Passenger transportation companies need reliable information about the operation of their buses to respond quickly to [&hellip;]<\/p>\n","protected":false},"author":3,"featured_media":3476,"parent":4944,"menu_order":0,"comment_status":"closed","ping_status":"closed","template":"","meta":{"_acf_changed":false,"inline_featured_image":false,"footnotes":""},"class_list":["post-4993","page","type-page","status-publish","has-post-thumbnail","hentry"],"acf":[],"yoast_head":"<!-- This site is optimized with the Yoast SEO plugin v26.1.1 - https:\/\/yoast.com\/wordpress\/plugins\/seo\/ -->\n<title>Praktische Telematik L\u00f6sung f\u00fcr das Bus-Flottenmanagement<\/title>\n<meta name=\"description\" content=\"Mit der kosteneffizienten Telematik des Serien-Testsiegers werden Informationen Ihrer Personentransporter in Echtzeit erfasst. So beh\u00e4lt man \u00fcber die Busse jederzeit den \u00dcberblick.\" \/>\n<meta name=\"robots\" content=\"index, follow, max-snippet:-1, max-image-preview:large, max-video-preview:-1\" \/>\n<link rel=\"canonical\" href=\"https:\/\/fleet.tech\/en\/solutions\/categories\/passenger-transporter\/\" \/>\n<meta property=\"og:locale\" content=\"en_US\" \/>\n<meta property=\"og:type\" content=\"article\" \/>\n<meta property=\"og:title\" content=\"Praktische Telematik L\u00f6sung f\u00fcr das Bus-Flottenmanagement\" \/>\n<meta property=\"og:description\" content=\"Mit der kosteneffizienten Telematik des Serien-Testsiegers werden Informationen Ihrer Personentransporter in Echtzeit erfasst. So beh\u00e4lt man \u00fcber die Busse jederzeit den \u00dcberblick.\" \/>\n<meta property=\"og:url\" content=\"https:\/\/fleet.tech\/en\/solutions\/categories\/passenger-transporter\/\" \/>\n<meta property=\"og:site_name\" content=\"fleet.tech\" \/>\n<meta property=\"article:modified_time\" content=\"2018-09-14T14:50:02+00:00\" \/>\n<meta property=\"og:image\" content=\"https:\/\/fleet.tech\/wp-content\/uploads\/Kategorie_Personentransporte.jpg\" \/>\n\t<meta property=\"og:image:width\" content=\"1920\" \/>\n\t<meta property=\"og:image:height\" content=\"1080\" \/>\n\t<meta property=\"og:image:type\" content=\"image\/jpeg\" \/>\n<meta name=\"twitter:card\" content=\"summary_large_image\" \/>\n<meta name=\"twitter:label1\" content=\"Est. reading time\" \/>\n\t<meta name=\"twitter:data1\" content=\"1 minute\" \/>\n<script type=\"application\/ld+json\" class=\"yoast-schema-graph\">{\"@context\":\"https:\/\/schema.org\",\"@graph\":[{\"@type\":\"WebPage\",\"@id\":\"https:\/\/fleet.tech\/en\/solutions\/categories\/passenger-transporter\/\",\"url\":\"https:\/\/fleet.tech\/en\/solutions\/categories\/passenger-transporter\/\",\"name\":\"Praktische Telematik L\u00f6sung f\u00fcr das Bus-Flottenmanagement\",\"isPartOf\":{\"@id\":\"https:\/\/fleet.tech\/#website\"},\"primaryImageOfPage\":{\"@id\":\"https:\/\/fleet.tech\/en\/solutions\/categories\/passenger-transporter\/#primaryimage\"},\"image\":{\"@id\":\"https:\/\/fleet.tech\/en\/solutions\/categories\/passenger-transporter\/#primaryimage\"},\"thumbnailUrl\":\"https:\/\/fleet.tech\/wp-content\/uploads\/Kategorie_Personentransporte.jpg\",\"datePublished\":\"2018-07-18T15:59:23+00:00\",\"dateModified\":\"2018-09-14T14:50:02+00:00\",\"description\":\"Mit der kosteneffizienten Telematik des Serien-Testsiegers werden Informationen Ihrer Personentransporter in Echtzeit erfasst. So beh\u00e4lt man \u00fcber die Busse jederzeit den \u00dcberblick.\",\"breadcrumb\":{\"@id\":\"https:\/\/fleet.tech\/en\/solutions\/categories\/passenger-transporter\/#breadcrumb\"},\"inLanguage\":\"en-US\",\"potentialAction\":[{\"@type\":\"ReadAction\",\"target\":[\"https:\/\/fleet.tech\/en\/solutions\/categories\/passenger-transporter\/\"]}]},{\"@type\":\"ImageObject\",\"inLanguage\":\"en-US\",\"@id\":\"https:\/\/fleet.tech\/en\/solutions\/categories\/passenger-transporter\/#primaryimage\",\"url\":\"https:\/\/fleet.tech\/wp-content\/uploads\/Kategorie_Personentransporte.jpg\",\"contentUrl\":\"https:\/\/fleet.tech\/wp-content\/uploads\/Kategorie_Personentransporte.jpg\",\"width\":1920,\"height\":1080},{\"@type\":\"BreadcrumbList\",\"@id\":\"https:\/\/fleet.tech\/en\/solutions\/categories\/passenger-transporter\/#breadcrumb\",\"itemListElement\":[{\"@type\":\"ListItem\",\"position\":1,\"name\":\"Home\",\"item\":\"https:\/\/fleet.tech\/en\/\"},{\"@type\":\"ListItem\",\"position\":2,\"name\":\"Solutions\",\"item\":\"https:\/\/fleet.tech\/en\/solutions\/\"},{\"@type\":\"ListItem\",\"position\":3,\"name\":\"Categories\",\"item\":\"https:\/\/fleet.tech\/en\/solutions\/categories\/\"},{\"@type\":\"ListItem\",\"position\":4,\"name\":\"Passenger transporter\"}]},{\"@type\":\"WebSite\",\"@id\":\"https:\/\/fleet.tech\/#website\",\"url\":\"https:\/\/fleet.tech\/\",\"name\":\"fleet.tech\",\"description\":\"\",\"potentialAction\":[{\"@type\":\"SearchAction\",\"target\":{\"@type\":\"EntryPoint\",\"urlTemplate\":\"https:\/\/fleet.tech\/?s={search_term_string}\"},\"query-input\":{\"@type\":\"PropertyValueSpecification\",\"valueRequired\":true,\"valueName\":\"search_term_string\"}}],\"inLanguage\":\"en-US\"}]}<\/script>\n<!-- \/ Yoast SEO plugin. -->","yoast_head_json":{"title":"Praktische Telematik L\u00f6sung f\u00fcr das Bus-Flottenmanagement","description":"Mit der kosteneffizienten Telematik des Serien-Testsiegers werden Informationen Ihrer Personentransporter in Echtzeit erfasst. So beh\u00e4lt man \u00fcber die Busse jederzeit den \u00dcberblick.","robots":{"index":"index","follow":"follow","max-snippet":"max-snippet:-1","max-image-preview":"max-image-preview:large","max-video-preview":"max-video-preview:-1"},"canonical":"https:\/\/fleet.tech\/en\/solutions\/categories\/passenger-transporter\/","og_locale":"en_US","og_type":"article","og_title":"Praktische Telematik L\u00f6sung f\u00fcr das Bus-Flottenmanagement","og_description":"Mit der kosteneffizienten Telematik des Serien-Testsiegers werden Informationen Ihrer Personentransporter in Echtzeit erfasst. So beh\u00e4lt man \u00fcber die Busse jederzeit den \u00dcberblick.","og_url":"https:\/\/fleet.tech\/en\/solutions\/categories\/passenger-transporter\/","og_site_name":"fleet.tech","article_modified_time":"2018-09-14T14:50:02+00:00","og_image":[{"width":1920,"height":1080,"url":"https:\/\/fleet.tech\/wp-content\/uploads\/Kategorie_Personentransporte.jpg","type":"image\/jpeg"}],"twitter_card":"summary_large_image","twitter_misc":{"Est. reading time":"1 minute"},"schema":{"@context":"https:\/\/schema.org","@graph":[{"@type":"WebPage","@id":"https:\/\/fleet.tech\/en\/solutions\/categories\/passenger-transporter\/","url":"https:\/\/fleet.tech\/en\/solutions\/categories\/passenger-transporter\/","name":"Praktische Telematik L\u00f6sung f\u00fcr das Bus-Flottenmanagement","isPartOf":{"@id":"https:\/\/fleet.tech\/#website"},"primaryImageOfPage":{"@id":"https:\/\/fleet.tech\/en\/solutions\/categories\/passenger-transporter\/#primaryimage"},"image":{"@id":"https:\/\/fleet.tech\/en\/solutions\/categories\/passenger-transporter\/#primaryimage"},"thumbnailUrl":"https:\/\/fleet.tech\/wp-content\/uploads\/Kategorie_Personentransporte.jpg","datePublished":"2018-07-18T15:59:23+00:00","dateModified":"2018-09-14T14:50:02+00:00","description":"Mit der kosteneffizienten Telematik des Serien-Testsiegers werden Informationen Ihrer Personentransporter in Echtzeit erfasst. So beh\u00e4lt man \u00fcber die Busse jederzeit den \u00dcberblick.","breadcrumb":{"@id":"https:\/\/fleet.tech\/en\/solutions\/categories\/passenger-transporter\/#breadcrumb"},"inLanguage":"en-US","potentialAction":[{"@type":"ReadAction","target":["https:\/\/fleet.tech\/en\/solutions\/categories\/passenger-transporter\/"]}]},{"@type":"ImageObject","inLanguage":"en-US","@id":"https:\/\/fleet.tech\/en\/solutions\/categories\/passenger-transporter\/#primaryimage","url":"https:\/\/fleet.tech\/wp-content\/uploads\/Kategorie_Personentransporte.jpg","contentUrl":"https:\/\/fleet.tech\/wp-content\/uploads\/Kategorie_Personentransporte.jpg","width":1920,"height":1080},{"@type":"BreadcrumbList","@id":"https:\/\/fleet.tech\/en\/solutions\/categories\/passenger-transporter\/#breadcrumb","itemListElement":[{"@type":"ListItem","position":1,"name":"Home","item":"https:\/\/fleet.tech\/en\/"},{"@type":"ListItem","position":2,"name":"Solutions","item":"https:\/\/fleet.tech\/en\/solutions\/"},{"@type":"ListItem","position":3,"name":"Categories","item":"https:\/\/fleet.tech\/en\/solutions\/categories\/"},{"@type":"ListItem","position":4,"name":"Passenger transporter"}]},{"@type":"WebSite","@id":"https:\/\/fleet.tech\/#website","url":"https:\/\/fleet.tech\/","name":"fleet.tech","description":"","potentialAction":[{"@type":"SearchAction","target":{"@type":"EntryPoint","urlTemplate":"https:\/\/fleet.tech\/?s={search_term_string}"},"query-input":{"@type":"PropertyValueSpecification","valueRequired":true,"valueName":"search_term_string"}}],"inLanguage":"en-US"}]}},"_links":{"self":[{"href":"https:\/\/fleet.tech\/en\/wp-json\/wp\/v2\/pages\/4993","targetHints":{"allow":["GET"]}}],"collection":[{"href":"https:\/\/fleet.tech\/en\/wp-json\/wp\/v2\/pages"}],"about":[{"href":"https:\/\/fleet.tech\/en\/wp-json\/wp\/v2\/types\/page"}],"author":[{"embeddable":true,"href":"https:\/\/fleet.tech\/en\/wp-json\/wp\/v2\/users\/3"}],"replies":[{"embeddable":true,"href":"https:\/\/fleet.tech\/en\/wp-json\/wp\/v2\/comments?post=4993"}],"version-history":[{"count":3,"href":"https:\/\/fleet.tech\/en\/wp-json\/wp\/v2\/pages\/4993\/revisions"}],"predecessor-version":[{"id":4997,"href":"https:\/\/fleet.tech\/en\/wp-json\/wp\/v2\/pages\/4993\/revisions\/4997"}],"up":[{"embeddable":true,"href":"https:\/\/fleet.tech\/en\/wp-json\/wp\/v2\/pages\/4944"}],"wp:featuredmedia":[{"embeddable":true,"href":"https:\/\/fleet.tech\/en\/wp-json\/wp\/v2\/media\/3476"}],"wp:attachment":[{"href":"https:\/\/fleet.tech\/en\/wp-json\/wp\/v2\/media?parent=4993"}],"curies":[{"name":"wp","href":"https:\/\/api.w.org\/{rel}","templated":true}]}}