{"id":1189,"date":"2018-03-15T14:03:36","date_gmt":"2018-03-15T13:03:36","guid":{"rendered":"http:\/\/fleet.tech\/preview\/?page_id=1189"},"modified":"2021-03-01T20:09:12","modified_gmt":"2021-03-01T19:09:12","slug":"contacto","status":"publish","type":"page","link":"https:\/\/fleet.tech\/es\/contacto\/","title":{"rendered":"Contacto"},"content":{"rendered":"<div id=\"pl-1189\"  class=\"panel-layout\" ><div id=\"pg-1189-0\"  class=\"panel-grid panel-no-style\" ><div id=\"pgc-1189-0-0\"  class=\"panel-grid-cell\" ><div id=\"panel-1189-0-0-0\" class=\"so-panel widget widget_sow-editor panel-first-child panel-last-child\" data-index=\"0\" ><div\n\t\t\t\n\t\t\tclass=\"so-widget-sow-editor so-widget-sow-editor-base\"\n\t\t\t\n\t\t>\n<div class=\"siteorigin-widget-tinymce textwidget\">\n\t<h1>Contacto<\/h1>\n<\/div>\n<\/div><\/div><\/div><\/div><div id=\"pg-1189-1\"  class=\"panel-grid panel-no-style\" ><div id=\"pgc-1189-1-0\"  class=\"panel-grid-cell\" ><div id=\"panel-1189-1-0-0\" class=\"so-panel widget widget_sow-editor panel-first-child panel-last-child\" data-index=\"1\" ><div\n\t\t\t\n\t\t\tclass=\"so-widget-sow-editor so-widget-sow-editor-base\"\n\t\t\t\n\t\t>\n<div class=\"siteorigin-widget-tinymce textwidget\">\n\t<p>Usted tiene una pregunta, \u00bfquiere darnos su opini\u00f3n o comentarios? Utilice nuestro formulario de contacto para contactarnos de manera f\u00e1cil y r\u00e1pida.<br \/>\nEsperamos su mensaje.<\/p>\n<p>Enviar solicitud<\/p>\n<\/div>\n<\/div><\/div><\/div><div id=\"pgc-1189-1-1\"  class=\"panel-grid-cell\" ><div id=\"panel-1189-1-1-0\" class=\"so-panel widget widget_sow-editor panel-first-child panel-last-child\" data-index=\"2\" ><div\n\t\t\t\n\t\t\tclass=\"so-widget-sow-editor so-widget-sow-editor-base\"\n\t\t\t\n\t\t>\n<div class=\"siteorigin-widget-tinymce textwidget\">\n\t\n<div class=\"wpcf7 no-js\" id=\"wpcf7-f1193-o1\" lang=\"de-DE\" dir=\"ltr\" data-wpcf7-id=\"1193\">\n<div class=\"screen-reader-response\"><p role=\"status\" aria-live=\"polite\" aria-atomic=\"true\"><\/p> <ul><\/ul><\/div>\n<form action=\"\/es\/wp-json\/wp\/v2\/pages\/1189#wpcf7-f1193-o1\" method=\"post\" class=\"wpcf7-form init\" aria-label=\"Kontaktformular\" novalidate=\"novalidate\" data-status=\"init\">\n<fieldset class=\"hidden-fields-container\"><input type=\"hidden\" name=\"_wpcf7\" value=\"1193\" \/><input type=\"hidden\" name=\"_wpcf7_version\" value=\"6.1.2\" \/><input type=\"hidden\" name=\"_wpcf7_locale\" value=\"de_DE\" \/><input type=\"hidden\" name=\"_wpcf7_unit_tag\" value=\"wpcf7-f1193-o1\" \/><input type=\"hidden\" name=\"_wpcf7_container_post\" value=\"0\" \/><input type=\"hidden\" name=\"_wpcf7_posted_data_hash\" value=\"\" \/>\n<\/fieldset>\n<input class=\"wpcf7-form-control wpcf7-hidden\" value=\"es\" type=\"hidden\" name=\"lang\" \/>\n<input class=\"wpcf7-form-control wpcf7-hidden\" value=\"US\" type=\"hidden\" name=\"country\" \/>\n<div class=\"uk-form\">\n  <div class=\"uk-grid uk-grid-small\">\n    <div class=\"uk-width-small-1-1 uk-width-medium-1-2\">\n<span id=\"first-name\" class=\"wpcf7-form-control-wrap first-name-wrap\" ><input id=\"first-name\"  class=\"wpcf7-form-control wpcf7-text first-name\" type=\"text\" name=\"first-name\" value=\"\" size=\"40\" tabindex=\"-1\" autocomplete=\"new-password\" \/><\/span>\n      <span class=\"wpcf7-form-control-wrap\" data-name=\"fn-name\"><input size=\"40\" maxlength=\"400\" class=\"wpcf7-form-control wpcf7-text wpcf7-validates-as-required uk-margin-small-bottom uk-form-large\" aria-required=\"true\" aria-invalid=\"false\" placeholder=\"Nombre *\" value=\"\" type=\"text\" name=\"fn-name\" \/><\/span>\n      <span class=\"wpcf7-form-control-wrap\" data-name=\"fn-mail\"><input size=\"40\" maxlength=\"400\" class=\"wpcf7-form-control wpcf7-email wpcf7-validates-as-required wpcf7-text wpcf7-validates-as-email uk-margin-small-bottom uk-form-large\" aria-required=\"true\" aria-invalid=\"false\" placeholder=\"Correo electr\u00f3nico *\" value=\"\" type=\"email\" name=\"fn-mail\" \/><\/span>\n      <span class=\"wpcf7-form-control-wrap\" data-name=\"fn-telefon\"><input size=\"40\" maxlength=\"400\" class=\"wpcf7-form-control wpcf7-text uk-margin-small-bottom uk-form-large\" aria-invalid=\"false\" placeholder=\"Tel\u00e9fono\" value=\"\" type=\"text\" name=\"fn-telefon\" \/><\/span>\n    <\/div>\n    <div class=\"uk-width-small-1-1 uk-width-medium-1-2\">\n      <span class=\"wpcf7-form-control-wrap\" data-name=\"fn-nachricht\"><textarea cols=\"40\" rows=\"10\" maxlength=\"2000\" class=\"wpcf7-form-control wpcf7-textarea wpcf7-validates-as-required uk-margin-small-bottom uk-form-large\" aria-required=\"true\" aria-invalid=\"false\" placeholder=\"Mensaje *\" name=\"fn-nachricht\"><\/textarea><\/span>\n    <\/div>\n    <div class=\"uk-width-1-1\">\n      <input class=\"wpcf7-form-control wpcf7-submit has-spinner uk-button uk-form-large\" type=\"submit\" value=\"Enviar\" \/>\n    <\/div>\n  <\/div>\n<\/div><div class=\"wpcf7-response-output\" aria-hidden=\"true\"><\/div>\n<\/form>\n<\/div>\n\n<\/div>\n<\/div><\/div><\/div><\/div><div id=\"pg-1189-2\"  class=\"panel-grid panel-no-style\" ><div id=\"pgc-1189-2-0\"  class=\"panel-grid-cell\" ><div id=\"panel-1189-2-0-0\" class=\"so-panel widget widget_sow-editor panel-first-child panel-last-child\" data-index=\"3\" ><div\n\t\t\t\n\t\t\tclass=\"so-widget-sow-editor so-widget-sow-editor-base\"\n\t\t\t\n\t\t>\n<div class=\"siteorigin-widget-tinymce textwidget\">\n\t<h3>Addresses<\/h3>\n<\/div>\n<\/div><\/div><\/div><\/div><div id=\"pg-1189-3\"  class=\"panel-grid panel-has-style\" ><div class=\"boxes panel-row-style panel-row-style-for-1189-3\" ><div id=\"pgc-1189-3-0\"  class=\"panel-grid-cell\" ><div id=\"panel-1189-3-0-0\" class=\"so-panel widget widget_sow-editor panel-first-child panel-last-child\" data-index=\"4\" ><div\n\t\t\t\n\t\t\tclass=\"so-widget-sow-editor so-widget-sow-editor-base\"\n\t\t\t\n\t\t>\n<div class=\"siteorigin-widget-tinymce textwidget\">\n\t<p><strong>Switzerland<\/strong><\/p>\n<p>LOSTnFOUND AG<br \/>\nSoodstrasse 59<br \/>\nCH-8134 Adliswil<\/p>\n<p>    <i class=\"uk-icon-phone uk-icon-justify\"><\/i>&ensp;\n  <a href=\"tel:0041445004095\">+41 44 500 40 95<\/a><br \/>\n    <i class=\"uk-icon-fax uk-icon-justify\"><\/i>&ensp;\n  <a href=\"tel:0041445004098\">+41 44 500 40 98<\/a><br \/>\n    <i class=\"uk-icon-envelope uk-icon-justify\"><\/i>&ensp;\n  <a href=\"mailto:welcome@fleet.tech\">welcome@fleet.tech<\/a><\/p>\n<\/div>\n<\/div><\/div><\/div><div id=\"pgc-1189-3-1\"  class=\"panel-grid-cell\" ><div id=\"panel-1189-3-1-0\" class=\"so-panel widget widget_sow-editor panel-first-child panel-last-child\" data-index=\"5\" ><div\n\t\t\t\n\t\t\tclass=\"so-widget-sow-editor so-widget-sow-editor-base\"\n\t\t\t\n\t\t>\n<div class=\"siteorigin-widget-tinymce textwidget\">\n\t<p><strong>Germany<\/strong><\/p>\n<p>LOSTnFOUND (Deutschland) GmbH<br \/>\nMaximilianstra\u00dfe 32<br \/>\n80539 M\u00fcnchen<\/p>\n<p>    <i class=\"uk-icon-phone uk-icon-justify\"><\/i>&ensp;\n  <a href=\"tel:00498000563563\">+49 (0) 800 0 563 563<\/a><br \/>\n    <i class=\"uk-icon-fax uk-icon-justify\"><\/i>&ensp;\n  <a href=\"tel:004989124146190\">+49 (0) 89 124 146 190<\/a><br \/>\n    <i class=\"uk-icon-envelope uk-icon-justify\"><\/i>&ensp;\n  <a href=\"mailto:welcome@fleet.tech\">welcome@fleet.tech<\/a><\/p>\n<\/div>\n<\/div><\/div><\/div><\/div><\/div><div id=\"pg-1189-4\"  class=\"panel-grid panel-has-style\" ><div class=\"boxes panel-row-style panel-row-style-for-1189-4\" ><div id=\"pgc-1189-4-0\"  class=\"panel-grid-cell\" ><div id=\"panel-1189-4-0-0\" class=\"so-panel widget widget_sow-editor panel-first-child panel-last-child\" data-index=\"6\" ><div\n\t\t\t\n\t\t\tclass=\"so-widget-sow-editor so-widget-sow-editor-base\"\n\t\t\t\n\t\t>\n<div class=\"siteorigin-widget-tinymce textwidget\">\n\t<p><strong>Austria<\/strong><\/p>\n<p>c\/o LOSTnFOUND (Deutschland) GmbH<br \/>\nMaximilianstra\u00dfe 32<br \/>\n80539 M\u00fcnchen<\/p>\n<p>    <i class=\"uk-icon-phone uk-icon-justify\"><\/i>&ensp;\n  <a href=\"tel:0043720518700\">+43 (0) 720 518 700<\/a><br \/>\n    <i class=\"uk-icon-fax uk-icon-justify\"><\/i>&ensp;\n  <a href=\"tel:0043720518701\">+43 (0) 720 518 701<\/a><br \/>\n    <i class=\"uk-icon-envelope uk-icon-justify\"><\/i>&ensp;\n  <a href=\"mailto:welcome@fleet.tech\">welcome@fleet.tech<\/a><\/p>\n<\/div>\n<\/div><\/div><\/div><div id=\"pgc-1189-4-1\"  class=\"panel-grid-cell\" ><div id=\"panel-1189-4-1-0\" class=\"so-panel widget widget_sow-editor panel-first-child panel-last-child\" data-index=\"7\" ><div\n\t\t\t\n\t\t\tclass=\"so-widget-sow-editor so-widget-sow-editor-base\"\n\t\t\t\n\t\t>\n<div class=\"siteorigin-widget-tinymce textwidget\">\n\t<p><strong>France<\/strong><\/p>\n<p>LnF (TELEMATIQUE) SAS<br \/>\n9, rue du Temple<br \/>\n68300 Saint Louis<\/p>\n<p>    <i class=\"uk-icon-phone uk-icon-justify\"><\/i>&ensp;\n  <a href=\"tel:0033182883997\">+33 (0) 182 883 997<\/a><br \/>\n    <i class=\"uk-icon-fax uk-icon-justify\"><\/i>&ensp;\n  <a href=\"tel:0033182883998\">+33 (0) 182 883 998<\/a><br \/>\n    <i class=\"uk-icon-envelope uk-icon-justify\"><\/i>&ensp;\n  <a href=\"mailto:welcome@fleet.tech\">welcome@fleet.tech<\/a><\/p>\n<\/div>\n<\/div><\/div><\/div><\/div><\/div><\/div>","protected":false},"excerpt":{"rendered":"<p>Contacto Usted tiene una pregunta, \u00bfquiere darnos su opini\u00f3n o comentarios? Utilice nuestro formulario de contacto para contactarnos de manera f\u00e1cil y r\u00e1pida. Esperamos su mensaje. Enviar solicitud<\/p>\n","protected":false},"author":3,"featured_media":865,"parent":0,"menu_order":0,"comment_status":"closed","ping_status":"closed","template":"","meta":{"_acf_changed":false,"inline_featured_image":false,"footnotes":""},"class_list":["post-1189","page","type-page","status-publish","has-post-thumbnail","hentry"],"acf":[],"yoast_head":"<!-- This site is optimized with the Yoast SEO plugin v26.1.1 - https:\/\/yoast.com\/wordpress\/plugins\/seo\/ -->\n<title>Contacto - fleet.tech<\/title>\n<meta name=\"robots\" content=\"index, follow, max-snippet:-1, max-image-preview:large, max-video-preview:-1\" \/>\n<link rel=\"canonical\" href=\"https:\/\/fleet.tech\/es\/contacto\/\" \/>\n<meta property=\"og:locale\" content=\"es_ES\" \/>\n<meta property=\"og:type\" content=\"article\" \/>\n<meta property=\"og:title\" content=\"Contacto - fleet.tech\" \/>\n<meta property=\"og:description\" content=\"Contacto Usted tiene una pregunta, \u00bfquiere darnos su opini\u00f3n o comentarios? Utilice nuestro formulario de contacto para contactarnos de manera f\u00e1cil y r\u00e1pida. Esperamos su mensaje. Enviar solicitud\" \/>\n<meta property=\"og:url\" content=\"https:\/\/fleet.tech\/es\/contacto\/\" \/>\n<meta property=\"og:site_name\" content=\"fleet.tech\" \/>\n<meta property=\"article:modified_time\" content=\"2021-03-01T19:09:12+00:00\" \/>\n<meta property=\"og:image\" content=\"https:\/\/fleet.tech\/wp-content\/uploads\/slide-waldstrasse.jpg\" \/>\n\t<meta property=\"og:image:width\" content=\"1920\" \/>\n\t<meta property=\"og:image:height\" content=\"1080\" \/>\n\t<meta property=\"og:image:type\" content=\"image\/jpeg\" \/>\n<meta name=\"twitter:card\" content=\"summary_large_image\" \/>\n<script type=\"application\/ld+json\" class=\"yoast-schema-graph\">{\"@context\":\"https:\/\/schema.org\",\"@graph\":[{\"@type\":\"WebPage\",\"@id\":\"https:\/\/fleet.tech\/es\/contacto\/\",\"url\":\"https:\/\/fleet.tech\/es\/contacto\/\",\"name\":\"Contacto - fleet.tech\",\"isPartOf\":{\"@id\":\"https:\/\/fleet.tech\/#website\"},\"primaryImageOfPage\":{\"@id\":\"https:\/\/fleet.tech\/es\/contacto\/#primaryimage\"},\"image\":{\"@id\":\"https:\/\/fleet.tech\/es\/contacto\/#primaryimage\"},\"thumbnailUrl\":\"https:\/\/fleet.tech\/wp-content\/uploads\/slide-waldstrasse.jpg\",\"datePublished\":\"2018-03-15T13:03:36+00:00\",\"dateModified\":\"2021-03-01T19:09:12+00:00\",\"breadcrumb\":{\"@id\":\"https:\/\/fleet.tech\/es\/contacto\/#breadcrumb\"},\"inLanguage\":\"es\",\"potentialAction\":[{\"@type\":\"ReadAction\",\"target\":[\"https:\/\/fleet.tech\/es\/contacto\/\"]}]},{\"@type\":\"ImageObject\",\"inLanguage\":\"es\",\"@id\":\"https:\/\/fleet.tech\/es\/contacto\/#primaryimage\",\"url\":\"https:\/\/fleet.tech\/wp-content\/uploads\/slide-waldstrasse.jpg\",\"contentUrl\":\"https:\/\/fleet.tech\/wp-content\/uploads\/slide-waldstrasse.jpg\",\"width\":1920,\"height\":1080},{\"@type\":\"BreadcrumbList\",\"@id\":\"https:\/\/fleet.tech\/es\/contacto\/#breadcrumb\",\"itemListElement\":[{\"@type\":\"ListItem\",\"position\":1,\"name\":\"Home\",\"item\":\"https:\/\/fleet.tech\/\"},{\"@type\":\"ListItem\",\"position\":2,\"name\":\"Contacto\"}]},{\"@type\":\"WebSite\",\"@id\":\"https:\/\/fleet.tech\/#website\",\"url\":\"https:\/\/fleet.tech\/\",\"name\":\"fleet.tech\",\"description\":\"\",\"potentialAction\":[{\"@type\":\"SearchAction\",\"target\":{\"@type\":\"EntryPoint\",\"urlTemplate\":\"https:\/\/fleet.tech\/?s={search_term_string}\"},\"query-input\":{\"@type\":\"PropertyValueSpecification\",\"valueRequired\":true,\"valueName\":\"search_term_string\"}}],\"inLanguage\":\"es\"}]}<\/script>\n<!-- \/ Yoast SEO plugin. -->","yoast_head_json":{"title":"Contacto - fleet.tech","robots":{"index":"index","follow":"follow","max-snippet":"max-snippet:-1","max-image-preview":"max-image-preview:large","max-video-preview":"max-video-preview:-1"},"canonical":"https:\/\/fleet.tech\/es\/contacto\/","og_locale":"es_ES","og_type":"article","og_title":"Contacto - fleet.tech","og_description":"Contacto Usted tiene una pregunta, \u00bfquiere darnos su opini\u00f3n o comentarios? Utilice nuestro formulario de contacto para contactarnos de manera f\u00e1cil y r\u00e1pida. Esperamos su mensaje. Enviar solicitud","og_url":"https:\/\/fleet.tech\/es\/contacto\/","og_site_name":"fleet.tech","article_modified_time":"2021-03-01T19:09:12+00:00","og_image":[{"width":1920,"height":1080,"url":"https:\/\/fleet.tech\/wp-content\/uploads\/slide-waldstrasse.jpg","type":"image\/jpeg"}],"twitter_card":"summary_large_image","schema":{"@context":"https:\/\/schema.org","@graph":[{"@type":"WebPage","@id":"https:\/\/fleet.tech\/es\/contacto\/","url":"https:\/\/fleet.tech\/es\/contacto\/","name":"Contacto - fleet.tech","isPartOf":{"@id":"https:\/\/fleet.tech\/#website"},"primaryImageOfPage":{"@id":"https:\/\/fleet.tech\/es\/contacto\/#primaryimage"},"image":{"@id":"https:\/\/fleet.tech\/es\/contacto\/#primaryimage"},"thumbnailUrl":"https:\/\/fleet.tech\/wp-content\/uploads\/slide-waldstrasse.jpg","datePublished":"2018-03-15T13:03:36+00:00","dateModified":"2021-03-01T19:09:12+00:00","breadcrumb":{"@id":"https:\/\/fleet.tech\/es\/contacto\/#breadcrumb"},"inLanguage":"es","potentialAction":[{"@type":"ReadAction","target":["https:\/\/fleet.tech\/es\/contacto\/"]}]},{"@type":"ImageObject","inLanguage":"es","@id":"https:\/\/fleet.tech\/es\/contacto\/#primaryimage","url":"https:\/\/fleet.tech\/wp-content\/uploads\/slide-waldstrasse.jpg","contentUrl":"https:\/\/fleet.tech\/wp-content\/uploads\/slide-waldstrasse.jpg","width":1920,"height":1080},{"@type":"BreadcrumbList","@id":"https:\/\/fleet.tech\/es\/contacto\/#breadcrumb","itemListElement":[{"@type":"ListItem","position":1,"name":"Home","item":"https:\/\/fleet.tech\/"},{"@type":"ListItem","position":2,"name":"Contacto"}]},{"@type":"WebSite","@id":"https:\/\/fleet.tech\/#website","url":"https:\/\/fleet.tech\/","name":"fleet.tech","description":"","potentialAction":[{"@type":"SearchAction","target":{"@type":"EntryPoint","urlTemplate":"https:\/\/fleet.tech\/?s={search_term_string}"},"query-input":{"@type":"PropertyValueSpecification","valueRequired":true,"valueName":"search_term_string"}}],"inLanguage":"es"}]}},"_links":{"self":[{"href":"https:\/\/fleet.tech\/es\/wp-json\/wp\/v2\/pages\/1189","targetHints":{"allow":["GET"]}}],"collection":[{"href":"https:\/\/fleet.tech\/es\/wp-json\/wp\/v2\/pages"}],"about":[{"href":"https:\/\/fleet.tech\/es\/wp-json\/wp\/v2\/types\/page"}],"author":[{"embeddable":true,"href":"https:\/\/fleet.tech\/es\/wp-json\/wp\/v2\/users\/3"}],"replies":[{"embeddable":true,"href":"https:\/\/fleet.tech\/es\/wp-json\/wp\/v2\/comments?post=1189"}],"version-history":[{"count":6,"href":"https:\/\/fleet.tech\/es\/wp-json\/wp\/v2\/pages\/1189\/revisions"}],"predecessor-version":[{"id":1336,"href":"https:\/\/fleet.tech\/es\/wp-json\/wp\/v2\/pages\/1189\/revisions\/1336"}],"wp:featuredmedia":[{"embeddable":true,"href":"https:\/\/fleet.tech\/es\/wp-json\/wp\/v2\/media\/865"}],"wp:attachment":[{"href":"https:\/\/fleet.tech\/es\/wp-json\/wp\/v2\/media?parent=1189"}],"curies":[{"name":"wp","href":"https:\/\/api.w.org\/{rel}","templated":true}]}}