{"id":12844,"date":"2021-03-01T19:23:29","date_gmt":"2021-03-01T18:23:29","guid":{"rendered":"https:\/\/fleet.tech\/privacy-driver\/"},"modified":"2021-03-01T19:38:09","modified_gmt":"2021-03-01T18:38:09","slug":"privacy-driver","status":"publish","type":"page","link":"https:\/\/fleet.tech\/es\/privacy-driver\/","title":{"rendered":"Pol\u00edtica de privacidad"},"content":{"rendered":"<div id=\"pl-12844\"  class=\"panel-layout\" ><div id=\"pg-12844-0\"  class=\"panel-grid panel-no-style\" ><div id=\"pgc-12844-0-0\"  class=\"panel-grid-cell\" ><div id=\"panel-12844-0-0-0\" class=\"so-panel widget widget_sow-editor panel-first-child panel-last-child\" data-index=\"0\" ><div\n\t\t\t\n\t\t\tclass=\"so-widget-sow-editor so-widget-sow-editor-base\"\n\t\t\t\n\t\t>\n<div class=\"siteorigin-widget-tinymce textwidget\">\n\t<h1>Pol\u00edtica de privacidad<\/h1>\n<h3>fleet.tech DRIVER<\/h3>\n<h2>Tratamiento de sus datos personales<\/h2>\n<p>Sus datos personales son tratados por la empresa LOSTnFOUND (en lo sucesivo, \"nosotros\", \"nos\" o \"nuestro\").<\/p>\n<p><em>LOSTnFOUND AG<br \/>\nSoodstrasse 49<br \/>\nCH-8134 Adliswil<\/em><\/p>\n<p>Cualquier transmisi\u00f3n a terceras empresas est\u00e1 sujeta a su acuerdo previo y al de su empresa. Ning\u00fan dato es transferido fuera de la Uni\u00f3n Europea, los servicios est\u00e1n integrados en los servidores de un Host en Francia: OVH.<\/p>\n<h2>\u00bfQu\u00e9 tipos de datos personales tratamos?<\/h2>\n<p>No recogemos ning\u00fan dato sensible relativo a los usuarios, como el origen racial o \u00e9tnico, las opiniones pol\u00edticas, filos\u00f3ficas o religiosas, as\u00ed como ning\u00fan dato relativo a la afiliaci\u00f3n sindical, la salud o la vida sexual.<\/p>\n<p>Al utilizar nuestra aplicaci\u00f3n m\u00f3vil fleet.tech DRIVER, se le pide que nos proporcione informaci\u00f3n, parte de la cual puede identificarle (\"Datos personales\"). Este es el caso, en particular, cuando rellena formularios (como el de registro), cuando se pone en contacto con nosotros -ya sea por tel\u00e9fono, correo electr\u00f3nico o cualquier otro medio de comunicaci\u00f3n- o cuando nos informa de un problema.<\/p>\n<p>Los datos personales que tratamos incluyen la siguiente informaci\u00f3n personal:<\/p>\n<ul>\n<li>Nombre,<\/li>\n<li>Apellido,<\/li>\n<li>Direcci\u00f3n de correo electr\u00f3nico,<\/li>\n<li>El modelo de su veh\u00edculo,<\/li>\n<li>Pseudo,<\/li>\n<li>Viajes en veh\u00edculos motorizados.<\/li>\n<\/ul>\n<p>Para detectar y analizar los desplazamientos de un veh\u00edculo, la aplicaci\u00f3n utiliza la localizaci\u00f3n en segundo plano. La app procesa la velocidad y el rumbo para calcular los indicadores de conducci\u00f3n.<\/p>\n<p>Adem\u00e1s, tratamos Datos Personales sobre sus h\u00e1bitos de conducci\u00f3n y su uso de los servicios, como por ejemplo<\/p>\n<ul>\n<li>Datos de puntuaci\u00f3n de seguridad: se calculan a partir de los eventos de aceleraci\u00f3n\/frenado o de p\u00e9rdida de adherencia detectados durante sus desplazamientos motorizados,<\/li>\n<li>Datos de distracci\u00f3n del conductor: es decir, c\u00f3mo interact\u00faa con su smartphone (desbloqueo de la pantalla \/ uso) durante sus viajes motorizados,<\/li>\n<li>Datos de puntuaci\u00f3n de conducci\u00f3n ecol\u00f3gica: calculados a partir de la aceleraci\u00f3n, el mantenimiento de la velocidad o la desaceleraci\u00f3n detectados durante sus viajes motorizados,<\/li>\n<li>Consejos de conducci\u00f3n que se dan despu\u00e9s de los viajes,<\/li>\n<li>Su posible participaci\u00f3n en uno o m\u00e1s desaf\u00edos de conducci\u00f3n,<\/li>\n<li>Tambi\u00e9n se puede activar su puntuaci\u00f3n de velocidad (de acuerdo con la legislaci\u00f3n vigente).<\/li>\n<\/ul>\n<h2>\u00bfCon qu\u00e9 finalidad se tratar\u00e1n sus datos personales?<\/h2>\n<p>Al compartir sus datos personales con DriveQuant (procesador de datos), y con su empresa, usted podr\u00e1:<\/p>\n<ul>\n<li>Reg\u00edstrese y acceda a la aplicaci\u00f3n m\u00f3vil <em>tech DRIVER<\/em>,<\/li>\n<li>Benef\u00edciese de los servicios centrados en el conductor (puntuaci\u00f3n de seguridad, puntuaci\u00f3n de ecoconducci\u00f3n, puntuaci\u00f3n de distracci\u00f3n) que pueden dar lugar a consejos de conducci\u00f3n y notificaciones de viajes,<\/li>\n<li>Accede a los retos de conducci\u00f3n organizados en la app por tu Empresa y obt\u00e9n recompensas,<\/li>\n<li>Permitir a su empresa gestionar la aplicaci\u00f3n m\u00f3vil y los desaf\u00edos.<\/li>\n<\/ul>\n<p><em>NOTA. En cualquier momento, puedes desactivar el env\u00edo de notificaciones en los ajustes de tu smartphone.<\/em><\/p>\n<p>Como parte del uso de nuestros Servicios, algunos de sus Datos ser\u00e1n transmitidos a otros Usuarios de fleet.tech DRIVER. Por ejemplo, como parte de los desaf\u00edos, todos los Usuarios tendr\u00e1n acceso a la puntuaci\u00f3n y al apodo de otros usuarios registrados.<\/p>\n<h2>\u00bfCu\u00e1nto tiempo conservamos sus datos personales?<\/h2>\n<p>En ausencia de una solicitud expresa en sentido contrario, sus Datos Personales se conservar\u00e1n durante un m\u00e1ximo de 2 a\u00f1os tras la finalizaci\u00f3n de su uso de la aplicaci\u00f3n fleet.tech DRIVER.<\/p>\n<h2>Cumplimiento legal y seguridad<\/h2>\n<p>Es posible que se nos exija -por ley, procedimientos judiciales, litigios y\/o una solicitud de las autoridades p\u00fablicas o gubernamentales dentro o fuera de su pa\u00eds de residencia- que divulguemos sus Datos Personales. Tambi\u00e9n podemos revelar sus datos personales si se nos exige por motivos de seguridad nacional, orden p\u00fablico u otros asuntos de inter\u00e9s p\u00fablico, cuando dicha revelaci\u00f3n sea necesaria y adecuada. Si la legislaci\u00f3n lo permite, le notificaremos con antelaci\u00f3n la transferencia de sus datos.<\/p>\n<p>Tambi\u00e9n podemos revelar informaci\u00f3n personal si creemos, de buena fe, que dicha revelaci\u00f3n es razonablemente necesaria para proteger nuestros derechos y recursos, para hacer cumplir nuestros t\u00e9rminos y condiciones, para investigar un caso de fraude o para proteger nuestras operaciones o usuarios.<\/p>\n<h2>\u00bfCu\u00e1les son sus derechos?<\/h2>\n<p>En el contexto de las operaciones de tratamiento mencionadas, usted tiene derecho a solicitar el acceso a sus Datos Personales en un formato estructurado est\u00e1ndar, la modificaci\u00f3n y la supresi\u00f3n de sus datos. Adem\u00e1s, tiene derecho a oponerse al tratamiento de sus Datos Personales o a solicitar la limitaci\u00f3n de dicho tratamiento.<\/p>\n<p>En cualquier caso, tambi\u00e9n tiene derecho a presentar una reclamaci\u00f3n ante la autoridad de protecci\u00f3n de datos competente.<\/p>\n<h2>Modificaci\u00f3n de nuestra pol\u00edtica de privacidad<\/h2>\n<p>Podemos cambiar nuestra pol\u00edtica de privacidad de acuerdo con nuestras obligaciones legales. Le recomendamos que consulte esta p\u00e1gina con regularidad para conocer cualquier cambio o actualizaci\u00f3n de este documento.<\/p>\n<h2>Contacte con<\/h2>\n<p>Puede ponerse en contacto con nosotros si tiene alguna pregunta sobre nuestra pol\u00edtica de privacidad o sobre sus datos personales:<\/p>\n<ul>\n<li>Por correo a la siguiente direcci\u00f3n LOSTnFOUND AG, Attn: GDPR-Officer, Soodstrasse 59, CH8134 Adliswil;<\/li>\n<li>Por correo electr\u00f3nico a la direcci\u00f3n de nuestro responsable de la protecci\u00f3n de datos: gdpr@lostnfound.com<\/li>\n<\/ul>\n<p>&nbsp;<\/p>\n<\/div>\n<\/div><\/div><\/div><\/div><\/div>","protected":false},"excerpt":{"rendered":"<p>Pol\u00edtica de privacidad fleet.tech DRIVER Tratamiento de sus datos personales Sus datos personales son tratados por la empresa LOSTnFOUND (en lo sucesivo, \u00abnosotros\u00bb, \u00abnos\u00bb o \u00abnuestro\u00bb). LOSTnFOUND AG Soodstrasse 49 CH-8134 Adliswil Cualquier transmisi\u00f3n a terceras empresas est\u00e1 sujeta a su acuerdo previo y al de su empresa. Ning\u00fan dato es transferido fuera de la [&hellip;]<\/p>\n","protected":false},"author":3,"featured_media":1731,"parent":0,"menu_order":0,"comment_status":"closed","ping_status":"closed","template":"","meta":{"_acf_changed":false,"inline_featured_image":false,"footnotes":""},"class_list":["post-12844","page","type-page","status-publish","has-post-thumbnail","hentry"],"acf":[],"yoast_head":"<!-- This site is optimized with the Yoast SEO plugin v26.1.1 - https:\/\/yoast.com\/wordpress\/plugins\/seo\/ -->\n<title>Pol\u00edtica de privacidad - fleet.tech<\/title>\n<meta name=\"robots\" content=\"index, follow, max-snippet:-1, max-image-preview:large, max-video-preview:-1\" \/>\n<link rel=\"canonical\" href=\"https:\/\/fleet.tech\/es\/privacy-driver\/\" \/>\n<meta property=\"og:locale\" content=\"es_ES\" \/>\n<meta property=\"og:type\" content=\"article\" \/>\n<meta property=\"og:title\" content=\"Pol\u00edtica de privacidad - fleet.tech\" \/>\n<meta property=\"og:description\" content=\"Pol\u00edtica de privacidad fleet.tech DRIVER Tratamiento de sus datos personales Sus datos personales son tratados por la empresa LOSTnFOUND (en lo sucesivo, &quot;nosotros&quot;, &quot;nos&quot; o &quot;nuestro&quot;). LOSTnFOUND AG Soodstrasse 49 CH-8134 Adliswil Cualquier transmisi\u00f3n a terceras empresas est\u00e1 sujeta a su acuerdo previo y al de su empresa. Ning\u00fan dato es transferido fuera de la [&hellip;]\" \/>\n<meta property=\"og:url\" content=\"https:\/\/fleet.tech\/es\/privacy-driver\/\" \/>\n<meta property=\"og:site_name\" content=\"fleet.tech\" \/>\n<meta property=\"article:modified_time\" content=\"2021-03-01T18:38:09+00:00\" \/>\n<meta property=\"og:image\" content=\"https:\/\/fleet.tech\/wp-content\/uploads\/revslider\/start1\/slide-waldstrasse.jpg\" \/>\n\t<meta property=\"og:image:width\" content=\"1920\" \/>\n\t<meta property=\"og:image:height\" content=\"1080\" \/>\n\t<meta property=\"og:image:type\" content=\"image\/jpeg\" \/>\n<meta name=\"twitter:card\" content=\"summary_large_image\" \/>\n<meta name=\"twitter:label1\" content=\"Tiempo de lectura\" \/>\n\t<meta name=\"twitter:data1\" content=\"5 minutos\" \/>\n<script type=\"application\/ld+json\" class=\"yoast-schema-graph\">{\"@context\":\"https:\/\/schema.org\",\"@graph\":[{\"@type\":\"WebPage\",\"@id\":\"https:\/\/fleet.tech\/es\/privacy-driver\/\",\"url\":\"https:\/\/fleet.tech\/es\/privacy-driver\/\",\"name\":\"Pol\u00edtica de privacidad - fleet.tech\",\"isPartOf\":{\"@id\":\"https:\/\/fleet.tech\/#website\"},\"primaryImageOfPage\":{\"@id\":\"https:\/\/fleet.tech\/es\/privacy-driver\/#primaryimage\"},\"image\":{\"@id\":\"https:\/\/fleet.tech\/es\/privacy-driver\/#primaryimage\"},\"thumbnailUrl\":\"https:\/\/fleet.tech\/wp-content\/uploads\/revslider\/start1\/slide-waldstrasse.jpg\",\"datePublished\":\"2021-03-01T18:23:29+00:00\",\"dateModified\":\"2021-03-01T18:38:09+00:00\",\"breadcrumb\":{\"@id\":\"https:\/\/fleet.tech\/es\/privacy-driver\/#breadcrumb\"},\"inLanguage\":\"es\",\"potentialAction\":[{\"@type\":\"ReadAction\",\"target\":[\"https:\/\/fleet.tech\/es\/privacy-driver\/\"]}]},{\"@type\":\"ImageObject\",\"inLanguage\":\"es\",\"@id\":\"https:\/\/fleet.tech\/es\/privacy-driver\/#primaryimage\",\"url\":\"https:\/\/fleet.tech\/wp-content\/uploads\/revslider\/start1\/slide-waldstrasse.jpg\",\"contentUrl\":\"https:\/\/fleet.tech\/wp-content\/uploads\/revslider\/start1\/slide-waldstrasse.jpg\",\"width\":1920,\"height\":1080},{\"@type\":\"BreadcrumbList\",\"@id\":\"https:\/\/fleet.tech\/es\/privacy-driver\/#breadcrumb\",\"itemListElement\":[{\"@type\":\"ListItem\",\"position\":1,\"name\":\"Home\",\"item\":\"https:\/\/fleet.tech\/\"},{\"@type\":\"ListItem\",\"position\":2,\"name\":\"Pol\u00edtica de privacidad\"}]},{\"@type\":\"WebSite\",\"@id\":\"https:\/\/fleet.tech\/#website\",\"url\":\"https:\/\/fleet.tech\/\",\"name\":\"fleet.tech\",\"description\":\"\",\"potentialAction\":[{\"@type\":\"SearchAction\",\"target\":{\"@type\":\"EntryPoint\",\"urlTemplate\":\"https:\/\/fleet.tech\/?s={search_term_string}\"},\"query-input\":{\"@type\":\"PropertyValueSpecification\",\"valueRequired\":true,\"valueName\":\"search_term_string\"}}],\"inLanguage\":\"es\"}]}<\/script>\n<!-- \/ Yoast SEO plugin. -->","yoast_head_json":{"title":"Pol\u00edtica de privacidad - fleet.tech","robots":{"index":"index","follow":"follow","max-snippet":"max-snippet:-1","max-image-preview":"max-image-preview:large","max-video-preview":"max-video-preview:-1"},"canonical":"https:\/\/fleet.tech\/es\/privacy-driver\/","og_locale":"es_ES","og_type":"article","og_title":"Pol\u00edtica de privacidad - fleet.tech","og_description":"Pol\u00edtica de privacidad fleet.tech DRIVER Tratamiento de sus datos personales Sus datos personales son tratados por la empresa LOSTnFOUND (en lo sucesivo, \"nosotros\", \"nos\" o \"nuestro\"). LOSTnFOUND AG Soodstrasse 49 CH-8134 Adliswil Cualquier transmisi\u00f3n a terceras empresas est\u00e1 sujeta a su acuerdo previo y al de su empresa. Ning\u00fan dato es transferido fuera de la [&hellip;]","og_url":"https:\/\/fleet.tech\/es\/privacy-driver\/","og_site_name":"fleet.tech","article_modified_time":"2021-03-01T18:38:09+00:00","og_image":[{"width":1920,"height":1080,"url":"https:\/\/fleet.tech\/wp-content\/uploads\/revslider\/start1\/slide-waldstrasse.jpg","type":"image\/jpeg"}],"twitter_card":"summary_large_image","twitter_misc":{"Tiempo de lectura":"5 minutos"},"schema":{"@context":"https:\/\/schema.org","@graph":[{"@type":"WebPage","@id":"https:\/\/fleet.tech\/es\/privacy-driver\/","url":"https:\/\/fleet.tech\/es\/privacy-driver\/","name":"Pol\u00edtica de privacidad - fleet.tech","isPartOf":{"@id":"https:\/\/fleet.tech\/#website"},"primaryImageOfPage":{"@id":"https:\/\/fleet.tech\/es\/privacy-driver\/#primaryimage"},"image":{"@id":"https:\/\/fleet.tech\/es\/privacy-driver\/#primaryimage"},"thumbnailUrl":"https:\/\/fleet.tech\/wp-content\/uploads\/revslider\/start1\/slide-waldstrasse.jpg","datePublished":"2021-03-01T18:23:29+00:00","dateModified":"2021-03-01T18:38:09+00:00","breadcrumb":{"@id":"https:\/\/fleet.tech\/es\/privacy-driver\/#breadcrumb"},"inLanguage":"es","potentialAction":[{"@type":"ReadAction","target":["https:\/\/fleet.tech\/es\/privacy-driver\/"]}]},{"@type":"ImageObject","inLanguage":"es","@id":"https:\/\/fleet.tech\/es\/privacy-driver\/#primaryimage","url":"https:\/\/fleet.tech\/wp-content\/uploads\/revslider\/start1\/slide-waldstrasse.jpg","contentUrl":"https:\/\/fleet.tech\/wp-content\/uploads\/revslider\/start1\/slide-waldstrasse.jpg","width":1920,"height":1080},{"@type":"BreadcrumbList","@id":"https:\/\/fleet.tech\/es\/privacy-driver\/#breadcrumb","itemListElement":[{"@type":"ListItem","position":1,"name":"Home","item":"https:\/\/fleet.tech\/"},{"@type":"ListItem","position":2,"name":"Pol\u00edtica de privacidad"}]},{"@type":"WebSite","@id":"https:\/\/fleet.tech\/#website","url":"https:\/\/fleet.tech\/","name":"fleet.tech","description":"","potentialAction":[{"@type":"SearchAction","target":{"@type":"EntryPoint","urlTemplate":"https:\/\/fleet.tech\/?s={search_term_string}"},"query-input":{"@type":"PropertyValueSpecification","valueRequired":true,"valueName":"search_term_string"}}],"inLanguage":"es"}]}},"_links":{"self":[{"href":"https:\/\/fleet.tech\/es\/wp-json\/wp\/v2\/pages\/12844","targetHints":{"allow":["GET"]}}],"collection":[{"href":"https:\/\/fleet.tech\/es\/wp-json\/wp\/v2\/pages"}],"about":[{"href":"https:\/\/fleet.tech\/es\/wp-json\/wp\/v2\/types\/page"}],"author":[{"embeddable":true,"href":"https:\/\/fleet.tech\/es\/wp-json\/wp\/v2\/users\/3"}],"replies":[{"embeddable":true,"href":"https:\/\/fleet.tech\/es\/wp-json\/wp\/v2\/comments?post=12844"}],"version-history":[{"count":2,"href":"https:\/\/fleet.tech\/es\/wp-json\/wp\/v2\/pages\/12844\/revisions"}],"predecessor-version":[{"id":12852,"href":"https:\/\/fleet.tech\/es\/wp-json\/wp\/v2\/pages\/12844\/revisions\/12852"}],"wp:featuredmedia":[{"embeddable":true,"href":"https:\/\/fleet.tech\/es\/wp-json\/wp\/v2\/media\/1731"}],"wp:attachment":[{"href":"https:\/\/fleet.tech\/es\/wp-json\/wp\/v2\/media?parent=12844"}],"curies":[{"name":"wp","href":"https:\/\/api.w.org\/{rel}","templated":true}]}}