{"id":8116,"date":"2019-09-19T11:52:17","date_gmt":"2019-09-19T10:52:17","guid":{"rendered":"https:\/\/fleet.tech\/?page_id=8116"},"modified":"2021-03-01T20:09:13","modified_gmt":"2021-03-01T19:09:13","slug":"instruccion-de-revocacion","status":"publish","type":"page","link":"https:\/\/fleet.tech\/es\/instruccion-de-revocacion\/","title":{"rendered":"Instrucci\u00f3n de Revocaci\u00f3n"},"content":{"rendered":"<div id=\"pl-8116\"  class=\"panel-layout\" ><div id=\"pg-8116-0\"  class=\"panel-grid panel-no-style\" ><div id=\"pgc-8116-0-0\"  class=\"panel-grid-cell\" ><div id=\"panel-8116-0-0-0\" class=\"so-panel widget widget_sow-editor panel-first-child panel-last-child\" data-index=\"0\" ><div\n\t\t\t\n\t\t\tclass=\"so-widget-sow-editor so-widget-sow-editor-base\"\n\t\t\t\n\t\t>\n<div class=\"siteorigin-widget-tinymce textwidget\">\n\t<h1>Instrucci\u00f3n de Revocaci\u00f3n<\/h1>\n<h3>Derecho de desistimiento de los consumidores<\/h3>\n<p>El derecho de revocaci\u00f3n (entrega de bienes y prestaci\u00f3n de servicios) se aplica exclusivamente a los consumidores en el sentido del art\u00edculo 13 del BGB. Se trata de cualquier persona f\u00edsica que concluye un negocio jur\u00eddico con una finalidad que no puede atribuirse ni a su actividad comercial ni a su actividad profesional por cuenta propia.<\/p>\n<h3>Entrega de mercanc\u00edas<\/h3>\n<p><strong>Derecho de retractaci\u00f3n<\/strong><br \/>\nUsted tiene el derecho de revocar este contrato dentro de catorce d\u00edas sin dar razones. El plazo de desistimiento ser\u00e1 de catorce d\u00edas a partir de la fecha en que usted o un tercero que no sea el transportista designado por usted haya tomado posesi\u00f3n de las mercanc\u00edas.<\/p>\n<p>Para ejercer su derecho de desistimiento, debe comunicarnos (LOSTnFOUND AG, Soodstrasse 59, CH-8134 Adliswil, n\u00famero de tel\u00e9fono: +41 44 500 40 95, n\u00famero de fax: +41 44 500 40 98, direcci\u00f3n de correo electr\u00f3nico: info@lostnfound.com) su decisi\u00f3n de desistir de este contrato mediante una declaraci\u00f3n clara (por ejemplo, una carta, un fax o un correo electr\u00f3nico enviado por correo postal). Puede utilizar el formulario de desistimiento adjunto, que no es obligatorio.<\/p>\n<p>Para cumplir con el plazo de revocaci\u00f3n, basta con que env\u00ede la notificaci\u00f3n del ejercicio del derecho de revocaci\u00f3n antes de que expire el plazo de revocaci\u00f3n.<\/p>\n<p><strong>Consecuencias de la revocaci\u00f3n<\/strong><br \/>\nSi usted revoca este Acuerdo, le reembolsaremos inmediatamente y a m\u00e1s tardar en un plazo de catorce d\u00edas a partir de la fecha en que recibamos la notificaci\u00f3n de su revocaci\u00f3n de este Acuerdo por todos los pagos que hayamos recibido de usted, incluidos los gastos de entrega (excepto los gastos adicionales derivados de su elecci\u00f3n de un m\u00e9todo de entrega distinto del m\u00e9todo de entrega est\u00e1ndar m\u00e1s barato ofrecido por nosotros). Para este reembolso utilizaremos los mismos medios de pago que usted utiliz\u00f3 para la transacci\u00f3n original, a menos que se acuerde expresamente lo contrario con usted; en ning\u00fan caso se le cobrar\u00e1 por este reembolso.<\/p>\n<p>Podemos negarnos a realizar el reembolso hasta que hayamos recibido las Mercanc\u00edas de vuelta o hasta que usted haya proporcionado pruebas de que ha devuelto las Mercanc\u00edas, lo que ocurra primero.<br \/>\nDeber\u00e1 devolver o entregar la mercanc\u00eda a nuestro centro log\u00edstico en Renningen (Alemania) inmediatamente y, en cualquier caso, en un plazo m\u00e1ximo de catorce d\u00edas a partir del d\u00eda en que nos notifique la revocaci\u00f3n de este contrato mediante nuestro proceso de RMA. Este plazo se considerar\u00e1 cumplido si env\u00eda la mercanc\u00eda antes de que expire el plazo de catorce d\u00edas. Usted correr\u00e1 con los gastos directos de la devoluci\u00f3n de la mercanc\u00eda.<\/p>\n<p>S\u00f3lo ser\u00e1n responsables de la depreciaci\u00f3n de las mercanc\u00edas si \u00e9sta se debe a una manipulaci\u00f3n de las mismas que no sea necesaria para examinar su naturaleza, propiedades y funcionalidad.<\/p>\n<p><strong>Exclusi\u00f3n o caducidad prematura del derecho de revocaci\u00f3n<\/strong><br \/>\nEl derecho de revocaci\u00f3n no se aplica a los siguientes contratos<\/p>\n<ul>\n<li>el suministro de bienes que no sean prefabricados y cuya fabricaci\u00f3n est\u00e9 determinada por una elecci\u00f3n o destino individual del consumidor o que est\u00e9n claramente adaptados a sus necesidades personales;<\/li>\n<li>El derecho de revocaci\u00f3n caduca prematuramente para los contratos<\/li>\n<li>para la entrega de mercanc\u00edas si \u00e9stas se han mezclado inseparablemente con otras mercanc\u00edas despu\u00e9s de la entrega debido a su naturaleza;<\/li>\n<li>para la entrega de productos de telecomunicaciones en un paquete sellado si el precinto ha sido retirado despu\u00e9s de la entrega.<\/li>\n<\/ul>\n<h3>Servicios y soporte<\/h3>\n<p><strong>Derecho de retractaci\u00f3n<\/strong><br \/>\nUsted tiene el derecho de revocar este contrato dentro de catorce d\u00edas sin dar razones. El plazo de revocaci\u00f3n es de catorce d\u00edas a partir de la fecha de celebraci\u00f3n del contrato.<\/p>\n<p>Para ejercer su derecho de rescisi\u00f3n, debe comunicarnos su decisi\u00f3n de rescisi\u00f3n mediante una declaraci\u00f3n clara (por ejemplo, una carta, un fax o un correo electr\u00f3nico enviado por correo postal) (LOSTnFOUND AG, Soodstrasse 59, CH-8134 Adliswil, n\u00famero de tel\u00e9fono: +41 44 500 40 95, n\u00famero de fax: +41 44 500 40 98, direcci\u00f3n de correo electr\u00f3nico: info@lostnfound.com). Puede utilizar el formulario de desistimiento adjunto, que no es obligatorio.<\/p>\n<p>Para cumplir con el plazo de revocaci\u00f3n, basta con que env\u00ede la notificaci\u00f3n del ejercicio del derecho de revocaci\u00f3n antes de que expire el plazo de revocaci\u00f3n.<\/p>\n<p><strong>Consecuencias de la revocaci\u00f3n<\/strong><br \/>\nSi usted revoca este Acuerdo, le reembolsaremos inmediatamente y a m\u00e1s tardar en un plazo de catorce d\u00edas a partir de la fecha en que recibamos la notificaci\u00f3n de su revocaci\u00f3n de este Acuerdo por todos los pagos que hayamos recibido de usted, incluidos los gastos de entrega (excepto los gastos adicionales derivados de su elecci\u00f3n de un m\u00e9todo de entrega distinto del m\u00e9todo de entrega est\u00e1ndar m\u00e1s barato ofrecido por nosotros). Para este reembolso utilizaremos los mismos medios de pago que usted utiliz\u00f3 para la transacci\u00f3n original, a menos que se acuerde expresamente lo contrario con usted; en ning\u00fan caso se le cobrar\u00e1 por este reembolso.<\/p>\n<p>Si usted ha solicitado que los Servicios se inicien durante el per\u00edodo de retiro, deber\u00e1 pagarnos una cantidad razonable igual a la proporci\u00f3n de los Servicios ya prestados en el momento en que nos notifique el ejercicio del derecho de retiro con respecto a este Contrato en relaci\u00f3n con el total de los Servicios prestados en el mismo.<\/p>\n<p>El formulario de muestra para ejercer el derecho de desistimiento puede descargarse en este enlace (<a class=\"pdf\" href=\"https:\/\/fleet.tech\/wp-content\/uploads\/Wiederrufsbelehrung_EN.pdf\" target=\"_blank\" rel=\"noopener\">Instrucci\u00f3n de Revocaci\u00f3n<\/a>) y se le enviar\u00e1 por correo electr\u00f3nico junto con los dem\u00e1s documentos como parte de la tramitaci\u00f3n del pedido.<br \/>\nSi desea revocar el contrato, puede utilizar el formulario que hemos preparado para usted.<\/p>\n<p><strong>\u00bfQu\u00e9 es una revocaci\u00f3n?<\/strong><br \/>\nUna revocaci\u00f3n es la cancelaci\u00f3n de un contrato celebrado poco antes, que el consumidor disuelve mediante su declaraci\u00f3n unilateral. Una revocaci\u00f3n es posible hasta 14 d\u00edas despu\u00e9s de la conclusi\u00f3n del contrato. Seg\u00fan el \u00a7 355 BGB (C\u00f3digo Civil Alem\u00e1n) no requiere ninguna justificaci\u00f3n, pero debe hacerse mediante una declaraci\u00f3n de revocaci\u00f3n (por tel\u00e9fono, correo electr\u00f3nico, carta, fax, etc.). No es suficiente con devolver la mercanc\u00eda sin comentarios y sin declaraci\u00f3n de revocaci\u00f3n.<\/p>\n<p><strong>\u00bfQu\u00e9 es una renuncia?<\/strong><br \/>\nLa rescisi\u00f3n de un contrato es la rescisi\u00f3n de un contrato actual mediante una notificaci\u00f3n de rescisi\u00f3n con efecto para el futuro.<\/p>\n<\/div>\n<\/div><\/div><\/div><\/div><\/div>","protected":false},"excerpt":{"rendered":"<p>Instrucci\u00f3n de Revocaci\u00f3n Derecho de desistimiento de los consumidores El derecho de revocaci\u00f3n (entrega de bienes y prestaci\u00f3n de servicios) se aplica exclusivamente a los consumidores en el sentido del art\u00edculo 13 del BGB. Se trata de cualquier persona f\u00edsica que concluye un negocio jur\u00eddico con una finalidad que no puede atribuirse ni a su [&hellip;]<\/p>\n","protected":false},"author":4,"featured_media":1731,"parent":0,"menu_order":0,"comment_status":"closed","ping_status":"closed","template":"","meta":{"_acf_changed":false,"inline_featured_image":false,"footnotes":""},"class_list":["post-8116","page","type-page","status-publish","has-post-thumbnail","hentry"],"acf":[],"yoast_head":"<!-- This site is optimized with the Yoast SEO plugin v26.1.1 - https:\/\/yoast.com\/wordpress\/plugins\/seo\/ -->\n<title>Instrucci\u00f3n de Revocaci\u00f3n - fleet.tech<\/title>\n<meta name=\"robots\" content=\"index, follow, max-snippet:-1, max-image-preview:large, max-video-preview:-1\" \/>\n<link rel=\"canonical\" href=\"https:\/\/fleet.tech\/es\/instruccion-de-revocacion\/\" \/>\n<meta property=\"og:locale\" content=\"es_ES\" \/>\n<meta property=\"og:type\" content=\"article\" \/>\n<meta property=\"og:title\" content=\"Instrucci\u00f3n de Revocaci\u00f3n - fleet.tech\" \/>\n<meta property=\"og:description\" content=\"Instrucci\u00f3n de Revocaci\u00f3n Derecho de desistimiento de los consumidores El derecho de revocaci\u00f3n (entrega de bienes y prestaci\u00f3n de servicios) se aplica exclusivamente a los consumidores en el sentido del art\u00edculo 13 del BGB. Se trata de cualquier persona f\u00edsica que concluye un negocio jur\u00eddico con una finalidad que no puede atribuirse ni a su [&hellip;]\" \/>\n<meta property=\"og:url\" content=\"https:\/\/fleet.tech\/es\/instruccion-de-revocacion\/\" \/>\n<meta property=\"og:site_name\" content=\"fleet.tech\" \/>\n<meta property=\"article:modified_time\" content=\"2021-03-01T19:09:13+00:00\" \/>\n<meta property=\"og:image\" content=\"https:\/\/fleet.tech\/wp-content\/uploads\/revslider\/start1\/slide-waldstrasse.jpg\" \/>\n\t<meta property=\"og:image:width\" content=\"1920\" \/>\n\t<meta property=\"og:image:height\" content=\"1080\" \/>\n\t<meta property=\"og:image:type\" content=\"image\/jpeg\" \/>\n<meta name=\"twitter:card\" content=\"summary_large_image\" \/>\n<meta name=\"twitter:label1\" content=\"Tiempo de lectura\" \/>\n\t<meta name=\"twitter:data1\" content=\"6 minutos\" \/>\n<script type=\"application\/ld+json\" class=\"yoast-schema-graph\">{\"@context\":\"https:\/\/schema.org\",\"@graph\":[{\"@type\":\"WebPage\",\"@id\":\"https:\/\/fleet.tech\/es\/instruccion-de-revocacion\/\",\"url\":\"https:\/\/fleet.tech\/es\/instruccion-de-revocacion\/\",\"name\":\"Instrucci\u00f3n de Revocaci\u00f3n - fleet.tech\",\"isPartOf\":{\"@id\":\"https:\/\/fleet.tech\/#website\"},\"primaryImageOfPage\":{\"@id\":\"https:\/\/fleet.tech\/es\/instruccion-de-revocacion\/#primaryimage\"},\"image\":{\"@id\":\"https:\/\/fleet.tech\/es\/instruccion-de-revocacion\/#primaryimage\"},\"thumbnailUrl\":\"https:\/\/fleet.tech\/wp-content\/uploads\/revslider\/start1\/slide-waldstrasse.jpg\",\"datePublished\":\"2019-09-19T10:52:17+00:00\",\"dateModified\":\"2021-03-01T19:09:13+00:00\",\"breadcrumb\":{\"@id\":\"https:\/\/fleet.tech\/es\/instruccion-de-revocacion\/#breadcrumb\"},\"inLanguage\":\"es\",\"potentialAction\":[{\"@type\":\"ReadAction\",\"target\":[\"https:\/\/fleet.tech\/es\/instruccion-de-revocacion\/\"]}]},{\"@type\":\"ImageObject\",\"inLanguage\":\"es\",\"@id\":\"https:\/\/fleet.tech\/es\/instruccion-de-revocacion\/#primaryimage\",\"url\":\"https:\/\/fleet.tech\/wp-content\/uploads\/revslider\/start1\/slide-waldstrasse.jpg\",\"contentUrl\":\"https:\/\/fleet.tech\/wp-content\/uploads\/revslider\/start1\/slide-waldstrasse.jpg\",\"width\":1920,\"height\":1080},{\"@type\":\"BreadcrumbList\",\"@id\":\"https:\/\/fleet.tech\/es\/instruccion-de-revocacion\/#breadcrumb\",\"itemListElement\":[{\"@type\":\"ListItem\",\"position\":1,\"name\":\"Home\",\"item\":\"https:\/\/fleet.tech\/\"},{\"@type\":\"ListItem\",\"position\":2,\"name\":\"Instrucci\u00f3n de Revocaci\u00f3n\"}]},{\"@type\":\"WebSite\",\"@id\":\"https:\/\/fleet.tech\/#website\",\"url\":\"https:\/\/fleet.tech\/\",\"name\":\"fleet.tech\",\"description\":\"\",\"potentialAction\":[{\"@type\":\"SearchAction\",\"target\":{\"@type\":\"EntryPoint\",\"urlTemplate\":\"https:\/\/fleet.tech\/?s={search_term_string}\"},\"query-input\":{\"@type\":\"PropertyValueSpecification\",\"valueRequired\":true,\"valueName\":\"search_term_string\"}}],\"inLanguage\":\"es\"}]}<\/script>\n<!-- \/ Yoast SEO plugin. -->","yoast_head_json":{"title":"Instrucci\u00f3n de Revocaci\u00f3n - fleet.tech","robots":{"index":"index","follow":"follow","max-snippet":"max-snippet:-1","max-image-preview":"max-image-preview:large","max-video-preview":"max-video-preview:-1"},"canonical":"https:\/\/fleet.tech\/es\/instruccion-de-revocacion\/","og_locale":"es_ES","og_type":"article","og_title":"Instrucci\u00f3n de Revocaci\u00f3n - fleet.tech","og_description":"Instrucci\u00f3n de Revocaci\u00f3n Derecho de desistimiento de los consumidores El derecho de revocaci\u00f3n (entrega de bienes y prestaci\u00f3n de servicios) se aplica exclusivamente a los consumidores en el sentido del art\u00edculo 13 del BGB. Se trata de cualquier persona f\u00edsica que concluye un negocio jur\u00eddico con una finalidad que no puede atribuirse ni a su [&hellip;]","og_url":"https:\/\/fleet.tech\/es\/instruccion-de-revocacion\/","og_site_name":"fleet.tech","article_modified_time":"2021-03-01T19:09:13+00:00","og_image":[{"width":1920,"height":1080,"url":"https:\/\/fleet.tech\/wp-content\/uploads\/revslider\/start1\/slide-waldstrasse.jpg","type":"image\/jpeg"}],"twitter_card":"summary_large_image","twitter_misc":{"Tiempo de lectura":"6 minutos"},"schema":{"@context":"https:\/\/schema.org","@graph":[{"@type":"WebPage","@id":"https:\/\/fleet.tech\/es\/instruccion-de-revocacion\/","url":"https:\/\/fleet.tech\/es\/instruccion-de-revocacion\/","name":"Instrucci\u00f3n de Revocaci\u00f3n - fleet.tech","isPartOf":{"@id":"https:\/\/fleet.tech\/#website"},"primaryImageOfPage":{"@id":"https:\/\/fleet.tech\/es\/instruccion-de-revocacion\/#primaryimage"},"image":{"@id":"https:\/\/fleet.tech\/es\/instruccion-de-revocacion\/#primaryimage"},"thumbnailUrl":"https:\/\/fleet.tech\/wp-content\/uploads\/revslider\/start1\/slide-waldstrasse.jpg","datePublished":"2019-09-19T10:52:17+00:00","dateModified":"2021-03-01T19:09:13+00:00","breadcrumb":{"@id":"https:\/\/fleet.tech\/es\/instruccion-de-revocacion\/#breadcrumb"},"inLanguage":"es","potentialAction":[{"@type":"ReadAction","target":["https:\/\/fleet.tech\/es\/instruccion-de-revocacion\/"]}]},{"@type":"ImageObject","inLanguage":"es","@id":"https:\/\/fleet.tech\/es\/instruccion-de-revocacion\/#primaryimage","url":"https:\/\/fleet.tech\/wp-content\/uploads\/revslider\/start1\/slide-waldstrasse.jpg","contentUrl":"https:\/\/fleet.tech\/wp-content\/uploads\/revslider\/start1\/slide-waldstrasse.jpg","width":1920,"height":1080},{"@type":"BreadcrumbList","@id":"https:\/\/fleet.tech\/es\/instruccion-de-revocacion\/#breadcrumb","itemListElement":[{"@type":"ListItem","position":1,"name":"Home","item":"https:\/\/fleet.tech\/"},{"@type":"ListItem","position":2,"name":"Instrucci\u00f3n de Revocaci\u00f3n"}]},{"@type":"WebSite","@id":"https:\/\/fleet.tech\/#website","url":"https:\/\/fleet.tech\/","name":"fleet.tech","description":"","potentialAction":[{"@type":"SearchAction","target":{"@type":"EntryPoint","urlTemplate":"https:\/\/fleet.tech\/?s={search_term_string}"},"query-input":{"@type":"PropertyValueSpecification","valueRequired":true,"valueName":"search_term_string"}}],"inLanguage":"es"}]}},"_links":{"self":[{"href":"https:\/\/fleet.tech\/es\/wp-json\/wp\/v2\/pages\/8116","targetHints":{"allow":["GET"]}}],"collection":[{"href":"https:\/\/fleet.tech\/es\/wp-json\/wp\/v2\/pages"}],"about":[{"href":"https:\/\/fleet.tech\/es\/wp-json\/wp\/v2\/types\/page"}],"author":[{"embeddable":true,"href":"https:\/\/fleet.tech\/es\/wp-json\/wp\/v2\/users\/4"}],"replies":[{"embeddable":true,"href":"https:\/\/fleet.tech\/es\/wp-json\/wp\/v2\/comments?post=8116"}],"version-history":[{"count":1,"href":"https:\/\/fleet.tech\/es\/wp-json\/wp\/v2\/pages\/8116\/revisions"}],"predecessor-version":[{"id":8117,"href":"https:\/\/fleet.tech\/es\/wp-json\/wp\/v2\/pages\/8116\/revisions\/8117"}],"wp:featuredmedia":[{"embeddable":true,"href":"https:\/\/fleet.tech\/es\/wp-json\/wp\/v2\/media\/1731"}],"wp:attachment":[{"href":"https:\/\/fleet.tech\/es\/wp-json\/wp\/v2\/media?parent=8116"}],"curies":[{"name":"wp","href":"https:\/\/api.w.org\/{rel}","templated":true}]}}