{"id":1150,"date":"2018-03-15T13:30:27","date_gmt":"2018-03-15T12:30:27","guid":{"rendered":"http:\/\/fleet.tech\/preview\/?page_id=1150"},"modified":"2018-03-15T16:55:19","modified_gmt":"2018-03-15T15:55:19","slug":"produit","status":"publish","type":"page","link":"https:\/\/fleet.tech\/fr\/produit\/","title":{"rendered":"Produit"},"content":{"rendered":"<div id=\"pl-1150\"  class=\"panel-layout\" ><div id=\"pg-1150-0\"  class=\"panel-grid panel-no-style\" ><div id=\"pgc-1150-0-0\"  class=\"panel-grid-cell\" ><div id=\"panel-1150-0-0-0\" class=\"so-panel widget widget_sow-editor panel-first-child panel-last-child\" data-index=\"0\" ><div class=\"panel-widget-style panel-widget-style-for-1150-0-0-0\" ><div\n\t\t\t\n\t\t\tclass=\"so-widget-sow-editor so-widget-sow-editor-base\"\n\t\t\t\n\t\t>\n<div class=\"siteorigin-widget-tinymce textwidget\">\n\t<h1> Le fitness tracker<br \/>\npour votre flotte automobile!<\/h1>\n<p>Avec fleet.tech<sup>\u00ae<\/sup> DRIVER, vous am\u00e9liorez la s\u00e9curit\u00e9 de votre parc de v\u00e9hicules, r\u00e9duisez les co\u00fbts et diminuez les \u00e9missions de CO<sub>2<\/sub>.<\/p>\n<\/div>\n<\/div><\/div><\/div><\/div><\/div><div id=\"pg-1150-1\"  class=\"panel-grid panel-has-style\" ><div class=\"bg-lightgrey siteorigin-panels-stretch panel-row-style panel-row-style-for-1150-1\" data-stretch-type=\"full-stretched\" ><div id=\"pgc-1150-1-0\"  class=\"panel-grid-cell panel-grid-cell-mobile-last\" ><div class=\"panel-cell-style panel-cell-style-for-1150-1-0\" ><div id=\"panel-1150-1-0-0\" class=\"so-panel widget widget_lsow-services panel-first-child panel-last-child\" data-index=\"1\" ><div class=\"wow slideInLeft panel-widget-style panel-widget-style-for-1150-1-0-0\" data-wow-offset=\"10\" data-wow-iteration=\"1\" ><div\n\t\t\t\n\t\t\tclass=\"so-widget-lsow-services so-widget-lsow-services-default-02eaddce5d1e-1150\"\n\t\t\t\n\t\t><div id=\"lsow-services-1\" class=\"lsow-services lsow-style2 lsow-grid-container  lsow-grid-desktop-1 lsow-grid-tablet-2 lsow-grid-mobile-1\"><div class=\"lsow-grid-item lsow-service-wrapper\"><div class=\"lsow-service \" ><div class=\"lsow-icon-wrapper\"><\/div><div class=\"lsow-service-text\"><h3 class=\"lsow-title\">Mesurer et r\u00e9duire la consommation<\/h3><div class=\"lsow-service-details\">Avec notre algorithme unique, nous quantifions le style de conduite et fournissons des informations utiles quant \u00e0 l\u2019<i>\u00e9nergie consomm\u00e9e<\/i> lors de chaque trajet analys\u00e9. Par exemple, nous prenons en compte les <i>acc\u00e9l\u00e9rations<\/i>, les <i>vitesses en virage<\/i> et la <i>conduite anticipative<\/i> qui se traduisent par un <i>score de conduite \u00e9cologique<\/i>. L\u2019analyse d\u00e9taill\u00e9e de chaque trajet peut \u00eatre am\u00e9lior\u00e9e gr\u00e2ce \u00e0 une vue d\u2019ensemble des statistiques de toute votre flotte. Nous vous permettons de mesurer l\u2019efficacit\u00e9 de votre flotte et la progression des <i>scores d\u2019efficacit\u00e9<\/i> correspondants.<\/div><\/div><!-- .lsow-service-text --><\/div><!-- .lsow-service --><\/div><!-- .lsow-service-wrapper --><\/div><!-- .lsow-services --><div class=\"lsow-clear\"><\/div><\/div><\/div><\/div><\/div><\/div><div id=\"pgc-1150-1-1\"  class=\"panel-grid-cell panel-grid-cell-empty\" ><div class=\"panel-cell-style panel-cell-style-for-1150-1-1\" ><\/div><\/div><\/div><\/div><div id=\"pg-1150-2\"  class=\"panel-grid panel-has-style\" ><div class=\"siteorigin-panels-stretch panel-row-style panel-row-style-for-1150-2\" data-stretch-type=\"full-stretched\" ><div id=\"pgc-1150-2-0\"  class=\"panel-grid-cell\" ><div class=\"panel-cell-style panel-cell-style-for-1150-2-0\" ><div id=\"panel-1150-2-0-0\" class=\"so-panel widget widget_sow-image panel-first-child panel-last-child\" data-index=\"2\" ><div class=\"wow slideInUp panel-widget-style panel-widget-style-for-1150-2-0-0\" data-wow-offset=\"10\" data-wow-iteration=\"1\" ><div\n\t\t\t\n\t\t\tclass=\"so-widget-sow-image so-widget-sow-image-default-c67d20f9f743-1150\"\n\t\t\t\n\t\t>\n<div class=\"sow-image-container\">\n\t\t<img \n\tsrc=\"https:\/\/fleet.tech\/wp-content\/uploads\/iphones-fleet-tech_fr.png\" width=\"600\" height=\"632\" srcset=\"https:\/\/fleet.tech\/wp-content\/uploads\/iphones-fleet-tech_fr.png 600w, https:\/\/fleet.tech\/wp-content\/uploads\/iphones-fleet-tech_fr-114x120.png 114w\" sizes=\"(max-width: 600px) 100vw, 600px\" alt=\"\" \t\tclass=\"so-widget-image\"\/>\n\t<\/div>\n\n<\/div><\/div><\/div><\/div><\/div><div id=\"pgc-1150-2-1\"  class=\"panel-grid-cell\" ><div class=\"panel-cell-style panel-cell-style-for-1150-2-1\" ><div id=\"panel-1150-2-1-0\" class=\"so-panel widget widget_lsow-services panel-first-child panel-last-child\" data-index=\"3\" ><div\n\t\t\t\n\t\t\tclass=\"so-widget-lsow-services so-widget-lsow-services-default-02eaddce5d1e-1150\"\n\t\t\t\n\t\t><div id=\"lsow-services-1\" class=\"lsow-services lsow-style2 lsow-grid-container  lsow-grid-desktop-1 lsow-grid-tablet-2 lsow-grid-mobile-1\"><div class=\"lsow-grid-item lsow-service-wrapper\"><div class=\"lsow-service \" ><div class=\"lsow-icon-wrapper\"><\/div><div class=\"lsow-service-text\"><h3 class=\"lsow-title\">Gestion de la flotte automobile respectueuse de l\u2019environnement<\/h3><div class=\"lsow-service-details\">Outre les mesures d\u2019efficacit\u00e9 \u00e9nerg\u00e9tique comme la transition vers les \u00e9nergies renouvelables, le style de conduite est une des principales variables d\u2019ajustement permettant de r\u00e9duire les \u00e9missions de CO<sub>2<\/sub>. Avec notre approche, nous fournissons des informations transparentes sur l\u2019impact environnemental des trajets analys\u00e9s. Nous transmettons ainsi des indications importantes pour r\u00e9soudre le conflit d\u2019objectifs li\u00e9 aux besoins croissants de mobilit\u00e9 des collaborateurs et de la hausse des \u00e9missions de CO<sub>2<\/sub> qui en r\u00e9sulte.<\/div><\/div><!-- .lsow-service-text --><\/div><!-- .lsow-service --><\/div><!-- .lsow-service-wrapper --><div class=\"lsow-grid-item lsow-service-wrapper\"><div class=\"lsow-service \" ><div class=\"lsow-icon-wrapper\"><\/div><div class=\"lsow-service-text\"><h3 class=\"lsow-title\">\u00c9valuer et r\u00e9duire les risques sur la route<\/h3><div class=\"lsow-service-details\">Nos outils vous aident \u00e0 int\u00e9grer la pr\u00e9vention des accidents \u00e0 la gestion quotidienne de la flotte automobile. Nous vous aidons \u00e0 mieux comprendre les risques li\u00e9s \u00e0 l\u2019utilisation de la flotte et \u00e0 rep\u00e9rer les aspects o\u00f9 des progr\u00e8s peuvent \u00eatre faits dans la r\u00e9duction du nombre d\u2019accidents. Par cons\u00e9quent, il est possible d\u2019am\u00e9liorer la s\u00e9curit\u00e9 des conducteurs et de diminuer les co\u00fbts dus aux accidents et \u00e0 l\u2019immobilisation des v\u00e9hicules. Nos calculs int\u00e8grent des facteurs externes comme les conditions m\u00e9t\u00e9orologiques ou les trajets \u00e0 des horaires diff\u00e9rents.<\/div><\/div><!-- .lsow-service-text --><\/div><!-- .lsow-service --><\/div><!-- .lsow-service-wrapper --><\/div><!-- .lsow-services --><div class=\"lsow-clear\"><\/div><\/div><\/div><\/div><\/div><\/div><\/div><div id=\"pg-1150-3\"  class=\"panel-grid panel-has-style\" ><div class=\"bg-lightgrey siteorigin-panels-stretch panel-row-style panel-row-style-for-1150-3\" data-stretch-type=\"full-stretched\" ><div id=\"pgc-1150-3-0\"  class=\"panel-grid-cell panel-grid-cell-mobile-last\" ><div class=\"panel-cell-style panel-cell-style-for-1150-3-0\" ><div id=\"panel-1150-3-0-0\" class=\"so-panel widget widget_lsow-services panel-first-child panel-last-child\" data-index=\"4\" ><div\n\t\t\t\n\t\t\tclass=\"so-widget-lsow-services so-widget-lsow-services-default-02eaddce5d1e-1150\"\n\t\t\t\n\t\t><div id=\"lsow-services-1\" class=\"lsow-services lsow-style2 lsow-grid-container  lsow-grid-desktop-1 lsow-grid-tablet-2 lsow-grid-mobile-1\"><div class=\"lsow-grid-item lsow-service-wrapper\"><div class=\"lsow-service \" ><div class=\"lsow-icon-wrapper\"><\/div><div class=\"lsow-service-text\"><h3 class=\"lsow-title\">Inciter les conducteurs \u00e0 am\u00e9liorer leur style de conduite<\/h3><div class=\"lsow-service-details\">Notre approche stimule la motivation du conducteur afin de le rendre plus responsable, de favoriser les bonnes pratiques et de garantir les changements \u00e0 long terme. Nous utilisons des techniques s\u00e9rieuses pour impliquer les conducteurs et les motiver \u00e0 adopter un style de conduite plus \u00e9cologique et plus s\u00fbr. Notre plate-forme permet au responsable de la flotte de comprendre les d\u00e9fis, de donner des conseils et d\u2019identifier les tendances pertinentes en mati\u00e8re de s\u00e9curit\u00e9 et de co\u00fbts.<\/div><\/div><!-- .lsow-service-text --><\/div><!-- .lsow-service --><\/div><!-- .lsow-service-wrapper --><\/div><!-- .lsow-services --><div class=\"lsow-clear\"><\/div><\/div><\/div><\/div><\/div><div id=\"pgc-1150-3-1\"  class=\"panel-grid-cell panel-grid-cell-empty\" ><div class=\"panel-cell-style panel-cell-style-for-1150-3-1\" ><\/div><\/div><\/div><\/div><div id=\"pg-1150-4\"  class=\"panel-grid panel-has-style\" ><div class=\"siteorigin-panels-stretch panel-row-style panel-row-style-for-1150-4\" data-stretch-type=\"full-stretched\" ><div id=\"pgc-1150-4-0\"  class=\"panel-grid-cell\" ><div id=\"panel-1150-4-0-0\" class=\"so-panel widget widget_sow-editor panel-first-child panel-last-child\" data-index=\"5\" ><div class=\"wow fadeIn panel-widget-style panel-widget-style-for-1150-4-0-0\" data-wow-offset=\"10\" data-wow-iteration=\"1\" ><div\n\t\t\t\n\t\t\tclass=\"so-widget-sow-editor so-widget-sow-editor-base\"\n\t\t\t\n\t\t>\n<div class=\"siteorigin-widget-tinymce textwidget\">\n\t\n  <div id=\"cta\" class=\"bg-green\">\n    <div class=\"uk-container uk-container-center\">\n      <div class=\"uk-grid uk-grid-large uk-flex uk-flex-middle uk-margin-small-top uk-margin-small-bottom\">\n        <div class=\"uk-width-small-1-1 uk-width-medium-1-1 uk-width-large-6-10\">\n          <p class=\"uk-h4\">Obtenez votre offre individuelle maintenant!<\/p>\n        <\/div>\n        <div class=\"uk-width-small-1-1 uk-width-medium-1-1 uk-width-large-4-10 uk-text-right\">\n          <a href=\"https:\/\/fleet.tech\/fr\/produit\/\" class=\"uk-button\">Seulement deux \u00e9tapes \u00e0 l'offre<\/a>\n        <\/div>\n      <\/div>\n    <\/div>\n  <\/div>\n\n  \n<\/div>\n<\/div><\/div><\/div><\/div><\/div><\/div><\/div>","protected":false},"excerpt":{"rendered":"<p>Le fitness tracker pour votre flotte automobile! Avec fleet.tech\u00ae DRIVER, vous am\u00e9liorez la s\u00e9curit\u00e9 de votre parc de v\u00e9hicules, r\u00e9duisez les co\u00fbts et diminuez les \u00e9missions de CO2.<\/p>\n","protected":false},"author":3,"featured_media":861,"parent":0,"menu_order":0,"comment_status":"closed","ping_status":"closed","template":"","meta":{"_acf_changed":false,"inline_featured_image":false,"footnotes":""},"class_list":["post-1150","page","type-page","status-publish","has-post-thumbnail","hentry"],"acf":[],"yoast_head":"<!-- This site is optimized with the Yoast SEO plugin v26.1.1 - https:\/\/yoast.com\/wordpress\/plugins\/seo\/ -->\n<title>Produit - fleet.tech<\/title>\n<meta name=\"robots\" content=\"index, follow, max-snippet:-1, max-image-preview:large, max-video-preview:-1\" \/>\n<link rel=\"canonical\" href=\"https:\/\/fleet.tech\/fr\/produit\/\" \/>\n<meta property=\"og:locale\" content=\"fr_FR\" \/>\n<meta property=\"og:type\" content=\"article\" \/>\n<meta property=\"og:title\" content=\"Produit - fleet.tech\" \/>\n<meta property=\"og:description\" content=\"Le fitness tracker pour votre flotte automobile! Avec fleet.tech\u00ae DRIVER, vous am\u00e9liorez la s\u00e9curit\u00e9 de votre parc de v\u00e9hicules, r\u00e9duisez les co\u00fbts et diminuez les \u00e9missions de CO2.\" \/>\n<meta property=\"og:url\" content=\"https:\/\/fleet.tech\/fr\/produit\/\" \/>\n<meta property=\"og:site_name\" content=\"fleet.tech\" \/>\n<meta property=\"article:modified_time\" content=\"2018-03-15T15:55:19+00:00\" \/>\n<meta property=\"og:image\" content=\"https:\/\/fleet.tech\/wp-content\/uploads\/slide-waldstrasse.jpg\" \/>\n\t<meta property=\"og:image:width\" content=\"1920\" \/>\n\t<meta property=\"og:image:height\" content=\"1080\" \/>\n\t<meta property=\"og:image:type\" content=\"image\/jpeg\" \/>\n<meta name=\"twitter:card\" content=\"summary_large_image\" \/>\n<script type=\"application\/ld+json\" class=\"yoast-schema-graph\">{\"@context\":\"https:\/\/schema.org\",\"@graph\":[{\"@type\":\"WebPage\",\"@id\":\"https:\/\/fleet.tech\/fr\/produit\/\",\"url\":\"https:\/\/fleet.tech\/fr\/produit\/\",\"name\":\"Produit - fleet.tech\",\"isPartOf\":{\"@id\":\"https:\/\/fleet.tech\/#website\"},\"primaryImageOfPage\":{\"@id\":\"https:\/\/fleet.tech\/fr\/produit\/#primaryimage\"},\"image\":{\"@id\":\"https:\/\/fleet.tech\/fr\/produit\/#primaryimage\"},\"thumbnailUrl\":\"https:\/\/fleet.tech\/wp-content\/uploads\/slide-waldstrasse.jpg\",\"datePublished\":\"2018-03-15T12:30:27+00:00\",\"dateModified\":\"2018-03-15T15:55:19+00:00\",\"breadcrumb\":{\"@id\":\"https:\/\/fleet.tech\/fr\/produit\/#breadcrumb\"},\"inLanguage\":\"fr-FR\",\"potentialAction\":[{\"@type\":\"ReadAction\",\"target\":[\"https:\/\/fleet.tech\/fr\/produit\/\"]}]},{\"@type\":\"ImageObject\",\"inLanguage\":\"fr-FR\",\"@id\":\"https:\/\/fleet.tech\/fr\/produit\/#primaryimage\",\"url\":\"https:\/\/fleet.tech\/wp-content\/uploads\/slide-waldstrasse.jpg\",\"contentUrl\":\"https:\/\/fleet.tech\/wp-content\/uploads\/slide-waldstrasse.jpg\",\"width\":1920,\"height\":1080},{\"@type\":\"BreadcrumbList\",\"@id\":\"https:\/\/fleet.tech\/fr\/produit\/#breadcrumb\",\"itemListElement\":[{\"@type\":\"ListItem\",\"position\":1,\"name\":\"Home\",\"item\":\"https:\/\/fleet.tech\/fr\/\"},{\"@type\":\"ListItem\",\"position\":2,\"name\":\"Produit\"}]},{\"@type\":\"WebSite\",\"@id\":\"https:\/\/fleet.tech\/#website\",\"url\":\"https:\/\/fleet.tech\/\",\"name\":\"fleet.tech\",\"description\":\"\",\"potentialAction\":[{\"@type\":\"SearchAction\",\"target\":{\"@type\":\"EntryPoint\",\"urlTemplate\":\"https:\/\/fleet.tech\/?s={search_term_string}\"},\"query-input\":{\"@type\":\"PropertyValueSpecification\",\"valueRequired\":true,\"valueName\":\"search_term_string\"}}],\"inLanguage\":\"fr-FR\"}]}<\/script>\n<!-- \/ Yoast SEO plugin. -->","yoast_head_json":{"title":"Produit - fleet.tech","robots":{"index":"index","follow":"follow","max-snippet":"max-snippet:-1","max-image-preview":"max-image-preview:large","max-video-preview":"max-video-preview:-1"},"canonical":"https:\/\/fleet.tech\/fr\/produit\/","og_locale":"fr_FR","og_type":"article","og_title":"Produit - fleet.tech","og_description":"Le fitness tracker pour votre flotte automobile! Avec fleet.tech\u00ae DRIVER, vous am\u00e9liorez la s\u00e9curit\u00e9 de votre parc de v\u00e9hicules, r\u00e9duisez les co\u00fbts et diminuez les \u00e9missions de CO2.","og_url":"https:\/\/fleet.tech\/fr\/produit\/","og_site_name":"fleet.tech","article_modified_time":"2018-03-15T15:55:19+00:00","og_image":[{"width":1920,"height":1080,"url":"https:\/\/fleet.tech\/wp-content\/uploads\/slide-waldstrasse.jpg","type":"image\/jpeg"}],"twitter_card":"summary_large_image","schema":{"@context":"https:\/\/schema.org","@graph":[{"@type":"WebPage","@id":"https:\/\/fleet.tech\/fr\/produit\/","url":"https:\/\/fleet.tech\/fr\/produit\/","name":"Produit - fleet.tech","isPartOf":{"@id":"https:\/\/fleet.tech\/#website"},"primaryImageOfPage":{"@id":"https:\/\/fleet.tech\/fr\/produit\/#primaryimage"},"image":{"@id":"https:\/\/fleet.tech\/fr\/produit\/#primaryimage"},"thumbnailUrl":"https:\/\/fleet.tech\/wp-content\/uploads\/slide-waldstrasse.jpg","datePublished":"2018-03-15T12:30:27+00:00","dateModified":"2018-03-15T15:55:19+00:00","breadcrumb":{"@id":"https:\/\/fleet.tech\/fr\/produit\/#breadcrumb"},"inLanguage":"fr-FR","potentialAction":[{"@type":"ReadAction","target":["https:\/\/fleet.tech\/fr\/produit\/"]}]},{"@type":"ImageObject","inLanguage":"fr-FR","@id":"https:\/\/fleet.tech\/fr\/produit\/#primaryimage","url":"https:\/\/fleet.tech\/wp-content\/uploads\/slide-waldstrasse.jpg","contentUrl":"https:\/\/fleet.tech\/wp-content\/uploads\/slide-waldstrasse.jpg","width":1920,"height":1080},{"@type":"BreadcrumbList","@id":"https:\/\/fleet.tech\/fr\/produit\/#breadcrumb","itemListElement":[{"@type":"ListItem","position":1,"name":"Home","item":"https:\/\/fleet.tech\/fr\/"},{"@type":"ListItem","position":2,"name":"Produit"}]},{"@type":"WebSite","@id":"https:\/\/fleet.tech\/#website","url":"https:\/\/fleet.tech\/","name":"fleet.tech","description":"","potentialAction":[{"@type":"SearchAction","target":{"@type":"EntryPoint","urlTemplate":"https:\/\/fleet.tech\/?s={search_term_string}"},"query-input":{"@type":"PropertyValueSpecification","valueRequired":true,"valueName":"search_term_string"}}],"inLanguage":"fr-FR"}]}},"_links":{"self":[{"href":"https:\/\/fleet.tech\/fr\/wp-json\/wp\/v2\/pages\/1150","targetHints":{"allow":["GET"]}}],"collection":[{"href":"https:\/\/fleet.tech\/fr\/wp-json\/wp\/v2\/pages"}],"about":[{"href":"https:\/\/fleet.tech\/fr\/wp-json\/wp\/v2\/types\/page"}],"author":[{"embeddable":true,"href":"https:\/\/fleet.tech\/fr\/wp-json\/wp\/v2\/users\/3"}],"replies":[{"embeddable":true,"href":"https:\/\/fleet.tech\/fr\/wp-json\/wp\/v2\/comments?post=1150"}],"version-history":[{"count":4,"href":"https:\/\/fleet.tech\/fr\/wp-json\/wp\/v2\/pages\/1150\/revisions"}],"predecessor-version":[{"id":1290,"href":"https:\/\/fleet.tech\/fr\/wp-json\/wp\/v2\/pages\/1150\/revisions\/1290"}],"wp:featuredmedia":[{"embeddable":true,"href":"https:\/\/fleet.tech\/fr\/wp-json\/wp\/v2\/media\/861"}],"wp:attachment":[{"href":"https:\/\/fleet.tech\/fr\/wp-json\/wp\/v2\/media?parent=1150"}],"curies":[{"name":"wp","href":"https:\/\/api.w.org\/{rel}","templated":true}]}}