{"id":1166,"date":"2018-03-15T13:54:30","date_gmt":"2018-03-15T12:54:30","guid":{"rendered":"http:\/\/fleet.tech\/preview\/?page_id=1166"},"modified":"2023-08-01T08:25:23","modified_gmt":"2023-08-01T07:25:23","slug":"portrait-de-lentreprise","status":"publish","type":"page","link":"https:\/\/fleet.tech\/fr\/portrait-de-lentreprise\/","title":{"rendered":"Portrait de l\u2019entreprise"},"content":{"rendered":"<div id=\"pl-1166\"  class=\"panel-layout\" ><div id=\"pg-1166-0\"  class=\"panel-grid panel-no-style\" ><div id=\"pgc-1166-0-0\"  class=\"panel-grid-cell\" ><div id=\"panel-1166-0-0-0\" class=\"so-panel widget widget_sow-editor panel-first-child panel-last-child\" data-index=\"0\" ><div\n\t\t\t\n\t\t\tclass=\"so-widget-sow-editor so-widget-sow-editor-base\"\n\t\t\t\n\t\t>\n<div class=\"siteorigin-widget-tinymce textwidget\">\n\t<h1>Portrait de l\u2019entreprise<\/h1>\n<\/div>\n<\/div><\/div><\/div><\/div><div id=\"pg-1166-1\"  class=\"panel-grid panel-no-style\" ><div id=\"pgc-1166-1-0\"  class=\"panel-grid-cell\" ><div id=\"panel-1166-1-0-0\" class=\"so-panel widget widget_sow-editor panel-first-child panel-last-child\" data-index=\"1\" ><div\n\t\t\t\n\t\t\tclass=\"so-widget-sow-editor so-widget-sow-editor-base\"\n\t\t\t\n\t\t>\n<div class=\"siteorigin-widget-tinymce textwidget\">\n\t<p>Le groupe LOSTnFOUND a \u00e9t\u00e9 fond\u00e9 en 2009 par Daniel Thommen et Markus Ledermann et fait partie depuis d\u00e9but 2022 d'AddSecure, le leader europ\u00e9en de la connectivit\u00e9 IoT s\u00e9curis\u00e9e et des solutions de bout en bout. Nous aidons nos clients \u00e0 optimiser les processus, \u00e0 augmenter la valeur commerciale et \u00e0 s\u00e9curiser les fonctions essentielles.<\/p>\n<p>En combinant des solutions en r\u00e9seau, bas\u00e9es sur des donn\u00e9es et des capteurs avec une expertise de premier ordre, nous r\u00e9pondons aux besoins de nos clients, quel que soit leur secteur d'activit\u00e9.<\/p>\n<p>Nos solutions IoT s\u00e9curis\u00e9es sont utilis\u00e9es dans les secteurs du b\u00e2timent, des syst\u00e8mes d'alarme, du transport et de la logistique, de la protection et de la s\u00e9curit\u00e9 des personnes, de la sant\u00e9, de la construction, des municipalit\u00e9s, des \u00e9coles, des services de secours, des r\u00e9seaux \u00e9lectriques et bien plus encore.<\/p>\n<p>Le si\u00e8ge social d'AddSecure est situ\u00e9 \u00e0 Stockholm, en Su\u00e8de. Notre march\u00e9 principal est l'Europe, mais nous servons des clients dans le monde entier. Avec plus de 1.000 employ\u00e9s, nous contribuons \u00e0 rendre le monde plus s\u00fbr, plus intelligent et plus durable.<\/p>\n<p><a class=\"uk-button uk-button-default\" title=\"\" href=\"https:\/\/www.addsecuregroup.com\/\" target=\"_blank\" rel=\"noopener\">En savoir plus sur le groupe AddSecure<\/a><\/p>\n<\/div>\n<\/div><\/div><\/div><div id=\"pgc-1166-1-1\"  class=\"panel-grid-cell\" ><div id=\"panel-1166-1-1-0\" class=\"so-panel widget widget_sow-editor panel-first-child panel-last-child\" data-index=\"2\" ><div class=\"wow slideInRight panel-widget-style panel-widget-style-for-1166-1-1-0\" data-wow-offset=\"10\" data-wow-iteration=\"1\" ><div\n\t\t\t\n\t\t\tclass=\"so-widget-sow-editor so-widget-sow-editor-base\"\n\t\t\t\n\t\t>\n<div class=\"siteorigin-widget-tinymce textwidget\">\n\t<p><img loading=\"lazy\" decoding=\"async\" src=\"https:\/\/fleet.tech\/wp-content\/uploads\/20170630_germanbrandawrd-400x265.png\" alt=\"German Brand Award 2017\" width=\"400\" height=\"265\" class=\"alignnone size-thumbnail wp-image-436\" \/><\/p>\n<p><img loading=\"lazy\" decoding=\"async\" src=\"https:\/\/fleet.tech\/wp-content\/uploads\/telematik-award-2016.png\" alt=\"\" width=\"400\" height=\"400\" class=\"alignnone size-medium wp-image-437\" srcset=\"https:\/\/fleet.tech\/wp-content\/uploads\/telematik-award-2016.png 400w, https:\/\/fleet.tech\/wp-content\/uploads\/telematik-award-2016-120x120.png 120w, https:\/\/fleet.tech\/wp-content\/uploads\/telematik-award-2016-100x100.png 100w\" sizes=\"auto, (max-width: 400px) 100vw, 400px\" \/><\/p>\n<\/div>\n<\/div><\/div><\/div><\/div><\/div><div id=\"pg-1166-2\"  class=\"panel-grid panel-no-style\" ><div id=\"pgc-1166-2-0\"  class=\"panel-grid-cell\" ><div id=\"panel-1166-2-0-0\" class=\"so-panel widget widget_sow-editor panel-first-child panel-last-child\" data-index=\"3\" ><div\n\t\t\t\n\t\t\tclass=\"so-widget-sow-editor so-widget-sow-editor-base\"\n\t\t\t\n\t\t>\n<div class=\"siteorigin-widget-tinymce textwidget\">\n\t<h1>Responsabilit\u00e9<\/h1>\n<p>Depuis de nombreuses ann\u00e9es, nous nous int\u00e9ressons aux d\u00e9fis du transport de marchandises et aux flux de marchandises mondiaux. Ce faisant, nous constatons chaque jour les r\u00e9percussions de l'augmentation du trafic de marchandises sur l'environnement, l'\u00e9conomie nationale et l'infrastructure. Nous sommes convaincus que ces d\u00e9fis ne peuvent \u00eatre relev\u00e9s que par des approches innovantes. Nos solutions sont toujours bas\u00e9es sur nos principes et valeurs d'entreprise, qui sont marqu\u00e9s par la responsabilit\u00e9 \u00e9conomique, sociale et \u00e9cologique.<\/p>\n<p><strong>Nos centres de donn\u00e9es<\/strong>, qui sont exploit\u00e9s sur des sites ind\u00e9pendants en Suisse et en Allemagne, ainsi qu'un r\u00e9seau \u00e0 redondance multiple, constituent l'\u00e9pine dorsale technologique de notre infrastructure. Le refroidissement des serveurs est l'un des composants les plus importants d'un centre de donn\u00e9es. Une part importante des besoins \u00e9nerg\u00e9tiques totaux ainsi que la densit\u00e9 \u00e9nerg\u00e9tique possible et donc le taux d'utilisation d'un centre de donn\u00e9es d\u00e9pendent du type de syst\u00e8me de refroidissement. Nos centres de donn\u00e9es sont construits avec un design d'all\u00e9e froide, ce qui permet au groupe LOSTnFOUND de contribuer \u00e0 une utilisation efficace de l'\u00e9nergie. De plus, les sites de serveurs sont exploit\u00e9s de mani\u00e8re 100% neutre pour le climat. L'h\u00e9bergement climatiquement neutre est r\u00e9alis\u00e9 chez nous selon le principe myclimate \"\u00c9viter - R\u00e9duire - Compenser\" par l'achat de certificats de r\u00e9duction des \u00e9missions de haute qualit\u00e9 \u00e9cologique. Gr\u00e2ce \u00e0 l'achat de ces certificats, nous parvenons \u00e0 injecter dans le r\u00e9seau \u00e9lectrique de l'\u00e9nergie sans \u00e9missions \u00e0 hauteur des \u00e9missions de CO2 que nous avons g\u00e9n\u00e9r\u00e9es. La production d'\u00e9lectricit\u00e9 conventionnelle suppl\u00e9mentaire et charg\u00e9e d'\u00e9missions de CO2 \u00e9vit\u00e9e par la suite assure une contribution active \u00e0 la protection de l'environnement gr\u00e2ce \u00e0 la neutralit\u00e9 climatique de nos services !<\/p>\n<p><strong>Notre propre parc de v\u00e9hicules<\/strong> est bien entendu \u00e9quip\u00e9 de nos technologies et fait l'objet d'un suivi actif. Nous avons identifi\u00e9 les \u00e9missions dues au trafic et la s\u00e9curit\u00e9 routi\u00e8re comme \u00e9tant des priorit\u00e9s actuelles. Il est d'autant plus n\u00e9cessaire d'agir que les \u00e9missions que le secteur des transports contribue \u00e0 la pollution globale n'ont pas diminu\u00e9 ces derni\u00e8res ann\u00e9es, mais ont au contraire l\u00e9g\u00e8rement augment\u00e9. Nous sommes convaincus que les processus de changement impliquent de comprendre les enjeux. Et pour comprendre les faits de fond, il faut de la transparence ! <\/p>\n<p>Nous sommes convaincus que des produits innovants et des services d'accompagnement associ\u00e9s \u00e0 l'innovation des processus offrent un avantage concurrentiel durable. C'est pourquoi nous investissons durablement dans de nouvelles id\u00e9es et de nouveaux produits.<\/p>\n<\/div>\n<\/div><\/div><\/div><\/div><div id=\"pg-1166-3\"  class=\"panel-grid panel-has-style\" ><div class=\"siteorigin-panels-stretch panel-row-style panel-row-style-for-1166-3\" data-stretch-type=\"full-stretched\" ><div id=\"pgc-1166-3-0\"  class=\"panel-grid-cell\" ><div id=\"panel-1166-3-0-0\" class=\"so-panel widget widget_sow-editor panel-first-child panel-last-child\" data-index=\"4\" ><div\n\t\t\t\n\t\t\tclass=\"so-widget-sow-editor so-widget-sow-editor-base\"\n\t\t\t\n\t\t>\n<div class=\"siteorigin-widget-tinymce textwidget\">\n\t\n  <div id=\"cta\" class=\"bg-green\">\n    <div class=\"uk-container uk-container-center\">\n      <div class=\"uk-grid uk-grid-large uk-flex uk-flex-middle uk-margin-small-top uk-margin-small-bottom\">\n        <div class=\"uk-width-small-1-1 uk-width-medium-1-1 uk-width-large-6-10\">\n          <p class=\"uk-h4\">Obtenez votre offre individuelle maintenant!<\/p>\n        <\/div>\n        <div class=\"uk-width-small-1-1 uk-width-medium-1-1 uk-width-large-4-10 uk-text-right\">\n          <a href=\"https:\/\/fleet.tech\/fr\/portrait-de-lentreprise\/\" class=\"uk-button\">Seulement deux \u00e9tapes \u00e0 l'offre<\/a>\n        <\/div>\n      <\/div>\n    <\/div>\n  <\/div>\n\n  \n<\/div>\n<\/div><\/div><\/div><\/div><\/div><\/div>","protected":false},"excerpt":{"rendered":"<p>Portrait de l\u2019entreprise Le groupe LOSTnFOUND a \u00e9t\u00e9 fond\u00e9 en 2009 par Daniel Thommen et Markus Ledermann et fait partie depuis d\u00e9but 2022 d&rsquo;AddSecure, le leader europ\u00e9en de la connectivit\u00e9 IoT s\u00e9curis\u00e9e et des solutions de bout en bout. Nous aidons nos clients \u00e0 optimiser les processus, \u00e0 augmenter la valeur commerciale et \u00e0 s\u00e9curiser [&hellip;]<\/p>\n","protected":false},"author":3,"featured_media":861,"parent":0,"menu_order":0,"comment_status":"closed","ping_status":"closed","template":"","meta":{"_acf_changed":false,"inline_featured_image":false,"footnotes":""},"class_list":["post-1166","page","type-page","status-publish","has-post-thumbnail","hentry"],"acf":[],"yoast_head":"<!-- This site is optimized with the Yoast SEO plugin v26.1.1 - https:\/\/yoast.com\/wordpress\/plugins\/seo\/ -->\n<title>Portrait de l\u2019entreprise - fleet.tech<\/title>\n<meta name=\"robots\" content=\"index, follow, max-snippet:-1, max-image-preview:large, max-video-preview:-1\" \/>\n<link rel=\"canonical\" href=\"https:\/\/fleet.tech\/fr\/portrait-de-lentreprise\/\" \/>\n<meta property=\"og:locale\" content=\"fr_FR\" \/>\n<meta property=\"og:type\" content=\"article\" \/>\n<meta property=\"og:title\" content=\"Portrait de l\u2019entreprise - fleet.tech\" \/>\n<meta property=\"og:description\" content=\"Portrait de l\u2019entreprise Le groupe LOSTnFOUND a \u00e9t\u00e9 fond\u00e9 en 2009 par Daniel Thommen et Markus Ledermann et fait partie depuis d\u00e9but 2022 d&#039;AddSecure, le leader europ\u00e9en de la connectivit\u00e9 IoT s\u00e9curis\u00e9e et des solutions de bout en bout. Nous aidons nos clients \u00e0 optimiser les processus, \u00e0 augmenter la valeur commerciale et \u00e0 s\u00e9curiser [&hellip;]\" \/>\n<meta property=\"og:url\" content=\"https:\/\/fleet.tech\/fr\/portrait-de-lentreprise\/\" \/>\n<meta property=\"og:site_name\" content=\"fleet.tech\" \/>\n<meta property=\"article:modified_time\" content=\"2023-08-01T07:25:23+00:00\" \/>\n<meta property=\"og:image\" content=\"https:\/\/fleet.tech\/wp-content\/uploads\/slide-waldstrasse.jpg\" \/>\n\t<meta property=\"og:image:width\" content=\"1920\" \/>\n\t<meta property=\"og:image:height\" content=\"1080\" \/>\n\t<meta property=\"og:image:type\" content=\"image\/jpeg\" \/>\n<meta name=\"twitter:card\" content=\"summary_large_image\" \/>\n<meta name=\"twitter:label1\" content=\"Dur\u00e9e de lecture estim\u00e9e\" \/>\n\t<meta name=\"twitter:data1\" content=\"4 minutes\" \/>\n<script type=\"application\/ld+json\" class=\"yoast-schema-graph\">{\"@context\":\"https:\/\/schema.org\",\"@graph\":[{\"@type\":\"WebPage\",\"@id\":\"https:\/\/fleet.tech\/fr\/portrait-de-lentreprise\/\",\"url\":\"https:\/\/fleet.tech\/fr\/portrait-de-lentreprise\/\",\"name\":\"Portrait de l\u2019entreprise - fleet.tech\",\"isPartOf\":{\"@id\":\"https:\/\/fleet.tech\/#website\"},\"primaryImageOfPage\":{\"@id\":\"https:\/\/fleet.tech\/fr\/portrait-de-lentreprise\/#primaryimage\"},\"image\":{\"@id\":\"https:\/\/fleet.tech\/fr\/portrait-de-lentreprise\/#primaryimage\"},\"thumbnailUrl\":\"https:\/\/fleet.tech\/wp-content\/uploads\/slide-waldstrasse.jpg\",\"datePublished\":\"2018-03-15T12:54:30+00:00\",\"dateModified\":\"2023-08-01T07:25:23+00:00\",\"breadcrumb\":{\"@id\":\"https:\/\/fleet.tech\/fr\/portrait-de-lentreprise\/#breadcrumb\"},\"inLanguage\":\"fr-FR\",\"potentialAction\":[{\"@type\":\"ReadAction\",\"target\":[\"https:\/\/fleet.tech\/fr\/portrait-de-lentreprise\/\"]}]},{\"@type\":\"ImageObject\",\"inLanguage\":\"fr-FR\",\"@id\":\"https:\/\/fleet.tech\/fr\/portrait-de-lentreprise\/#primaryimage\",\"url\":\"https:\/\/fleet.tech\/wp-content\/uploads\/slide-waldstrasse.jpg\",\"contentUrl\":\"https:\/\/fleet.tech\/wp-content\/uploads\/slide-waldstrasse.jpg\",\"width\":1920,\"height\":1080},{\"@type\":\"BreadcrumbList\",\"@id\":\"https:\/\/fleet.tech\/fr\/portrait-de-lentreprise\/#breadcrumb\",\"itemListElement\":[{\"@type\":\"ListItem\",\"position\":1,\"name\":\"Home\",\"item\":\"https:\/\/fleet.tech\/fr\/\"},{\"@type\":\"ListItem\",\"position\":2,\"name\":\"Portrait de l\u2019entreprise\"}]},{\"@type\":\"WebSite\",\"@id\":\"https:\/\/fleet.tech\/#website\",\"url\":\"https:\/\/fleet.tech\/\",\"name\":\"fleet.tech\",\"description\":\"\",\"potentialAction\":[{\"@type\":\"SearchAction\",\"target\":{\"@type\":\"EntryPoint\",\"urlTemplate\":\"https:\/\/fleet.tech\/?s={search_term_string}\"},\"query-input\":{\"@type\":\"PropertyValueSpecification\",\"valueRequired\":true,\"valueName\":\"search_term_string\"}}],\"inLanguage\":\"fr-FR\"}]}<\/script>\n<!-- \/ Yoast SEO plugin. -->","yoast_head_json":{"title":"Portrait de l\u2019entreprise - fleet.tech","robots":{"index":"index","follow":"follow","max-snippet":"max-snippet:-1","max-image-preview":"max-image-preview:large","max-video-preview":"max-video-preview:-1"},"canonical":"https:\/\/fleet.tech\/fr\/portrait-de-lentreprise\/","og_locale":"fr_FR","og_type":"article","og_title":"Portrait de l\u2019entreprise - fleet.tech","og_description":"Portrait de l\u2019entreprise Le groupe LOSTnFOUND a \u00e9t\u00e9 fond\u00e9 en 2009 par Daniel Thommen et Markus Ledermann et fait partie depuis d\u00e9but 2022 d'AddSecure, le leader europ\u00e9en de la connectivit\u00e9 IoT s\u00e9curis\u00e9e et des solutions de bout en bout. Nous aidons nos clients \u00e0 optimiser les processus, \u00e0 augmenter la valeur commerciale et \u00e0 s\u00e9curiser [&hellip;]","og_url":"https:\/\/fleet.tech\/fr\/portrait-de-lentreprise\/","og_site_name":"fleet.tech","article_modified_time":"2023-08-01T07:25:23+00:00","og_image":[{"width":1920,"height":1080,"url":"https:\/\/fleet.tech\/wp-content\/uploads\/slide-waldstrasse.jpg","type":"image\/jpeg"}],"twitter_card":"summary_large_image","twitter_misc":{"Dur\u00e9e de lecture estim\u00e9e":"4 minutes"},"schema":{"@context":"https:\/\/schema.org","@graph":[{"@type":"WebPage","@id":"https:\/\/fleet.tech\/fr\/portrait-de-lentreprise\/","url":"https:\/\/fleet.tech\/fr\/portrait-de-lentreprise\/","name":"Portrait de l\u2019entreprise - fleet.tech","isPartOf":{"@id":"https:\/\/fleet.tech\/#website"},"primaryImageOfPage":{"@id":"https:\/\/fleet.tech\/fr\/portrait-de-lentreprise\/#primaryimage"},"image":{"@id":"https:\/\/fleet.tech\/fr\/portrait-de-lentreprise\/#primaryimage"},"thumbnailUrl":"https:\/\/fleet.tech\/wp-content\/uploads\/slide-waldstrasse.jpg","datePublished":"2018-03-15T12:54:30+00:00","dateModified":"2023-08-01T07:25:23+00:00","breadcrumb":{"@id":"https:\/\/fleet.tech\/fr\/portrait-de-lentreprise\/#breadcrumb"},"inLanguage":"fr-FR","potentialAction":[{"@type":"ReadAction","target":["https:\/\/fleet.tech\/fr\/portrait-de-lentreprise\/"]}]},{"@type":"ImageObject","inLanguage":"fr-FR","@id":"https:\/\/fleet.tech\/fr\/portrait-de-lentreprise\/#primaryimage","url":"https:\/\/fleet.tech\/wp-content\/uploads\/slide-waldstrasse.jpg","contentUrl":"https:\/\/fleet.tech\/wp-content\/uploads\/slide-waldstrasse.jpg","width":1920,"height":1080},{"@type":"BreadcrumbList","@id":"https:\/\/fleet.tech\/fr\/portrait-de-lentreprise\/#breadcrumb","itemListElement":[{"@type":"ListItem","position":1,"name":"Home","item":"https:\/\/fleet.tech\/fr\/"},{"@type":"ListItem","position":2,"name":"Portrait de l\u2019entreprise"}]},{"@type":"WebSite","@id":"https:\/\/fleet.tech\/#website","url":"https:\/\/fleet.tech\/","name":"fleet.tech","description":"","potentialAction":[{"@type":"SearchAction","target":{"@type":"EntryPoint","urlTemplate":"https:\/\/fleet.tech\/?s={search_term_string}"},"query-input":{"@type":"PropertyValueSpecification","valueRequired":true,"valueName":"search_term_string"}}],"inLanguage":"fr-FR"}]}},"_links":{"self":[{"href":"https:\/\/fleet.tech\/fr\/wp-json\/wp\/v2\/pages\/1166","targetHints":{"allow":["GET"]}}],"collection":[{"href":"https:\/\/fleet.tech\/fr\/wp-json\/wp\/v2\/pages"}],"about":[{"href":"https:\/\/fleet.tech\/fr\/wp-json\/wp\/v2\/types\/page"}],"author":[{"embeddable":true,"href":"https:\/\/fleet.tech\/fr\/wp-json\/wp\/v2\/users\/3"}],"replies":[{"embeddable":true,"href":"https:\/\/fleet.tech\/fr\/wp-json\/wp\/v2\/comments?post=1166"}],"version-history":[{"count":5,"href":"https:\/\/fleet.tech\/fr\/wp-json\/wp\/v2\/pages\/1166\/revisions"}],"predecessor-version":[{"id":16428,"href":"https:\/\/fleet.tech\/fr\/wp-json\/wp\/v2\/pages\/1166\/revisions\/16428"}],"wp:featuredmedia":[{"embeddable":true,"href":"https:\/\/fleet.tech\/fr\/wp-json\/wp\/v2\/media\/861"}],"wp:attachment":[{"href":"https:\/\/fleet.tech\/fr\/wp-json\/wp\/v2\/media?parent=1166"}],"curies":[{"name":"wp","href":"https:\/\/api.w.org\/{rel}","templated":true}]}}