{"id":12842,"date":"2021-03-01T19:23:29","date_gmt":"2021-03-01T18:23:29","guid":{"rendered":"https:\/\/fleet.tech\/privacy-driver\/"},"modified":"2021-03-01T19:35:03","modified_gmt":"2021-03-01T18:35:03","slug":"privacy-driver","status":"publish","type":"page","link":"https:\/\/fleet.tech\/fr\/privacy-driver\/","title":{"rendered":"Politique de confidentialit\u00e9"},"content":{"rendered":"<div id=\"pl-12842\"  class=\"panel-layout\" ><div id=\"pg-12842-0\"  class=\"panel-grid panel-no-style\" ><div id=\"pgc-12842-0-0\"  class=\"panel-grid-cell\" ><div id=\"panel-12842-0-0-0\" class=\"so-panel widget widget_sow-editor panel-first-child panel-last-child\" data-index=\"0\" ><div\n\t\t\t\n\t\t\tclass=\"so-widget-sow-editor so-widget-sow-editor-base\"\n\t\t\t\n\t\t>\n<div class=\"siteorigin-widget-tinymce textwidget\">\n\t<h1>Politique de confidentialit\u00e9<\/h1>\n<h3>fleet.tech DRIVER<\/h3>\n<h2>Traitement de vos donn\u00e9es \u00e0 caract\u00e8re personnel<\/h2>\n<p>Vos donn\u00e9es personnelles sont trait\u00e9es par la soci\u00e9t\u00e9 LOSTnFOUND (ci-apr\u00e8s d\u00e9nomm\u00e9e \"nous\", \"notre\" ou \"nos\").<\/p>\n<p><em>LOSTnFOUND AG<br \/>\nSoodstrasse 49<br \/>\nCH-8134 Adliswil<\/em><\/p>\n<p>Toute transmission \u00e0 des soci\u00e9t\u00e9s tierces est soumise \u00e0 votre accord pr\u00e9alable et \u00e0 celui de votre soci\u00e9t\u00e9. Aucune donn\u00e9e n'est transf\u00e9r\u00e9e en dehors de l'Union europ\u00e9enne, les services sont int\u00e9gr\u00e9s sur les serveurs d'un h\u00e9bergeur en France : OVH.<\/p>\n<h2>Quels types de donn\u00e9es \u00e0 caract\u00e8re personnel traitons-nous ?<\/h2>\n<p>Nous ne recueillons aucune donn\u00e9e sensible concernant les utilisateurs, comme les origines raciales ou ethniques, les opinions politiques, philosophiques ou religieuses, ainsi que toute donn\u00e9e relative \u00e0 l'appartenance syndicale, \u00e0 la sant\u00e9 ou \u00e0 la vie sexuelle.<\/p>\n<p>En utilisant notre application mobile fleet.tech DRIVER, vous \u00eates tenu de nous fournir des informations, dont certaines peuvent vous identifier (\"donn\u00e9es personnelles\"). C'est notamment le cas lorsque vous remplissez des formulaires (tels que le formulaire d'inscription), lorsque vous nous contactez - que ce soit par t\u00e9l\u00e9phone, par courrier \u00e9lectronique ou par tout autre moyen de communication - ou lorsque vous nous signalez un probl\u00e8me.<\/p>\n<p>Les donn\u00e9es personnelles que nous traitons comprennent les informations personnelles suivantes :<\/p>\n<ul>\n<li>Pr\u00e9nom,<\/li>\n<li>Nom de famille,<\/li>\n<li>Adresse \u00e9lectronique,<\/li>\n<li>Le mod\u00e8le de votre v\u00e9hicule,<\/li>\n<li>Pseudo,<\/li>\n<li>Les d\u00e9placements en v\u00e9hicule motoris\u00e9.<\/li>\n<\/ul>\n<p>Afin de d\u00e9tecter et d'analyser les trajets d'un v\u00e9hicule, l'application utilise la localisation en arri\u00e8re-plan. L'application traite la vitesse et le cap pour calculer les indicateurs de conduite.<\/p>\n<p>En outre, nous traitons des donn\u00e9es \u00e0 caract\u00e8re personnel concernant vos habitudes de conduite et votre utilisation des services, telles que<\/p>\n<ul>\n<li>Donn\u00e9es sur le score de s\u00e9curit\u00e9 : calcul\u00e9es \u00e0 partir des \u00e9v\u00e9nements d'acc\u00e9l\u00e9ration\/freinage ou de perte d'adh\u00e9rence d\u00e9tect\u00e9s lors de vos d\u00e9placements motoris\u00e9s,<\/li>\n<li>Donn\u00e9es sur la distraction du conducteur : c'est-\u00e0-dire comment vous interagissez avec votre smartphone (d\u00e9verrouillage de l'\u00e9cran \/ utilisation) pendant vos d\u00e9placements motoris\u00e9s,<\/li>\n<li>Donn\u00e9es sur le score d'\u00e9co-conduite : calcul\u00e9es \u00e0 partir de l'acc\u00e9l\u00e9ration, du maintien de la vitesse ou de la d\u00e9c\u00e9l\u00e9ration d\u00e9tect\u00e9e lors de vos d\u00e9placements motoris\u00e9s,<\/li>\n<li>Conseils de conduite donn\u00e9s \u00e0 la suite de vos d\u00e9placements,<\/li>\n<li>Votre participation potentielle \u00e0 un ou plusieurs d\u00e9fis moteurs,<\/li>\n<li>Votre score de vitesse peut \u00e9galement \u00eatre activ\u00e9 (conform\u00e9ment \u00e0 la l\u00e9gislation en vigueur).<\/li>\n<\/ul>\n<h2>Dans quel but vos donn\u00e9es personnelles seront-elles trait\u00e9es ?<\/h2>\n<p>En partageant vos donn\u00e9es personnelles avec DriveQuant(processeur de donn\u00e9es), et avec votre entreprise, vous pourrez<\/p>\n<ul>\n<li>Enregistrez-vous et acc\u00e9dez \u00e0 l'application mobile <em>tech DRIVER,<\/em><\/li>\n<li>B\u00e9n\u00e9ficier de services ax\u00e9s sur les conducteurs (score de s\u00e9curit\u00e9, score d'\u00e9co-conduite, score de distraction) qui peuvent d\u00e9boucher sur des conseils de conduite et des notifications de trajets,<\/li>\n<li>Acc\u00e9dez aux d\u00e9fis de conduite organis\u00e9s dans l'application par votre entreprise et obtenez des r\u00e9compenses,<\/li>\n<li>Permettez \u00e0 votre entreprise de g\u00e9rer l'application mobile et les d\u00e9fis.<\/li>\n<\/ul>\n<ol>\n<li><em> \u00c0 tout moment, vous pouvez d\u00e9sactiver l'envoi de notifications dans les param\u00e8tres de votre smartphone.<\/em><\/li>\n<\/ol>\n<p>Dans le cadre de l'utilisation de nos services, certaines de vos donn\u00e9es seront transmises \u00e0 d'autres utilisateurs de fleet.tech DRIVER. Par exemple, dans le cadre des d\u00e9fis, tous les utilisateurs auront acc\u00e8s au score et au surnom des autres utilisateurs enregistr\u00e9s.<\/p>\n<h2>Combien de temps conservons-nous vos donn\u00e9es personnelles ?<\/h2>\n<p>Sauf demande expresse contraire, vos donn\u00e9es personnelles seront conserv\u00e9es pendant une dur\u00e9e maximale de 2 ans apr\u00e8s la fin de votre utilisation de l'application fleet.tech DRIVER.<\/p>\n<h2>Conformit\u00e9 et s\u00e9curit\u00e9 juridique<\/h2>\n<p>Nous pouvons \u00eatre tenus - par la loi, une proc\u00e9dure judiciaire, un litige et\/ou une demande des autorit\u00e9s publiques ou gouvernementales dans votre pays de r\u00e9sidence ou en dehors - de divulguer vos donn\u00e9es personnelles. Nous pouvons \u00e9galement divulguer vos informations personnelles si nous sommes tenus de le faire pour des raisons de s\u00e9curit\u00e9 nationale, d'ordre public ou d'autres questions d'int\u00e9r\u00eat public, lorsque cette divulgation est n\u00e9cessaire et appropri\u00e9e. Si la l\u00e9gislation le permet, nous vous informerons \u00e0 l'avance du transfert de vos donn\u00e9es.<\/p>\n<p>Nous pouvons \u00e9galement divulguer des informations personnelles si nous pensons, en toute bonne foi, qu'une telle divulgation est raisonnablement n\u00e9cessaire pour prot\u00e9ger nos droits et recours, pour faire respecter nos conditions g\u00e9n\u00e9rales, pour enqu\u00eater sur un cas de fraude ou pour prot\u00e9ger nos activit\u00e9s ou nos utilisateurs.<\/p>\n<h2>Quels sont vos droits ?<\/h2>\n<p>Dans le cadre des op\u00e9rations de traitement susmentionn\u00e9es, vous avez le droit de demander l'acc\u00e8s \u00e0 vos donn\u00e9es \u00e0 caract\u00e8re personnel dans un format structur\u00e9 standard, leur modification et leur suppression. En outre, vous avez le droit de vous opposer au traitement de vos donn\u00e9es \u00e0 caract\u00e8re personnel ou de demander une limitation de ce traitement.<\/p>\n<p>Dans tous les cas, vous avez \u00e9galement le droit de d\u00e9poser une plainte aupr\u00e8s de l'autorit\u00e9 comp\u00e9tente en mati\u00e8re de protection des donn\u00e9es.<\/p>\n<h2>Modification de notre politique de confidentialit\u00e9<\/h2>\n<p>Nous pouvons modifier notre politique de confidentialit\u00e9 conform\u00e9ment \u00e0 nos obligations l\u00e9gales. Nous vous recommandons de consulter r\u00e9guli\u00e8rement cette page pour prendre connaissance de toute modification ou mise \u00e0 jour de ce document.<\/p>\n<h2>Contactez<\/h2>\n<p>Vous pouvez nous contacter pour toute question concernant notre politique de confidentialit\u00e9 ou vos donn\u00e9es personnelles :<\/p>\n<ul>\n<li>Par courrier \u00e0 l'adresse suivante : LOSTnFOUND AG, \u00e0 l'attention de : GDPR-Officer, Soodstrasse 59, CH8134 Adliswil ;<\/li>\n<li>Par courrier \u00e9lectronique \u00e0 l'adresse de notre d\u00e9l\u00e9gu\u00e9 \u00e0 la protection des donn\u00e9es : gdpr@lostnfound.com<\/li>\n<\/ul>\n<p>&nbsp;<\/p>\n<\/div>\n<\/div><\/div><\/div><\/div><\/div>","protected":false},"excerpt":{"rendered":"<p>Politique de confidentialit\u00e9 fleet.tech DRIVER Traitement de vos donn\u00e9es \u00e0 caract\u00e8re personnel Vos donn\u00e9es personnelles sont trait\u00e9es par la soci\u00e9t\u00e9 LOSTnFOUND (ci-apr\u00e8s d\u00e9nomm\u00e9e \u00ab\u00a0nous\u00a0\u00bb, \u00ab\u00a0notre\u00a0\u00bb ou \u00ab\u00a0nos\u00a0\u00bb). LOSTnFOUND AG Soodstrasse 49 CH-8134 Adliswil Toute transmission \u00e0 des soci\u00e9t\u00e9s tierces est soumise \u00e0 votre accord pr\u00e9alable et \u00e0 celui de votre soci\u00e9t\u00e9. Aucune donn\u00e9e n&rsquo;est transf\u00e9r\u00e9e [&hellip;]<\/p>\n","protected":false},"author":3,"featured_media":1729,"parent":0,"menu_order":0,"comment_status":"closed","ping_status":"closed","template":"","meta":{"_acf_changed":false,"inline_featured_image":false,"footnotes":""},"class_list":["post-12842","page","type-page","status-publish","has-post-thumbnail","hentry"],"acf":[],"yoast_head":"<!-- This site is optimized with the Yoast SEO plugin v26.1.1 - https:\/\/yoast.com\/wordpress\/plugins\/seo\/ -->\n<title>Politique de confidentialit\u00e9 - fleet.tech<\/title>\n<meta name=\"robots\" content=\"index, follow, max-snippet:-1, max-image-preview:large, max-video-preview:-1\" \/>\n<link rel=\"canonical\" href=\"https:\/\/fleet.tech\/fr\/privacy-driver\/\" \/>\n<meta property=\"og:locale\" content=\"fr_FR\" \/>\n<meta property=\"og:type\" content=\"article\" \/>\n<meta property=\"og:title\" content=\"Politique de confidentialit\u00e9 - fleet.tech\" \/>\n<meta property=\"og:description\" content=\"Politique de confidentialit\u00e9 fleet.tech DRIVER Traitement de vos donn\u00e9es \u00e0 caract\u00e8re personnel Vos donn\u00e9es personnelles sont trait\u00e9es par la soci\u00e9t\u00e9 LOSTnFOUND (ci-apr\u00e8s d\u00e9nomm\u00e9e &quot;nous&quot;, &quot;notre&quot; ou &quot;nos&quot;). LOSTnFOUND AG Soodstrasse 49 CH-8134 Adliswil Toute transmission \u00e0 des soci\u00e9t\u00e9s tierces est soumise \u00e0 votre accord pr\u00e9alable et \u00e0 celui de votre soci\u00e9t\u00e9. Aucune donn\u00e9e n&#039;est transf\u00e9r\u00e9e [&hellip;]\" \/>\n<meta property=\"og:url\" content=\"https:\/\/fleet.tech\/fr\/privacy-driver\/\" \/>\n<meta property=\"og:site_name\" content=\"fleet.tech\" \/>\n<meta property=\"article:modified_time\" content=\"2021-03-01T18:35:03+00:00\" \/>\n<meta property=\"og:image\" content=\"https:\/\/fleet.tech\/wp-content\/uploads\/revslider\/start1\/slide-waldstrasse.jpg\" \/>\n\t<meta property=\"og:image:width\" content=\"1920\" \/>\n\t<meta property=\"og:image:height\" content=\"1080\" \/>\n\t<meta property=\"og:image:type\" content=\"image\/jpeg\" \/>\n<meta name=\"twitter:card\" content=\"summary_large_image\" \/>\n<meta name=\"twitter:label1\" content=\"Dur\u00e9e de lecture estim\u00e9e\" \/>\n\t<meta name=\"twitter:data1\" content=\"5 minutes\" \/>\n<script type=\"application\/ld+json\" class=\"yoast-schema-graph\">{\"@context\":\"https:\/\/schema.org\",\"@graph\":[{\"@type\":\"WebPage\",\"@id\":\"https:\/\/fleet.tech\/fr\/privacy-driver\/\",\"url\":\"https:\/\/fleet.tech\/fr\/privacy-driver\/\",\"name\":\"Politique de confidentialit\u00e9 - fleet.tech\",\"isPartOf\":{\"@id\":\"https:\/\/fleet.tech\/#website\"},\"primaryImageOfPage\":{\"@id\":\"https:\/\/fleet.tech\/fr\/privacy-driver\/#primaryimage\"},\"image\":{\"@id\":\"https:\/\/fleet.tech\/fr\/privacy-driver\/#primaryimage\"},\"thumbnailUrl\":\"https:\/\/fleet.tech\/wp-content\/uploads\/revslider\/start1\/slide-waldstrasse.jpg\",\"datePublished\":\"2021-03-01T18:23:29+00:00\",\"dateModified\":\"2021-03-01T18:35:03+00:00\",\"breadcrumb\":{\"@id\":\"https:\/\/fleet.tech\/fr\/privacy-driver\/#breadcrumb\"},\"inLanguage\":\"fr-FR\",\"potentialAction\":[{\"@type\":\"ReadAction\",\"target\":[\"https:\/\/fleet.tech\/fr\/privacy-driver\/\"]}]},{\"@type\":\"ImageObject\",\"inLanguage\":\"fr-FR\",\"@id\":\"https:\/\/fleet.tech\/fr\/privacy-driver\/#primaryimage\",\"url\":\"https:\/\/fleet.tech\/wp-content\/uploads\/revslider\/start1\/slide-waldstrasse.jpg\",\"contentUrl\":\"https:\/\/fleet.tech\/wp-content\/uploads\/revslider\/start1\/slide-waldstrasse.jpg\",\"width\":1920,\"height\":1080},{\"@type\":\"BreadcrumbList\",\"@id\":\"https:\/\/fleet.tech\/fr\/privacy-driver\/#breadcrumb\",\"itemListElement\":[{\"@type\":\"ListItem\",\"position\":1,\"name\":\"Home\",\"item\":\"https:\/\/fleet.tech\/fr\/\"},{\"@type\":\"ListItem\",\"position\":2,\"name\":\"Politique de confidentialit\u00e9\"}]},{\"@type\":\"WebSite\",\"@id\":\"https:\/\/fleet.tech\/#website\",\"url\":\"https:\/\/fleet.tech\/\",\"name\":\"fleet.tech\",\"description\":\"\",\"potentialAction\":[{\"@type\":\"SearchAction\",\"target\":{\"@type\":\"EntryPoint\",\"urlTemplate\":\"https:\/\/fleet.tech\/?s={search_term_string}\"},\"query-input\":{\"@type\":\"PropertyValueSpecification\",\"valueRequired\":true,\"valueName\":\"search_term_string\"}}],\"inLanguage\":\"fr-FR\"}]}<\/script>\n<!-- \/ Yoast SEO plugin. -->","yoast_head_json":{"title":"Politique de confidentialit\u00e9 - fleet.tech","robots":{"index":"index","follow":"follow","max-snippet":"max-snippet:-1","max-image-preview":"max-image-preview:large","max-video-preview":"max-video-preview:-1"},"canonical":"https:\/\/fleet.tech\/fr\/privacy-driver\/","og_locale":"fr_FR","og_type":"article","og_title":"Politique de confidentialit\u00e9 - fleet.tech","og_description":"Politique de confidentialit\u00e9 fleet.tech DRIVER Traitement de vos donn\u00e9es \u00e0 caract\u00e8re personnel Vos donn\u00e9es personnelles sont trait\u00e9es par la soci\u00e9t\u00e9 LOSTnFOUND (ci-apr\u00e8s d\u00e9nomm\u00e9e \"nous\", \"notre\" ou \"nos\"). LOSTnFOUND AG Soodstrasse 49 CH-8134 Adliswil Toute transmission \u00e0 des soci\u00e9t\u00e9s tierces est soumise \u00e0 votre accord pr\u00e9alable et \u00e0 celui de votre soci\u00e9t\u00e9. Aucune donn\u00e9e n'est transf\u00e9r\u00e9e [&hellip;]","og_url":"https:\/\/fleet.tech\/fr\/privacy-driver\/","og_site_name":"fleet.tech","article_modified_time":"2021-03-01T18:35:03+00:00","og_image":[{"width":1920,"height":1080,"url":"https:\/\/fleet.tech\/wp-content\/uploads\/revslider\/start1\/slide-waldstrasse.jpg","type":"image\/jpeg"}],"twitter_card":"summary_large_image","twitter_misc":{"Dur\u00e9e de lecture estim\u00e9e":"5 minutes"},"schema":{"@context":"https:\/\/schema.org","@graph":[{"@type":"WebPage","@id":"https:\/\/fleet.tech\/fr\/privacy-driver\/","url":"https:\/\/fleet.tech\/fr\/privacy-driver\/","name":"Politique de confidentialit\u00e9 - fleet.tech","isPartOf":{"@id":"https:\/\/fleet.tech\/#website"},"primaryImageOfPage":{"@id":"https:\/\/fleet.tech\/fr\/privacy-driver\/#primaryimage"},"image":{"@id":"https:\/\/fleet.tech\/fr\/privacy-driver\/#primaryimage"},"thumbnailUrl":"https:\/\/fleet.tech\/wp-content\/uploads\/revslider\/start1\/slide-waldstrasse.jpg","datePublished":"2021-03-01T18:23:29+00:00","dateModified":"2021-03-01T18:35:03+00:00","breadcrumb":{"@id":"https:\/\/fleet.tech\/fr\/privacy-driver\/#breadcrumb"},"inLanguage":"fr-FR","potentialAction":[{"@type":"ReadAction","target":["https:\/\/fleet.tech\/fr\/privacy-driver\/"]}]},{"@type":"ImageObject","inLanguage":"fr-FR","@id":"https:\/\/fleet.tech\/fr\/privacy-driver\/#primaryimage","url":"https:\/\/fleet.tech\/wp-content\/uploads\/revslider\/start1\/slide-waldstrasse.jpg","contentUrl":"https:\/\/fleet.tech\/wp-content\/uploads\/revslider\/start1\/slide-waldstrasse.jpg","width":1920,"height":1080},{"@type":"BreadcrumbList","@id":"https:\/\/fleet.tech\/fr\/privacy-driver\/#breadcrumb","itemListElement":[{"@type":"ListItem","position":1,"name":"Home","item":"https:\/\/fleet.tech\/fr\/"},{"@type":"ListItem","position":2,"name":"Politique de confidentialit\u00e9"}]},{"@type":"WebSite","@id":"https:\/\/fleet.tech\/#website","url":"https:\/\/fleet.tech\/","name":"fleet.tech","description":"","potentialAction":[{"@type":"SearchAction","target":{"@type":"EntryPoint","urlTemplate":"https:\/\/fleet.tech\/?s={search_term_string}"},"query-input":{"@type":"PropertyValueSpecification","valueRequired":true,"valueName":"search_term_string"}}],"inLanguage":"fr-FR"}]}},"_links":{"self":[{"href":"https:\/\/fleet.tech\/fr\/wp-json\/wp\/v2\/pages\/12842","targetHints":{"allow":["GET"]}}],"collection":[{"href":"https:\/\/fleet.tech\/fr\/wp-json\/wp\/v2\/pages"}],"about":[{"href":"https:\/\/fleet.tech\/fr\/wp-json\/wp\/v2\/types\/page"}],"author":[{"embeddable":true,"href":"https:\/\/fleet.tech\/fr\/wp-json\/wp\/v2\/users\/3"}],"replies":[{"embeddable":true,"href":"https:\/\/fleet.tech\/fr\/wp-json\/wp\/v2\/comments?post=12842"}],"version-history":[{"count":2,"href":"https:\/\/fleet.tech\/fr\/wp-json\/wp\/v2\/pages\/12842\/revisions"}],"predecessor-version":[{"id":12848,"href":"https:\/\/fleet.tech\/fr\/wp-json\/wp\/v2\/pages\/12842\/revisions\/12848"}],"wp:featuredmedia":[{"embeddable":true,"href":"https:\/\/fleet.tech\/fr\/wp-json\/wp\/v2\/media\/1729"}],"wp:attachment":[{"href":"https:\/\/fleet.tech\/fr\/wp-json\/wp\/v2\/media?parent=12842"}],"curies":[{"name":"wp","href":"https:\/\/api.w.org\/{rel}","templated":true}]}}