{"id":4659,"date":"2018-07-18T17:00:54","date_gmt":"2018-07-18T16:00:54","guid":{"rendered":"http:\/\/fleet.tech\/preview\/loesungen\/branchen\/"},"modified":"2018-09-16T13:40:14","modified_gmt":"2018-09-16T12:40:14","slug":"industries","status":"publish","type":"page","link":"https:\/\/fleet.tech\/fr\/solutions\/industries\/","title":{"rendered":"Industries"},"content":{"rendered":"<div id=\"pl-4659\"  class=\"panel-layout\" ><div id=\"pg-4659-0\"  class=\"panel-grid panel-no-style\" ><div id=\"pgc-4659-0-0\"  class=\"panel-grid-cell\" ><div id=\"panel-4659-0-0-0\" class=\"so-panel widget widget_sow-editor panel-first-child\" data-index=\"0\" ><div\n\t\t\t\n\t\t\tclass=\"so-widget-sow-editor so-widget-sow-editor-base\"\n\t\t\t\n\t\t>\n<div class=\"siteorigin-widget-tinymce textwidget\">\n\t<h1 style=\"text-align: center;\">Fleet-Tech: solutions pour les industries<\/h1>\n<h3 style=\"text-align: center;\">Les solutions Fleet. Tech -plus d'efficacit\u00e9 pour votre parc de v\u00e9hicules<\/h3>\n<p style=\"text-align: center;\"> avec les produits de Fleet. Tech, gagnant rentable de tests en s\u00e9rie, un contr\u00f4le complet de votre parc de v\u00e9hicules est possible \u2013 Ceci simplifie la planification des rapports et des commandes.<\/p>\n<\/div>\n<\/div><\/div><div id=\"panel-4659-0-0-1\" class=\"so-panel widget widget_sow-editor panel-last-child\" data-index=\"1\" ><div\n\t\t\t\n\t\t\tclass=\"so-widget-sow-editor so-widget-sow-editor-base\"\n\t\t\t\n\t\t>\n<div class=\"siteorigin-widget-tinymce textwidget\">\n\t    <div class=\"uk-container uk-container-center slideInUp fleet-categories\">\n      <div class=\"uk-flex uk-flex-center uk-grid uk-grid-small\"><div class=\"uk-width-small-1-2 uk-width-medium-1-2 uk-width-large-1-3 uk-width-xlarge-1-4\"><a class=\"uk-panel panel-white\" href=\"https:\/\/fleet.tech\/fr\/solutions\/industries\/telematique-pour-lindustrie-du-transport\/\"><div class=\"panel-content-pos\"><img decoding=\"async\" class=\"fn-svg telematique-pour-lindustrie-du-transport\" src=\"https:\/\/fleet.tech\/wp-content\/uploads\/transportwesen-1.svg\" alt=\"transportwesen\" \/><h3 class='panel-title uk-margin-remove'>Transportwesen<\/h3><div class='panel-excerpt uk-text-center'>Acquisition simple de donn\u00e9es et ETA de l'ensemble de votre flotte en temps r\u00e9el<\/div><\/div>\n              <\/a><\/div><div class=\"uk-width-small-1-2 uk-width-medium-1-2 uk-width-large-1-3 uk-width-xlarge-1-4\"><a class=\"uk-panel panel-white\" href=\"https:\/\/fleet.tech\/fr\/solutions\/industries\/telematique-pour-la-surveillance-de-la-temperature\/\"><div class=\"panel-content-pos\"><img decoding=\"async\" class=\"fn-svg telematique-pour-la-surveillance-de-la-temperature\" src=\"https:\/\/fleet.tech\/wp-content\/uploads\/temperaturueberwachung-1.svg\" alt=\"temperaturueberwachung\" \/><h3 class='panel-title uk-margin-remove'>T\u00e9l\u00e9matique pour la surveillance de la temp\u00e9rature<\/h3><div class='panel-excerpt uk-text-center'>Une surveillance continue de la temp\u00e9rature pour un transport fiable<\/div><\/div>\n              <\/a><\/div><div class=\"uk-width-small-1-2 uk-width-medium-1-2 uk-width-large-1-3 uk-width-xlarge-1-4\"><a class=\"uk-panel panel-white\" href=\"https:\/\/fleet.tech\/fr\/solutions\/industries\/telematique-pour-services-express-et-courrier\/\"><div class=\"panel-content-pos\"><img decoding=\"async\" class=\"fn-svg telematique-pour-services-express-et-courrier\" src=\"https:\/\/fleet.tech\/wp-content\/uploads\/expresskurier-1.svg\" alt=\"expresskurier\" \/><h3 class='panel-title uk-margin-remove'>T\u00e9l\u00e9matique pour services Express et Courrier<\/h3><div class='panel-excerpt uk-text-center'>Une disposition efficace gr\u00e2ce \u00e0 un suivi intelligent<\/div><\/div>\n              <\/a><\/div><div class=\"uk-width-small-1-2 uk-width-medium-1-2 uk-width-large-1-3 uk-width-xlarge-1-4\"><a class=\"uk-panel panel-white\" href=\"https:\/\/fleet.tech\/fr\/solutions\/industries\/telematique-pour-lindustrie-du-service-et-de-lentretien\/\"><div class=\"panel-content-pos\"><img decoding=\"async\" class=\"fn-svg telematique-pour-lindustrie-du-service-et-de-lentretien\" src=\"https:\/\/fleet.tech\/wp-content\/uploads\/installationsbranche-1.svg\" alt=\"installationsbranche\" \/><h3 class='panel-title uk-margin-remove'>T\u00e9l\u00e9matique pour l&rsquo;industrie du service et de l&rsquo;entretien<\/h3><div class='panel-excerpt uk-text-center'>Traitement pratique de vos commandes, m\u00eame avec un parc de v\u00e9hicules important<\/div><\/div>\n              <\/a><\/div><div class=\"uk-width-small-1-2 uk-width-medium-1-2 uk-width-large-1-3 uk-width-xlarge-1-4\"><a class=\"uk-panel panel-white\" href=\"\"><div class=\"panel-content-pos\"><h3 class='panel-title uk-margin-remove'><\/h3><div class='panel-excerpt uk-text-center'><\/div><\/div>\n              <\/a><\/div><div class=\"uk-width-small-1-2 uk-width-medium-1-2 uk-width-large-1-3 uk-width-xlarge-1-4\"><a class=\"uk-panel panel-white\" href=\"https:\/\/fleet.tech\/fr\/solutions\/categories\/transport-de-passagers\/\"><div class=\"panel-content-pos\"><img decoding=\"async\" class=\"fn-svg transport-de-passagers\" src=\"https:\/\/fleet.tech\/wp-content\/uploads\/bus-side-view.svg\" alt=\"Personentransport\" \/><h3 class='panel-title uk-margin-remove'>Transport de passagers<\/h3><div class='panel-excerpt uk-text-center'><\/div><\/div>\n              <\/a><\/div><div class=\"uk-width-small-1-2 uk-width-medium-1-2 uk-width-large-1-3 uk-width-xlarge-1-4\"><a class=\"uk-panel panel-white\" href=\"https:\/\/fleet.tech\/fr\/solutions\/industries\/telematique-pour-des-vehicules-de-location\/\"><div class=\"panel-content-pos\"><img decoding=\"async\" class=\"fn-svg telematique-pour-des-vehicules-de-location\" src=\"https:\/\/fleet.tech\/wp-content\/uploads\/fahrzeugvermietung-1.svg\" alt=\"Fahrzeugvermietung\" \/><h3 class='panel-title uk-margin-remove'>T\u00e9l\u00e9matique pour des v\u00e9hicules de location<\/h3><div class='panel-excerpt uk-text-center'>Des fonctions de contr\u00f4le fiables pour ceux qui placent des v\u00e9hicules en mains \u00e9trang\u00e8res<\/div><\/div>\n              <\/a><\/div><div class=\"uk-width-small-1-2 uk-width-medium-1-2 uk-width-large-1-3 uk-width-xlarge-1-4\"><a class=\"uk-panel panel-white\" href=\"https:\/\/fleet.tech\/fr\/solutions\/industries\/livret-de-bord\/\"><div class=\"panel-content-pos\"><img decoding=\"async\" class=\"fn-svg livret-de-bord\" src=\"https:\/\/fleet.tech\/wp-content\/uploads\/aussendienst-1.svg\" alt=\"aussendienst\" \/><h3 class='panel-title uk-margin-remove'>Livret de bord<\/h3><div class='panel-excerpt uk-text-center'>Des solutions astucieuses comme le carnet de bord num\u00e9rique pour vos voitures de soci\u00e9t\u00e9<\/div><\/div>\n              <\/a><\/div><\/div>\n    <\/div>\n<\/div>\n<\/div><\/div><\/div><\/div><\/div>","protected":false},"excerpt":{"rendered":"<p>Fleet-Tech: solutions pour les industries Les solutions Fleet. Tech -plus d&rsquo;efficacit\u00e9 pour votre parc de v\u00e9hicules avec les produits de Fleet. Tech, gagnant rentable de tests en s\u00e9rie, un contr\u00f4le complet de votre parc de v\u00e9hicules est possible \u2013 Ceci simplifie la planification des rapports et des commandes.<\/p>\n","protected":false},"author":3,"featured_media":1729,"parent":4656,"menu_order":0,"comment_status":"closed","ping_status":"closed","template":"","meta":{"_acf_changed":false,"inline_featured_image":false,"footnotes":""},"class_list":["post-4659","page","type-page","status-publish","has-post-thumbnail","hentry"],"acf":[],"yoast_head":"<!-- This site is optimized with the Yoast SEO plugin v26.1.1 - https:\/\/yoast.com\/wordpress\/plugins\/seo\/ -->\n<title>fleet.tech-L\u00f6sungen \u2013 mehr Effizienz f\u00fcr Ihre Fahrzeugflotte<\/title>\n<meta name=\"description\" content=\"Mit den Produkten des kosteneffizienten Serien-Testsiegers von fleet.tech ist eine l\u00fcckenlose Kontrolle Ihrer Fahrzeugflotte m\u00f6glich \u2013 das erleichtert das Reporting und die Auftragsplanung.\" \/>\n<meta name=\"robots\" content=\"index, follow, max-snippet:-1, max-image-preview:large, max-video-preview:-1\" \/>\n<link rel=\"canonical\" href=\"https:\/\/fleet.tech\/fr\/solutions\/industries\/\" \/>\n<meta property=\"og:locale\" content=\"fr_FR\" \/>\n<meta property=\"og:type\" content=\"article\" \/>\n<meta property=\"og:title\" content=\"fleet.tech-L\u00f6sungen \u2013 mehr Effizienz f\u00fcr Ihre Fahrzeugflotte\" \/>\n<meta property=\"og:description\" content=\"Mit den Produkten des kosteneffizienten Serien-Testsiegers von fleet.tech ist eine l\u00fcckenlose Kontrolle Ihrer Fahrzeugflotte m\u00f6glich \u2013 das erleichtert das Reporting und die Auftragsplanung.\" \/>\n<meta property=\"og:url\" content=\"https:\/\/fleet.tech\/fr\/solutions\/industries\/\" \/>\n<meta property=\"og:site_name\" content=\"fleet.tech\" \/>\n<meta property=\"article:modified_time\" content=\"2018-09-16T12:40:14+00:00\" \/>\n<meta property=\"og:image\" content=\"https:\/\/fleet.tech\/wp-content\/uploads\/revslider\/start1\/slide-waldstrasse.jpg\" \/>\n\t<meta property=\"og:image:width\" content=\"1920\" \/>\n\t<meta property=\"og:image:height\" content=\"1080\" \/>\n\t<meta property=\"og:image:type\" content=\"image\/jpeg\" \/>\n<meta name=\"twitter:card\" content=\"summary_large_image\" \/>\n<script type=\"application\/ld+json\" class=\"yoast-schema-graph\">{\"@context\":\"https:\/\/schema.org\",\"@graph\":[{\"@type\":\"WebPage\",\"@id\":\"https:\/\/fleet.tech\/fr\/solutions\/industries\/\",\"url\":\"https:\/\/fleet.tech\/fr\/solutions\/industries\/\",\"name\":\"fleet.tech-L\u00f6sungen \u2013 mehr Effizienz f\u00fcr Ihre Fahrzeugflotte\",\"isPartOf\":{\"@id\":\"https:\/\/fleet.tech\/#website\"},\"primaryImageOfPage\":{\"@id\":\"https:\/\/fleet.tech\/fr\/solutions\/industries\/#primaryimage\"},\"image\":{\"@id\":\"https:\/\/fleet.tech\/fr\/solutions\/industries\/#primaryimage\"},\"thumbnailUrl\":\"https:\/\/fleet.tech\/wp-content\/uploads\/revslider\/start1\/slide-waldstrasse.jpg\",\"datePublished\":\"2018-07-18T16:00:54+00:00\",\"dateModified\":\"2018-09-16T12:40:14+00:00\",\"description\":\"Mit den Produkten des kosteneffizienten Serien-Testsiegers von fleet.tech ist eine l\u00fcckenlose Kontrolle Ihrer Fahrzeugflotte m\u00f6glich \u2013 das erleichtert das Reporting und die Auftragsplanung.\",\"breadcrumb\":{\"@id\":\"https:\/\/fleet.tech\/fr\/solutions\/industries\/#breadcrumb\"},\"inLanguage\":\"fr-FR\",\"potentialAction\":[{\"@type\":\"ReadAction\",\"target\":[\"https:\/\/fleet.tech\/fr\/solutions\/industries\/\"]}]},{\"@type\":\"ImageObject\",\"inLanguage\":\"fr-FR\",\"@id\":\"https:\/\/fleet.tech\/fr\/solutions\/industries\/#primaryimage\",\"url\":\"https:\/\/fleet.tech\/wp-content\/uploads\/revslider\/start1\/slide-waldstrasse.jpg\",\"contentUrl\":\"https:\/\/fleet.tech\/wp-content\/uploads\/revslider\/start1\/slide-waldstrasse.jpg\",\"width\":1920,\"height\":1080},{\"@type\":\"BreadcrumbList\",\"@id\":\"https:\/\/fleet.tech\/fr\/solutions\/industries\/#breadcrumb\",\"itemListElement\":[{\"@type\":\"ListItem\",\"position\":1,\"name\":\"Home\",\"item\":\"https:\/\/fleet.tech\/fr\/\"},{\"@type\":\"ListItem\",\"position\":2,\"name\":\"Solutions\",\"item\":\"https:\/\/fleet.tech\/fr\/solutions\/\"},{\"@type\":\"ListItem\",\"position\":3,\"name\":\"Industries\"}]},{\"@type\":\"WebSite\",\"@id\":\"https:\/\/fleet.tech\/#website\",\"url\":\"https:\/\/fleet.tech\/\",\"name\":\"fleet.tech\",\"description\":\"\",\"potentialAction\":[{\"@type\":\"SearchAction\",\"target\":{\"@type\":\"EntryPoint\",\"urlTemplate\":\"https:\/\/fleet.tech\/?s={search_term_string}\"},\"query-input\":{\"@type\":\"PropertyValueSpecification\",\"valueRequired\":true,\"valueName\":\"search_term_string\"}}],\"inLanguage\":\"fr-FR\"}]}<\/script>\n<!-- \/ Yoast SEO plugin. -->","yoast_head_json":{"title":"fleet.tech-L\u00f6sungen \u2013 mehr Effizienz f\u00fcr Ihre Fahrzeugflotte","description":"Mit den Produkten des kosteneffizienten Serien-Testsiegers von fleet.tech ist eine l\u00fcckenlose Kontrolle Ihrer Fahrzeugflotte m\u00f6glich \u2013 das erleichtert das Reporting und die Auftragsplanung.","robots":{"index":"index","follow":"follow","max-snippet":"max-snippet:-1","max-image-preview":"max-image-preview:large","max-video-preview":"max-video-preview:-1"},"canonical":"https:\/\/fleet.tech\/fr\/solutions\/industries\/","og_locale":"fr_FR","og_type":"article","og_title":"fleet.tech-L\u00f6sungen \u2013 mehr Effizienz f\u00fcr Ihre Fahrzeugflotte","og_description":"Mit den Produkten des kosteneffizienten Serien-Testsiegers von fleet.tech ist eine l\u00fcckenlose Kontrolle Ihrer Fahrzeugflotte m\u00f6glich \u2013 das erleichtert das Reporting und die Auftragsplanung.","og_url":"https:\/\/fleet.tech\/fr\/solutions\/industries\/","og_site_name":"fleet.tech","article_modified_time":"2018-09-16T12:40:14+00:00","og_image":[{"width":1920,"height":1080,"url":"https:\/\/fleet.tech\/wp-content\/uploads\/revslider\/start1\/slide-waldstrasse.jpg","type":"image\/jpeg"}],"twitter_card":"summary_large_image","schema":{"@context":"https:\/\/schema.org","@graph":[{"@type":"WebPage","@id":"https:\/\/fleet.tech\/fr\/solutions\/industries\/","url":"https:\/\/fleet.tech\/fr\/solutions\/industries\/","name":"fleet.tech-L\u00f6sungen \u2013 mehr Effizienz f\u00fcr Ihre Fahrzeugflotte","isPartOf":{"@id":"https:\/\/fleet.tech\/#website"},"primaryImageOfPage":{"@id":"https:\/\/fleet.tech\/fr\/solutions\/industries\/#primaryimage"},"image":{"@id":"https:\/\/fleet.tech\/fr\/solutions\/industries\/#primaryimage"},"thumbnailUrl":"https:\/\/fleet.tech\/wp-content\/uploads\/revslider\/start1\/slide-waldstrasse.jpg","datePublished":"2018-07-18T16:00:54+00:00","dateModified":"2018-09-16T12:40:14+00:00","description":"Mit den Produkten des kosteneffizienten Serien-Testsiegers von fleet.tech ist eine l\u00fcckenlose Kontrolle Ihrer Fahrzeugflotte m\u00f6glich \u2013 das erleichtert das Reporting und die Auftragsplanung.","breadcrumb":{"@id":"https:\/\/fleet.tech\/fr\/solutions\/industries\/#breadcrumb"},"inLanguage":"fr-FR","potentialAction":[{"@type":"ReadAction","target":["https:\/\/fleet.tech\/fr\/solutions\/industries\/"]}]},{"@type":"ImageObject","inLanguage":"fr-FR","@id":"https:\/\/fleet.tech\/fr\/solutions\/industries\/#primaryimage","url":"https:\/\/fleet.tech\/wp-content\/uploads\/revslider\/start1\/slide-waldstrasse.jpg","contentUrl":"https:\/\/fleet.tech\/wp-content\/uploads\/revslider\/start1\/slide-waldstrasse.jpg","width":1920,"height":1080},{"@type":"BreadcrumbList","@id":"https:\/\/fleet.tech\/fr\/solutions\/industries\/#breadcrumb","itemListElement":[{"@type":"ListItem","position":1,"name":"Home","item":"https:\/\/fleet.tech\/fr\/"},{"@type":"ListItem","position":2,"name":"Solutions","item":"https:\/\/fleet.tech\/fr\/solutions\/"},{"@type":"ListItem","position":3,"name":"Industries"}]},{"@type":"WebSite","@id":"https:\/\/fleet.tech\/#website","url":"https:\/\/fleet.tech\/","name":"fleet.tech","description":"","potentialAction":[{"@type":"SearchAction","target":{"@type":"EntryPoint","urlTemplate":"https:\/\/fleet.tech\/?s={search_term_string}"},"query-input":{"@type":"PropertyValueSpecification","valueRequired":true,"valueName":"search_term_string"}}],"inLanguage":"fr-FR"}]}},"_links":{"self":[{"href":"https:\/\/fleet.tech\/fr\/wp-json\/wp\/v2\/pages\/4659","targetHints":{"allow":["GET"]}}],"collection":[{"href":"https:\/\/fleet.tech\/fr\/wp-json\/wp\/v2\/pages"}],"about":[{"href":"https:\/\/fleet.tech\/fr\/wp-json\/wp\/v2\/types\/page"}],"author":[{"embeddable":true,"href":"https:\/\/fleet.tech\/fr\/wp-json\/wp\/v2\/users\/3"}],"replies":[{"embeddable":true,"href":"https:\/\/fleet.tech\/fr\/wp-json\/wp\/v2\/comments?post=4659"}],"version-history":[{"count":3,"href":"https:\/\/fleet.tech\/fr\/wp-json\/wp\/v2\/pages\/4659\/revisions"}],"predecessor-version":[{"id":5261,"href":"https:\/\/fleet.tech\/fr\/wp-json\/wp\/v2\/pages\/4659\/revisions\/5261"}],"up":[{"embeddable":true,"href":"https:\/\/fleet.tech\/fr\/wp-json\/wp\/v2\/pages\/4656"}],"wp:featuredmedia":[{"embeddable":true,"href":"https:\/\/fleet.tech\/fr\/wp-json\/wp\/v2\/media\/1729"}],"wp:attachment":[{"href":"https:\/\/fleet.tech\/fr\/wp-json\/wp\/v2\/media?parent=4659"}],"curies":[{"name":"wp","href":"https:\/\/api.w.org\/{rel}","templated":true}]}}