{"id":4943,"date":"2018-07-18T16:59:43","date_gmt":"2018-07-18T15:59:43","guid":{"rendered":"http:\/\/fleet.tech\/preview\/baumaschinen\/"},"modified":"2021-03-10T13:37:34","modified_gmt":"2021-03-10T12:37:34","slug":"machines-de-construction","status":"publish","type":"page","link":"https:\/\/fleet.tech\/fr\/solutions\/categories\/machines-de-construction\/","title":{"rendered":"Machines de construction"},"content":{"rendered":"<div id=\"pl-4943\"  class=\"panel-layout\" ><div id=\"pg-4943-0\"  class=\"panel-grid panel-no-style\" ><div id=\"pgc-4943-0-0\"  class=\"panel-grid-cell\" ><div id=\"panel-4943-0-0-0\" class=\"so-panel widget widget_sow-editor panel-first-child\" data-index=\"0\" ><div\n\t\t\t\n\t\t\tclass=\"so-widget-sow-editor so-widget-sow-editor-base\"\n\t\t\t\n\t\t>\n<div class=\"siteorigin-widget-tinymce textwidget\">\n\t<h1>V\u00e9hicules de construction avec localisation GPS et contr\u00f4le<\/h1>\n<p><strong>Transparence et s\u00e9curit\u00e9:<\/strong> le suivi des v\u00e9hicules par GPS offre de nombreux avantages dans le travail quotidien.<\/p>\n<p> Il est possible de voir la position exacte des v\u00e9hicules de construction en temps r\u00e9el. Ces informations sont affich\u00e9es sur une carte afin que vous puissiez rep\u00e9rer l'emplacement. D'autres informations sont \u00e9galement disponibles. Cela montre si l'\u00e9quipement de construction est actuellement en service ou si les machines de construction sont en mouvement. Le syst\u00e8me est compatible avec toutes les types de v\u00e9hicule. Equipez un transporteur, un camion ou une voiture avec les syst\u00e8mes t\u00e9l\u00e9matiques rentables de Fleet.Tech \u00ae et obtenez des donn\u00e9es sans d\u00e9lai directement dans le cloud ou sur votre t\u00e9l\u00e9phone mobile.<\/p>\n<\/div>\n<\/div><\/div><div id=\"panel-4943-0-0-1\" class=\"so-panel widget widget_sow-editor panel-last-child\" data-index=\"1\" ><div\n\t\t\t\n\t\t\tclass=\"so-widget-sow-editor so-widget-sow-editor-base\"\n\t\t\t\n\t\t>\n<div class=\"siteorigin-widget-tinymce textwidget\">\n\t    <div class=\"uk-container uk-container-center slideInUp fleet-categories\">\n      <div class=\"uk-flex uk-flex-center uk-grid uk-grid-small\"><div class=\"uk-width-small-1-2 uk-width-medium-1-2 uk-width-large-1-3 uk-width-xlarge-1-4\"><a class=\"uk-panel panel-white\" href=\"https:\/\/fleet.tech\/fr\/solutions\/industries\/telematique-pour-des-vehicules-de-location\/\"><div class=\"panel-content-pos\"><img decoding=\"async\" class=\"fn-svg telematique-pour-des-vehicules-de-location\" src=\"https:\/\/fleet.tech\/wp-content\/uploads\/fahrzeugvermietung-1.svg\" alt=\"Fahrzeugvermietung\" \/><h3 class='panel-title uk-margin-remove'>T\u00e9l\u00e9matique pour des v\u00e9hicules de location<\/h3><div class='panel-excerpt uk-text-center'>Des fonctions de contr\u00f4le fiables pour ceux qui placent des v\u00e9hicules en mains \u00e9trang\u00e8res<\/div><\/div>\n              <\/a><\/div><\/div>\n    <\/div><\/div>\n<\/div><\/div><\/div><\/div><\/div>","protected":false},"excerpt":{"rendered":"<p>V\u00e9hicules de construction avec localisation GPS et contr\u00f4le Transparence et s\u00e9curit\u00e9: le suivi des v\u00e9hicules par GPS offre de nombreux avantages dans le travail quotidien. Il est possible de voir la position exacte des v\u00e9hicules de construction en temps r\u00e9el. Ces informations sont affich\u00e9es sur une carte afin que vous puissiez rep\u00e9rer l&#8217;emplacement. D&rsquo;autres informations [&hellip;]<\/p>\n","protected":false},"author":3,"featured_media":3467,"parent":4945,"menu_order":0,"comment_status":"closed","ping_status":"closed","template":"","meta":{"_acf_changed":false,"inline_featured_image":false,"footnotes":""},"class_list":["post-4943","page","type-page","status-publish","has-post-thumbnail","hentry"],"acf":[],"yoast_head":"<!-- This site is optimized with the Yoast SEO plugin v26.1.1 - https:\/\/yoast.com\/wordpress\/plugins\/seo\/ -->\n<title>Machines de construction - Baufahrzeuge mit GPS orten und kontrollieren<\/title>\n<meta name=\"description\" content=\"Mithilfe einer modernen GPS-Ortung jederzeit \u00fcber die Position der Baumaschinen informiert sein. Die Systeme sind mit allen Kfz kompatibel.\" \/>\n<meta name=\"robots\" content=\"index, follow, max-snippet:-1, max-image-preview:large, max-video-preview:-1\" \/>\n<link rel=\"canonical\" href=\"https:\/\/fleet.tech\/fr\/solutions\/categories\/machines-de-construction\/\" \/>\n<meta property=\"og:locale\" content=\"fr_FR\" \/>\n<meta property=\"og:type\" content=\"article\" \/>\n<meta property=\"og:title\" content=\"Machines de construction - Baufahrzeuge mit GPS orten und kontrollieren\" \/>\n<meta property=\"og:description\" content=\"Mithilfe einer modernen GPS-Ortung jederzeit \u00fcber die Position der Baumaschinen informiert sein. Die Systeme sind mit allen Kfz kompatibel.\" \/>\n<meta property=\"og:url\" content=\"https:\/\/fleet.tech\/fr\/solutions\/categories\/machines-de-construction\/\" \/>\n<meta property=\"og:site_name\" content=\"fleet.tech\" \/>\n<meta property=\"article:modified_time\" content=\"2021-03-10T12:37:34+00:00\" \/>\n<meta property=\"og:image\" content=\"https:\/\/fleet.tech\/wp-content\/uploads\/Kategorie_Baumaschinen.jpg\" \/>\n\t<meta property=\"og:image:width\" content=\"1920\" \/>\n\t<meta property=\"og:image:height\" content=\"905\" \/>\n\t<meta property=\"og:image:type\" content=\"image\/jpeg\" \/>\n<meta name=\"twitter:card\" content=\"summary_large_image\" \/>\n<meta name=\"twitter:label1\" content=\"Dur\u00e9e de lecture estim\u00e9e\" \/>\n\t<meta name=\"twitter:data1\" content=\"1 minute\" \/>\n<script type=\"application\/ld+json\" class=\"yoast-schema-graph\">{\"@context\":\"https:\/\/schema.org\",\"@graph\":[{\"@type\":\"WebPage\",\"@id\":\"https:\/\/fleet.tech\/fr\/solutions\/categories\/machines-de-construction\/\",\"url\":\"https:\/\/fleet.tech\/fr\/solutions\/categories\/machines-de-construction\/\",\"name\":\"Machines de construction - Baufahrzeuge mit GPS orten und kontrollieren\",\"isPartOf\":{\"@id\":\"https:\/\/fleet.tech\/#website\"},\"primaryImageOfPage\":{\"@id\":\"https:\/\/fleet.tech\/fr\/solutions\/categories\/machines-de-construction\/#primaryimage\"},\"image\":{\"@id\":\"https:\/\/fleet.tech\/fr\/solutions\/categories\/machines-de-construction\/#primaryimage\"},\"thumbnailUrl\":\"https:\/\/fleet.tech\/wp-content\/uploads\/Kategorie_Baumaschinen.jpg\",\"datePublished\":\"2018-07-18T15:59:43+00:00\",\"dateModified\":\"2021-03-10T12:37:34+00:00\",\"description\":\"Mithilfe einer modernen GPS-Ortung jederzeit \u00fcber die Position der Baumaschinen informiert sein. Die Systeme sind mit allen Kfz kompatibel.\",\"breadcrumb\":{\"@id\":\"https:\/\/fleet.tech\/fr\/solutions\/categories\/machines-de-construction\/#breadcrumb\"},\"inLanguage\":\"fr-FR\",\"potentialAction\":[{\"@type\":\"ReadAction\",\"target\":[\"https:\/\/fleet.tech\/fr\/solutions\/categories\/machines-de-construction\/\"]}]},{\"@type\":\"ImageObject\",\"inLanguage\":\"fr-FR\",\"@id\":\"https:\/\/fleet.tech\/fr\/solutions\/categories\/machines-de-construction\/#primaryimage\",\"url\":\"https:\/\/fleet.tech\/wp-content\/uploads\/Kategorie_Baumaschinen.jpg\",\"contentUrl\":\"https:\/\/fleet.tech\/wp-content\/uploads\/Kategorie_Baumaschinen.jpg\",\"width\":1920,\"height\":905},{\"@type\":\"BreadcrumbList\",\"@id\":\"https:\/\/fleet.tech\/fr\/solutions\/categories\/machines-de-construction\/#breadcrumb\",\"itemListElement\":[{\"@type\":\"ListItem\",\"position\":1,\"name\":\"Home\",\"item\":\"https:\/\/fleet.tech\/fr\/\"},{\"@type\":\"ListItem\",\"position\":2,\"name\":\"Solutions\",\"item\":\"https:\/\/fleet.tech\/fr\/solutions\/\"},{\"@type\":\"ListItem\",\"position\":3,\"name\":\"Cat\u00e9gories\",\"item\":\"https:\/\/fleet.tech\/fr\/solutions\/categories\/\"},{\"@type\":\"ListItem\",\"position\":4,\"name\":\"Machines de construction\"}]},{\"@type\":\"WebSite\",\"@id\":\"https:\/\/fleet.tech\/#website\",\"url\":\"https:\/\/fleet.tech\/\",\"name\":\"fleet.tech\",\"description\":\"\",\"potentialAction\":[{\"@type\":\"SearchAction\",\"target\":{\"@type\":\"EntryPoint\",\"urlTemplate\":\"https:\/\/fleet.tech\/?s={search_term_string}\"},\"query-input\":{\"@type\":\"PropertyValueSpecification\",\"valueRequired\":true,\"valueName\":\"search_term_string\"}}],\"inLanguage\":\"fr-FR\"}]}<\/script>\n<!-- \/ Yoast SEO plugin. -->","yoast_head_json":{"title":"Machines de construction - Baufahrzeuge mit GPS orten und kontrollieren","description":"Mithilfe einer modernen GPS-Ortung jederzeit \u00fcber die Position der Baumaschinen informiert sein. Die Systeme sind mit allen Kfz kompatibel.","robots":{"index":"index","follow":"follow","max-snippet":"max-snippet:-1","max-image-preview":"max-image-preview:large","max-video-preview":"max-video-preview:-1"},"canonical":"https:\/\/fleet.tech\/fr\/solutions\/categories\/machines-de-construction\/","og_locale":"fr_FR","og_type":"article","og_title":"Machines de construction - Baufahrzeuge mit GPS orten und kontrollieren","og_description":"Mithilfe einer modernen GPS-Ortung jederzeit \u00fcber die Position der Baumaschinen informiert sein. Die Systeme sind mit allen Kfz kompatibel.","og_url":"https:\/\/fleet.tech\/fr\/solutions\/categories\/machines-de-construction\/","og_site_name":"fleet.tech","article_modified_time":"2021-03-10T12:37:34+00:00","og_image":[{"width":1920,"height":905,"url":"https:\/\/fleet.tech\/wp-content\/uploads\/Kategorie_Baumaschinen.jpg","type":"image\/jpeg"}],"twitter_card":"summary_large_image","twitter_misc":{"Dur\u00e9e de lecture estim\u00e9e":"1 minute"},"schema":{"@context":"https:\/\/schema.org","@graph":[{"@type":"WebPage","@id":"https:\/\/fleet.tech\/fr\/solutions\/categories\/machines-de-construction\/","url":"https:\/\/fleet.tech\/fr\/solutions\/categories\/machines-de-construction\/","name":"Machines de construction - Baufahrzeuge mit GPS orten und kontrollieren","isPartOf":{"@id":"https:\/\/fleet.tech\/#website"},"primaryImageOfPage":{"@id":"https:\/\/fleet.tech\/fr\/solutions\/categories\/machines-de-construction\/#primaryimage"},"image":{"@id":"https:\/\/fleet.tech\/fr\/solutions\/categories\/machines-de-construction\/#primaryimage"},"thumbnailUrl":"https:\/\/fleet.tech\/wp-content\/uploads\/Kategorie_Baumaschinen.jpg","datePublished":"2018-07-18T15:59:43+00:00","dateModified":"2021-03-10T12:37:34+00:00","description":"Mithilfe einer modernen GPS-Ortung jederzeit \u00fcber die Position der Baumaschinen informiert sein. Die Systeme sind mit allen Kfz kompatibel.","breadcrumb":{"@id":"https:\/\/fleet.tech\/fr\/solutions\/categories\/machines-de-construction\/#breadcrumb"},"inLanguage":"fr-FR","potentialAction":[{"@type":"ReadAction","target":["https:\/\/fleet.tech\/fr\/solutions\/categories\/machines-de-construction\/"]}]},{"@type":"ImageObject","inLanguage":"fr-FR","@id":"https:\/\/fleet.tech\/fr\/solutions\/categories\/machines-de-construction\/#primaryimage","url":"https:\/\/fleet.tech\/wp-content\/uploads\/Kategorie_Baumaschinen.jpg","contentUrl":"https:\/\/fleet.tech\/wp-content\/uploads\/Kategorie_Baumaschinen.jpg","width":1920,"height":905},{"@type":"BreadcrumbList","@id":"https:\/\/fleet.tech\/fr\/solutions\/categories\/machines-de-construction\/#breadcrumb","itemListElement":[{"@type":"ListItem","position":1,"name":"Home","item":"https:\/\/fleet.tech\/fr\/"},{"@type":"ListItem","position":2,"name":"Solutions","item":"https:\/\/fleet.tech\/fr\/solutions\/"},{"@type":"ListItem","position":3,"name":"Cat\u00e9gories","item":"https:\/\/fleet.tech\/fr\/solutions\/categories\/"},{"@type":"ListItem","position":4,"name":"Machines de construction"}]},{"@type":"WebSite","@id":"https:\/\/fleet.tech\/#website","url":"https:\/\/fleet.tech\/","name":"fleet.tech","description":"","potentialAction":[{"@type":"SearchAction","target":{"@type":"EntryPoint","urlTemplate":"https:\/\/fleet.tech\/?s={search_term_string}"},"query-input":{"@type":"PropertyValueSpecification","valueRequired":true,"valueName":"search_term_string"}}],"inLanguage":"fr-FR"}]}},"_links":{"self":[{"href":"https:\/\/fleet.tech\/fr\/wp-json\/wp\/v2\/pages\/4943","targetHints":{"allow":["GET"]}}],"collection":[{"href":"https:\/\/fleet.tech\/fr\/wp-json\/wp\/v2\/pages"}],"about":[{"href":"https:\/\/fleet.tech\/fr\/wp-json\/wp\/v2\/types\/page"}],"author":[{"embeddable":true,"href":"https:\/\/fleet.tech\/fr\/wp-json\/wp\/v2\/users\/3"}],"replies":[{"embeddable":true,"href":"https:\/\/fleet.tech\/fr\/wp-json\/wp\/v2\/comments?post=4943"}],"version-history":[{"count":5,"href":"https:\/\/fleet.tech\/fr\/wp-json\/wp\/v2\/pages\/4943\/revisions"}],"predecessor-version":[{"id":12893,"href":"https:\/\/fleet.tech\/fr\/wp-json\/wp\/v2\/pages\/4943\/revisions\/12893"}],"up":[{"embeddable":true,"href":"https:\/\/fleet.tech\/fr\/wp-json\/wp\/v2\/pages\/4945"}],"wp:featuredmedia":[{"embeddable":true,"href":"https:\/\/fleet.tech\/fr\/wp-json\/wp\/v2\/media\/3467"}],"wp:attachment":[{"href":"https:\/\/fleet.tech\/fr\/wp-json\/wp\/v2\/media?parent=4943"}],"curies":[{"name":"wp","href":"https:\/\/api.w.org\/{rel}","templated":true}]}}