{"id":4969,"date":"2018-07-18T17:00:02","date_gmt":"2018-07-18T16:00:02","guid":{"rendered":"http:\/\/fleet.tech\/preview\/loesungen\/kategorien\/container-auflieger\/"},"modified":"2018-09-16T16:14:58","modified_gmt":"2018-09-16T15:14:58","slug":"conteneurs-et-remorques","status":"publish","type":"page","link":"https:\/\/fleet.tech\/fr\/solutions\/categories\/conteneurs-et-remorques\/","title":{"rendered":"Conteneurs et remorques"},"content":{"rendered":"<div id=\"pl-4969\"  class=\"panel-layout\" ><div id=\"pg-4969-0\"  class=\"panel-grid panel-no-style\" ><div id=\"pgc-4969-0-0\"  class=\"panel-grid-cell\" ><div id=\"panel-4969-0-0-0\" class=\"so-panel widget widget_sow-editor panel-first-child\" data-index=\"0\" ><div\n\t\t\t\n\t\t\tclass=\"so-widget-sow-editor so-widget-sow-editor-base\"\n\t\t\t\n\t\t>\n<div class=\"siteorigin-widget-tinymce textwidget\">\n\t<h1>Syst\u00e8mes de s\u00e9curit\u00e9 bas\u00e9s sur le GPS pour conteneurs et remorques<\/h1>\n<p><strong>Localiser globalement ou localement:<\/strong> assurer la s\u00e9curit\u00e9 des conteneurs et des articles temporaires similaires est une t\u00e2che difficile. <\/p>\n<p>Gr\u00e2ce aux solutions de surveillance et d'emplacement innovantes de la Tech \u00ae\/LOSTnFOUND \u00ae, vous pouvez cr\u00e9er un syst\u00e8me de s\u00e9curit\u00e9 et de contr\u00f4le qui fonctionne 24h\/24 et transf\u00e8re des informations directement sur le Cloud ou le t\u00e9l\u00e9phone mobile. \u00c9tant donn\u00e9 que ces syst\u00e8mes fonctionnent de fa\u00e7on ind\u00e9pendante et ne n\u00e9cessitent donc pas une connexion d'alimentation, ils conviennent particuli\u00e8rement aux remorques, aux ch\u00e2ssis et aux appareils similaires.<\/p>\n<\/div>\n<\/div><\/div><div id=\"panel-4969-0-0-1\" class=\"so-panel widget widget_sow-editor panel-last-child\" data-index=\"1\" ><div\n\t\t\t\n\t\t\tclass=\"so-widget-sow-editor so-widget-sow-editor-base\"\n\t\t\t\n\t\t>\n<div class=\"siteorigin-widget-tinymce textwidget\">\n\t    <div class=\"uk-container uk-container-center slideInUp fleet-categories\">\n      <div class=\"uk-flex uk-flex-center uk-grid uk-grid-small\"><div class=\"uk-width-small-1-2 uk-width-medium-1-2 uk-width-large-1-3 uk-width-xlarge-1-4\"><a class=\"uk-panel panel-white\" href=\"https:\/\/fleet.tech\/fr\/solutions\/industries\/telematique-pour-lindustrie-du-transport\/\"><div class=\"panel-content-pos\"><img decoding=\"async\" class=\"fn-svg telematique-pour-lindustrie-du-transport\" src=\"https:\/\/fleet.tech\/wp-content\/uploads\/transportwesen-1.svg\" alt=\"transportwesen\" \/><h3 class='panel-title uk-margin-remove'>T\u00e9l\u00e9matique pour l&rsquo;industrie du transport<\/h3><div class='panel-excerpt uk-text-center'>Acquisition simple de donn\u00e9es et ETA de l'ensemble de votre flotte en temps r\u00e9el<\/div><\/div>\n              <\/a><\/div><div class=\"uk-width-small-1-2 uk-width-medium-1-2 uk-width-large-1-3 uk-width-xlarge-1-4\"><a class=\"uk-panel panel-white\" href=\"https:\/\/fleet.tech\/fr\/solutions\/industries\/telematique-pour-la-surveillance-de-la-temperature\/\"><div class=\"panel-content-pos\"><img decoding=\"async\" class=\"fn-svg telematique-pour-la-surveillance-de-la-temperature\" src=\"https:\/\/fleet.tech\/wp-content\/uploads\/temperaturueberwachung-1.svg\" alt=\"temperaturueberwachung\" \/><h3 class='panel-title uk-margin-remove'>T\u00e9l\u00e9matique pour la surveillance de la temp\u00e9rature<\/h3><div class='panel-excerpt uk-text-center'>Une surveillance continue de la temp\u00e9rature pour un transport fiable<\/div><\/div>\n              <\/a><\/div><div class=\"uk-width-small-1-2 uk-width-medium-1-2 uk-width-large-1-3 uk-width-xlarge-1-4\"><a class=\"uk-panel panel-white\" href=\"\"><div class=\"panel-content-pos\"><h3 class='panel-title uk-margin-remove'><\/h3><div class='panel-excerpt uk-text-center'><\/div><\/div>\n              <\/a><\/div><\/div>\n    <\/div><\/div>\n<\/div><\/div><\/div><\/div><\/div>","protected":false},"excerpt":{"rendered":"<p>Syst\u00e8mes de s\u00e9curit\u00e9 bas\u00e9s sur le GPS pour conteneurs et remorques Localiser globalement ou localement: assurer la s\u00e9curit\u00e9 des conteneurs et des articles temporaires similaires est une t\u00e2che difficile. Gr\u00e2ce aux solutions de surveillance et d&#8217;emplacement innovantes de la Tech \u00ae\/LOSTnFOUND \u00ae, vous pouvez cr\u00e9er un syst\u00e8me de s\u00e9curit\u00e9 et de contr\u00f4le qui fonctionne 24h\/24 [&hellip;]<\/p>\n","protected":false},"author":3,"featured_media":3509,"parent":4945,"menu_order":0,"comment_status":"closed","ping_status":"closed","template":"","meta":{"_acf_changed":false,"inline_featured_image":false,"footnotes":""},"class_list":["post-4969","page","type-page","status-publish","has-post-thumbnail","hentry"],"acf":[],"yoast_head":"<!-- This site is optimized with the Yoast SEO plugin v26.1.1 - https:\/\/yoast.com\/wordpress\/plugins\/seo\/ -->\n<title>Sicherheitssysteme auf Basis von GPS f\u00fcr Container und Wechselbr\u00fccken<\/title>\n<meta name=\"description\" content=\"Container und andere tempor\u00e4r aufgestellte Ladungstr\u00e4ger sind auf oft unbewacht. Mithilfe der innovativen und kosteneffizienten L\u00f6sungen des Branchenprimus lassen sich umfangreiche Alarm- und Kontrollsysteme aufbauen.\" \/>\n<meta name=\"robots\" content=\"index, follow, max-snippet:-1, max-image-preview:large, max-video-preview:-1\" \/>\n<link rel=\"canonical\" href=\"https:\/\/fleet.tech\/fr\/solutions\/categories\/conteneurs-et-remorques\/\" \/>\n<meta property=\"og:locale\" content=\"fr_FR\" \/>\n<meta property=\"og:type\" content=\"article\" \/>\n<meta property=\"og:title\" content=\"Sicherheitssysteme auf Basis von GPS f\u00fcr Container und Wechselbr\u00fccken\" \/>\n<meta property=\"og:description\" content=\"Container und andere tempor\u00e4r aufgestellte Ladungstr\u00e4ger sind auf oft unbewacht. Mithilfe der innovativen und kosteneffizienten L\u00f6sungen des Branchenprimus lassen sich umfangreiche Alarm- und Kontrollsysteme aufbauen.\" \/>\n<meta property=\"og:url\" content=\"https:\/\/fleet.tech\/fr\/solutions\/categories\/conteneurs-et-remorques\/\" \/>\n<meta property=\"og:site_name\" content=\"fleet.tech\" \/>\n<meta property=\"article:modified_time\" content=\"2018-09-16T15:14:58+00:00\" \/>\n<meta property=\"og:image\" content=\"https:\/\/fleet.tech\/wp-content\/uploads\/LnF-container.jpg\" \/>\n\t<meta property=\"og:image:width\" content=\"1920\" \/>\n\t<meta property=\"og:image:height\" content=\"1067\" \/>\n\t<meta property=\"og:image:type\" content=\"image\/jpeg\" \/>\n<meta name=\"twitter:card\" content=\"summary_large_image\" \/>\n<meta name=\"twitter:label1\" content=\"Dur\u00e9e de lecture estim\u00e9e\" \/>\n\t<meta name=\"twitter:data1\" content=\"1 minute\" \/>\n<script type=\"application\/ld+json\" class=\"yoast-schema-graph\">{\"@context\":\"https:\/\/schema.org\",\"@graph\":[{\"@type\":\"WebPage\",\"@id\":\"https:\/\/fleet.tech\/fr\/solutions\/categories\/conteneurs-et-remorques\/\",\"url\":\"https:\/\/fleet.tech\/fr\/solutions\/categories\/conteneurs-et-remorques\/\",\"name\":\"Sicherheitssysteme auf Basis von GPS f\u00fcr Container und Wechselbr\u00fccken\",\"isPartOf\":{\"@id\":\"https:\/\/fleet.tech\/#website\"},\"primaryImageOfPage\":{\"@id\":\"https:\/\/fleet.tech\/fr\/solutions\/categories\/conteneurs-et-remorques\/#primaryimage\"},\"image\":{\"@id\":\"https:\/\/fleet.tech\/fr\/solutions\/categories\/conteneurs-et-remorques\/#primaryimage\"},\"thumbnailUrl\":\"https:\/\/fleet.tech\/wp-content\/uploads\/LnF-container.jpg\",\"datePublished\":\"2018-07-18T16:00:02+00:00\",\"dateModified\":\"2018-09-16T15:14:58+00:00\",\"description\":\"Container und andere tempor\u00e4r aufgestellte Ladungstr\u00e4ger sind auf oft unbewacht. Mithilfe der innovativen und kosteneffizienten L\u00f6sungen des Branchenprimus lassen sich umfangreiche Alarm- und Kontrollsysteme aufbauen.\",\"breadcrumb\":{\"@id\":\"https:\/\/fleet.tech\/fr\/solutions\/categories\/conteneurs-et-remorques\/#breadcrumb\"},\"inLanguage\":\"fr-FR\",\"potentialAction\":[{\"@type\":\"ReadAction\",\"target\":[\"https:\/\/fleet.tech\/fr\/solutions\/categories\/conteneurs-et-remorques\/\"]}]},{\"@type\":\"ImageObject\",\"inLanguage\":\"fr-FR\",\"@id\":\"https:\/\/fleet.tech\/fr\/solutions\/categories\/conteneurs-et-remorques\/#primaryimage\",\"url\":\"https:\/\/fleet.tech\/wp-content\/uploads\/LnF-container.jpg\",\"contentUrl\":\"https:\/\/fleet.tech\/wp-content\/uploads\/LnF-container.jpg\",\"width\":1920,\"height\":1067},{\"@type\":\"BreadcrumbList\",\"@id\":\"https:\/\/fleet.tech\/fr\/solutions\/categories\/conteneurs-et-remorques\/#breadcrumb\",\"itemListElement\":[{\"@type\":\"ListItem\",\"position\":1,\"name\":\"Home\",\"item\":\"https:\/\/fleet.tech\/fr\/\"},{\"@type\":\"ListItem\",\"position\":2,\"name\":\"Solutions\",\"item\":\"https:\/\/fleet.tech\/fr\/solutions\/\"},{\"@type\":\"ListItem\",\"position\":3,\"name\":\"Cat\u00e9gories\",\"item\":\"https:\/\/fleet.tech\/fr\/solutions\/categories\/\"},{\"@type\":\"ListItem\",\"position\":4,\"name\":\"Conteneurs et remorques\"}]},{\"@type\":\"WebSite\",\"@id\":\"https:\/\/fleet.tech\/#website\",\"url\":\"https:\/\/fleet.tech\/\",\"name\":\"fleet.tech\",\"description\":\"\",\"potentialAction\":[{\"@type\":\"SearchAction\",\"target\":{\"@type\":\"EntryPoint\",\"urlTemplate\":\"https:\/\/fleet.tech\/?s={search_term_string}\"},\"query-input\":{\"@type\":\"PropertyValueSpecification\",\"valueRequired\":true,\"valueName\":\"search_term_string\"}}],\"inLanguage\":\"fr-FR\"}]}<\/script>\n<!-- \/ Yoast SEO plugin. -->","yoast_head_json":{"title":"Sicherheitssysteme auf Basis von GPS f\u00fcr Container und Wechselbr\u00fccken","description":"Container und andere tempor\u00e4r aufgestellte Ladungstr\u00e4ger sind auf oft unbewacht. Mithilfe der innovativen und kosteneffizienten L\u00f6sungen des Branchenprimus lassen sich umfangreiche Alarm- und Kontrollsysteme aufbauen.","robots":{"index":"index","follow":"follow","max-snippet":"max-snippet:-1","max-image-preview":"max-image-preview:large","max-video-preview":"max-video-preview:-1"},"canonical":"https:\/\/fleet.tech\/fr\/solutions\/categories\/conteneurs-et-remorques\/","og_locale":"fr_FR","og_type":"article","og_title":"Sicherheitssysteme auf Basis von GPS f\u00fcr Container und Wechselbr\u00fccken","og_description":"Container und andere tempor\u00e4r aufgestellte Ladungstr\u00e4ger sind auf oft unbewacht. Mithilfe der innovativen und kosteneffizienten L\u00f6sungen des Branchenprimus lassen sich umfangreiche Alarm- und Kontrollsysteme aufbauen.","og_url":"https:\/\/fleet.tech\/fr\/solutions\/categories\/conteneurs-et-remorques\/","og_site_name":"fleet.tech","article_modified_time":"2018-09-16T15:14:58+00:00","og_image":[{"width":1920,"height":1067,"url":"https:\/\/fleet.tech\/wp-content\/uploads\/LnF-container.jpg","type":"image\/jpeg"}],"twitter_card":"summary_large_image","twitter_misc":{"Dur\u00e9e de lecture estim\u00e9e":"1 minute"},"schema":{"@context":"https:\/\/schema.org","@graph":[{"@type":"WebPage","@id":"https:\/\/fleet.tech\/fr\/solutions\/categories\/conteneurs-et-remorques\/","url":"https:\/\/fleet.tech\/fr\/solutions\/categories\/conteneurs-et-remorques\/","name":"Sicherheitssysteme auf Basis von GPS f\u00fcr Container und Wechselbr\u00fccken","isPartOf":{"@id":"https:\/\/fleet.tech\/#website"},"primaryImageOfPage":{"@id":"https:\/\/fleet.tech\/fr\/solutions\/categories\/conteneurs-et-remorques\/#primaryimage"},"image":{"@id":"https:\/\/fleet.tech\/fr\/solutions\/categories\/conteneurs-et-remorques\/#primaryimage"},"thumbnailUrl":"https:\/\/fleet.tech\/wp-content\/uploads\/LnF-container.jpg","datePublished":"2018-07-18T16:00:02+00:00","dateModified":"2018-09-16T15:14:58+00:00","description":"Container und andere tempor\u00e4r aufgestellte Ladungstr\u00e4ger sind auf oft unbewacht. Mithilfe der innovativen und kosteneffizienten L\u00f6sungen des Branchenprimus lassen sich umfangreiche Alarm- und Kontrollsysteme aufbauen.","breadcrumb":{"@id":"https:\/\/fleet.tech\/fr\/solutions\/categories\/conteneurs-et-remorques\/#breadcrumb"},"inLanguage":"fr-FR","potentialAction":[{"@type":"ReadAction","target":["https:\/\/fleet.tech\/fr\/solutions\/categories\/conteneurs-et-remorques\/"]}]},{"@type":"ImageObject","inLanguage":"fr-FR","@id":"https:\/\/fleet.tech\/fr\/solutions\/categories\/conteneurs-et-remorques\/#primaryimage","url":"https:\/\/fleet.tech\/wp-content\/uploads\/LnF-container.jpg","contentUrl":"https:\/\/fleet.tech\/wp-content\/uploads\/LnF-container.jpg","width":1920,"height":1067},{"@type":"BreadcrumbList","@id":"https:\/\/fleet.tech\/fr\/solutions\/categories\/conteneurs-et-remorques\/#breadcrumb","itemListElement":[{"@type":"ListItem","position":1,"name":"Home","item":"https:\/\/fleet.tech\/fr\/"},{"@type":"ListItem","position":2,"name":"Solutions","item":"https:\/\/fleet.tech\/fr\/solutions\/"},{"@type":"ListItem","position":3,"name":"Cat\u00e9gories","item":"https:\/\/fleet.tech\/fr\/solutions\/categories\/"},{"@type":"ListItem","position":4,"name":"Conteneurs et remorques"}]},{"@type":"WebSite","@id":"https:\/\/fleet.tech\/#website","url":"https:\/\/fleet.tech\/","name":"fleet.tech","description":"","potentialAction":[{"@type":"SearchAction","target":{"@type":"EntryPoint","urlTemplate":"https:\/\/fleet.tech\/?s={search_term_string}"},"query-input":{"@type":"PropertyValueSpecification","valueRequired":true,"valueName":"search_term_string"}}],"inLanguage":"fr-FR"}]}},"_links":{"self":[{"href":"https:\/\/fleet.tech\/fr\/wp-json\/wp\/v2\/pages\/4969","targetHints":{"allow":["GET"]}}],"collection":[{"href":"https:\/\/fleet.tech\/fr\/wp-json\/wp\/v2\/pages"}],"about":[{"href":"https:\/\/fleet.tech\/fr\/wp-json\/wp\/v2\/types\/page"}],"author":[{"embeddable":true,"href":"https:\/\/fleet.tech\/fr\/wp-json\/wp\/v2\/users\/3"}],"replies":[{"embeddable":true,"href":"https:\/\/fleet.tech\/fr\/wp-json\/wp\/v2\/comments?post=4969"}],"version-history":[{"count":3,"href":"https:\/\/fleet.tech\/fr\/wp-json\/wp\/v2\/pages\/4969\/revisions"}],"predecessor-version":[{"id":5340,"href":"https:\/\/fleet.tech\/fr\/wp-json\/wp\/v2\/pages\/4969\/revisions\/5340"}],"up":[{"embeddable":true,"href":"https:\/\/fleet.tech\/fr\/wp-json\/wp\/v2\/pages\/4945"}],"wp:featuredmedia":[{"embeddable":true,"href":"https:\/\/fleet.tech\/fr\/wp-json\/wp\/v2\/media\/3509"}],"wp:attachment":[{"href":"https:\/\/fleet.tech\/fr\/wp-json\/wp\/v2\/media?parent=4969"}],"curies":[{"name":"wp","href":"https:\/\/api.w.org\/{rel}","templated":true}]}}