{"id":4976,"date":"2018-07-18T16:58:53","date_gmt":"2018-07-18T15:58:53","guid":{"rendered":"http:\/\/fleet.tech\/preview\/loesungen\/kategorien\/leichte-nutzfahrzeuge\/"},"modified":"2018-09-16T16:16:26","modified_gmt":"2018-09-16T15:16:26","slug":"vehicules-utilitaires-legers","status":"publish","type":"page","link":"https:\/\/fleet.tech\/fr\/solutions\/categories\/vehicules-utilitaires-legers\/","title":{"rendered":"V\u00e9hicules utilitaires l\u00e9gers"},"content":{"rendered":"<div id=\"pl-4976\"  class=\"panel-layout\" ><div id=\"pg-4976-0\"  class=\"panel-grid panel-no-style\" ><div id=\"pgc-4976-0-0\"  class=\"panel-grid-cell\" ><div id=\"panel-4976-0-0-0\" class=\"so-panel widget widget_sow-editor panel-first-child\" data-index=\"0\" ><div\n\t\t\t\n\t\t\tclass=\"so-widget-sow-editor so-widget-sow-editor-base\"\n\t\t\t\n\t\t>\n<div class=\"siteorigin-widget-tinymce textwidget\">\n\t<h1>Gestion de flotte conforme au RGPD pour les transporteurs<\/h1>\n<p><strong>Transparence et efficience:<\/strong> la gestion efficace de la flotte exige des informations appropri\u00e9es. <\/p>\n<p>Les r\u00e9partiteurs peuvent uniquement cr\u00e9er des itin\u00e9raires et des planifications lorsque des donn\u00e9es sont disponibles sur la position actuelle. En utilisant le leader de l'innovation en t\u00e9l\u00e9matique, vous pouvez connecter tous vos v\u00e9hicules utilitaires l\u00e9gers \u00e0 la centrale et obtenir des informations pr\u00e9cieuses sur l'\u00e9tat du v\u00e9hicule affich\u00e9 directement sur votre t\u00e9l\u00e9phone mobile. Ces syst\u00e8mes sont conformes aux r\u00e9glementations du RGPD. Ils fournissent des donn\u00e9es sur la consommation ou le mode de conduite, ce qui permet une gestion efficace de vos fourgonnettes, Sprinter et les v\u00e9hicules de livraison. Renseignez-vous sur les possibilit\u00e9s et les options maintenant.<\/p>\n<\/div>\n<\/div><\/div><div id=\"panel-4976-0-0-1\" class=\"so-panel widget widget_sow-editor panel-last-child\" data-index=\"1\" ><div\n\t\t\t\n\t\t\tclass=\"so-widget-sow-editor so-widget-sow-editor-base\"\n\t\t\t\n\t\t>\n<div class=\"siteorigin-widget-tinymce textwidget\">\n\t    <div class=\"uk-container uk-container-center slideInUp fleet-categories\">\n      <div class=\"uk-flex uk-flex-center uk-grid uk-grid-small\"><div class=\"uk-width-small-1-2 uk-width-medium-1-2 uk-width-large-1-3 uk-width-xlarge-1-4\"><a class=\"uk-panel panel-white\" href=\"https:\/\/fleet.tech\/fr\/solutions\/industries\/telematique-pour-la-surveillance-de-la-temperature\/\"><div class=\"panel-content-pos\"><img decoding=\"async\" class=\"fn-svg telematique-pour-la-surveillance-de-la-temperature\" src=\"https:\/\/fleet.tech\/wp-content\/uploads\/temperaturueberwachung-1.svg\" alt=\"temperaturueberwachung\" \/><h3 class='panel-title uk-margin-remove'>T\u00e9l\u00e9matique pour la surveillance de la temp\u00e9rature<\/h3><div class='panel-excerpt uk-text-center'>Une surveillance continue de la temp\u00e9rature pour un transport fiable<\/div><\/div>\n              <\/a><\/div><div class=\"uk-width-small-1-2 uk-width-medium-1-2 uk-width-large-1-3 uk-width-xlarge-1-4\"><a class=\"uk-panel panel-white\" href=\"https:\/\/fleet.tech\/fr\/solutions\/industries\/telematique-pour-services-express-et-courrier\/\"><div class=\"panel-content-pos\"><img decoding=\"async\" class=\"fn-svg telematique-pour-services-express-et-courrier\" src=\"https:\/\/fleet.tech\/wp-content\/uploads\/expresskurier-1.svg\" alt=\"expresskurier\" \/><h3 class='panel-title uk-margin-remove'>T\u00e9l\u00e9matique pour services Express et Courrier<\/h3><div class='panel-excerpt uk-text-center'>Une disposition efficace gr\u00e2ce \u00e0 un suivi intelligent<\/div><\/div>\n              <\/a><\/div><div class=\"uk-width-small-1-2 uk-width-medium-1-2 uk-width-large-1-3 uk-width-xlarge-1-4\"><a class=\"uk-panel panel-white\" href=\"https:\/\/fleet.tech\/fr\/solutions\/industries\/telematique-pour-lindustrie-du-service-et-de-lentretien\/\"><div class=\"panel-content-pos\"><img decoding=\"async\" class=\"fn-svg telematique-pour-lindustrie-du-service-et-de-lentretien\" src=\"https:\/\/fleet.tech\/wp-content\/uploads\/installationsbranche-1.svg\" alt=\"installationsbranche\" \/><h3 class='panel-title uk-margin-remove'>T\u00e9l\u00e9matique pour l&rsquo;industrie du service et de l&rsquo;entretien<\/h3><div class='panel-excerpt uk-text-center'>Traitement pratique de vos commandes, m\u00eame avec un parc de v\u00e9hicules important<\/div><\/div>\n              <\/a><\/div><div class=\"uk-width-small-1-2 uk-width-medium-1-2 uk-width-large-1-3 uk-width-xlarge-1-4\"><a class=\"uk-panel panel-white\" href=\"https:\/\/fleet.tech\/fr\/solutions\/industries\/telematique-pour-le-transport-de-passagers\/\"><div class=\"panel-content-pos\"><img decoding=\"async\" class=\"fn-svg telematique-pour-le-transport-de-passagers\" src=\"https:\/\/fleet.tech\/wp-content\/uploads\/bus-side-view.svg\" alt=\"Personentransport\" \/><h3 class='panel-title uk-margin-remove'>T\u00e9l\u00e9matique pour le transport de passagers<\/h3><div class='panel-excerpt uk-text-center'>Une \u00e9conomie accrue gr\u00e2ce \u00e0 des donn\u00e9es d\u00e9taill\u00e9es sur les v\u00e9hicules<\/div><\/div>\n              <\/a><\/div><div class=\"uk-width-small-1-2 uk-width-medium-1-2 uk-width-large-1-3 uk-width-xlarge-1-4\"><a class=\"uk-panel panel-white\" href=\"https:\/\/fleet.tech\/fr\/solutions\/industries\/telematique-pour-des-vehicules-de-location\/\"><div class=\"panel-content-pos\"><img decoding=\"async\" class=\"fn-svg telematique-pour-des-vehicules-de-location\" src=\"https:\/\/fleet.tech\/wp-content\/uploads\/fahrzeugvermietung-1.svg\" alt=\"Fahrzeugvermietung\" \/><h3 class='panel-title uk-margin-remove'>T\u00e9l\u00e9matique pour des v\u00e9hicules de location<\/h3><div class='panel-excerpt uk-text-center'>Des fonctions de contr\u00f4le fiables pour ceux qui placent des v\u00e9hicules en mains \u00e9trang\u00e8res<\/div><\/div>\n              <\/a><\/div><\/div>\n    <\/div><\/div>\n<\/div><\/div><\/div><\/div><\/div>","protected":false},"excerpt":{"rendered":"<p>Gestion de flotte conforme au RGPD pour les transporteurs Transparence et efficience: la gestion efficace de la flotte exige des informations appropri\u00e9es. Les r\u00e9partiteurs peuvent uniquement cr\u00e9er des itin\u00e9raires et des planifications lorsque des donn\u00e9es sont disponibles sur la position actuelle. En utilisant le leader de l&rsquo;innovation en t\u00e9l\u00e9matique, vous pouvez connecter tous vos v\u00e9hicules [&hellip;]<\/p>\n","protected":false},"author":3,"featured_media":3502,"parent":4945,"menu_order":0,"comment_status":"closed","ping_status":"closed","template":"","meta":{"_acf_changed":false,"inline_featured_image":false,"footnotes":""},"class_list":["post-4976","page","type-page","status-publish","has-post-thumbnail","hentry"],"acf":[],"yoast_head":"<!-- This site is optimized with the Yoast SEO plugin v26.1.1 - https:\/\/yoast.com\/wordpress\/plugins\/seo\/ -->\n<title>DSGVO konformes Flottenmanagement f\u00fcr Transporter<\/title>\n<meta name=\"description\" content=\"Das Flottenmanagement stellt Unternehmer und Disponenten vor schwierige Aufgaben. Mithilfe der kosteneffizienten und innovativen L\u00f6sungvon fleet.tech\u00ae erhalten Unternehmensprozesse ungeahnte Dynamik.\" \/>\n<meta name=\"robots\" content=\"index, follow, max-snippet:-1, max-image-preview:large, max-video-preview:-1\" \/>\n<link rel=\"canonical\" href=\"https:\/\/fleet.tech\/fr\/solutions\/categories\/vehicules-utilitaires-legers\/\" \/>\n<meta property=\"og:locale\" content=\"fr_FR\" \/>\n<meta property=\"og:type\" content=\"article\" \/>\n<meta property=\"og:title\" content=\"DSGVO konformes Flottenmanagement f\u00fcr Transporter\" \/>\n<meta property=\"og:description\" content=\"Das Flottenmanagement stellt Unternehmer und Disponenten vor schwierige Aufgaben. Mithilfe der kosteneffizienten und innovativen L\u00f6sungvon fleet.tech\u00ae erhalten Unternehmensprozesse ungeahnte Dynamik.\" \/>\n<meta property=\"og:url\" content=\"https:\/\/fleet.tech\/fr\/solutions\/categories\/vehicules-utilitaires-legers\/\" \/>\n<meta property=\"og:site_name\" content=\"fleet.tech\" \/>\n<meta property=\"article:modified_time\" content=\"2018-09-16T15:16:26+00:00\" \/>\n<meta property=\"og:image\" content=\"https:\/\/fleet.tech\/wp-content\/uploads\/Kategorie_LCV-1.jpg\" \/>\n\t<meta property=\"og:image:width\" content=\"1920\" \/>\n\t<meta property=\"og:image:height\" content=\"1080\" \/>\n\t<meta property=\"og:image:type\" content=\"image\/jpeg\" \/>\n<meta name=\"twitter:card\" content=\"summary_large_image\" \/>\n<meta name=\"twitter:label1\" content=\"Dur\u00e9e de lecture estim\u00e9e\" \/>\n\t<meta name=\"twitter:data1\" content=\"1 minute\" \/>\n<script type=\"application\/ld+json\" class=\"yoast-schema-graph\">{\"@context\":\"https:\/\/schema.org\",\"@graph\":[{\"@type\":\"WebPage\",\"@id\":\"https:\/\/fleet.tech\/fr\/solutions\/categories\/vehicules-utilitaires-legers\/\",\"url\":\"https:\/\/fleet.tech\/fr\/solutions\/categories\/vehicules-utilitaires-legers\/\",\"name\":\"DSGVO konformes Flottenmanagement f\u00fcr Transporter\",\"isPartOf\":{\"@id\":\"https:\/\/fleet.tech\/#website\"},\"primaryImageOfPage\":{\"@id\":\"https:\/\/fleet.tech\/fr\/solutions\/categories\/vehicules-utilitaires-legers\/#primaryimage\"},\"image\":{\"@id\":\"https:\/\/fleet.tech\/fr\/solutions\/categories\/vehicules-utilitaires-legers\/#primaryimage\"},\"thumbnailUrl\":\"https:\/\/fleet.tech\/wp-content\/uploads\/Kategorie_LCV-1.jpg\",\"datePublished\":\"2018-07-18T15:58:53+00:00\",\"dateModified\":\"2018-09-16T15:16:26+00:00\",\"description\":\"Das Flottenmanagement stellt Unternehmer und Disponenten vor schwierige Aufgaben. Mithilfe der kosteneffizienten und innovativen L\u00f6sungvon fleet.tech\u00ae erhalten Unternehmensprozesse ungeahnte Dynamik.\",\"breadcrumb\":{\"@id\":\"https:\/\/fleet.tech\/fr\/solutions\/categories\/vehicules-utilitaires-legers\/#breadcrumb\"},\"inLanguage\":\"fr-FR\",\"potentialAction\":[{\"@type\":\"ReadAction\",\"target\":[\"https:\/\/fleet.tech\/fr\/solutions\/categories\/vehicules-utilitaires-legers\/\"]}]},{\"@type\":\"ImageObject\",\"inLanguage\":\"fr-FR\",\"@id\":\"https:\/\/fleet.tech\/fr\/solutions\/categories\/vehicules-utilitaires-legers\/#primaryimage\",\"url\":\"https:\/\/fleet.tech\/wp-content\/uploads\/Kategorie_LCV-1.jpg\",\"contentUrl\":\"https:\/\/fleet.tech\/wp-content\/uploads\/Kategorie_LCV-1.jpg\",\"width\":1920,\"height\":1080},{\"@type\":\"BreadcrumbList\",\"@id\":\"https:\/\/fleet.tech\/fr\/solutions\/categories\/vehicules-utilitaires-legers\/#breadcrumb\",\"itemListElement\":[{\"@type\":\"ListItem\",\"position\":1,\"name\":\"Home\",\"item\":\"https:\/\/fleet.tech\/fr\/\"},{\"@type\":\"ListItem\",\"position\":2,\"name\":\"Solutions\",\"item\":\"https:\/\/fleet.tech\/fr\/solutions\/\"},{\"@type\":\"ListItem\",\"position\":3,\"name\":\"Cat\u00e9gories\",\"item\":\"https:\/\/fleet.tech\/fr\/solutions\/categories\/\"},{\"@type\":\"ListItem\",\"position\":4,\"name\":\"V\u00e9hicules utilitaires l\u00e9gers\"}]},{\"@type\":\"WebSite\",\"@id\":\"https:\/\/fleet.tech\/#website\",\"url\":\"https:\/\/fleet.tech\/\",\"name\":\"fleet.tech\",\"description\":\"\",\"potentialAction\":[{\"@type\":\"SearchAction\",\"target\":{\"@type\":\"EntryPoint\",\"urlTemplate\":\"https:\/\/fleet.tech\/?s={search_term_string}\"},\"query-input\":{\"@type\":\"PropertyValueSpecification\",\"valueRequired\":true,\"valueName\":\"search_term_string\"}}],\"inLanguage\":\"fr-FR\"}]}<\/script>\n<!-- \/ Yoast SEO plugin. -->","yoast_head_json":{"title":"DSGVO konformes Flottenmanagement f\u00fcr Transporter","description":"Das Flottenmanagement stellt Unternehmer und Disponenten vor schwierige Aufgaben. Mithilfe der kosteneffizienten und innovativen L\u00f6sungvon fleet.tech\u00ae erhalten Unternehmensprozesse ungeahnte Dynamik.","robots":{"index":"index","follow":"follow","max-snippet":"max-snippet:-1","max-image-preview":"max-image-preview:large","max-video-preview":"max-video-preview:-1"},"canonical":"https:\/\/fleet.tech\/fr\/solutions\/categories\/vehicules-utilitaires-legers\/","og_locale":"fr_FR","og_type":"article","og_title":"DSGVO konformes Flottenmanagement f\u00fcr Transporter","og_description":"Das Flottenmanagement stellt Unternehmer und Disponenten vor schwierige Aufgaben. Mithilfe der kosteneffizienten und innovativen L\u00f6sungvon fleet.tech\u00ae erhalten Unternehmensprozesse ungeahnte Dynamik.","og_url":"https:\/\/fleet.tech\/fr\/solutions\/categories\/vehicules-utilitaires-legers\/","og_site_name":"fleet.tech","article_modified_time":"2018-09-16T15:16:26+00:00","og_image":[{"width":1920,"height":1080,"url":"https:\/\/fleet.tech\/wp-content\/uploads\/Kategorie_LCV-1.jpg","type":"image\/jpeg"}],"twitter_card":"summary_large_image","twitter_misc":{"Dur\u00e9e de lecture estim\u00e9e":"1 minute"},"schema":{"@context":"https:\/\/schema.org","@graph":[{"@type":"WebPage","@id":"https:\/\/fleet.tech\/fr\/solutions\/categories\/vehicules-utilitaires-legers\/","url":"https:\/\/fleet.tech\/fr\/solutions\/categories\/vehicules-utilitaires-legers\/","name":"DSGVO konformes Flottenmanagement f\u00fcr Transporter","isPartOf":{"@id":"https:\/\/fleet.tech\/#website"},"primaryImageOfPage":{"@id":"https:\/\/fleet.tech\/fr\/solutions\/categories\/vehicules-utilitaires-legers\/#primaryimage"},"image":{"@id":"https:\/\/fleet.tech\/fr\/solutions\/categories\/vehicules-utilitaires-legers\/#primaryimage"},"thumbnailUrl":"https:\/\/fleet.tech\/wp-content\/uploads\/Kategorie_LCV-1.jpg","datePublished":"2018-07-18T15:58:53+00:00","dateModified":"2018-09-16T15:16:26+00:00","description":"Das Flottenmanagement stellt Unternehmer und Disponenten vor schwierige Aufgaben. Mithilfe der kosteneffizienten und innovativen L\u00f6sungvon fleet.tech\u00ae erhalten Unternehmensprozesse ungeahnte Dynamik.","breadcrumb":{"@id":"https:\/\/fleet.tech\/fr\/solutions\/categories\/vehicules-utilitaires-legers\/#breadcrumb"},"inLanguage":"fr-FR","potentialAction":[{"@type":"ReadAction","target":["https:\/\/fleet.tech\/fr\/solutions\/categories\/vehicules-utilitaires-legers\/"]}]},{"@type":"ImageObject","inLanguage":"fr-FR","@id":"https:\/\/fleet.tech\/fr\/solutions\/categories\/vehicules-utilitaires-legers\/#primaryimage","url":"https:\/\/fleet.tech\/wp-content\/uploads\/Kategorie_LCV-1.jpg","contentUrl":"https:\/\/fleet.tech\/wp-content\/uploads\/Kategorie_LCV-1.jpg","width":1920,"height":1080},{"@type":"BreadcrumbList","@id":"https:\/\/fleet.tech\/fr\/solutions\/categories\/vehicules-utilitaires-legers\/#breadcrumb","itemListElement":[{"@type":"ListItem","position":1,"name":"Home","item":"https:\/\/fleet.tech\/fr\/"},{"@type":"ListItem","position":2,"name":"Solutions","item":"https:\/\/fleet.tech\/fr\/solutions\/"},{"@type":"ListItem","position":3,"name":"Cat\u00e9gories","item":"https:\/\/fleet.tech\/fr\/solutions\/categories\/"},{"@type":"ListItem","position":4,"name":"V\u00e9hicules utilitaires l\u00e9gers"}]},{"@type":"WebSite","@id":"https:\/\/fleet.tech\/#website","url":"https:\/\/fleet.tech\/","name":"fleet.tech","description":"","potentialAction":[{"@type":"SearchAction","target":{"@type":"EntryPoint","urlTemplate":"https:\/\/fleet.tech\/?s={search_term_string}"},"query-input":{"@type":"PropertyValueSpecification","valueRequired":true,"valueName":"search_term_string"}}],"inLanguage":"fr-FR"}]}},"_links":{"self":[{"href":"https:\/\/fleet.tech\/fr\/wp-json\/wp\/v2\/pages\/4976","targetHints":{"allow":["GET"]}}],"collection":[{"href":"https:\/\/fleet.tech\/fr\/wp-json\/wp\/v2\/pages"}],"about":[{"href":"https:\/\/fleet.tech\/fr\/wp-json\/wp\/v2\/types\/page"}],"author":[{"embeddable":true,"href":"https:\/\/fleet.tech\/fr\/wp-json\/wp\/v2\/users\/3"}],"replies":[{"embeddable":true,"href":"https:\/\/fleet.tech\/fr\/wp-json\/wp\/v2\/comments?post=4976"}],"version-history":[{"count":3,"href":"https:\/\/fleet.tech\/fr\/wp-json\/wp\/v2\/pages\/4976\/revisions"}],"predecessor-version":[{"id":5343,"href":"https:\/\/fleet.tech\/fr\/wp-json\/wp\/v2\/pages\/4976\/revisions\/5343"}],"up":[{"embeddable":true,"href":"https:\/\/fleet.tech\/fr\/wp-json\/wp\/v2\/pages\/4945"}],"wp:featuredmedia":[{"embeddable":true,"href":"https:\/\/fleet.tech\/fr\/wp-json\/wp\/v2\/media\/3502"}],"wp:attachment":[{"href":"https:\/\/fleet.tech\/fr\/wp-json\/wp\/v2\/media?parent=4976"}],"curies":[{"name":"wp","href":"https:\/\/api.w.org\/{rel}","templated":true}]}}