{"id":4994,"date":"2018-07-18T16:59:23","date_gmt":"2018-07-18T15:59:23","guid":{"rendered":"http:\/\/fleet.tech\/preview\/loesungen\/kategorien\/personentransporte\/"},"modified":"2018-09-16T16:18:20","modified_gmt":"2018-09-16T15:18:20","slug":"transport-de-passagers","status":"publish","type":"page","link":"https:\/\/fleet.tech\/fr\/solutions\/categories\/transport-de-passagers\/","title":{"rendered":"Transport de passagers"},"content":{"rendered":"<div id=\"pl-4994\"  class=\"panel-layout\" ><div id=\"pg-4994-0\"  class=\"panel-grid panel-no-style\" ><div id=\"pgc-4994-0-0\"  class=\"panel-grid-cell\" ><div id=\"panel-4994-0-0-0\" class=\"so-panel widget widget_sow-editor panel-first-child\" data-index=\"0\" ><div\n\t\t\t\n\t\t\tclass=\"so-widget-sow-editor so-widget-sow-editor-base\"\n\t\t\t\n\t\t>\n<div class=\"siteorigin-widget-tinymce textwidget\">\n\t<h1>Solution t\u00e9l\u00e9matique pratique pour la gestion de flotte de bus<\/h1>\n<p><strong>S\u00e9curit\u00e9 et transparence:<\/strong> les entreprises du transport de passagers ont besoin d'informations fiables sur le fonctionnement de leurs autobus afin de pouvoir r\u00e9agir rapidement \u00e0 des situations impr\u00e9vues. <\/p>\n<p>En utilisant le fournisseur prim\u00e9 de gestion de flotte Fleet. Tech, vous obtenez des donn\u00e9es sur l'\u00e9tat du v\u00e9hicule en temps r\u00e9el. Peu importe si le tachygraphe est lu, une analyse \u00e9tendue du mode de conduite ou la surveillance de la pression des pneumatiques \u2013 ind\u00e9pendant du fabricant, la t\u00e9l\u00e9matique Fleet Tech \u00ae peut \u00eatre install\u00e9e sans probl\u00e8mes et en tenant compte des exigences du client. Avec le syst\u00e8me de rapport \u00e9tendu, vous r\u00e9duisez \u00e9galement votre travail, puisque la cr\u00e9ation manuelle des d\u00e9comptes est consid\u00e9rablement simplifi\u00e9e \u00ac-naturellement prenant en compte les dispositions applicables au RGPD. Pour en savoir plus sur les utilisations possibles de la t\u00e9l\u00e9matique dans le transport de passagers.<\/p>\n<\/div>\n<\/div><\/div><div id=\"panel-4994-0-0-1\" class=\"so-panel widget widget_sow-editor panel-last-child\" data-index=\"1\" ><div\n\t\t\t\n\t\t\tclass=\"so-widget-sow-editor so-widget-sow-editor-base\"\n\t\t\t\n\t\t>\n<div class=\"siteorigin-widget-tinymce textwidget\">\n\t    <div class=\"uk-container uk-container-center slideInUp fleet-categories\">\n      <div class=\"uk-flex uk-flex-center uk-grid uk-grid-small\"><div class=\"uk-width-small-1-2 uk-width-medium-1-2 uk-width-large-1-3 uk-width-xlarge-1-4\"><a class=\"uk-panel panel-white\" href=\"https:\/\/fleet.tech\/fr\/solutions\/industries\/telematique-pour-le-transport-de-passagers\/\"><div class=\"panel-content-pos\"><img decoding=\"async\" class=\"fn-svg telematique-pour-le-transport-de-passagers\" src=\"https:\/\/fleet.tech\/wp-content\/uploads\/bus-side-view.svg\" alt=\"Personentransport\" \/><h3 class='panel-title uk-margin-remove'>T\u00e9l\u00e9matique pour le transport de passagers<\/h3><div class='panel-excerpt uk-text-center'>Une \u00e9conomie accrue gr\u00e2ce \u00e0 des donn\u00e9es d\u00e9taill\u00e9es sur les v\u00e9hicules<\/div><\/div>\n              <\/a><\/div><div class=\"uk-width-small-1-2 uk-width-medium-1-2 uk-width-large-1-3 uk-width-xlarge-1-4\"><a class=\"uk-panel panel-white\" href=\"https:\/\/fleet.tech\/fr\/solutions\/industries\/telematique-pour-des-vehicules-de-location\/\"><div class=\"panel-content-pos\"><img decoding=\"async\" class=\"fn-svg telematique-pour-des-vehicules-de-location\" src=\"https:\/\/fleet.tech\/wp-content\/uploads\/fahrzeugvermietung-1.svg\" alt=\"Fahrzeugvermietung\" \/><h3 class='panel-title uk-margin-remove'>T\u00e9l\u00e9matique pour des v\u00e9hicules de location<\/h3><div class='panel-excerpt uk-text-center'>Des fonctions de contr\u00f4le fiables pour ceux qui placent des v\u00e9hicules en mains \u00e9trang\u00e8res<\/div><\/div>\n              <\/a><\/div><\/div>\n    <\/div><\/div>\n<\/div><\/div><\/div><\/div><\/div>","protected":false},"excerpt":{"rendered":"<p>Solution t\u00e9l\u00e9matique pratique pour la gestion de flotte de bus S\u00e9curit\u00e9 et transparence: les entreprises du transport de passagers ont besoin d&rsquo;informations fiables sur le fonctionnement de leurs autobus afin de pouvoir r\u00e9agir rapidement \u00e0 des situations impr\u00e9vues. En utilisant le fournisseur prim\u00e9 de gestion de flotte Fleet. Tech, vous obtenez des donn\u00e9es sur l&rsquo;\u00e9tat [&hellip;]<\/p>\n","protected":false},"author":3,"featured_media":3477,"parent":4945,"menu_order":0,"comment_status":"closed","ping_status":"closed","template":"","meta":{"_acf_changed":false,"inline_featured_image":false,"footnotes":""},"class_list":["post-4994","page","type-page","status-publish","has-post-thumbnail","hentry"],"acf":[],"yoast_head":"<!-- This site is optimized with the Yoast SEO plugin v26.1.1 - https:\/\/yoast.com\/wordpress\/plugins\/seo\/ -->\n<title>Praktische Telematik L\u00f6sung f\u00fcr das Bus-Flottenmanagement<\/title>\n<meta name=\"description\" content=\"Mit der kosteneffizienten Telematik des Serien-Testsiegers werden Informationen Ihrer Personentransporter in Echtzeit erfasst. So beh\u00e4lt man \u00fcber die Busse jederzeit den \u00dcberblick.\" \/>\n<meta name=\"robots\" content=\"index, follow, max-snippet:-1, max-image-preview:large, max-video-preview:-1\" \/>\n<link rel=\"canonical\" href=\"https:\/\/fleet.tech\/fr\/solutions\/categories\/transport-de-passagers\/\" \/>\n<meta property=\"og:locale\" content=\"fr_FR\" \/>\n<meta property=\"og:type\" content=\"article\" \/>\n<meta property=\"og:title\" content=\"Praktische Telematik L\u00f6sung f\u00fcr das Bus-Flottenmanagement\" \/>\n<meta property=\"og:description\" content=\"Mit der kosteneffizienten Telematik des Serien-Testsiegers werden Informationen Ihrer Personentransporter in Echtzeit erfasst. So beh\u00e4lt man \u00fcber die Busse jederzeit den \u00dcberblick.\" \/>\n<meta property=\"og:url\" content=\"https:\/\/fleet.tech\/fr\/solutions\/categories\/transport-de-passagers\/\" \/>\n<meta property=\"og:site_name\" content=\"fleet.tech\" \/>\n<meta property=\"article:modified_time\" content=\"2018-09-16T15:18:20+00:00\" \/>\n<meta property=\"og:image\" content=\"https:\/\/fleet.tech\/wp-content\/uploads\/Kategorie_Personentransporte.jpg\" \/>\n\t<meta property=\"og:image:width\" content=\"1920\" \/>\n\t<meta property=\"og:image:height\" content=\"1080\" \/>\n\t<meta property=\"og:image:type\" content=\"image\/jpeg\" \/>\n<meta name=\"twitter:card\" content=\"summary_large_image\" \/>\n<meta name=\"twitter:label1\" content=\"Dur\u00e9e de lecture estim\u00e9e\" \/>\n\t<meta name=\"twitter:data1\" content=\"1 minute\" \/>\n<script type=\"application\/ld+json\" class=\"yoast-schema-graph\">{\"@context\":\"https:\/\/schema.org\",\"@graph\":[{\"@type\":\"WebPage\",\"@id\":\"https:\/\/fleet.tech\/fr\/solutions\/categories\/transport-de-passagers\/\",\"url\":\"https:\/\/fleet.tech\/fr\/solutions\/categories\/transport-de-passagers\/\",\"name\":\"Praktische Telematik L\u00f6sung f\u00fcr das Bus-Flottenmanagement\",\"isPartOf\":{\"@id\":\"https:\/\/fleet.tech\/#website\"},\"primaryImageOfPage\":{\"@id\":\"https:\/\/fleet.tech\/fr\/solutions\/categories\/transport-de-passagers\/#primaryimage\"},\"image\":{\"@id\":\"https:\/\/fleet.tech\/fr\/solutions\/categories\/transport-de-passagers\/#primaryimage\"},\"thumbnailUrl\":\"https:\/\/fleet.tech\/wp-content\/uploads\/Kategorie_Personentransporte.jpg\",\"datePublished\":\"2018-07-18T15:59:23+00:00\",\"dateModified\":\"2018-09-16T15:18:20+00:00\",\"description\":\"Mit der kosteneffizienten Telematik des Serien-Testsiegers werden Informationen Ihrer Personentransporter in Echtzeit erfasst. So beh\u00e4lt man \u00fcber die Busse jederzeit den \u00dcberblick.\",\"breadcrumb\":{\"@id\":\"https:\/\/fleet.tech\/fr\/solutions\/categories\/transport-de-passagers\/#breadcrumb\"},\"inLanguage\":\"fr-FR\",\"potentialAction\":[{\"@type\":\"ReadAction\",\"target\":[\"https:\/\/fleet.tech\/fr\/solutions\/categories\/transport-de-passagers\/\"]}]},{\"@type\":\"ImageObject\",\"inLanguage\":\"fr-FR\",\"@id\":\"https:\/\/fleet.tech\/fr\/solutions\/categories\/transport-de-passagers\/#primaryimage\",\"url\":\"https:\/\/fleet.tech\/wp-content\/uploads\/Kategorie_Personentransporte.jpg\",\"contentUrl\":\"https:\/\/fleet.tech\/wp-content\/uploads\/Kategorie_Personentransporte.jpg\",\"width\":1920,\"height\":1080},{\"@type\":\"BreadcrumbList\",\"@id\":\"https:\/\/fleet.tech\/fr\/solutions\/categories\/transport-de-passagers\/#breadcrumb\",\"itemListElement\":[{\"@type\":\"ListItem\",\"position\":1,\"name\":\"Home\",\"item\":\"https:\/\/fleet.tech\/fr\/\"},{\"@type\":\"ListItem\",\"position\":2,\"name\":\"Solutions\",\"item\":\"https:\/\/fleet.tech\/fr\/solutions\/\"},{\"@type\":\"ListItem\",\"position\":3,\"name\":\"Cat\u00e9gories\",\"item\":\"https:\/\/fleet.tech\/fr\/solutions\/categories\/\"},{\"@type\":\"ListItem\",\"position\":4,\"name\":\"Transport de passagers\"}]},{\"@type\":\"WebSite\",\"@id\":\"https:\/\/fleet.tech\/#website\",\"url\":\"https:\/\/fleet.tech\/\",\"name\":\"fleet.tech\",\"description\":\"\",\"potentialAction\":[{\"@type\":\"SearchAction\",\"target\":{\"@type\":\"EntryPoint\",\"urlTemplate\":\"https:\/\/fleet.tech\/?s={search_term_string}\"},\"query-input\":{\"@type\":\"PropertyValueSpecification\",\"valueRequired\":true,\"valueName\":\"search_term_string\"}}],\"inLanguage\":\"fr-FR\"}]}<\/script>\n<!-- \/ Yoast SEO plugin. -->","yoast_head_json":{"title":"Praktische Telematik L\u00f6sung f\u00fcr das Bus-Flottenmanagement","description":"Mit der kosteneffizienten Telematik des Serien-Testsiegers werden Informationen Ihrer Personentransporter in Echtzeit erfasst. So beh\u00e4lt man \u00fcber die Busse jederzeit den \u00dcberblick.","robots":{"index":"index","follow":"follow","max-snippet":"max-snippet:-1","max-image-preview":"max-image-preview:large","max-video-preview":"max-video-preview:-1"},"canonical":"https:\/\/fleet.tech\/fr\/solutions\/categories\/transport-de-passagers\/","og_locale":"fr_FR","og_type":"article","og_title":"Praktische Telematik L\u00f6sung f\u00fcr das Bus-Flottenmanagement","og_description":"Mit der kosteneffizienten Telematik des Serien-Testsiegers werden Informationen Ihrer Personentransporter in Echtzeit erfasst. So beh\u00e4lt man \u00fcber die Busse jederzeit den \u00dcberblick.","og_url":"https:\/\/fleet.tech\/fr\/solutions\/categories\/transport-de-passagers\/","og_site_name":"fleet.tech","article_modified_time":"2018-09-16T15:18:20+00:00","og_image":[{"width":1920,"height":1080,"url":"https:\/\/fleet.tech\/wp-content\/uploads\/Kategorie_Personentransporte.jpg","type":"image\/jpeg"}],"twitter_card":"summary_large_image","twitter_misc":{"Dur\u00e9e de lecture estim\u00e9e":"1 minute"},"schema":{"@context":"https:\/\/schema.org","@graph":[{"@type":"WebPage","@id":"https:\/\/fleet.tech\/fr\/solutions\/categories\/transport-de-passagers\/","url":"https:\/\/fleet.tech\/fr\/solutions\/categories\/transport-de-passagers\/","name":"Praktische Telematik L\u00f6sung f\u00fcr das Bus-Flottenmanagement","isPartOf":{"@id":"https:\/\/fleet.tech\/#website"},"primaryImageOfPage":{"@id":"https:\/\/fleet.tech\/fr\/solutions\/categories\/transport-de-passagers\/#primaryimage"},"image":{"@id":"https:\/\/fleet.tech\/fr\/solutions\/categories\/transport-de-passagers\/#primaryimage"},"thumbnailUrl":"https:\/\/fleet.tech\/wp-content\/uploads\/Kategorie_Personentransporte.jpg","datePublished":"2018-07-18T15:59:23+00:00","dateModified":"2018-09-16T15:18:20+00:00","description":"Mit der kosteneffizienten Telematik des Serien-Testsiegers werden Informationen Ihrer Personentransporter in Echtzeit erfasst. So beh\u00e4lt man \u00fcber die Busse jederzeit den \u00dcberblick.","breadcrumb":{"@id":"https:\/\/fleet.tech\/fr\/solutions\/categories\/transport-de-passagers\/#breadcrumb"},"inLanguage":"fr-FR","potentialAction":[{"@type":"ReadAction","target":["https:\/\/fleet.tech\/fr\/solutions\/categories\/transport-de-passagers\/"]}]},{"@type":"ImageObject","inLanguage":"fr-FR","@id":"https:\/\/fleet.tech\/fr\/solutions\/categories\/transport-de-passagers\/#primaryimage","url":"https:\/\/fleet.tech\/wp-content\/uploads\/Kategorie_Personentransporte.jpg","contentUrl":"https:\/\/fleet.tech\/wp-content\/uploads\/Kategorie_Personentransporte.jpg","width":1920,"height":1080},{"@type":"BreadcrumbList","@id":"https:\/\/fleet.tech\/fr\/solutions\/categories\/transport-de-passagers\/#breadcrumb","itemListElement":[{"@type":"ListItem","position":1,"name":"Home","item":"https:\/\/fleet.tech\/fr\/"},{"@type":"ListItem","position":2,"name":"Solutions","item":"https:\/\/fleet.tech\/fr\/solutions\/"},{"@type":"ListItem","position":3,"name":"Cat\u00e9gories","item":"https:\/\/fleet.tech\/fr\/solutions\/categories\/"},{"@type":"ListItem","position":4,"name":"Transport de passagers"}]},{"@type":"WebSite","@id":"https:\/\/fleet.tech\/#website","url":"https:\/\/fleet.tech\/","name":"fleet.tech","description":"","potentialAction":[{"@type":"SearchAction","target":{"@type":"EntryPoint","urlTemplate":"https:\/\/fleet.tech\/?s={search_term_string}"},"query-input":{"@type":"PropertyValueSpecification","valueRequired":true,"valueName":"search_term_string"}}],"inLanguage":"fr-FR"}]}},"_links":{"self":[{"href":"https:\/\/fleet.tech\/fr\/wp-json\/wp\/v2\/pages\/4994","targetHints":{"allow":["GET"]}}],"collection":[{"href":"https:\/\/fleet.tech\/fr\/wp-json\/wp\/v2\/pages"}],"about":[{"href":"https:\/\/fleet.tech\/fr\/wp-json\/wp\/v2\/types\/page"}],"author":[{"embeddable":true,"href":"https:\/\/fleet.tech\/fr\/wp-json\/wp\/v2\/users\/3"}],"replies":[{"embeddable":true,"href":"https:\/\/fleet.tech\/fr\/wp-json\/wp\/v2\/comments?post=4994"}],"version-history":[{"count":3,"href":"https:\/\/fleet.tech\/fr\/wp-json\/wp\/v2\/pages\/4994\/revisions"}],"predecessor-version":[{"id":5346,"href":"https:\/\/fleet.tech\/fr\/wp-json\/wp\/v2\/pages\/4994\/revisions\/5346"}],"up":[{"embeddable":true,"href":"https:\/\/fleet.tech\/fr\/wp-json\/wp\/v2\/pages\/4945"}],"wp:featuredmedia":[{"embeddable":true,"href":"https:\/\/fleet.tech\/fr\/wp-json\/wp\/v2\/media\/3477"}],"wp:attachment":[{"href":"https:\/\/fleet.tech\/fr\/wp-json\/wp\/v2\/media?parent=4994"}],"curies":[{"name":"wp","href":"https:\/\/api.w.org\/{rel}","templated":true}]}}