{"id":5301,"date":"2018-07-18T17:04:04","date_gmt":"2018-07-18T16:04:04","guid":{"rendered":"http:\/\/fleet.tech\/preview\/solutions\/industries\/fahrtenbuch-aussendienst\/"},"modified":"2020-05-06T10:14:35","modified_gmt":"2020-05-06T09:14:35","slug":"livret-de-bord","status":"publish","type":"page","link":"https:\/\/fleet.tech\/fr\/solutions\/industries\/livret-de-bord\/","title":{"rendered":"Livret de bord"},"content":{"rendered":"<div id=\"pl-5301\"  class=\"panel-layout\" ><div id=\"pg-5301-0\"  class=\"panel-grid panel-has-style\" ><div class=\"siteorigin-panels-stretch panel-row-style panel-row-style-for-5301-0\" data-stretch-type=\"full\" ><div id=\"pgc-5301-0-0\"  class=\"panel-grid-cell\" ><div id=\"panel-5301-0-0-0\" class=\"so-panel widget widget_sow-editor panel-first-child panel-last-child\" data-index=\"0\" ><div\n\t\t\t\n\t\t\tclass=\"so-widget-sow-editor so-widget-sow-editor-base\"\n\t\t\t\n\t\t>\n<div class=\"siteorigin-widget-tinymce textwidget\">\n\t<h1 style=\"text-align: center;\">Le livret de bord \u00e9lectronique pour les v\u00e9hicules de soci\u00e9t\u00e9<\/h1>\n<p style=\"text-align: center;\"><strong>La gestion des flottes de voitures particuli\u00e8res pr\u00e9sente des d\u00e9fis particuliers.<\/strong><\/p>\n<p style=\"text-align: center;\">D\u2018une part, les besoins du conducteur en mati\u00e8re de protection des donn\u00e9es (RGPD) et du comit\u00e9 d\u2018entreprise doivent \u00eatre pris en compte et, d\u2018autre part, les besoins de rentabilit\u00e9 et de s\u00e9curit\u00e9 de l\u2018exploitant du parc et du d\u00e9tenteur du v\u00e9hicule. En savoir plus sur les solutions de livre de bord fiscal fleet.tech\u00ae !<\/p>\n<\/div>\n<\/div><\/div><\/div><\/div><\/div><div id=\"pg-5301-1\"  class=\"panel-grid panel-has-style\" ><div class=\"bg-lightgrey fn-padding siteorigin-panels-stretch panel-row-style panel-row-style-for-5301-1\" data-stretch-type=\"full-stretched\" ><div id=\"pgc-5301-1-0\"  class=\"panel-grid-cell\" ><div id=\"panel-5301-1-0-0\" class=\"so-panel widget widget_sow-editor panel-first-child panel-last-child\" data-index=\"1\" ><div\n\t\t\t\n\t\t\tclass=\"so-widget-sow-editor so-widget-sow-editor-base\"\n\t\t\t\n\t\t>\n<div class=\"siteorigin-widget-tinymce textwidget\">\n\t<h2 style=\"text-align: center;\"><span class=\"uk-h3\">Fonctions de fleet.tech en r\u00e9sum\u00e9<\/span><\/h2>\n    <!--div class=\"categories fn-panel\"-->\n    <div class=\"uk-accordion categories fn-panel\" data-uk-accordion=\"{showfirst:false,collapse: false}\">\n      <div class=\"uk-grid uk-grid-small uk-grid-width-small-1-1 uk-grid-width-medium-1-2 uk-grid-width-large-1-3 uk-grid-width-xlarge-1-4 uk-flex-center\">\n                  <div>\n            <div class=\"uk-panel uk-panel-header \">\n                <h3 class=\"uk-panel-title uk-accordion-title\"><img decoding=\"async\" class=\"fn-svg qualites-activedevicemanagement\" src=\"https:\/\/fleet.tech\/wp-content\/uploads\/active_device.svg\" alt=\"active Device\" \/>Qualit\u00e9s: ActiveDeviceManagement\u00a9<\/h3>\n                <div class=\"content uk-accordion-content\"><ul>\n<li>Surveillance permanente des terminaux et <\/li>\n<li>Par cons\u00e9quent une qualit\u00e9 de donn\u00e9es optimis\u00e9es <\/li>\n<li>Algorithme complexe pour l&rsquo;auto-optimisation des appareils sur la base d&rsquo;une intelligence artificielle <\/li>\n<li>Gestion compl\u00e8tement autonome <\/li>\n<li>Int\u00e9gr\u00e9 dans la fonction AdvancedMonitoring\u00a9<\/li>\n<\/ul>\n<\/div>\n            <\/div>\n          <\/div>\n                  <div>\n            <div class=\"uk-panel uk-panel-header \">\n                <h3 class=\"uk-panel-title uk-accordion-title\"><img decoding=\"async\" class=\"fn-svg carnet-de-bord\" src=\"https:\/\/fleet.tech\/wp-content\/uploads\/fahrtenbuch.svg\" alt=\"fahrtenbuch\" \/>Carnet de bord: Logbook<\/h3>\n                <div class=\"content uk-accordion-content\"><ul>\n<li>Manipulation particuli\u00e8rement simple et intuitive<\/li>\n<li>Carnet de bord complet ou r\u00e9duit en option<\/li>\n<li>La confidentialit\u00e9 des utilisateurs peut \u00eatre prot\u00e9g\u00e9e sur demande.<\/li>\n<li>Utilisation rentable<\/li>\n<li>Toutes les exigences du RGPD sont respect\u00e9es.<\/li>\n<\/ul>\n<\/div>\n            <\/div>\n          <\/div>\n                  <div>\n            <div class=\"uk-panel uk-panel-header \">\n                <h3 class=\"uk-panel-title uk-accordion-title\"><img decoding=\"async\" class=\"fn-svg advancedmonitoring\" src=\"https:\/\/fleet.tech\/wp-content\/uploads\/advanced_monitoring.svg\" alt=\"advanced monitoring\" \/>AdvancedMonitoring\u00a9<\/h3>\n                <div class=\"content uk-accordion-content\"><ul>\n<li>Les r\u00e8gles de surveillance sont d\u00e9termin\u00e9es individuellement selon vos souhaits.<\/li>\n<li>Les notifications et les alarmes sont envoy\u00e9es par e-mail.<\/li>\n<li>Les notifications et les alarmes peuvent \u00e9galement \u00eatre envoy\u00e9es par SMS.<\/li>\n<li>Les notifications et les alarmes peuvent toujours \u00eatre transmises via des appels automatis\u00e9s.<\/li>\n<li>De plus, le syst\u00e8me dispose d&rsquo;une interface standardis\u00e9e qui permet d&rsquo;envoyer des notifications et des alarmes.\n<\/li>\n<\/ul>\n<\/div>\n            <\/div>\n          <\/div>\n                  <div>\n            <div class=\"uk-panel uk-panel-header \">\n                <h3 class=\"uk-panel-title uk-accordion-title\"><img decoding=\"async\" class=\"fn-svg carnet-de-bord-virtual-toggle\" src=\"https:\/\/fleet.tech\/wp-content\/uploads\/virtual_toggle.svg\" alt=\"virtual toggle\" \/>Cernet de bord: VirtualToggle\u00a9<\/h3>\n                <div class=\"content uk-accordion-content\"><ul>\n<li>Utilisation particuli\u00e8rement simple et intuitive<\/li>\n<li>Commutateur virtuel avec 4 options<\/li>\n<li>PRIV\u00c9\/ENTREPRISE\/PENDULUM\/FAMILYHEIMFAHRT<\/li>\n<li>Tous les changements sont enregistr\u00e9s<\/li>\n<li>Confidentialit\u00e9 garantie \u00e0 100% \/ conforme \u00e0 la RGPD<\/li>\n<\/ul>\n<\/div>\n            <\/div>\n          <\/div>\n              <\/div>\n    <\/div>\n  \n  \n<\/div>\n<\/div><\/div><\/div><\/div><\/div><div id=\"pg-5301-2\"  class=\"panel-grid panel-has-style\" ><div class=\"siteorigin-panels-stretch panel-row-style panel-row-style-for-5301-2\" data-stretch-type=\"full-stretched\" ><div id=\"pgc-5301-2-0\"  class=\"panel-grid-cell\" ><div id=\"panel-5301-2-0-0\" class=\"so-panel widget widget_sow-editor panel-first-child panel-last-child\" data-index=\"2\" ><div\n\t\t\t\n\t\t\tclass=\"so-widget-sow-editor so-widget-sow-editor-base\"\n\t\t\t\n\t\t>\n<div class=\"siteorigin-widget-tinymce textwidget\">\n\t\n  <div id=\"cta\" class=\"bg-green\">\n    <div class=\"uk-container uk-container-center\">\n      <div class=\"uk-grid uk-grid-large uk-flex uk-flex-middle uk-margin-small-top uk-margin-small-bottom\">\n        <div class=\"uk-width-small-1-1 uk-width-medium-6-10\">\n          <p class=\"uk-h4\">Obtenez votre offre individuelle maintenant!<\/p>\n        <\/div>\n        <div class=\"uk-width-small-1-1 uk-width-medium-1-1 uk-width-large-4-10 uk-text-right\">\n          <a href=\"https:\/\/fleet.tech\/fr\/solutionfinder\/logbook\/\" class=\"uk-button\">Seulement deux \u00e9tapes \u00e0 l'offre<\/a>\n        <\/div>\n      <\/div>\n    <\/div>\n  <\/div>\n\n  \n<\/div>\n<\/div><\/div><\/div><\/div><\/div><div id=\"pg-5301-3\"  class=\"panel-grid panel-has-style\" ><div class=\"siteorigin-panels-stretch panel-row-style panel-row-style-for-5301-3\" data-stretch-type=\"full\" ><div id=\"pgc-5301-3-0\"  class=\"panel-grid-cell\" ><div id=\"panel-5301-3-0-0\" class=\"so-panel widget widget_sow-editor panel-first-child panel-last-child\" data-index=\"3\" ><div\n\t\t\t\n\t\t\tclass=\"so-widget-sow-editor so-widget-sow-editor-base\"\n\t\t\t\n\t\t>\n<div class=\"siteorigin-widget-tinymce textwidget\">\n\t<p><img decoding=\"async\" class=\"size-medium wp-image-3763 aligncenter\" src=\"https:\/\/fleet.tech\/wp-content\/uploads\/APP_VirtualToggle_01-516x960.png\" alt=\"\" width=\"400\" srcset=\"https:\/\/fleet.tech\/wp-content\/uploads\/APP_VirtualToggle_01.png 516w, https:\/\/fleet.tech\/wp-content\/uploads\/APP_VirtualToggle_01-172x320.png 172w, https:\/\/fleet.tech\/wp-content\/uploads\/APP_VirtualToggle_01-65x120.png 65w\" sizes=\"(max-width: 516px) 100vw, 516px\" \/><\/p>\n<\/div>\n<\/div><\/div><\/div><div id=\"pgc-5301-3-1\"  class=\"panel-grid-cell\" ><div id=\"panel-5301-3-1-0\" class=\"so-panel widget widget_media_gallery panel-first-child panel-last-child\" data-index=\"4\" >\n\t\t<style type=\"text\/css\">\n\t\t\t#gallery-1 {\n\t\t\t\tmargin: auto;\n\t\t\t}\n\t\t\t#gallery-1 .gallery-item {\n\t\t\t\tfloat: left;\n\t\t\t\tmargin-top: 10px;\n\t\t\t\ttext-align: center;\n\t\t\t\twidth: 100%;\n\t\t\t}\n\t\t\t#gallery-1 img {\n\t\t\t\tborder: 2px solid #cfcfcf;\n\t\t\t}\n\t\t\t#gallery-1 .gallery-caption {\n\t\t\t\tmargin-left: 0;\n\t\t\t}\n\t\t\t\/* see gallery_shortcode() in wp-includes\/media.php *\/\n\t\t<\/style>\n\t\t<div id='gallery-1' class='gallery galleryid-5301 gallery-columns-1 gallery-size-medium'><dl class='gallery-item'>\n\t\t\t<dt class='gallery-icon landscape'>\n\t\t\t\t<a href='https:\/\/fleet.tech\/wp-content\/uploads\/FT_REPORT_TAX-Logbook_01.png'><img loading=\"lazy\" decoding=\"async\" width=\"960\" height=\"688\" src=\"https:\/\/fleet.tech\/wp-content\/uploads\/FT_REPORT_TAX-Logbook_01-960x688.png\" class=\"attachment-medium size-medium\" alt=\"\" srcset=\"https:\/\/fleet.tech\/wp-content\/uploads\/FT_REPORT_TAX-Logbook_01-960x688.png 960w, https:\/\/fleet.tech\/wp-content\/uploads\/FT_REPORT_TAX-Logbook_01-120x86.png 120w, https:\/\/fleet.tech\/wp-content\/uploads\/FT_REPORT_TAX-Logbook_01-768x551.png 768w, https:\/\/fleet.tech\/wp-content\/uploads\/FT_REPORT_TAX-Logbook_01-320x229.png 320w, https:\/\/fleet.tech\/wp-content\/uploads\/FT_REPORT_TAX-Logbook_01.png 1116w\" sizes=\"auto, (max-width: 960px) 100vw, 960px\" \/><\/a>\n\t\t\t<\/dt><\/dl><br style=\"clear: both\" \/><dl class='gallery-item'>\n\t\t\t<dt class='gallery-icon landscape'>\n\t\t\t\t<a href='https:\/\/fleet.tech\/wp-content\/uploads\/FT_REPORT_TAX-Logbook_02.png'><img loading=\"lazy\" decoding=\"async\" width=\"960\" height=\"683\" src=\"https:\/\/fleet.tech\/wp-content\/uploads\/FT_REPORT_TAX-Logbook_02-960x683.png\" class=\"attachment-medium size-medium\" alt=\"\" srcset=\"https:\/\/fleet.tech\/wp-content\/uploads\/FT_REPORT_TAX-Logbook_02-960x683.png 960w, https:\/\/fleet.tech\/wp-content\/uploads\/FT_REPORT_TAX-Logbook_02-120x85.png 120w, https:\/\/fleet.tech\/wp-content\/uploads\/FT_REPORT_TAX-Logbook_02-768x547.png 768w, https:\/\/fleet.tech\/wp-content\/uploads\/FT_REPORT_TAX-Logbook_02-320x228.png 320w, https:\/\/fleet.tech\/wp-content\/uploads\/FT_REPORT_TAX-Logbook_02.png 1093w\" sizes=\"auto, (max-width: 960px) 100vw, 960px\" \/><\/a>\n\t\t\t<\/dt><\/dl><br style=\"clear: both\" \/>\n\t\t<\/div>\n<\/div><\/div><\/div><\/div><\/div>","protected":false},"excerpt":{"rendered":"<p>Des solutions astucieuses comme le carnet de bord num\u00e9rique pour vos voitures de soci\u00e9t\u00e9<\/p>\n","protected":false},"author":3,"featured_media":3417,"parent":4659,"menu_order":0,"comment_status":"closed","ping_status":"closed","template":"","meta":{"_acf_changed":false,"inline_featured_image":false,"footnotes":""},"class_list":["post-5301","page","type-page","status-publish","has-post-thumbnail","hentry"],"acf":[],"yoast_head":"<!-- This site is optimized with the Yoast SEO plugin v26.1.1 - https:\/\/yoast.com\/wordpress\/plugins\/seo\/ -->\n<title>Livret de bord - fleet.tech<\/title>\n<meta name=\"robots\" content=\"index, follow, max-snippet:-1, max-image-preview:large, max-video-preview:-1\" \/>\n<link rel=\"canonical\" href=\"https:\/\/fleet.tech\/fr\/solutions\/industries\/livret-de-bord\/\" \/>\n<meta property=\"og:locale\" content=\"fr_FR\" \/>\n<meta property=\"og:type\" content=\"article\" \/>\n<meta property=\"og:title\" content=\"Livret de bord - fleet.tech\" \/>\n<meta property=\"og:description\" content=\"Des solutions astucieuses comme le carnet de bord num\u00e9rique pour vos voitures de soci\u00e9t\u00e9\" \/>\n<meta property=\"og:url\" content=\"https:\/\/fleet.tech\/fr\/solutions\/industries\/livret-de-bord\/\" \/>\n<meta property=\"og:site_name\" content=\"fleet.tech\" \/>\n<meta property=\"article:modified_time\" content=\"2020-05-06T09:14:35+00:00\" \/>\n<meta property=\"og:image\" content=\"https:\/\/fleet.tech\/wp-content\/uploads\/aussendienst.jpg\" \/>\n\t<meta property=\"og:image:width\" content=\"1920\" \/>\n\t<meta property=\"og:image:height\" content=\"1080\" \/>\n\t<meta property=\"og:image:type\" content=\"image\/jpeg\" \/>\n<meta name=\"twitter:card\" content=\"summary_large_image\" \/>\n<meta name=\"twitter:label1\" content=\"Dur\u00e9e de lecture estim\u00e9e\" \/>\n\t<meta name=\"twitter:data1\" content=\"1 minute\" \/>\n<script type=\"application\/ld+json\" class=\"yoast-schema-graph\">{\"@context\":\"https:\/\/schema.org\",\"@graph\":[{\"@type\":\"WebPage\",\"@id\":\"https:\/\/fleet.tech\/fr\/solutions\/industries\/livret-de-bord\/\",\"url\":\"https:\/\/fleet.tech\/fr\/solutions\/industries\/livret-de-bord\/\",\"name\":\"Livret de bord - fleet.tech\",\"isPartOf\":{\"@id\":\"https:\/\/fleet.tech\/#website\"},\"primaryImageOfPage\":{\"@id\":\"https:\/\/fleet.tech\/fr\/solutions\/industries\/livret-de-bord\/#primaryimage\"},\"image\":{\"@id\":\"https:\/\/fleet.tech\/fr\/solutions\/industries\/livret-de-bord\/#primaryimage\"},\"thumbnailUrl\":\"https:\/\/fleet.tech\/wp-content\/uploads\/aussendienst.jpg\",\"datePublished\":\"2018-07-18T16:04:04+00:00\",\"dateModified\":\"2020-05-06T09:14:35+00:00\",\"breadcrumb\":{\"@id\":\"https:\/\/fleet.tech\/fr\/solutions\/industries\/livret-de-bord\/#breadcrumb\"},\"inLanguage\":\"fr-FR\",\"potentialAction\":[{\"@type\":\"ReadAction\",\"target\":[\"https:\/\/fleet.tech\/fr\/solutions\/industries\/livret-de-bord\/\"]}]},{\"@type\":\"ImageObject\",\"inLanguage\":\"fr-FR\",\"@id\":\"https:\/\/fleet.tech\/fr\/solutions\/industries\/livret-de-bord\/#primaryimage\",\"url\":\"https:\/\/fleet.tech\/wp-content\/uploads\/aussendienst.jpg\",\"contentUrl\":\"https:\/\/fleet.tech\/wp-content\/uploads\/aussendienst.jpg\",\"width\":1920,\"height\":1080,\"caption\":\"aussendienst Telematik\"},{\"@type\":\"BreadcrumbList\",\"@id\":\"https:\/\/fleet.tech\/fr\/solutions\/industries\/livret-de-bord\/#breadcrumb\",\"itemListElement\":[{\"@type\":\"ListItem\",\"position\":1,\"name\":\"Home\",\"item\":\"https:\/\/fleet.tech\/fr\/\"},{\"@type\":\"ListItem\",\"position\":2,\"name\":\"Solutions\",\"item\":\"https:\/\/fleet.tech\/fr\/solutions\/\"},{\"@type\":\"ListItem\",\"position\":3,\"name\":\"Industries\",\"item\":\"https:\/\/fleet.tech\/fr\/solutions\/industries\/\"},{\"@type\":\"ListItem\",\"position\":4,\"name\":\"Livret de bord\"}]},{\"@type\":\"WebSite\",\"@id\":\"https:\/\/fleet.tech\/#website\",\"url\":\"https:\/\/fleet.tech\/\",\"name\":\"fleet.tech\",\"description\":\"\",\"potentialAction\":[{\"@type\":\"SearchAction\",\"target\":{\"@type\":\"EntryPoint\",\"urlTemplate\":\"https:\/\/fleet.tech\/?s={search_term_string}\"},\"query-input\":{\"@type\":\"PropertyValueSpecification\",\"valueRequired\":true,\"valueName\":\"search_term_string\"}}],\"inLanguage\":\"fr-FR\"}]}<\/script>\n<!-- \/ Yoast SEO plugin. -->","yoast_head_json":{"title":"Livret de bord - fleet.tech","robots":{"index":"index","follow":"follow","max-snippet":"max-snippet:-1","max-image-preview":"max-image-preview:large","max-video-preview":"max-video-preview:-1"},"canonical":"https:\/\/fleet.tech\/fr\/solutions\/industries\/livret-de-bord\/","og_locale":"fr_FR","og_type":"article","og_title":"Livret de bord - fleet.tech","og_description":"Des solutions astucieuses comme le carnet de bord num\u00e9rique pour vos voitures de soci\u00e9t\u00e9","og_url":"https:\/\/fleet.tech\/fr\/solutions\/industries\/livret-de-bord\/","og_site_name":"fleet.tech","article_modified_time":"2020-05-06T09:14:35+00:00","og_image":[{"width":1920,"height":1080,"url":"https:\/\/fleet.tech\/wp-content\/uploads\/aussendienst.jpg","type":"image\/jpeg"}],"twitter_card":"summary_large_image","twitter_misc":{"Dur\u00e9e de lecture estim\u00e9e":"1 minute"},"schema":{"@context":"https:\/\/schema.org","@graph":[{"@type":"WebPage","@id":"https:\/\/fleet.tech\/fr\/solutions\/industries\/livret-de-bord\/","url":"https:\/\/fleet.tech\/fr\/solutions\/industries\/livret-de-bord\/","name":"Livret de bord - fleet.tech","isPartOf":{"@id":"https:\/\/fleet.tech\/#website"},"primaryImageOfPage":{"@id":"https:\/\/fleet.tech\/fr\/solutions\/industries\/livret-de-bord\/#primaryimage"},"image":{"@id":"https:\/\/fleet.tech\/fr\/solutions\/industries\/livret-de-bord\/#primaryimage"},"thumbnailUrl":"https:\/\/fleet.tech\/wp-content\/uploads\/aussendienst.jpg","datePublished":"2018-07-18T16:04:04+00:00","dateModified":"2020-05-06T09:14:35+00:00","breadcrumb":{"@id":"https:\/\/fleet.tech\/fr\/solutions\/industries\/livret-de-bord\/#breadcrumb"},"inLanguage":"fr-FR","potentialAction":[{"@type":"ReadAction","target":["https:\/\/fleet.tech\/fr\/solutions\/industries\/livret-de-bord\/"]}]},{"@type":"ImageObject","inLanguage":"fr-FR","@id":"https:\/\/fleet.tech\/fr\/solutions\/industries\/livret-de-bord\/#primaryimage","url":"https:\/\/fleet.tech\/wp-content\/uploads\/aussendienst.jpg","contentUrl":"https:\/\/fleet.tech\/wp-content\/uploads\/aussendienst.jpg","width":1920,"height":1080,"caption":"aussendienst Telematik"},{"@type":"BreadcrumbList","@id":"https:\/\/fleet.tech\/fr\/solutions\/industries\/livret-de-bord\/#breadcrumb","itemListElement":[{"@type":"ListItem","position":1,"name":"Home","item":"https:\/\/fleet.tech\/fr\/"},{"@type":"ListItem","position":2,"name":"Solutions","item":"https:\/\/fleet.tech\/fr\/solutions\/"},{"@type":"ListItem","position":3,"name":"Industries","item":"https:\/\/fleet.tech\/fr\/solutions\/industries\/"},{"@type":"ListItem","position":4,"name":"Livret de bord"}]},{"@type":"WebSite","@id":"https:\/\/fleet.tech\/#website","url":"https:\/\/fleet.tech\/","name":"fleet.tech","description":"","potentialAction":[{"@type":"SearchAction","target":{"@type":"EntryPoint","urlTemplate":"https:\/\/fleet.tech\/?s={search_term_string}"},"query-input":{"@type":"PropertyValueSpecification","valueRequired":true,"valueName":"search_term_string"}}],"inLanguage":"fr-FR"}]}},"_links":{"self":[{"href":"https:\/\/fleet.tech\/fr\/wp-json\/wp\/v2\/pages\/5301","targetHints":{"allow":["GET"]}}],"collection":[{"href":"https:\/\/fleet.tech\/fr\/wp-json\/wp\/v2\/pages"}],"about":[{"href":"https:\/\/fleet.tech\/fr\/wp-json\/wp\/v2\/types\/page"}],"author":[{"embeddable":true,"href":"https:\/\/fleet.tech\/fr\/wp-json\/wp\/v2\/users\/3"}],"replies":[{"embeddable":true,"href":"https:\/\/fleet.tech\/fr\/wp-json\/wp\/v2\/comments?post=5301"}],"version-history":[{"count":6,"href":"https:\/\/fleet.tech\/fr\/wp-json\/wp\/v2\/pages\/5301\/revisions"}],"predecessor-version":[{"id":10465,"href":"https:\/\/fleet.tech\/fr\/wp-json\/wp\/v2\/pages\/5301\/revisions\/10465"}],"up":[{"embeddable":true,"href":"https:\/\/fleet.tech\/fr\/wp-json\/wp\/v2\/pages\/4659"}],"wp:featuredmedia":[{"embeddable":true,"href":"https:\/\/fleet.tech\/fr\/wp-json\/wp\/v2\/media\/3417"}],"wp:attachment":[{"href":"https:\/\/fleet.tech\/fr\/wp-json\/wp\/v2\/media?parent=5301"}],"curies":[{"name":"wp","href":"https:\/\/api.w.org\/{rel}","templated":true}]}}