{"id":5347,"date":"2018-07-18T16:59:06","date_gmt":"2018-07-18T15:59:06","guid":{"rendered":"http:\/\/fleet.tech\/preview\/solutions\/categories\/lkw\/"},"modified":"2021-12-16T12:15:57","modified_gmt":"2021-12-16T11:15:57","slug":"camions","status":"publish","type":"page","link":"https:\/\/fleet.tech\/fr\/solutions\/categories\/camions\/","title":{"rendered":"Camions"},"content":{"rendered":"<div id=\"pl-5347\"  class=\"panel-layout\" ><div id=\"pg-5347-0\"  class=\"panel-grid panel-no-style\" ><div id=\"pgc-5347-0-0\"  class=\"panel-grid-cell\" ><div id=\"panel-5347-0-0-0\" class=\"so-panel widget widget_sow-editor panel-first-child\" data-index=\"0\" ><div\n\t\t\t\n\t\t\tclass=\"so-widget-sow-editor so-widget-sow-editor-base\"\n\t\t\t\n\t\t>\n<div class=\"siteorigin-widget-tinymce textwidget\">\n\t<h1>Solutions t\u00e9l\u00e9matiques pour camions \u00e0 base de GPS<\/h1>\n<p><strong>Temps de conduite r\u00e9siduels et consommation:<\/strong> le suivi d'une grande flotte de camions peut \u00eatre un v\u00e9ritable d\u00e9fi.<\/p>\n<p>Les entreprises avec des camions connaissent les probl\u00e8mes: d\u00e8s que les v\u00e9hicules roulent de l\u2019enceinte de l\u2018entreprise, ils ne sont litt\u00e9ralement plus \"dans le champ visuel\". C'est l\u00e0 que la t\u00e9l\u00e9matique rentable, gagnante d'essais en s\u00e9rie, peut \u00eatre corrective. Que ce soit la lecture automatique du tachygraphe ou l'affichage des temps de conduite r\u00e9siduels \u2013 en un seul clic, vous avez toutes les informations sur l'\u00e9cran. Ou quels sont les conducteurs qui voyagent avec un mode de conduite particuli\u00e8rement \u00e9conomique? Obtenez la pleine transparence et cela absolument en conformit\u00e9 avec les exigences du RGPD.<\/p>\n<\/div>\n<\/div><\/div><div id=\"panel-5347-0-0-1\" class=\"so-panel widget widget_sow-editor panel-last-child\" data-index=\"1\" ><div\n\t\t\t\n\t\t\tclass=\"so-widget-sow-editor so-widget-sow-editor-base\"\n\t\t\t\n\t\t>\n<div class=\"siteorigin-widget-tinymce textwidget\">\n\t    <div class=\"uk-container uk-container-center slideInUp fleet-categories\">\n      <div class=\"uk-flex uk-flex-center uk-grid uk-grid-small\"><div class=\"uk-width-small-1-2 uk-width-medium-1-2 uk-width-large-1-3 uk-width-xlarge-1-4\"><a class=\"uk-panel panel-white\" href=\"https:\/\/fleet.tech\/fr\/solutions\/industries\/telematique-pour-lindustrie-du-transport\/\"><div class=\"panel-content-pos\"><img decoding=\"async\" class=\"fn-svg telematique-pour-lindustrie-du-transport\" src=\"https:\/\/fleet.tech\/wp-content\/uploads\/transportwesen-1.svg\" alt=\"transportwesen\" \/><h3 class='panel-title uk-margin-remove'>T\u00e9l\u00e9matique pour l&rsquo;industrie du transport<\/h3><div class='panel-excerpt uk-text-center'>Acquisition simple de donn\u00e9es et ETA de l'ensemble de votre flotte en temps r\u00e9el<\/div><\/div>\n              <\/a><\/div><div class=\"uk-width-small-1-2 uk-width-medium-1-2 uk-width-large-1-3 uk-width-xlarge-1-4\"><a class=\"uk-panel panel-white\" href=\"https:\/\/fleet.tech\/fr\/solutions\/industries\/telematique-pour-la-surveillance-de-la-temperature\/\"><div class=\"panel-content-pos\"><img decoding=\"async\" class=\"fn-svg telematique-pour-la-surveillance-de-la-temperature\" src=\"https:\/\/fleet.tech\/wp-content\/uploads\/temperaturueberwachung-1.svg\" alt=\"temperaturueberwachung\" \/><h3 class='panel-title uk-margin-remove'>T\u00e9l\u00e9matique pour la surveillance de la temp\u00e9rature<\/h3><div class='panel-excerpt uk-text-center'>Une surveillance continue de la temp\u00e9rature pour un transport fiable<\/div><\/div>\n              <\/a><\/div><div class=\"uk-width-small-1-2 uk-width-medium-1-2 uk-width-large-1-3 uk-width-xlarge-1-4\"><a class=\"uk-panel panel-white\" href=\"https:\/\/fleet.tech\/fr\/solutions\/industries\/telematique-pour-des-vehicules-de-location\/\"><div class=\"panel-content-pos\"><img decoding=\"async\" class=\"fn-svg telematique-pour-des-vehicules-de-location\" src=\"https:\/\/fleet.tech\/wp-content\/uploads\/fahrzeugvermietung-1.svg\" alt=\"Fahrzeugvermietung\" \/><h3 class='panel-title uk-margin-remove'>T\u00e9l\u00e9matique pour des v\u00e9hicules de location<\/h3><div class='panel-excerpt uk-text-center'>Des fonctions de contr\u00f4le fiables pour ceux qui placent des v\u00e9hicules en mains \u00e9trang\u00e8res<\/div><\/div>\n              <\/a><\/div><\/div>\n    <\/div>\n<\/div>\n<\/div><\/div><\/div><\/div><\/div>","protected":false},"excerpt":{"rendered":"<p>Solutions t\u00e9l\u00e9matiques pour camions \u00e0 base de GPS Temps de conduite r\u00e9siduels et consommation: le suivi d&rsquo;une grande flotte de camions peut \u00eatre un v\u00e9ritable d\u00e9fi. Les entreprises avec des camions connaissent les probl\u00e8mes: d\u00e8s que les v\u00e9hicules roulent de l\u2019enceinte de l\u2018entreprise, ils ne sont litt\u00e9ralement plus \u00ab\u00a0dans le champ visuel\u00a0\u00bb. C&rsquo;est l\u00e0 que [&hellip;]<\/p>\n","protected":false},"author":3,"featured_media":3472,"parent":4945,"menu_order":0,"comment_status":"closed","ping_status":"closed","template":"","meta":{"_acf_changed":false,"inline_featured_image":false,"footnotes":""},"class_list":["post-5347","page","type-page","status-publish","has-post-thumbnail","hentry"],"acf":[],"yoast_head":"<!-- This site is optimized with the Yoast SEO plugin v26.1.1 - https:\/\/yoast.com\/wordpress\/plugins\/seo\/ -->\n<title>Telematik-L\u00f6sungen f\u00fcr Lkw auf Basis von GPS<\/title>\n<meta name=\"description\" content=\"Das Flottenmanagement von Lkws stellt hohe Anforderungen an die Disponenten. Die kosteneffizienten Systeme des Innovationsf\u00fchrers fleet.tech\u00ae liefern Ihnen aktuelle und hilfreiche Daten \u00fcber Ihre Fahrzeugflotte.\" \/>\n<meta name=\"robots\" content=\"index, follow, max-snippet:-1, max-image-preview:large, max-video-preview:-1\" \/>\n<link rel=\"canonical\" href=\"https:\/\/fleet.tech\/fr\/solutions\/categories\/camions\/\" \/>\n<meta property=\"og:locale\" content=\"fr_FR\" \/>\n<meta property=\"og:type\" content=\"article\" \/>\n<meta property=\"og:title\" content=\"Telematik-L\u00f6sungen f\u00fcr Lkw auf Basis von GPS\" \/>\n<meta property=\"og:description\" content=\"Das Flottenmanagement von Lkws stellt hohe Anforderungen an die Disponenten. Die kosteneffizienten Systeme des Innovationsf\u00fchrers fleet.tech\u00ae liefern Ihnen aktuelle und hilfreiche Daten \u00fcber Ihre Fahrzeugflotte.\" \/>\n<meta property=\"og:url\" content=\"https:\/\/fleet.tech\/fr\/solutions\/categories\/camions\/\" \/>\n<meta property=\"og:site_name\" content=\"fleet.tech\" \/>\n<meta property=\"article:modified_time\" content=\"2021-12-16T11:15:57+00:00\" \/>\n<meta property=\"og:image\" content=\"https:\/\/fleet.tech\/wp-content\/uploads\/Kategorie_LkW.jpg\" \/>\n\t<meta property=\"og:image:width\" content=\"1920\" \/>\n\t<meta property=\"og:image:height\" content=\"1080\" \/>\n\t<meta property=\"og:image:type\" content=\"image\/jpeg\" \/>\n<meta name=\"twitter:card\" content=\"summary_large_image\" \/>\n<meta name=\"twitter:label1\" content=\"Dur\u00e9e de lecture estim\u00e9e\" \/>\n\t<meta name=\"twitter:data1\" content=\"1 minute\" \/>\n<script type=\"application\/ld+json\" class=\"yoast-schema-graph\">{\"@context\":\"https:\/\/schema.org\",\"@graph\":[{\"@type\":\"WebPage\",\"@id\":\"https:\/\/fleet.tech\/fr\/solutions\/categories\/camions\/\",\"url\":\"https:\/\/fleet.tech\/fr\/solutions\/categories\/camions\/\",\"name\":\"Telematik-L\u00f6sungen f\u00fcr Lkw auf Basis von GPS\",\"isPartOf\":{\"@id\":\"https:\/\/fleet.tech\/#website\"},\"primaryImageOfPage\":{\"@id\":\"https:\/\/fleet.tech\/fr\/solutions\/categories\/camions\/#primaryimage\"},\"image\":{\"@id\":\"https:\/\/fleet.tech\/fr\/solutions\/categories\/camions\/#primaryimage\"},\"thumbnailUrl\":\"https:\/\/fleet.tech\/wp-content\/uploads\/Kategorie_LkW.jpg\",\"datePublished\":\"2018-07-18T15:59:06+00:00\",\"dateModified\":\"2021-12-16T11:15:57+00:00\",\"description\":\"Das Flottenmanagement von Lkws stellt hohe Anforderungen an die Disponenten. Die kosteneffizienten Systeme des Innovationsf\u00fchrers fleet.tech\u00ae liefern Ihnen aktuelle und hilfreiche Daten \u00fcber Ihre Fahrzeugflotte.\",\"breadcrumb\":{\"@id\":\"https:\/\/fleet.tech\/fr\/solutions\/categories\/camions\/#breadcrumb\"},\"inLanguage\":\"fr-FR\",\"potentialAction\":[{\"@type\":\"ReadAction\",\"target\":[\"https:\/\/fleet.tech\/fr\/solutions\/categories\/camions\/\"]}]},{\"@type\":\"ImageObject\",\"inLanguage\":\"fr-FR\",\"@id\":\"https:\/\/fleet.tech\/fr\/solutions\/categories\/camions\/#primaryimage\",\"url\":\"https:\/\/fleet.tech\/wp-content\/uploads\/Kategorie_LkW.jpg\",\"contentUrl\":\"https:\/\/fleet.tech\/wp-content\/uploads\/Kategorie_LkW.jpg\",\"width\":1920,\"height\":1080},{\"@type\":\"BreadcrumbList\",\"@id\":\"https:\/\/fleet.tech\/fr\/solutions\/categories\/camions\/#breadcrumb\",\"itemListElement\":[{\"@type\":\"ListItem\",\"position\":1,\"name\":\"Home\",\"item\":\"https:\/\/fleet.tech\/fr\/\"},{\"@type\":\"ListItem\",\"position\":2,\"name\":\"Solutions\",\"item\":\"https:\/\/fleet.tech\/fr\/solutions\/\"},{\"@type\":\"ListItem\",\"position\":3,\"name\":\"Cat\u00e9gories\",\"item\":\"https:\/\/fleet.tech\/fr\/solutions\/categories\/\"},{\"@type\":\"ListItem\",\"position\":4,\"name\":\"Camions\"}]},{\"@type\":\"WebSite\",\"@id\":\"https:\/\/fleet.tech\/#website\",\"url\":\"https:\/\/fleet.tech\/\",\"name\":\"fleet.tech\",\"description\":\"\",\"potentialAction\":[{\"@type\":\"SearchAction\",\"target\":{\"@type\":\"EntryPoint\",\"urlTemplate\":\"https:\/\/fleet.tech\/?s={search_term_string}\"},\"query-input\":{\"@type\":\"PropertyValueSpecification\",\"valueRequired\":true,\"valueName\":\"search_term_string\"}}],\"inLanguage\":\"fr-FR\"}]}<\/script>\n<!-- \/ Yoast SEO plugin. -->","yoast_head_json":{"title":"Telematik-L\u00f6sungen f\u00fcr Lkw auf Basis von GPS","description":"Das Flottenmanagement von Lkws stellt hohe Anforderungen an die Disponenten. Die kosteneffizienten Systeme des Innovationsf\u00fchrers fleet.tech\u00ae liefern Ihnen aktuelle und hilfreiche Daten \u00fcber Ihre Fahrzeugflotte.","robots":{"index":"index","follow":"follow","max-snippet":"max-snippet:-1","max-image-preview":"max-image-preview:large","max-video-preview":"max-video-preview:-1"},"canonical":"https:\/\/fleet.tech\/fr\/solutions\/categories\/camions\/","og_locale":"fr_FR","og_type":"article","og_title":"Telematik-L\u00f6sungen f\u00fcr Lkw auf Basis von GPS","og_description":"Das Flottenmanagement von Lkws stellt hohe Anforderungen an die Disponenten. Die kosteneffizienten Systeme des Innovationsf\u00fchrers fleet.tech\u00ae liefern Ihnen aktuelle und hilfreiche Daten \u00fcber Ihre Fahrzeugflotte.","og_url":"https:\/\/fleet.tech\/fr\/solutions\/categories\/camions\/","og_site_name":"fleet.tech","article_modified_time":"2021-12-16T11:15:57+00:00","og_image":[{"width":1920,"height":1080,"url":"https:\/\/fleet.tech\/wp-content\/uploads\/Kategorie_LkW.jpg","type":"image\/jpeg"}],"twitter_card":"summary_large_image","twitter_misc":{"Dur\u00e9e de lecture estim\u00e9e":"1 minute"},"schema":{"@context":"https:\/\/schema.org","@graph":[{"@type":"WebPage","@id":"https:\/\/fleet.tech\/fr\/solutions\/categories\/camions\/","url":"https:\/\/fleet.tech\/fr\/solutions\/categories\/camions\/","name":"Telematik-L\u00f6sungen f\u00fcr Lkw auf Basis von GPS","isPartOf":{"@id":"https:\/\/fleet.tech\/#website"},"primaryImageOfPage":{"@id":"https:\/\/fleet.tech\/fr\/solutions\/categories\/camions\/#primaryimage"},"image":{"@id":"https:\/\/fleet.tech\/fr\/solutions\/categories\/camions\/#primaryimage"},"thumbnailUrl":"https:\/\/fleet.tech\/wp-content\/uploads\/Kategorie_LkW.jpg","datePublished":"2018-07-18T15:59:06+00:00","dateModified":"2021-12-16T11:15:57+00:00","description":"Das Flottenmanagement von Lkws stellt hohe Anforderungen an die Disponenten. Die kosteneffizienten Systeme des Innovationsf\u00fchrers fleet.tech\u00ae liefern Ihnen aktuelle und hilfreiche Daten \u00fcber Ihre Fahrzeugflotte.","breadcrumb":{"@id":"https:\/\/fleet.tech\/fr\/solutions\/categories\/camions\/#breadcrumb"},"inLanguage":"fr-FR","potentialAction":[{"@type":"ReadAction","target":["https:\/\/fleet.tech\/fr\/solutions\/categories\/camions\/"]}]},{"@type":"ImageObject","inLanguage":"fr-FR","@id":"https:\/\/fleet.tech\/fr\/solutions\/categories\/camions\/#primaryimage","url":"https:\/\/fleet.tech\/wp-content\/uploads\/Kategorie_LkW.jpg","contentUrl":"https:\/\/fleet.tech\/wp-content\/uploads\/Kategorie_LkW.jpg","width":1920,"height":1080},{"@type":"BreadcrumbList","@id":"https:\/\/fleet.tech\/fr\/solutions\/categories\/camions\/#breadcrumb","itemListElement":[{"@type":"ListItem","position":1,"name":"Home","item":"https:\/\/fleet.tech\/fr\/"},{"@type":"ListItem","position":2,"name":"Solutions","item":"https:\/\/fleet.tech\/fr\/solutions\/"},{"@type":"ListItem","position":3,"name":"Cat\u00e9gories","item":"https:\/\/fleet.tech\/fr\/solutions\/categories\/"},{"@type":"ListItem","position":4,"name":"Camions"}]},{"@type":"WebSite","@id":"https:\/\/fleet.tech\/#website","url":"https:\/\/fleet.tech\/","name":"fleet.tech","description":"","potentialAction":[{"@type":"SearchAction","target":{"@type":"EntryPoint","urlTemplate":"https:\/\/fleet.tech\/?s={search_term_string}"},"query-input":{"@type":"PropertyValueSpecification","valueRequired":true,"valueName":"search_term_string"}}],"inLanguage":"fr-FR"}]}},"_links":{"self":[{"href":"https:\/\/fleet.tech\/fr\/wp-json\/wp\/v2\/pages\/5347","targetHints":{"allow":["GET"]}}],"collection":[{"href":"https:\/\/fleet.tech\/fr\/wp-json\/wp\/v2\/pages"}],"about":[{"href":"https:\/\/fleet.tech\/fr\/wp-json\/wp\/v2\/types\/page"}],"author":[{"embeddable":true,"href":"https:\/\/fleet.tech\/fr\/wp-json\/wp\/v2\/users\/3"}],"replies":[{"embeddable":true,"href":"https:\/\/fleet.tech\/fr\/wp-json\/wp\/v2\/comments?post=5347"}],"version-history":[{"count":5,"href":"https:\/\/fleet.tech\/fr\/wp-json\/wp\/v2\/pages\/5347\/revisions"}],"predecessor-version":[{"id":15149,"href":"https:\/\/fleet.tech\/fr\/wp-json\/wp\/v2\/pages\/5347\/revisions\/15149"}],"up":[{"embeddable":true,"href":"https:\/\/fleet.tech\/fr\/wp-json\/wp\/v2\/pages\/4945"}],"wp:featuredmedia":[{"embeddable":true,"href":"https:\/\/fleet.tech\/fr\/wp-json\/wp\/v2\/media\/3472"}],"wp:attachment":[{"href":"https:\/\/fleet.tech\/fr\/wp-json\/wp\/v2\/media?parent=5347"}],"curies":[{"name":"wp","href":"https:\/\/api.w.org\/{rel}","templated":true}]}}