{"id":5348,"date":"2018-02-16T14:58:32","date_gmt":"2018-02-16T14:58:32","guid":{"rendered":"http:\/\/fleet.tech\/preview\/solutions\/categories\/pkw\/"},"modified":"2018-09-16T16:22:12","modified_gmt":"2018-09-16T15:22:12","slug":"voiture","status":"publish","type":"page","link":"https:\/\/fleet.tech\/fr\/solutions\/categories\/voiture\/","title":{"rendered":"Voiture"},"content":{"rendered":"<div id=\"pl-5348\"  class=\"panel-layout\" ><div id=\"pg-5348-0\"  class=\"panel-grid panel-no-style\" ><div id=\"pgc-5348-0-0\"  class=\"panel-grid-cell\" ><div id=\"panel-5348-0-0-0\" class=\"so-panel widget widget_sow-editor panel-first-child\" data-index=\"0\" ><div\n\t\t\t\n\t\t\tclass=\"so-widget-sow-editor so-widget-sow-editor-base\"\n\t\t\t\n\t\t>\n<div class=\"siteorigin-widget-tinymce textwidget\">\n\t<h1>La gestion de flotte de voitures vous fournit des donn\u00e9es utiles<\/h1>\n<p>La t\u00e9l\u00e9matique, conforme \u00e0 la protection des donn\u00e9es, dans la voiture d'entreprise aide \u00e0 \u00e9conomiser les \u00e9missions de CO2 et augmente la s\u00e9curit\u00e9.<\/p>\n<p>La gestion de flotte d\u2018un parc automobile a des d\u00e9fis sp\u00e9ciaux. D'un c\u00f4t\u00e9, les besoins du conducteur en mati\u00e8re de protection des donn\u00e9es (RGPD) et du Comit\u00e9 d'entreprise doivent \u00eatre pris en compte, d'autre part, les besoins en mati\u00e8re de rentabilit\u00e9 et de s\u00e9curit\u00e9 de l'exploitant de la flotte et du propri\u00e9taire du v\u00e9hicule. Avec les solutions innovantes, gagnante en s\u00e9rie de tests, la quadrature du cercle r\u00e9ussit: Si vous \u00eates int\u00e9ress\u00e9 par une solution classique de carnet de bord ou personnalis\u00e9e \"voiture Fitnesstracker\": la r\u00e9ponse est appel\u00e9e Fleet.Tech \u00ae! <\/p>\n<\/div>\n<\/div><\/div><div id=\"panel-5348-0-0-1\" class=\"so-panel widget widget_sow-editor panel-last-child\" data-index=\"1\" ><div\n\t\t\t\n\t\t\tclass=\"so-widget-sow-editor so-widget-sow-editor-base\"\n\t\t\t\n\t\t>\n<div class=\"siteorigin-widget-tinymce textwidget\">\n\t    <div class=\"uk-container uk-container-center slideInUp fleet-categories\">\n      <div class=\"uk-flex uk-flex-center uk-grid uk-grid-small\"><div class=\"uk-width-small-1-2 uk-width-medium-1-2 uk-width-large-1-3 uk-width-xlarge-1-4\"><a class=\"uk-panel panel-white\" href=\"https:\/\/fleet.tech\/fr\/solutions\/industries\/telematique-pour-des-vehicules-de-location\/\"><div class=\"panel-content-pos\"><img decoding=\"async\" class=\"fn-svg telematique-pour-des-vehicules-de-location\" src=\"https:\/\/fleet.tech\/wp-content\/uploads\/fahrzeugvermietung-1.svg\" alt=\"Fahrzeugvermietung\" \/><h3 class='panel-title uk-margin-remove'>T\u00e9l\u00e9matique pour des v\u00e9hicules de location<\/h3><div class='panel-excerpt uk-text-center'>Des fonctions de contr\u00f4le fiables pour ceux qui placent des v\u00e9hicules en mains \u00e9trang\u00e8res<\/div><\/div>\n              <\/a><\/div><div class=\"uk-width-small-1-2 uk-width-medium-1-2 uk-width-large-1-3 uk-width-xlarge-1-4\"><a class=\"uk-panel panel-white\" href=\"https:\/\/fleet.tech\/fr\/solutions\/industries\/livret-de-bord\/\"><div class=\"panel-content-pos\"><img decoding=\"async\" class=\"fn-svg livret-de-bord\" src=\"https:\/\/fleet.tech\/wp-content\/uploads\/aussendienst-1.svg\" alt=\"aussendienst\" \/><h3 class='panel-title uk-margin-remove'>Livret de bord<\/h3><div class='panel-excerpt uk-text-center'>Des solutions astucieuses comme le carnet de bord num\u00e9rique pour vos voitures de soci\u00e9t\u00e9<\/div><\/div>\n              <\/a><\/div><div class=\"uk-width-small-1-2 uk-width-medium-1-2 uk-width-large-1-3 uk-width-xlarge-1-4\"><a class=\"uk-panel panel-white\" href=\"https:\/\/fleet.tech\/fr\/solutions\/industries\/fitness-tracker\/\"><div class=\"panel-content-pos\"><img decoding=\"async\" class=\"fn-svg fitness-tracker\" src=\"https:\/\/fleet.tech\/wp-content\/uploads\/fitnesstracker-1.svg\" alt=\"\" \/><h3 class='panel-title uk-margin-remove'>Fitness Tracker<\/h3><div class='panel-excerpt uk-text-center'><\/div><\/div>\n              <\/a><\/div><\/div>\n    <\/div><\/div>\n<\/div><\/div><\/div><\/div><div id=\"pg-5348-1\"  class=\"panel-grid panel-has-style\" ><div class=\"bg-lightgrey uk-hidden siteorigin-panels-stretch panel-row-style panel-row-style-for-5348-1\" data-stretch-type=\"full-stretched\" ><div id=\"pgc-5348-1-0\"  class=\"panel-grid-cell\" ><div class=\"panel-cell-style panel-cell-style-for-5348-1-0\" ><div id=\"panel-5348-1-0-0\" class=\"so-panel widget widget_sow-editor panel-first-child panel-last-child\" data-index=\"2\" ><div class=\"wow fadeInLeft panel-widget-style panel-widget-style-for-5348-1-0-0\" data-wow-offset=\"10\" data-wow-iteration=\"1\" ><div\n\t\t\t\n\t\t\tclass=\"so-widget-sow-editor so-widget-sow-editor-base\"\n\t\t\t\n\t\t>\n<div class=\"siteorigin-widget-tinymce textwidget\">\n\t<h3>Fahrtenbuch und Wartungsdaten in einem!<\/h3>\n<p>Die innovativen Hardwarel\u00f6sung CUMBUS ist eine zertifizierte und wird einfach u\u0308ber die vorhandene OBD-II Schnittstelle Ihres PKW angeschlossen. Dabei u\u0308berzeugt diese L\u00f6sung nicht nur durch einen sehr geringen Einbauaufwand, sondern insbesondere auch durch die einzigartige TUV-Nord-Zertifizierung fu\u0308r<br \/>\ndie Betriebssicherheit Ihres Fahrzeugs. In Verbindung mit der Smartphone-App vTOGGLE eignet sich diese L\u00f6sung ausgezeichnet fu\u0308r das Fu\u0308hren einer kosteneffizienten Fahrtenbuchl\u00f6sung.<\/p>\n<\/div>\n<\/div><\/div><\/div><\/div><\/div><div id=\"pgc-5348-1-1\"  class=\"panel-grid-cell\" ><div id=\"panel-5348-1-1-0\" class=\"so-panel widget widget_sow-image panel-first-child panel-last-child\" data-index=\"3\" ><div class=\"wow bounceInRight panel-widget-style panel-widget-style-for-5348-1-1-0\" data-wow-offset=\"10\" data-wow-iteration=\"1\" ><div\n\t\t\t\n\t\t\tclass=\"so-widget-sow-image so-widget-sow-image-default-c67d20f9f743-5348\"\n\t\t\t\n\t\t>\n<div class=\"sow-image-container\">\n\t\t<img \n\tsrc=\"https:\/\/fleet.tech\/wp-content\/uploads\/hw_cumbus.png\" width=\"269\" height=\"189\" srcset=\"https:\/\/fleet.tech\/wp-content\/uploads\/hw_cumbus.png 269w, https:\/\/fleet.tech\/wp-content\/uploads\/hw_cumbus-120x84.png 120w\" sizes=\"(max-width: 269px) 100vw, 269px\" alt=\"Fahrtenbuch und Wartungsdaten \" \t\tclass=\"so-widget-image\"\/>\n\t<\/div>\n\n<\/div><\/div><\/div><\/div><\/div><\/div><\/div>","protected":false},"excerpt":{"rendered":"<p>La gestion de flotte de voitures vous fournit des donn\u00e9es utiles La t\u00e9l\u00e9matique, conforme \u00e0 la protection des donn\u00e9es, dans la voiture d&rsquo;entreprise aide \u00e0 \u00e9conomiser les \u00e9missions de CO2 et augmente la s\u00e9curit\u00e9. La gestion de flotte d\u2018un parc automobile a des d\u00e9fis sp\u00e9ciaux. D&rsquo;un c\u00f4t\u00e9, les besoins du conducteur en mati\u00e8re de protection [&hellip;]<\/p>\n","protected":false},"author":3,"featured_media":3482,"parent":4945,"menu_order":0,"comment_status":"closed","ping_status":"closed","template":"","meta":{"_acf_changed":false,"inline_featured_image":false,"footnotes":""},"class_list":["post-5348","page","type-page","status-publish","has-post-thumbnail","hentry"],"acf":[],"yoast_head":"<!-- This site is optimized with the Yoast SEO plugin v26.1.1 - https:\/\/yoast.com\/wordpress\/plugins\/seo\/ -->\n<title>Flottenmanagement f\u00fcr Pkw bietet Ihnen hilfreiche Daten<\/title>\n<meta name=\"description\" content=\"Datenschutzkonforme Telematik im Dienstwagen hilft bei der Einsparung von Emissionen und steigert die Sicherheit.\" \/>\n<meta name=\"robots\" content=\"index, follow, max-snippet:-1, max-image-preview:large, max-video-preview:-1\" \/>\n<link rel=\"canonical\" href=\"https:\/\/fleet.tech\/fr\/solutions\/categories\/voiture\/\" \/>\n<meta property=\"og:locale\" content=\"fr_FR\" \/>\n<meta property=\"og:type\" content=\"article\" \/>\n<meta property=\"og:title\" content=\"Flottenmanagement f\u00fcr Pkw bietet Ihnen hilfreiche Daten\" \/>\n<meta property=\"og:description\" content=\"Datenschutzkonforme Telematik im Dienstwagen hilft bei der Einsparung von Emissionen und steigert die Sicherheit.\" \/>\n<meta property=\"og:url\" content=\"https:\/\/fleet.tech\/fr\/solutions\/categories\/voiture\/\" \/>\n<meta property=\"og:site_name\" content=\"fleet.tech\" \/>\n<meta property=\"article:modified_time\" content=\"2018-09-16T15:22:12+00:00\" \/>\n<meta property=\"og:image\" content=\"https:\/\/fleet.tech\/wp-content\/uploads\/Kategorie_PKW.jpg\" \/>\n\t<meta property=\"og:image:width\" content=\"1920\" \/>\n\t<meta property=\"og:image:height\" content=\"1080\" \/>\n\t<meta property=\"og:image:type\" content=\"image\/jpeg\" \/>\n<meta name=\"twitter:card\" content=\"summary_large_image\" \/>\n<meta name=\"twitter:label1\" content=\"Dur\u00e9e de lecture estim\u00e9e\" \/>\n\t<meta name=\"twitter:data1\" content=\"1 minute\" \/>\n<script type=\"application\/ld+json\" class=\"yoast-schema-graph\">{\"@context\":\"https:\/\/schema.org\",\"@graph\":[{\"@type\":\"WebPage\",\"@id\":\"https:\/\/fleet.tech\/fr\/solutions\/categories\/voiture\/\",\"url\":\"https:\/\/fleet.tech\/fr\/solutions\/categories\/voiture\/\",\"name\":\"Flottenmanagement f\u00fcr Pkw bietet Ihnen hilfreiche Daten\",\"isPartOf\":{\"@id\":\"https:\/\/fleet.tech\/#website\"},\"primaryImageOfPage\":{\"@id\":\"https:\/\/fleet.tech\/fr\/solutions\/categories\/voiture\/#primaryimage\"},\"image\":{\"@id\":\"https:\/\/fleet.tech\/fr\/solutions\/categories\/voiture\/#primaryimage\"},\"thumbnailUrl\":\"https:\/\/fleet.tech\/wp-content\/uploads\/Kategorie_PKW.jpg\",\"datePublished\":\"2018-02-16T14:58:32+00:00\",\"dateModified\":\"2018-09-16T15:22:12+00:00\",\"description\":\"Datenschutzkonforme Telematik im Dienstwagen hilft bei der Einsparung von Emissionen und steigert die Sicherheit.\",\"breadcrumb\":{\"@id\":\"https:\/\/fleet.tech\/fr\/solutions\/categories\/voiture\/#breadcrumb\"},\"inLanguage\":\"fr-FR\",\"potentialAction\":[{\"@type\":\"ReadAction\",\"target\":[\"https:\/\/fleet.tech\/fr\/solutions\/categories\/voiture\/\"]}]},{\"@type\":\"ImageObject\",\"inLanguage\":\"fr-FR\",\"@id\":\"https:\/\/fleet.tech\/fr\/solutions\/categories\/voiture\/#primaryimage\",\"url\":\"https:\/\/fleet.tech\/wp-content\/uploads\/Kategorie_PKW.jpg\",\"contentUrl\":\"https:\/\/fleet.tech\/wp-content\/uploads\/Kategorie_PKW.jpg\",\"width\":1920,\"height\":1080},{\"@type\":\"BreadcrumbList\",\"@id\":\"https:\/\/fleet.tech\/fr\/solutions\/categories\/voiture\/#breadcrumb\",\"itemListElement\":[{\"@type\":\"ListItem\",\"position\":1,\"name\":\"Home\",\"item\":\"https:\/\/fleet.tech\/fr\/\"},{\"@type\":\"ListItem\",\"position\":2,\"name\":\"Solutions\",\"item\":\"https:\/\/fleet.tech\/fr\/solutions\/\"},{\"@type\":\"ListItem\",\"position\":3,\"name\":\"Cat\u00e9gories\",\"item\":\"https:\/\/fleet.tech\/fr\/solutions\/categories\/\"},{\"@type\":\"ListItem\",\"position\":4,\"name\":\"Voiture\"}]},{\"@type\":\"WebSite\",\"@id\":\"https:\/\/fleet.tech\/#website\",\"url\":\"https:\/\/fleet.tech\/\",\"name\":\"fleet.tech\",\"description\":\"\",\"potentialAction\":[{\"@type\":\"SearchAction\",\"target\":{\"@type\":\"EntryPoint\",\"urlTemplate\":\"https:\/\/fleet.tech\/?s={search_term_string}\"},\"query-input\":{\"@type\":\"PropertyValueSpecification\",\"valueRequired\":true,\"valueName\":\"search_term_string\"}}],\"inLanguage\":\"fr-FR\"}]}<\/script>\n<!-- \/ Yoast SEO plugin. -->","yoast_head_json":{"title":"Flottenmanagement f\u00fcr Pkw bietet Ihnen hilfreiche Daten","description":"Datenschutzkonforme Telematik im Dienstwagen hilft bei der Einsparung von Emissionen und steigert die Sicherheit.","robots":{"index":"index","follow":"follow","max-snippet":"max-snippet:-1","max-image-preview":"max-image-preview:large","max-video-preview":"max-video-preview:-1"},"canonical":"https:\/\/fleet.tech\/fr\/solutions\/categories\/voiture\/","og_locale":"fr_FR","og_type":"article","og_title":"Flottenmanagement f\u00fcr Pkw bietet Ihnen hilfreiche Daten","og_description":"Datenschutzkonforme Telematik im Dienstwagen hilft bei der Einsparung von Emissionen und steigert die Sicherheit.","og_url":"https:\/\/fleet.tech\/fr\/solutions\/categories\/voiture\/","og_site_name":"fleet.tech","article_modified_time":"2018-09-16T15:22:12+00:00","og_image":[{"width":1920,"height":1080,"url":"https:\/\/fleet.tech\/wp-content\/uploads\/Kategorie_PKW.jpg","type":"image\/jpeg"}],"twitter_card":"summary_large_image","twitter_misc":{"Dur\u00e9e de lecture estim\u00e9e":"1 minute"},"schema":{"@context":"https:\/\/schema.org","@graph":[{"@type":"WebPage","@id":"https:\/\/fleet.tech\/fr\/solutions\/categories\/voiture\/","url":"https:\/\/fleet.tech\/fr\/solutions\/categories\/voiture\/","name":"Flottenmanagement f\u00fcr Pkw bietet Ihnen hilfreiche Daten","isPartOf":{"@id":"https:\/\/fleet.tech\/#website"},"primaryImageOfPage":{"@id":"https:\/\/fleet.tech\/fr\/solutions\/categories\/voiture\/#primaryimage"},"image":{"@id":"https:\/\/fleet.tech\/fr\/solutions\/categories\/voiture\/#primaryimage"},"thumbnailUrl":"https:\/\/fleet.tech\/wp-content\/uploads\/Kategorie_PKW.jpg","datePublished":"2018-02-16T14:58:32+00:00","dateModified":"2018-09-16T15:22:12+00:00","description":"Datenschutzkonforme Telematik im Dienstwagen hilft bei der Einsparung von Emissionen und steigert die Sicherheit.","breadcrumb":{"@id":"https:\/\/fleet.tech\/fr\/solutions\/categories\/voiture\/#breadcrumb"},"inLanguage":"fr-FR","potentialAction":[{"@type":"ReadAction","target":["https:\/\/fleet.tech\/fr\/solutions\/categories\/voiture\/"]}]},{"@type":"ImageObject","inLanguage":"fr-FR","@id":"https:\/\/fleet.tech\/fr\/solutions\/categories\/voiture\/#primaryimage","url":"https:\/\/fleet.tech\/wp-content\/uploads\/Kategorie_PKW.jpg","contentUrl":"https:\/\/fleet.tech\/wp-content\/uploads\/Kategorie_PKW.jpg","width":1920,"height":1080},{"@type":"BreadcrumbList","@id":"https:\/\/fleet.tech\/fr\/solutions\/categories\/voiture\/#breadcrumb","itemListElement":[{"@type":"ListItem","position":1,"name":"Home","item":"https:\/\/fleet.tech\/fr\/"},{"@type":"ListItem","position":2,"name":"Solutions","item":"https:\/\/fleet.tech\/fr\/solutions\/"},{"@type":"ListItem","position":3,"name":"Cat\u00e9gories","item":"https:\/\/fleet.tech\/fr\/solutions\/categories\/"},{"@type":"ListItem","position":4,"name":"Voiture"}]},{"@type":"WebSite","@id":"https:\/\/fleet.tech\/#website","url":"https:\/\/fleet.tech\/","name":"fleet.tech","description":"","potentialAction":[{"@type":"SearchAction","target":{"@type":"EntryPoint","urlTemplate":"https:\/\/fleet.tech\/?s={search_term_string}"},"query-input":{"@type":"PropertyValueSpecification","valueRequired":true,"valueName":"search_term_string"}}],"inLanguage":"fr-FR"}]}},"_links":{"self":[{"href":"https:\/\/fleet.tech\/fr\/wp-json\/wp\/v2\/pages\/5348","targetHints":{"allow":["GET"]}}],"collection":[{"href":"https:\/\/fleet.tech\/fr\/wp-json\/wp\/v2\/pages"}],"about":[{"href":"https:\/\/fleet.tech\/fr\/wp-json\/wp\/v2\/types\/page"}],"author":[{"embeddable":true,"href":"https:\/\/fleet.tech\/fr\/wp-json\/wp\/v2\/users\/3"}],"replies":[{"embeddable":true,"href":"https:\/\/fleet.tech\/fr\/wp-json\/wp\/v2\/comments?post=5348"}],"version-history":[{"count":3,"href":"https:\/\/fleet.tech\/fr\/wp-json\/wp\/v2\/pages\/5348\/revisions"}],"predecessor-version":[{"id":5351,"href":"https:\/\/fleet.tech\/fr\/wp-json\/wp\/v2\/pages\/5348\/revisions\/5351"}],"up":[{"embeddable":true,"href":"https:\/\/fleet.tech\/fr\/wp-json\/wp\/v2\/pages\/4945"}],"wp:featuredmedia":[{"embeddable":true,"href":"https:\/\/fleet.tech\/fr\/wp-json\/wp\/v2\/media\/3482"}],"wp:attachment":[{"href":"https:\/\/fleet.tech\/fr\/wp-json\/wp\/v2\/media?parent=5348"}],"curies":[{"name":"wp","href":"https:\/\/api.w.org\/{rel}","templated":true}]}}