{"id":9343,"date":"2018-03-06T11:32:10","date_gmt":"2018-03-06T10:32:10","guid":{"rendered":"https:\/\/fleet.tech\/presse_freitag\/"},"modified":"2019-11-11T09:24:24","modified_gmt":"2019-11-11T08:24:24","slug":"press","status":"publish","type":"page","link":"https:\/\/fleet.tech\/fr\/press\/","title":{"rendered":"Press"},"content":{"rendered":"<div id=\"pl-9343\"  class=\"panel-layout\" ><div id=\"pg-9343-0\"  class=\"panel-grid panel-has-style\" ><div class=\"presse panel-row-style panel-row-style-for-9343-0\" ><div id=\"pgc-9343-0-0\"  class=\"panel-grid-cell\" ><div id=\"panel-9343-0-0-0\" class=\"so-panel widget widget_sow-editor panel-first-child panel-last-child\" data-index=\"0\" ><div class=\"pdf panel-widget-style panel-widget-style-for-9343-0-0-0\" ><div\n\t\t\t\n\t\t\tclass=\"so-widget-sow-editor so-widget-sow-editor-base\"\n\t\t\t\n\t\t>\n<div class=\"siteorigin-widget-tinymce textwidget\">\n\t<p>&nbsp;<\/p>\n<h1>Communiqu\u00e9 de presse<\/h1>\n<h3>Des transports climatiquement neutres en un seul clic<\/h3>\n<p><strong>Adliswil (Suisse), 11. novembre 2019<\/strong> \u2013 Avec le bilan CO2 fleet.tech, le secteur des v\u00e9hicules utilitaires dispose d\u2019un nouvel instrument pour lutter contre le changement climatique. Les entreprises d\u00e9couvrent ainsi la quantit\u00e9 de gaz \u00e0 effet de serre CO2 produite par leurs v\u00e9hicules. La fondation suisse myclimate permet de compenser ces \u00e9missions.<\/p>\n<ul>\n<li><a href=\"https:\/\/fleet.tech\/wp-content\/uploads\/myclimate_fleettech_Communiquedepresse_final.pdf\" target=\"_blank\" rel=\"noopener\">Communiqu\u00e9 de presse LOSTnFOUND myclimate fran\u00e7ais<\/a><\/li>\n<\/ul>\n<\/div>\n<\/div><\/div><\/div><\/div><\/div><\/div><div id=\"pg-9343-1\"  class=\"panel-grid panel-has-style\" ><div class=\"presse panel-row-style panel-row-style-for-9343-1\" ><div id=\"pgc-9343-1-0\"  class=\"panel-grid-cell\" ><div id=\"panel-9343-1-0-0\" class=\"so-panel widget widget_siteorigin-panels-builder panel-first-child\" data-index=\"1\" ><div id=\"pl-w5dc307eb1a081\"  class=\"panel-layout\" ><div id=\"pg-w5dc307eb1a081-0\"  class=\"panel-grid panel-no-style\" ><div id=\"pgc-w5dc307eb1a081-0-0\"  class=\"panel-grid-cell\" ><div id=\"panel-w5dc307eb1a081-0-0-0\" class=\"so-panel widget widget_sow-editor panel-first-child panel-last-child\" data-index=\"0\" ><div class=\"widget-margin-reset panel-widget-style panel-widget-style-for-w5dc307eb1a081-0-0-0\" ><div\n\t\t\t\n\t\t\tclass=\"so-widget-sow-editor so-widget-sow-editor-base\"\n\t\t\t\n\t\t>\n<div class=\"siteorigin-widget-tinymce textwidget\">\n\t<h3>Images de presse <\/h3>\n<\/div>\n<\/div><\/div><\/div><\/div><\/div><div id=\"pg-w5dc307eb1a081-1\"  class=\"panel-grid panel-no-style\" ><div id=\"pgc-w5dc307eb1a081-1-0\"  class=\"panel-grid-cell\" ><div id=\"panel-w5dc307eb1a081-1-0-0\" class=\"so-panel widget widget_sow-image panel-first-child\" data-index=\"1\" ><div class=\"widget-margin-reset panel-widget-style panel-widget-style-for-w5dc307eb1a081-1-0-0\" ><div\n\t\t\t\n\t\t\tclass=\"so-widget-sow-image so-widget-sow-image-default-4e6925654b7a\"\n\t\t\t\n\t\t>\n<div class=\"sow-image-container\">\n\t\t<img \n\tsrc=\"https:\/\/fleet.tech\/wp-content\/uploads\/zertifikate_wand-1000-1-768x512.jpg\" width=\"768\" height=\"512\" srcset=\"https:\/\/fleet.tech\/wp-content\/uploads\/zertifikate_wand-1000-1-768x512.jpg 768w, https:\/\/fleet.tech\/wp-content\/uploads\/zertifikate_wand-1000-1-960x640.jpg 960w, https:\/\/fleet.tech\/wp-content\/uploads\/zertifikate_wand-1000-1-320x213.jpg 320w, https:\/\/fleet.tech\/wp-content\/uploads\/zertifikate_wand-1000-1-120x80.jpg 120w, https:\/\/fleet.tech\/wp-content\/uploads\/zertifikate_wand-1000-1-272x182.jpg 272w, https:\/\/fleet.tech\/wp-content\/uploads\/zertifikate_wand-1000-1.jpg 1000w\" sizes=\"(max-width: 768px) 100vw, 768px\" title=\"zertifikate_wand-1000\" alt=\"Zertifikate Wand myclimate\" \t\tclass=\"so-widget-image\"\/>\n\t<\/div>\n\n<\/div><\/div><\/div><div id=\"panel-w5dc307eb1a081-1-0-1\" class=\"so-panel widget widget_sow-editor panel-last-child\" data-index=\"2\" ><div\n\t\t\t\n\t\t\tclass=\"so-widget-sow-editor so-widget-sow-editor-base\"\n\t\t\t\n\t\t>\n<div class=\"siteorigin-widget-tinymce textwidget\">\n\t<p style=\"font-size: 15px; padding: 20px 0; line-height: 1;\"><a href=\"https:\/\/fleet.tech\/wp-content\/uploads\/zertifikate_wand-1000-1.jpg\" target=\"_blank\" download>Les certificats de compensation <em>myclimate<\/em> sont id\u00e9aux pour \u00eatre accroch\u00e9s dans l'entreprise. (zertifikate_wand-1000-1.jpg)<\/a><\/p>\n<\/div>\n<\/div><\/div><\/div><\/div><div id=\"pg-w5dc307eb1a081-2\"  class=\"panel-grid panel-has-style\" ><div class=\"images-thumbs panel-row-style panel-row-style-for-w5dc307eb1a081-2\" ><div id=\"pgc-w5dc307eb1a081-2-0\"  class=\"panel-grid-cell\" ><div id=\"panel-w5dc307eb1a081-2-0-0\" class=\"so-panel widget widget_sow-image panel-first-child\" data-index=\"3\" ><div class=\"widget-margin-reset panel-widget-style panel-widget-style-for-w5dc307eb1a081-2-0-0\" ><div\n\t\t\t\n\t\t\tclass=\"so-widget-sow-image so-widget-sow-image-default-c67d20f9f743\"\n\t\t\t\n\t\t>\n<div class=\"sow-image-container\">\n\t\t<img \n\tsrc=\"https:\/\/fleet.tech\/wp-content\/uploads\/Zertifikate_2-1-272x182.jpg\" width=\"272\" height=\"182\" sizes=\"(max-width: 272px) 100vw, 272px\" title=\"Zertifikate_2\" alt=\"\" \t\tclass=\"so-widget-image\"\/>\n\t<\/div>\n\n<\/div><\/div><\/div><div id=\"panel-w5dc307eb1a081-2-0-1\" class=\"so-panel widget widget_sow-editor panel-last-child\" data-index=\"4\" ><div\n\t\t\t\n\t\t\tclass=\"so-widget-sow-editor so-widget-sow-editor-base\"\n\t\t\t\n\t\t>\n<div class=\"siteorigin-widget-tinymce textwidget\">\n\t<p><a href=\"https:\/\/fleet.tech\/wp-content\/uploads\/Zertifikate_2.jpg\" target=\"_blank\" download>Les certificats de compensation <em>myclimate<\/em> indiquent le nom de l'entreprise, le v\u00e9hicule, la quantit\u00e9 de compensation CO2 et la dur\u00e9e. (Zertifikate_2.jpg)<\/a><\/p>\n<\/div>\n<\/div><\/div><\/div><div id=\"pgc-w5dc307eb1a081-2-1\"  class=\"panel-grid-cell\" ><div id=\"panel-w5dc307eb1a081-2-1-0\" class=\"so-panel widget widget_sow-image panel-first-child\" data-index=\"5\" ><div class=\"widget-margin-reset panel-widget-style panel-widget-style-for-w5dc307eb1a081-2-1-0\" ><div\n\t\t\t\n\t\t\tclass=\"so-widget-sow-image so-widget-sow-image-default-c67d20f9f743\"\n\t\t\t\n\t\t>\n<div class=\"sow-image-container\">\n\t\t<img \n\tsrc=\"https:\/\/fleet.tech\/wp-content\/uploads\/LCV_mc_01-1000-272x182.jpg\" width=\"272\" height=\"182\" sizes=\"(max-width: 272px) 100vw, 272px\" title=\"myClimate\" alt=\"myClimate fleet tech\" \t\tclass=\"so-widget-image\"\/>\n\t<\/div>\n\n<\/div><\/div><\/div><div id=\"panel-w5dc307eb1a081-2-1-1\" class=\"so-panel widget widget_sow-editor panel-last-child\" data-index=\"6\" ><div\n\t\t\t\n\t\t\tclass=\"so-widget-sow-editor so-widget-sow-editor-base\"\n\t\t\t\n\t\t>\n<div class=\"siteorigin-widget-tinymce textwidget\">\n\t<p><a href=\"https:\/\/fleet.tech\/wp-content\/uploads\/LCV_mc_01-1000.jpg\" target=\"_blank\" download>Les autocollants des v\u00e9hicules montrent au public qu'un v\u00e9hicule est <em>\"climatiquement neutre\"<\/em> gr\u00e2ce \u00e0 la compensation de CO2. (LCV_mc_01-1000.jpg)<\/a><\/p>\n<\/div>\n<\/div><\/div><\/div><div id=\"pgc-w5dc307eb1a081-2-2\"  class=\"panel-grid-cell\" ><div id=\"panel-w5dc307eb1a081-2-2-0\" class=\"so-panel widget widget_sow-image panel-first-child\" data-index=\"7\" ><div class=\"widget-margin-reset panel-widget-style panel-widget-style-for-w5dc307eb1a081-2-2-0\" ><div\n\t\t\t\n\t\t\tclass=\"so-widget-sow-image so-widget-sow-image-default-c67d20f9f743\"\n\t\t\t\n\t\t>\n<div class=\"sow-image-container\">\n\t\t<img \n\tsrc=\"https:\/\/fleet.tech\/wp-content\/uploads\/Emission_04-272x182.jpg\" width=\"272\" height=\"182\" sizes=\"(max-width: 272px) 100vw, 272px\" alt=\"\" \t\tclass=\"so-widget-image\"\/>\n\t<\/div>\n\n<\/div><\/div><\/div><div id=\"panel-w5dc307eb1a081-2-2-1\" class=\"so-panel widget widget_sow-editor panel-last-child\" data-index=\"8\" ><div\n\t\t\t\n\t\t\tclass=\"so-widget-sow-editor so-widget-sow-editor-base\"\n\t\t\t\n\t\t>\n<div class=\"siteorigin-widget-tinymce textwidget\">\n\t<p><a href=\"https:\/\/fleet.tech\/wp-content\/uploads\/Emission_04.jpg\" target=\"_blank\" download>Chaque client de <em>fleet.tech<\/em> peut compenser volontairement la quantit\u00e9 de CO2 g\u00e9n\u00e9r\u00e9e par v\u00e9hicule avec un montant d'argent calcul\u00e9 individuellement en un seul clic. (Emission_04.jpg)<\/a><\/p>\n<\/div>\n<\/div><\/div><\/div><div id=\"pgc-w5dc307eb1a081-2-3\"  class=\"panel-grid-cell\" ><div id=\"panel-w5dc307eb1a081-2-3-0\" class=\"so-panel widget widget_sow-image panel-first-child\" data-index=\"9\" ><div class=\"widget-margin-reset panel-widget-style panel-widget-style-for-w5dc307eb1a081-2-3-0\" ><div\n\t\t\t\n\t\t\tclass=\"so-widget-sow-image so-widget-sow-image-default-c67d20f9f743\"\n\t\t\t\n\t\t>\n<div class=\"sow-image-container\">\n\t\t<img \n\tsrc=\"https:\/\/fleet.tech\/wp-content\/uploads\/devicesettings_myclimate-272x182.png\" width=\"272\" height=\"182\" sizes=\"(max-width: 272px) 100vw, 272px\" alt=\"\" \t\tclass=\"so-widget-image\"\/>\n\t<\/div>\n\n<\/div><\/div><\/div><div id=\"panel-w5dc307eb1a081-2-3-1\" class=\"so-panel widget widget_sow-editor panel-last-child\" data-index=\"10\" ><div\n\t\t\t\n\t\t\tclass=\"so-widget-sow-editor so-widget-sow-editor-base\"\n\t\t\t\n\t\t>\n<div class=\"siteorigin-widget-tinymce textwidget\">\n\t<p><a href=\"https:\/\/fleet.tech\/wp-content\/uploads\/devicesettings_myclimate.png\" target=\"_blank\" download>Le syst\u00e8me <em>fleet.tech<\/em> contient une base de donn\u00e9es de plus de 30 000 configurations de v\u00e9hicules. Chaque v\u00e9hicule peut ainsi \u00eatre enregistr\u00e9 en d\u00e9tail. (devicesettings_myclimate.png)<\/a><\/p>\n<\/div>\n<\/div><\/div><\/div><\/div><\/div><\/div><\/div><div id=\"panel-9343-1-0-1\" class=\"so-panel widget widget_sow-video panel-last-child\" data-index=\"2\" ><div\n\t\t\t\n\t\t\tclass=\"so-widget-sow-video so-widget-sow-video-default-c08170c47cfb-9343\"\n\t\t\t\n\t\t>\n<div class=\"sow-video-wrapper\n\">\n\t\t\t<div class=\"BorlabsCookie _brlbs-cb-youtube\"><div class=\"_brlbs-content-blocker\"> <div class=\"_brlbs-embed _brlbs-video-youtube\"> <img class=\"_brlbs-thumbnail\" src=\"https:\/\/fleet.tech\/wp-content\/plugins\/borlabs-cookie\/assets\/images\/cb-no-thumbnail.png\" alt=\"YouTube\"> <div class=\"_brlbs-caption\"> <p>By loading the video, you agree to YouTube's privacy policy.<br><a href=\"https:\/\/policies.google.com\/privacy?hl=en&amp;gl=en\" target=\"_blank\" rel=\"nofollow noopener noreferrer\">Learn more<\/a><\/p> <p><a class=\"_brlbs-btn _brlbs-icon-play-white\" href=\"#\" data-borlabs-cookie-unblock role=\"button\">Load video<\/a><\/p> <p><label><input type=\"checkbox\" name=\"unblockAll\" value=\"1\" checked> <small>Always unblock YouTube<\/small><\/label><\/p> <\/div> <\/div> <\/div><div class=\"borlabs-hide\" data-borlabs-cookie-type=\"content-blocker\" data-borlabs-cookie-id=\"youtube\"><script type=\"text\/template\">PGlmcmFtZSBsb2FkaW5nPSJsYXp5IiB0aXRsZT0iRGVzIHRyYW5zcG9ydHMgY2xpbWF0aXF1ZW1lbnQgbmV1dHJlcyBlbiB1biBjbGljIiB3aWR0aD0iNjQwIiBoZWlnaHQ9IjM2MCIgc3JjPSJodHRwczovL3d3dy55b3V0dWJlLW5vY29va2llLmNvbS9lbWJlZC9QbGlBZ2VyNjd2VT9mZWF0dXJlPW9lbWJlZCZlbmFibGVqc2FwaT0xIiBmcmFtZWJvcmRlcj0iMCIgYWxsb3c9ImFjY2VsZXJvbWV0ZXI7IGF1dG9wbGF5OyBjbGlwYm9hcmQtd3JpdGU7IGVuY3J5cHRlZC1tZWRpYTsgZ3lyb3Njb3BlOyBwaWN0dXJlLWluLXBpY3R1cmU7IHdlYi1zaGFyZSIgcmVmZXJyZXJwb2xpY3k9InN0cmljdC1vcmlnaW4td2hlbi1jcm9zcy1vcmlnaW4iIGFsbG93ZnVsbHNjcmVlbiBhbGxvd2Z1bGxzY3JlZW4gbW96YWxsb3dmdWxsc2NyZWVuIHdlYmtpdGFsbG93ZnVsbHNjcmVlbj48L2lmcmFtZT4=<\/script><\/div><\/div>\t<\/div>\n<\/div><\/div><\/div><div id=\"pgc-9343-1-1\"  class=\"panel-grid-cell\" ><div id=\"panel-9343-1-1-0\" class=\"so-panel widget widget_sow-editor panel-first-child\" data-index=\"3\" ><div class=\"logo panel-widget-style panel-widget-style-for-9343-1-1-0\" ><div\n\t\t\t\n\t\t\tclass=\"so-widget-sow-editor so-widget-sow-editor-base\"\n\t\t\t\n\t\t>\n<div class=\"siteorigin-widget-tinymce textwidget\">\n\t<h3>Logos<\/h3>\n<p><img decoding=\"async\" src=\"https:\/\/fleet.tech\/wp-content\/uploads\/fleet_tech_382.png\" alt=\"Logo PNG\"><\/p>\n<ul class=\"images\">\n<li><a href=\"https:\/\/fleet.tech\/wp-content\/uploads\/fleet_tech_382.png\" target=\"_blank\" rel=\"noopener\" download=\"\"><strong>PNG<\/strong><em>(35 KB)<\/em><\/a><\/li>\n<\/ul>\n<ul class=\"pdf\">\n<li><a href=\"https:\/\/fleet.tech\/wp-content\/uploads\/fleet_tech_161.pdf\" download=\"\"><strong>PDF<\/strong><em>(7 KB)<\/em><\/a><\/li>\n<\/ul>\n<ul class=\"eps\">\n<li><a href=\"https:\/\/fleet.tech\/fleet_tech_392.eps\" download=\"\"><strong>EPS<\/strong><em>(20 KB)<\/em><\/a><\/li>\n<\/ul>\n<\/div>\n<\/div><\/div><\/div><div id=\"panel-9343-1-1-1\" class=\"so-panel widget widget_sow-editor panel-last-child\" data-index=\"4\" ><div class=\"logo panel-widget-style panel-widget-style-for-9343-1-1-1\" ><div\n\t\t\t\n\t\t\tclass=\"so-widget-sow-editor so-widget-sow-editor-base\"\n\t\t\t\n\t\t>\n<div class=\"siteorigin-widget-tinymce textwidget\">\n\t<p><img decoding=\"async\" src=\"https:\/\/fleet.tech\/wp-content\/uploads\/myc-label-basis-cmyk.png\" alt=\"Logo PNG\"><\/p>\n<ul class=\"images\">\n<li><a href=\"https:\/\/fleet.tech\/wp-content\/uploads\/myc-label-basis-cmyk.png\" target=\"_blank\" rel=\"noopener\" download=\"\"><strong>PNG<\/strong><em>(7 KB)<\/em><\/a><\/li>\n<\/ul>\n<ul class=\"pdf\">\n<li><a href=\"https:\/\/fleet.tech\/wp-content\/uploads\/myc-label-basis-cmyk.pdf\" download=\"\"><strong>PDF<\/strong><em>(22 KB)<\/em><\/a><\/li>\n<\/ul>\n<\/div>\n<\/div><\/div><\/div><\/div><\/div><\/div><\/div>","protected":false},"excerpt":{"rendered":"<p>&nbsp; Communiqu\u00e9 de presse Des transports climatiquement neutres en un seul clic Adliswil (Suisse), 11. novembre 2019 \u2013 Avec le bilan CO2 fleet.tech, le secteur des v\u00e9hicules utilitaires dispose d\u2019un nouvel instrument pour lutter contre le changement climatique. Les entreprises d\u00e9couvrent ainsi la quantit\u00e9 de gaz \u00e0 effet de serre CO2 produite par leurs v\u00e9hicules. [&hellip;]<\/p>\n","protected":false},"author":3,"featured_media":861,"parent":0,"menu_order":0,"comment_status":"closed","ping_status":"closed","template":"","meta":{"_acf_changed":false,"inline_featured_image":false,"footnotes":""},"class_list":["post-9343","page","type-page","status-publish","has-post-thumbnail","hentry"],"acf":[],"yoast_head":"<!-- This site is optimized with the Yoast SEO plugin v26.1.1 - https:\/\/yoast.com\/wordpress\/plugins\/seo\/ -->\n<title>Press - fleet.tech<\/title>\n<meta name=\"robots\" content=\"index, follow, max-snippet:-1, max-image-preview:large, max-video-preview:-1\" \/>\n<link rel=\"canonical\" href=\"https:\/\/fleet.tech\/fr\/press\/\" \/>\n<meta property=\"og:locale\" content=\"fr_FR\" \/>\n<meta property=\"og:type\" content=\"article\" \/>\n<meta property=\"og:title\" content=\"Press - fleet.tech\" \/>\n<meta property=\"og:description\" content=\"&nbsp; Communiqu\u00e9 de presse Des transports climatiquement neutres en un seul clic Adliswil (Suisse), 11. novembre 2019 \u2013 Avec le bilan CO2 fleet.tech, le secteur des v\u00e9hicules utilitaires dispose d\u2019un nouvel instrument pour lutter contre le changement climatique. Les entreprises d\u00e9couvrent ainsi la quantit\u00e9 de gaz \u00e0 effet de serre CO2 produite par leurs v\u00e9hicules. [&hellip;]\" \/>\n<meta property=\"og:url\" content=\"https:\/\/fleet.tech\/fr\/press\/\" \/>\n<meta property=\"og:site_name\" content=\"fleet.tech\" \/>\n<meta property=\"article:modified_time\" content=\"2019-11-11T08:24:24+00:00\" \/>\n<meta property=\"og:image\" content=\"https:\/\/fleet.tech\/wp-content\/uploads\/slide-waldstrasse.jpg\" \/>\n\t<meta property=\"og:image:width\" content=\"1920\" \/>\n\t<meta property=\"og:image:height\" content=\"1080\" \/>\n\t<meta property=\"og:image:type\" content=\"image\/jpeg\" \/>\n<meta name=\"twitter:card\" content=\"summary_large_image\" \/>\n<meta name=\"twitter:label1\" content=\"Dur\u00e9e de lecture estim\u00e9e\" \/>\n\t<meta name=\"twitter:data1\" content=\"1 minute\" \/>\n<script type=\"application\/ld+json\" class=\"yoast-schema-graph\">{\"@context\":\"https:\/\/schema.org\",\"@graph\":[{\"@type\":\"WebPage\",\"@id\":\"https:\/\/fleet.tech\/fr\/press\/\",\"url\":\"https:\/\/fleet.tech\/fr\/press\/\",\"name\":\"Press - fleet.tech\",\"isPartOf\":{\"@id\":\"https:\/\/fleet.tech\/#website\"},\"primaryImageOfPage\":{\"@id\":\"https:\/\/fleet.tech\/fr\/press\/#primaryimage\"},\"image\":{\"@id\":\"https:\/\/fleet.tech\/fr\/press\/#primaryimage\"},\"thumbnailUrl\":\"https:\/\/fleet.tech\/wp-content\/uploads\/slide-waldstrasse.jpg\",\"datePublished\":\"2018-03-06T10:32:10+00:00\",\"dateModified\":\"2019-11-11T08:24:24+00:00\",\"breadcrumb\":{\"@id\":\"https:\/\/fleet.tech\/fr\/press\/#breadcrumb\"},\"inLanguage\":\"fr-FR\",\"potentialAction\":[{\"@type\":\"ReadAction\",\"target\":[\"https:\/\/fleet.tech\/fr\/press\/\"]}]},{\"@type\":\"ImageObject\",\"inLanguage\":\"fr-FR\",\"@id\":\"https:\/\/fleet.tech\/fr\/press\/#primaryimage\",\"url\":\"https:\/\/fleet.tech\/wp-content\/uploads\/slide-waldstrasse.jpg\",\"contentUrl\":\"https:\/\/fleet.tech\/wp-content\/uploads\/slide-waldstrasse.jpg\",\"width\":1920,\"height\":1080},{\"@type\":\"BreadcrumbList\",\"@id\":\"https:\/\/fleet.tech\/fr\/press\/#breadcrumb\",\"itemListElement\":[{\"@type\":\"ListItem\",\"position\":1,\"name\":\"Home\",\"item\":\"https:\/\/fleet.tech\/fr\/\"},{\"@type\":\"ListItem\",\"position\":2,\"name\":\"Press\"}]},{\"@type\":\"WebSite\",\"@id\":\"https:\/\/fleet.tech\/#website\",\"url\":\"https:\/\/fleet.tech\/\",\"name\":\"fleet.tech\",\"description\":\"\",\"potentialAction\":[{\"@type\":\"SearchAction\",\"target\":{\"@type\":\"EntryPoint\",\"urlTemplate\":\"https:\/\/fleet.tech\/?s={search_term_string}\"},\"query-input\":{\"@type\":\"PropertyValueSpecification\",\"valueRequired\":true,\"valueName\":\"search_term_string\"}}],\"inLanguage\":\"fr-FR\"}]}<\/script>\n<!-- \/ Yoast SEO plugin. -->","yoast_head_json":{"title":"Press - fleet.tech","robots":{"index":"index","follow":"follow","max-snippet":"max-snippet:-1","max-image-preview":"max-image-preview:large","max-video-preview":"max-video-preview:-1"},"canonical":"https:\/\/fleet.tech\/fr\/press\/","og_locale":"fr_FR","og_type":"article","og_title":"Press - fleet.tech","og_description":"&nbsp; Communiqu\u00e9 de presse Des transports climatiquement neutres en un seul clic Adliswil (Suisse), 11. novembre 2019 \u2013 Avec le bilan CO2 fleet.tech, le secteur des v\u00e9hicules utilitaires dispose d\u2019un nouvel instrument pour lutter contre le changement climatique. Les entreprises d\u00e9couvrent ainsi la quantit\u00e9 de gaz \u00e0 effet de serre CO2 produite par leurs v\u00e9hicules. [&hellip;]","og_url":"https:\/\/fleet.tech\/fr\/press\/","og_site_name":"fleet.tech","article_modified_time":"2019-11-11T08:24:24+00:00","og_image":[{"width":1920,"height":1080,"url":"https:\/\/fleet.tech\/wp-content\/uploads\/slide-waldstrasse.jpg","type":"image\/jpeg"}],"twitter_card":"summary_large_image","twitter_misc":{"Dur\u00e9e de lecture estim\u00e9e":"1 minute"},"schema":{"@context":"https:\/\/schema.org","@graph":[{"@type":"WebPage","@id":"https:\/\/fleet.tech\/fr\/press\/","url":"https:\/\/fleet.tech\/fr\/press\/","name":"Press - fleet.tech","isPartOf":{"@id":"https:\/\/fleet.tech\/#website"},"primaryImageOfPage":{"@id":"https:\/\/fleet.tech\/fr\/press\/#primaryimage"},"image":{"@id":"https:\/\/fleet.tech\/fr\/press\/#primaryimage"},"thumbnailUrl":"https:\/\/fleet.tech\/wp-content\/uploads\/slide-waldstrasse.jpg","datePublished":"2018-03-06T10:32:10+00:00","dateModified":"2019-11-11T08:24:24+00:00","breadcrumb":{"@id":"https:\/\/fleet.tech\/fr\/press\/#breadcrumb"},"inLanguage":"fr-FR","potentialAction":[{"@type":"ReadAction","target":["https:\/\/fleet.tech\/fr\/press\/"]}]},{"@type":"ImageObject","inLanguage":"fr-FR","@id":"https:\/\/fleet.tech\/fr\/press\/#primaryimage","url":"https:\/\/fleet.tech\/wp-content\/uploads\/slide-waldstrasse.jpg","contentUrl":"https:\/\/fleet.tech\/wp-content\/uploads\/slide-waldstrasse.jpg","width":1920,"height":1080},{"@type":"BreadcrumbList","@id":"https:\/\/fleet.tech\/fr\/press\/#breadcrumb","itemListElement":[{"@type":"ListItem","position":1,"name":"Home","item":"https:\/\/fleet.tech\/fr\/"},{"@type":"ListItem","position":2,"name":"Press"}]},{"@type":"WebSite","@id":"https:\/\/fleet.tech\/#website","url":"https:\/\/fleet.tech\/","name":"fleet.tech","description":"","potentialAction":[{"@type":"SearchAction","target":{"@type":"EntryPoint","urlTemplate":"https:\/\/fleet.tech\/?s={search_term_string}"},"query-input":{"@type":"PropertyValueSpecification","valueRequired":true,"valueName":"search_term_string"}}],"inLanguage":"fr-FR"}]}},"_links":{"self":[{"href":"https:\/\/fleet.tech\/fr\/wp-json\/wp\/v2\/pages\/9343","targetHints":{"allow":["GET"]}}],"collection":[{"href":"https:\/\/fleet.tech\/fr\/wp-json\/wp\/v2\/pages"}],"about":[{"href":"https:\/\/fleet.tech\/fr\/wp-json\/wp\/v2\/types\/page"}],"author":[{"embeddable":true,"href":"https:\/\/fleet.tech\/fr\/wp-json\/wp\/v2\/users\/3"}],"replies":[{"embeddable":true,"href":"https:\/\/fleet.tech\/fr\/wp-json\/wp\/v2\/comments?post=9343"}],"version-history":[{"count":13,"href":"https:\/\/fleet.tech\/fr\/wp-json\/wp\/v2\/pages\/9343\/revisions"}],"predecessor-version":[{"id":9703,"href":"https:\/\/fleet.tech\/fr\/wp-json\/wp\/v2\/pages\/9343\/revisions\/9703"}],"wp:featuredmedia":[{"embeddable":true,"href":"https:\/\/fleet.tech\/fr\/wp-json\/wp\/v2\/media\/861"}],"wp:attachment":[{"href":"https:\/\/fleet.tech\/fr\/wp-json\/wp\/v2\/media?parent=9343"}],"curies":[{"name":"wp","href":"https:\/\/api.w.org\/{rel}","templated":true}]}}