{"id":10767,"date":"2020-08-19T16:52:24","date_gmt":"2020-08-19T15:52:24","guid":{"rendered":"https:\/\/fleet.tech\/produkt\/fleet-tech-arcuslight\/"},"modified":"2020-08-20T18:22:04","modified_gmt":"2020-08-20T17:22:04","slug":"fleet-tech-arcuslight-avec-6-mois-de-service","status":"publish","type":"product","link":"https:\/\/fleet.tech\/fr\/produkt\/fleet-tech-arcuslight-avec-6-mois-de-service\/","title":{"rendered":"fleet.tech\u00ae ARCUSlight avec 6 mois de service"},"content":{"rendered":"<p>Gr\u00e2ce \u00e0 son installation extr\u00eamement simple et \u00e0 la carte SIM int\u00e9gr\u00e9e, l&rsquo;ARCUSlight met en r\u00e9seau en quelques minutes des v\u00e9hicules utilitaires tels que des fourgons, des camions ou des engins de chantier. Une fois install\u00e9, des alarmes peuvent \u00eatre d\u00e9clench\u00e9es imm\u00e9diatement concernant l&rsquo;utilisation du v\u00e9hicule en dehors de fen\u00eatres temporelles d\u00e9finies, l&rsquo;entr\u00e9e et\/ou la sortie de zones g\u00e9ographiques et les probl\u00e8mes de batterie du v\u00e9hicule. Les alarmes peuvent \u00eatre activ\u00e9es par SMS, e-mail ou appel syst\u00e8me.<\/p>\n","protected":false},"excerpt":{"rendered":"<p>Localisateur GPS et moniteur de batterie<\/p>\n","protected":false},"featured_media":10777,"template":"","meta":{"_acf_changed":false,"inline_featured_image":false},"product_brand":[],"product_cat":[219],"product_tag":[],"class_list":{"0":"post-10767","1":"product","2":"type-product","3":"status-publish","4":"has-post-thumbnail","6":"product_cat-kit-de-demarrage","8":"first","9":"instock","10":"taxable","11":"shipping-taxable","12":"purchasable","13":"product-type-simple"},"acf":[],"yoast_head":"<!-- This site is optimized with the Yoast SEO plugin v26.1.1 - https:\/\/yoast.com\/wordpress\/plugins\/seo\/ -->\n<title>fleet.tech\u00ae ARCUSlight avec 6 mois de service - fleet.tech<\/title>\n<meta name=\"robots\" content=\"index, follow, max-snippet:-1, max-image-preview:large, max-video-preview:-1\" \/>\n<link rel=\"canonical\" href=\"https:\/\/fleet.tech\/fr\/produkt\/fleet-tech-arcuslight-avec-6-mois-de-service\/\" \/>\n<meta property=\"og:locale\" content=\"fr_FR\" \/>\n<meta property=\"og:type\" content=\"article\" \/>\n<meta property=\"og:title\" content=\"fleet.tech\u00ae ARCUSlight avec 6 mois de service - fleet.tech\" \/>\n<meta property=\"og:description\" content=\"Localisateur GPS et moniteur de batterie\" \/>\n<meta property=\"og:url\" content=\"https:\/\/fleet.tech\/fr\/produkt\/fleet-tech-arcuslight-avec-6-mois-de-service\/\" \/>\n<meta property=\"og:site_name\" content=\"fleet.tech\" \/>\n<meta property=\"article:modified_time\" content=\"2020-08-20T17:22:04+00:00\" \/>\n<meta property=\"og:image\" content=\"https:\/\/fleet.tech\/wp-content\/uploads\/ARCUS_light_B_FR.png\" \/>\n\t<meta property=\"og:image:width\" content=\"600\" \/>\n\t<meta property=\"og:image:height\" content=\"430\" \/>\n\t<meta property=\"og:image:type\" content=\"image\/png\" \/>\n<meta name=\"twitter:card\" content=\"summary_large_image\" \/>\n<script type=\"application\/ld+json\" class=\"yoast-schema-graph\">{\"@context\":\"https:\/\/schema.org\",\"@graph\":[{\"@type\":\"WebPage\",\"@id\":\"https:\/\/fleet.tech\/fr\/produkt\/fleet-tech-arcuslight-avec-6-mois-de-service\/\",\"url\":\"https:\/\/fleet.tech\/fr\/produkt\/fleet-tech-arcuslight-avec-6-mois-de-service\/\",\"name\":\"fleet.tech\u00ae ARCUSlight avec 6 mois de service - fleet.tech\",\"isPartOf\":{\"@id\":\"https:\/\/fleet.tech\/#website\"},\"primaryImageOfPage\":{\"@id\":\"https:\/\/fleet.tech\/fr\/produkt\/fleet-tech-arcuslight-avec-6-mois-de-service\/#primaryimage\"},\"image\":{\"@id\":\"https:\/\/fleet.tech\/fr\/produkt\/fleet-tech-arcuslight-avec-6-mois-de-service\/#primaryimage\"},\"thumbnailUrl\":\"https:\/\/fleet.tech\/wp-content\/uploads\/ARCUS_light_B_FR.png\",\"datePublished\":\"2020-08-19T15:52:24+00:00\",\"dateModified\":\"2020-08-20T17:22:04+00:00\",\"breadcrumb\":{\"@id\":\"https:\/\/fleet.tech\/fr\/produkt\/fleet-tech-arcuslight-avec-6-mois-de-service\/#breadcrumb\"},\"inLanguage\":\"fr-FR\",\"potentialAction\":[{\"@type\":\"ReadAction\",\"target\":[\"https:\/\/fleet.tech\/fr\/produkt\/fleet-tech-arcuslight-avec-6-mois-de-service\/\"]}]},{\"@type\":\"ImageObject\",\"inLanguage\":\"fr-FR\",\"@id\":\"https:\/\/fleet.tech\/fr\/produkt\/fleet-tech-arcuslight-avec-6-mois-de-service\/#primaryimage\",\"url\":\"https:\/\/fleet.tech\/wp-content\/uploads\/ARCUS_light_B_FR.png\",\"contentUrl\":\"https:\/\/fleet.tech\/wp-content\/uploads\/ARCUS_light_B_FR.png\",\"width\":600,\"height\":430},{\"@type\":\"BreadcrumbList\",\"@id\":\"https:\/\/fleet.tech\/fr\/produkt\/fleet-tech-arcuslight-avec-6-mois-de-service\/#breadcrumb\",\"itemListElement\":[{\"@type\":\"ListItem\",\"position\":1,\"name\":\"Home\",\"item\":\"https:\/\/fleet.tech\/fr\/\"},{\"@type\":\"ListItem\",\"position\":2,\"name\":\"Shop\",\"item\":\"https:\/\/fleet.tech\/fr\/shop\/\"},{\"@type\":\"ListItem\",\"position\":3,\"name\":\"fleet.tech\u00ae ARCUSlight avec 6 mois de service\"}]},{\"@type\":\"WebSite\",\"@id\":\"https:\/\/fleet.tech\/#website\",\"url\":\"https:\/\/fleet.tech\/\",\"name\":\"fleet.tech\",\"description\":\"\",\"potentialAction\":[{\"@type\":\"SearchAction\",\"target\":{\"@type\":\"EntryPoint\",\"urlTemplate\":\"https:\/\/fleet.tech\/?s={search_term_string}\"},\"query-input\":{\"@type\":\"PropertyValueSpecification\",\"valueRequired\":true,\"valueName\":\"search_term_string\"}}],\"inLanguage\":\"fr-FR\"}]}<\/script>\n<!-- \/ Yoast SEO plugin. -->","yoast_head_json":{"title":"fleet.tech\u00ae ARCUSlight avec 6 mois de service - fleet.tech","robots":{"index":"index","follow":"follow","max-snippet":"max-snippet:-1","max-image-preview":"max-image-preview:large","max-video-preview":"max-video-preview:-1"},"canonical":"https:\/\/fleet.tech\/fr\/produkt\/fleet-tech-arcuslight-avec-6-mois-de-service\/","og_locale":"fr_FR","og_type":"article","og_title":"fleet.tech\u00ae ARCUSlight avec 6 mois de service - fleet.tech","og_description":"Localisateur GPS et moniteur de batterie","og_url":"https:\/\/fleet.tech\/fr\/produkt\/fleet-tech-arcuslight-avec-6-mois-de-service\/","og_site_name":"fleet.tech","article_modified_time":"2020-08-20T17:22:04+00:00","og_image":[{"width":600,"height":430,"url":"https:\/\/fleet.tech\/wp-content\/uploads\/ARCUS_light_B_FR.png","type":"image\/png"}],"twitter_card":"summary_large_image","schema":{"@context":"https:\/\/schema.org","@graph":[{"@type":"WebPage","@id":"https:\/\/fleet.tech\/fr\/produkt\/fleet-tech-arcuslight-avec-6-mois-de-service\/","url":"https:\/\/fleet.tech\/fr\/produkt\/fleet-tech-arcuslight-avec-6-mois-de-service\/","name":"fleet.tech\u00ae ARCUSlight avec 6 mois de service - fleet.tech","isPartOf":{"@id":"https:\/\/fleet.tech\/#website"},"primaryImageOfPage":{"@id":"https:\/\/fleet.tech\/fr\/produkt\/fleet-tech-arcuslight-avec-6-mois-de-service\/#primaryimage"},"image":{"@id":"https:\/\/fleet.tech\/fr\/produkt\/fleet-tech-arcuslight-avec-6-mois-de-service\/#primaryimage"},"thumbnailUrl":"https:\/\/fleet.tech\/wp-content\/uploads\/ARCUS_light_B_FR.png","datePublished":"2020-08-19T15:52:24+00:00","dateModified":"2020-08-20T17:22:04+00:00","breadcrumb":{"@id":"https:\/\/fleet.tech\/fr\/produkt\/fleet-tech-arcuslight-avec-6-mois-de-service\/#breadcrumb"},"inLanguage":"fr-FR","potentialAction":[{"@type":"ReadAction","target":["https:\/\/fleet.tech\/fr\/produkt\/fleet-tech-arcuslight-avec-6-mois-de-service\/"]}]},{"@type":"ImageObject","inLanguage":"fr-FR","@id":"https:\/\/fleet.tech\/fr\/produkt\/fleet-tech-arcuslight-avec-6-mois-de-service\/#primaryimage","url":"https:\/\/fleet.tech\/wp-content\/uploads\/ARCUS_light_B_FR.png","contentUrl":"https:\/\/fleet.tech\/wp-content\/uploads\/ARCUS_light_B_FR.png","width":600,"height":430},{"@type":"BreadcrumbList","@id":"https:\/\/fleet.tech\/fr\/produkt\/fleet-tech-arcuslight-avec-6-mois-de-service\/#breadcrumb","itemListElement":[{"@type":"ListItem","position":1,"name":"Home","item":"https:\/\/fleet.tech\/fr\/"},{"@type":"ListItem","position":2,"name":"Shop","item":"https:\/\/fleet.tech\/fr\/shop\/"},{"@type":"ListItem","position":3,"name":"fleet.tech\u00ae ARCUSlight avec 6 mois de service"}]},{"@type":"WebSite","@id":"https:\/\/fleet.tech\/#website","url":"https:\/\/fleet.tech\/","name":"fleet.tech","description":"","potentialAction":[{"@type":"SearchAction","target":{"@type":"EntryPoint","urlTemplate":"https:\/\/fleet.tech\/?s={search_term_string}"},"query-input":{"@type":"PropertyValueSpecification","valueRequired":true,"valueName":"search_term_string"}}],"inLanguage":"fr-FR"}]}},"_links":{"self":[{"href":"https:\/\/fleet.tech\/fr\/wp-json\/wp\/v2\/product\/10767","targetHints":{"allow":["GET"]}}],"collection":[{"href":"https:\/\/fleet.tech\/fr\/wp-json\/wp\/v2\/product"}],"about":[{"href":"https:\/\/fleet.tech\/fr\/wp-json\/wp\/v2\/types\/product"}],"wp:featuredmedia":[{"embeddable":true,"href":"https:\/\/fleet.tech\/fr\/wp-json\/wp\/v2\/media\/10777"}],"wp:attachment":[{"href":"https:\/\/fleet.tech\/fr\/wp-json\/wp\/v2\/media?parent=10767"}],"wp:term":[{"taxonomy":"product_brand","embeddable":true,"href":"https:\/\/fleet.tech\/fr\/wp-json\/wp\/v2\/product_brand?post=10767"},{"taxonomy":"product_cat","embeddable":true,"href":"https:\/\/fleet.tech\/fr\/wp-json\/wp\/v2\/product_cat?post=10767"},{"taxonomy":"product_tag","embeddable":true,"href":"https:\/\/fleet.tech\/fr\/wp-json\/wp\/v2\/product_tag?post=10767"}],"curies":[{"name":"wp","href":"https:\/\/api.w.org\/{rel}","templated":true}]}}