{"id":10821,"date":"2020-08-20T12:28:59","date_gmt":"2020-08-20T11:28:59","guid":{"rendered":"https:\/\/fleet.tech\/produkt\/fleet-tech-beacon-inkl-6-monate-service\/"},"modified":"2020-08-20T18:26:40","modified_gmt":"2020-08-20T17:26:40","slug":"fleet-tech-beacon-avec-6-mois-de-service","status":"publish","type":"product","link":"https:\/\/fleet.tech\/fr\/produkt\/fleet-tech-beacon-avec-6-mois-de-service\/","title":{"rendered":"fleet.tech\u00ae BEACON avec 6 mois de service"},"content":{"rendered":"<p>Ce syst\u00e8me unique, compos\u00e9 du terminal BEACON et du DRIVER-APP, est un carnet de route \u00e9lectronique extr\u00eamement facile \u00e0 utiliser. En quelques clics, les voyages sont class\u00e9s ou pr\u00e9-marqu\u00e9s comme des voyages priv\u00e9s ou professionnels en utilisant les profils pr\u00e9d\u00e9finis. En outre, l&rsquo;application fournit des informations pr\u00e9cieuses sur la mani\u00e8re d&rsquo;optimiser la conduite dans les phases cl\u00e9s. Le tableau de bord donne un aper\u00e7u de l&rsquo;efficacit\u00e9, de la s\u00e9curit\u00e9 et du bilan de CO2. Il est id\u00e9al pour les entreprises disposant d&rsquo;une flotte de v\u00e9hicules utilis\u00e9s \u00e0 la fois \u00e0 des fins priv\u00e9es et professionnelles. La solution est conforme aux r\u00e8gles de protection des donn\u00e9es de l&rsquo;EU-DSGVO.<\/p>\n","protected":false},"excerpt":{"rendered":"<p>Carnet de route et formateur au style de conduite<\/p>\n","protected":false},"featured_media":10797,"template":"","meta":{"_acf_changed":false,"inline_featured_image":false},"product_brand":[],"product_cat":[219],"product_tag":[],"class_list":{"0":"post-10821","1":"product","2":"type-product","3":"status-publish","4":"has-post-thumbnail","6":"product_cat-kit-de-demarrage","8":"first","9":"instock","10":"taxable","11":"shipping-taxable","12":"purchasable","13":"product-type-simple"},"acf":[],"yoast_head":"<!-- This site is optimized with the Yoast SEO plugin v26.1.1 - https:\/\/yoast.com\/wordpress\/plugins\/seo\/ -->\n<title>fleet.tech\u00ae BEACON avec 6 mois de service - fleet.tech<\/title>\n<meta name=\"robots\" content=\"index, follow, max-snippet:-1, max-image-preview:large, max-video-preview:-1\" \/>\n<link rel=\"canonical\" href=\"https:\/\/fleet.tech\/fr\/produkt\/fleet-tech-beacon-avec-6-mois-de-service\/\" \/>\n<meta property=\"og:locale\" content=\"fr_FR\" \/>\n<meta property=\"og:type\" content=\"article\" \/>\n<meta property=\"og:title\" content=\"fleet.tech\u00ae BEACON avec 6 mois de service - fleet.tech\" \/>\n<meta property=\"og:description\" content=\"Carnet de route et formateur au style de conduite\" \/>\n<meta property=\"og:url\" content=\"https:\/\/fleet.tech\/fr\/produkt\/fleet-tech-beacon-avec-6-mois-de-service\/\" \/>\n<meta property=\"og:site_name\" content=\"fleet.tech\" \/>\n<meta property=\"article:modified_time\" content=\"2020-08-20T17:26:40+00:00\" \/>\n<meta property=\"og:image\" content=\"https:\/\/fleet.tech\/wp-content\/uploads\/BEACON_B_FR.png\" \/>\n\t<meta property=\"og:image:width\" content=\"600\" \/>\n\t<meta property=\"og:image:height\" content=\"430\" \/>\n\t<meta property=\"og:image:type\" content=\"image\/png\" \/>\n<meta name=\"twitter:card\" content=\"summary_large_image\" \/>\n<meta name=\"twitter:label1\" content=\"Dur\u00e9e de lecture estim\u00e9e\" \/>\n\t<meta name=\"twitter:data1\" content=\"1 minute\" \/>\n<script type=\"application\/ld+json\" class=\"yoast-schema-graph\">{\"@context\":\"https:\/\/schema.org\",\"@graph\":[{\"@type\":\"WebPage\",\"@id\":\"https:\/\/fleet.tech\/fr\/produkt\/fleet-tech-beacon-avec-6-mois-de-service\/\",\"url\":\"https:\/\/fleet.tech\/fr\/produkt\/fleet-tech-beacon-avec-6-mois-de-service\/\",\"name\":\"fleet.tech\u00ae BEACON avec 6 mois de service - fleet.tech\",\"isPartOf\":{\"@id\":\"https:\/\/fleet.tech\/#website\"},\"primaryImageOfPage\":{\"@id\":\"https:\/\/fleet.tech\/fr\/produkt\/fleet-tech-beacon-avec-6-mois-de-service\/#primaryimage\"},\"image\":{\"@id\":\"https:\/\/fleet.tech\/fr\/produkt\/fleet-tech-beacon-avec-6-mois-de-service\/#primaryimage\"},\"thumbnailUrl\":\"https:\/\/fleet.tech\/wp-content\/uploads\/BEACON_B.png\",\"datePublished\":\"2020-08-20T11:28:59+00:00\",\"dateModified\":\"2020-08-20T17:26:40+00:00\",\"breadcrumb\":{\"@id\":\"https:\/\/fleet.tech\/fr\/produkt\/fleet-tech-beacon-avec-6-mois-de-service\/#breadcrumb\"},\"inLanguage\":\"fr-FR\",\"potentialAction\":[{\"@type\":\"ReadAction\",\"target\":[\"https:\/\/fleet.tech\/fr\/produkt\/fleet-tech-beacon-avec-6-mois-de-service\/\"]}]},{\"@type\":\"ImageObject\",\"inLanguage\":\"fr-FR\",\"@id\":\"https:\/\/fleet.tech\/fr\/produkt\/fleet-tech-beacon-avec-6-mois-de-service\/#primaryimage\",\"url\":\"https:\/\/fleet.tech\/wp-content\/uploads\/BEACON_B.png\",\"contentUrl\":\"https:\/\/fleet.tech\/wp-content\/uploads\/BEACON_B.png\",\"width\":600,\"height\":430},{\"@type\":\"BreadcrumbList\",\"@id\":\"https:\/\/fleet.tech\/fr\/produkt\/fleet-tech-beacon-avec-6-mois-de-service\/#breadcrumb\",\"itemListElement\":[{\"@type\":\"ListItem\",\"position\":1,\"name\":\"Home\",\"item\":\"https:\/\/fleet.tech\/fr\/\"},{\"@type\":\"ListItem\",\"position\":2,\"name\":\"Shop\",\"item\":\"https:\/\/fleet.tech\/fr\/shop\/\"},{\"@type\":\"ListItem\",\"position\":3,\"name\":\"fleet.tech\u00ae BEACON avec 6 mois de service\"}]},{\"@type\":\"WebSite\",\"@id\":\"https:\/\/fleet.tech\/#website\",\"url\":\"https:\/\/fleet.tech\/\",\"name\":\"fleet.tech\",\"description\":\"\",\"potentialAction\":[{\"@type\":\"SearchAction\",\"target\":{\"@type\":\"EntryPoint\",\"urlTemplate\":\"https:\/\/fleet.tech\/?s={search_term_string}\"},\"query-input\":{\"@type\":\"PropertyValueSpecification\",\"valueRequired\":true,\"valueName\":\"search_term_string\"}}],\"inLanguage\":\"fr-FR\"}]}<\/script>\n<!-- \/ Yoast SEO plugin. -->","yoast_head_json":{"title":"fleet.tech\u00ae BEACON avec 6 mois de service - fleet.tech","robots":{"index":"index","follow":"follow","max-snippet":"max-snippet:-1","max-image-preview":"max-image-preview:large","max-video-preview":"max-video-preview:-1"},"canonical":"https:\/\/fleet.tech\/fr\/produkt\/fleet-tech-beacon-avec-6-mois-de-service\/","og_locale":"fr_FR","og_type":"article","og_title":"fleet.tech\u00ae BEACON avec 6 mois de service - fleet.tech","og_description":"Carnet de route et formateur au style de conduite","og_url":"https:\/\/fleet.tech\/fr\/produkt\/fleet-tech-beacon-avec-6-mois-de-service\/","og_site_name":"fleet.tech","article_modified_time":"2020-08-20T17:26:40+00:00","og_image":[{"width":600,"height":430,"url":"https:\/\/fleet.tech\/wp-content\/uploads\/BEACON_B_FR.png","type":"image\/png"}],"twitter_card":"summary_large_image","twitter_misc":{"Dur\u00e9e de lecture estim\u00e9e":"1 minute"},"schema":{"@context":"https:\/\/schema.org","@graph":[{"@type":"WebPage","@id":"https:\/\/fleet.tech\/fr\/produkt\/fleet-tech-beacon-avec-6-mois-de-service\/","url":"https:\/\/fleet.tech\/fr\/produkt\/fleet-tech-beacon-avec-6-mois-de-service\/","name":"fleet.tech\u00ae BEACON avec 6 mois de service - fleet.tech","isPartOf":{"@id":"https:\/\/fleet.tech\/#website"},"primaryImageOfPage":{"@id":"https:\/\/fleet.tech\/fr\/produkt\/fleet-tech-beacon-avec-6-mois-de-service\/#primaryimage"},"image":{"@id":"https:\/\/fleet.tech\/fr\/produkt\/fleet-tech-beacon-avec-6-mois-de-service\/#primaryimage"},"thumbnailUrl":"https:\/\/fleet.tech\/wp-content\/uploads\/BEACON_B.png","datePublished":"2020-08-20T11:28:59+00:00","dateModified":"2020-08-20T17:26:40+00:00","breadcrumb":{"@id":"https:\/\/fleet.tech\/fr\/produkt\/fleet-tech-beacon-avec-6-mois-de-service\/#breadcrumb"},"inLanguage":"fr-FR","potentialAction":[{"@type":"ReadAction","target":["https:\/\/fleet.tech\/fr\/produkt\/fleet-tech-beacon-avec-6-mois-de-service\/"]}]},{"@type":"ImageObject","inLanguage":"fr-FR","@id":"https:\/\/fleet.tech\/fr\/produkt\/fleet-tech-beacon-avec-6-mois-de-service\/#primaryimage","url":"https:\/\/fleet.tech\/wp-content\/uploads\/BEACON_B.png","contentUrl":"https:\/\/fleet.tech\/wp-content\/uploads\/BEACON_B.png","width":600,"height":430},{"@type":"BreadcrumbList","@id":"https:\/\/fleet.tech\/fr\/produkt\/fleet-tech-beacon-avec-6-mois-de-service\/#breadcrumb","itemListElement":[{"@type":"ListItem","position":1,"name":"Home","item":"https:\/\/fleet.tech\/fr\/"},{"@type":"ListItem","position":2,"name":"Shop","item":"https:\/\/fleet.tech\/fr\/shop\/"},{"@type":"ListItem","position":3,"name":"fleet.tech\u00ae BEACON avec 6 mois de service"}]},{"@type":"WebSite","@id":"https:\/\/fleet.tech\/#website","url":"https:\/\/fleet.tech\/","name":"fleet.tech","description":"","potentialAction":[{"@type":"SearchAction","target":{"@type":"EntryPoint","urlTemplate":"https:\/\/fleet.tech\/?s={search_term_string}"},"query-input":{"@type":"PropertyValueSpecification","valueRequired":true,"valueName":"search_term_string"}}],"inLanguage":"fr-FR"}]}},"_links":{"self":[{"href":"https:\/\/fleet.tech\/fr\/wp-json\/wp\/v2\/product\/10821","targetHints":{"allow":["GET"]}}],"collection":[{"href":"https:\/\/fleet.tech\/fr\/wp-json\/wp\/v2\/product"}],"about":[{"href":"https:\/\/fleet.tech\/fr\/wp-json\/wp\/v2\/types\/product"}],"wp:featuredmedia":[{"embeddable":true,"href":"https:\/\/fleet.tech\/fr\/wp-json\/wp\/v2\/media\/10797"}],"wp:attachment":[{"href":"https:\/\/fleet.tech\/fr\/wp-json\/wp\/v2\/media?parent=10821"}],"wp:term":[{"taxonomy":"product_brand","embeddable":true,"href":"https:\/\/fleet.tech\/fr\/wp-json\/wp\/v2\/product_brand?post=10821"},{"taxonomy":"product_cat","embeddable":true,"href":"https:\/\/fleet.tech\/fr\/wp-json\/wp\/v2\/product_cat?post=10821"},{"taxonomy":"product_tag","embeddable":true,"href":"https:\/\/fleet.tech\/fr\/wp-json\/wp\/v2\/product_tag?post=10821"}],"curies":[{"name":"wp","href":"https:\/\/api.w.org\/{rel}","templated":true}]}}