{"id":10853,"date":"2020-08-20T12:46:33","date_gmt":"2020-08-20T11:46:33","guid":{"rendered":"https:\/\/fleet.tech\/produkt\/fleet-tech-cumbus-ii-starterset-inkl-6-monatsservice\/"},"modified":"2020-08-20T18:23:46","modified_gmt":"2020-08-20T17:23:46","slug":"fleet-tech-cumbus-ii-kit-de-demarrage-avec-6-mois-de-service","status":"publish","type":"product","link":"https:\/\/fleet.tech\/fr\/produkt\/fleet-tech-cumbus-ii-kit-de-demarrage-avec-6-mois-de-service\/","title":{"rendered":"fleet.tech\u00ae CUMBUS II kit de d\u00e9marrage avec 6 mois de service"},"content":{"rendered":"<p>Le terminal CUMBUS II est une simple bo\u00eete t\u00e9l\u00e9matique plug-and-play permettant de tenir un journal de bord automatique de votre v\u00e9hicule utilitaire l\u00e9ger. En outre, des messages d&rsquo;alarme peuvent \u00eatre d\u00e9clench\u00e9s par e-mail\/SMS ou par appel du syst\u00e8me lors de l&rsquo;entr\u00e9e et\/ou de la sortie de zones g\u00e9ographiques ou lors de l&rsquo;utilisation du syst\u00e8me en dehors de p\u00e9riodes d\u00e9finies. De nombreux constructeurs fournissent \u00e9galement des informations provenant de l&rsquo;interface OBD du v\u00e9hicule, telles que la vitesse et les niveaux de liquide. Gr\u00e2ce au c\u00e2ble adaptateur disponible en option, le dispositif terminal peut \u00eatre install\u00e9 de mani\u00e8re inviolable.<\/p>\n","protected":false},"excerpt":{"rendered":"<p>Dispositif de localisation et de t\u00e9l\u00e9matique<\/p>\n","protected":false},"featured_media":16036,"template":"","meta":{"_acf_changed":false,"inline_featured_image":false},"product_brand":[],"product_cat":[219],"product_tag":[],"class_list":{"0":"post-10853","1":"product","2":"type-product","3":"status-publish","4":"has-post-thumbnail","6":"product_cat-kit-de-demarrage","8":"first","9":"instock","10":"sale","11":"taxable","12":"shipping-taxable","13":"purchasable","14":"product-type-simple"},"acf":[],"yoast_head":"<!-- This site is optimized with the Yoast SEO plugin v26.1.1 - https:\/\/yoast.com\/wordpress\/plugins\/seo\/ -->\n<title>fleet.tech\u00ae CUMBUS II kit de d\u00e9marrage avec 6 mois de service - fleet.tech<\/title>\n<meta name=\"robots\" content=\"index, follow, max-snippet:-1, max-image-preview:large, max-video-preview:-1\" \/>\n<link rel=\"canonical\" href=\"https:\/\/fleet.tech\/fr\/produkt\/fleet-tech-cumbus-ii-kit-de-demarrage-avec-6-mois-de-service\/\" \/>\n<meta property=\"og:locale\" content=\"fr_FR\" \/>\n<meta property=\"og:type\" content=\"article\" \/>\n<meta property=\"og:title\" content=\"fleet.tech\u00ae CUMBUS II kit de d\u00e9marrage avec 6 mois de service - fleet.tech\" \/>\n<meta property=\"og:description\" content=\"Dispositif de localisation et de t\u00e9l\u00e9matique\" \/>\n<meta property=\"og:url\" content=\"https:\/\/fleet.tech\/fr\/produkt\/fleet-tech-cumbus-ii-kit-de-demarrage-avec-6-mois-de-service\/\" \/>\n<meta property=\"og:site_name\" content=\"fleet.tech\" \/>\n<meta property=\"article:modified_time\" content=\"2020-08-20T17:23:46+00:00\" \/>\n<meta property=\"og:image\" content=\"https:\/\/fleet.tech\/wp-content\/uploads\/CUMBUS_II_B_FR.png\" \/>\n\t<meta property=\"og:image:width\" content=\"600\" \/>\n\t<meta property=\"og:image:height\" content=\"430\" \/>\n\t<meta property=\"og:image:type\" content=\"image\/png\" \/>\n<meta name=\"twitter:card\" content=\"summary_large_image\" \/>\n<meta name=\"twitter:label1\" content=\"Dur\u00e9e de lecture estim\u00e9e\" \/>\n\t<meta name=\"twitter:data1\" content=\"1 minute\" \/>\n<script type=\"application\/ld+json\" class=\"yoast-schema-graph\">{\"@context\":\"https:\/\/schema.org\",\"@graph\":[{\"@type\":\"WebPage\",\"@id\":\"https:\/\/fleet.tech\/fr\/produkt\/fleet-tech-cumbus-ii-kit-de-demarrage-avec-6-mois-de-service\/\",\"url\":\"https:\/\/fleet.tech\/fr\/produkt\/fleet-tech-cumbus-ii-kit-de-demarrage-avec-6-mois-de-service\/\",\"name\":\"fleet.tech\u00ae CUMBUS II kit de d\u00e9marrage avec 6 mois de service - fleet.tech\",\"isPartOf\":{\"@id\":\"https:\/\/fleet.tech\/#website\"},\"primaryImageOfPage\":{\"@id\":\"https:\/\/fleet.tech\/fr\/produkt\/fleet-tech-cumbus-ii-kit-de-demarrage-avec-6-mois-de-service\/#primaryimage\"},\"image\":{\"@id\":\"https:\/\/fleet.tech\/fr\/produkt\/fleet-tech-cumbus-ii-kit-de-demarrage-avec-6-mois-de-service\/#primaryimage\"},\"thumbnailUrl\":\"https:\/\/fleet.tech\/wp-content\/uploads\/CUMBUS_II_Hammer.png\",\"datePublished\":\"2020-08-20T11:46:33+00:00\",\"dateModified\":\"2020-08-20T17:23:46+00:00\",\"breadcrumb\":{\"@id\":\"https:\/\/fleet.tech\/fr\/produkt\/fleet-tech-cumbus-ii-kit-de-demarrage-avec-6-mois-de-service\/#breadcrumb\"},\"inLanguage\":\"fr-FR\",\"potentialAction\":[{\"@type\":\"ReadAction\",\"target\":[\"https:\/\/fleet.tech\/fr\/produkt\/fleet-tech-cumbus-ii-kit-de-demarrage-avec-6-mois-de-service\/\"]}]},{\"@type\":\"ImageObject\",\"inLanguage\":\"fr-FR\",\"@id\":\"https:\/\/fleet.tech\/fr\/produkt\/fleet-tech-cumbus-ii-kit-de-demarrage-avec-6-mois-de-service\/#primaryimage\",\"url\":\"https:\/\/fleet.tech\/wp-content\/uploads\/CUMBUS_II_Hammer.png\",\"contentUrl\":\"https:\/\/fleet.tech\/wp-content\/uploads\/CUMBUS_II_Hammer.png\",\"width\":1200,\"height\":859},{\"@type\":\"BreadcrumbList\",\"@id\":\"https:\/\/fleet.tech\/fr\/produkt\/fleet-tech-cumbus-ii-kit-de-demarrage-avec-6-mois-de-service\/#breadcrumb\",\"itemListElement\":[{\"@type\":\"ListItem\",\"position\":1,\"name\":\"Home\",\"item\":\"https:\/\/fleet.tech\/fr\/\"},{\"@type\":\"ListItem\",\"position\":2,\"name\":\"Shop\",\"item\":\"https:\/\/fleet.tech\/fr\/shop\/\"},{\"@type\":\"ListItem\",\"position\":3,\"name\":\"fleet.tech\u00ae CUMBUS II kit de d\u00e9marrage avec 6 mois de service\"}]},{\"@type\":\"WebSite\",\"@id\":\"https:\/\/fleet.tech\/#website\",\"url\":\"https:\/\/fleet.tech\/\",\"name\":\"fleet.tech\",\"description\":\"\",\"potentialAction\":[{\"@type\":\"SearchAction\",\"target\":{\"@type\":\"EntryPoint\",\"urlTemplate\":\"https:\/\/fleet.tech\/?s={search_term_string}\"},\"query-input\":{\"@type\":\"PropertyValueSpecification\",\"valueRequired\":true,\"valueName\":\"search_term_string\"}}],\"inLanguage\":\"fr-FR\"}]}<\/script>\n<!-- \/ Yoast SEO plugin. -->","yoast_head_json":{"title":"fleet.tech\u00ae CUMBUS II kit de d\u00e9marrage avec 6 mois de service - fleet.tech","robots":{"index":"index","follow":"follow","max-snippet":"max-snippet:-1","max-image-preview":"max-image-preview:large","max-video-preview":"max-video-preview:-1"},"canonical":"https:\/\/fleet.tech\/fr\/produkt\/fleet-tech-cumbus-ii-kit-de-demarrage-avec-6-mois-de-service\/","og_locale":"fr_FR","og_type":"article","og_title":"fleet.tech\u00ae CUMBUS II kit de d\u00e9marrage avec 6 mois de service - fleet.tech","og_description":"Dispositif de localisation et de t\u00e9l\u00e9matique","og_url":"https:\/\/fleet.tech\/fr\/produkt\/fleet-tech-cumbus-ii-kit-de-demarrage-avec-6-mois-de-service\/","og_site_name":"fleet.tech","article_modified_time":"2020-08-20T17:23:46+00:00","og_image":[{"width":600,"height":430,"url":"https:\/\/fleet.tech\/wp-content\/uploads\/CUMBUS_II_B_FR.png","type":"image\/png"}],"twitter_card":"summary_large_image","twitter_misc":{"Dur\u00e9e de lecture estim\u00e9e":"1 minute"},"schema":{"@context":"https:\/\/schema.org","@graph":[{"@type":"WebPage","@id":"https:\/\/fleet.tech\/fr\/produkt\/fleet-tech-cumbus-ii-kit-de-demarrage-avec-6-mois-de-service\/","url":"https:\/\/fleet.tech\/fr\/produkt\/fleet-tech-cumbus-ii-kit-de-demarrage-avec-6-mois-de-service\/","name":"fleet.tech\u00ae CUMBUS II kit de d\u00e9marrage avec 6 mois de service - fleet.tech","isPartOf":{"@id":"https:\/\/fleet.tech\/#website"},"primaryImageOfPage":{"@id":"https:\/\/fleet.tech\/fr\/produkt\/fleet-tech-cumbus-ii-kit-de-demarrage-avec-6-mois-de-service\/#primaryimage"},"image":{"@id":"https:\/\/fleet.tech\/fr\/produkt\/fleet-tech-cumbus-ii-kit-de-demarrage-avec-6-mois-de-service\/#primaryimage"},"thumbnailUrl":"https:\/\/fleet.tech\/wp-content\/uploads\/CUMBUS_II_Hammer.png","datePublished":"2020-08-20T11:46:33+00:00","dateModified":"2020-08-20T17:23:46+00:00","breadcrumb":{"@id":"https:\/\/fleet.tech\/fr\/produkt\/fleet-tech-cumbus-ii-kit-de-demarrage-avec-6-mois-de-service\/#breadcrumb"},"inLanguage":"fr-FR","potentialAction":[{"@type":"ReadAction","target":["https:\/\/fleet.tech\/fr\/produkt\/fleet-tech-cumbus-ii-kit-de-demarrage-avec-6-mois-de-service\/"]}]},{"@type":"ImageObject","inLanguage":"fr-FR","@id":"https:\/\/fleet.tech\/fr\/produkt\/fleet-tech-cumbus-ii-kit-de-demarrage-avec-6-mois-de-service\/#primaryimage","url":"https:\/\/fleet.tech\/wp-content\/uploads\/CUMBUS_II_Hammer.png","contentUrl":"https:\/\/fleet.tech\/wp-content\/uploads\/CUMBUS_II_Hammer.png","width":1200,"height":859},{"@type":"BreadcrumbList","@id":"https:\/\/fleet.tech\/fr\/produkt\/fleet-tech-cumbus-ii-kit-de-demarrage-avec-6-mois-de-service\/#breadcrumb","itemListElement":[{"@type":"ListItem","position":1,"name":"Home","item":"https:\/\/fleet.tech\/fr\/"},{"@type":"ListItem","position":2,"name":"Shop","item":"https:\/\/fleet.tech\/fr\/shop\/"},{"@type":"ListItem","position":3,"name":"fleet.tech\u00ae CUMBUS II kit de d\u00e9marrage avec 6 mois de service"}]},{"@type":"WebSite","@id":"https:\/\/fleet.tech\/#website","url":"https:\/\/fleet.tech\/","name":"fleet.tech","description":"","potentialAction":[{"@type":"SearchAction","target":{"@type":"EntryPoint","urlTemplate":"https:\/\/fleet.tech\/?s={search_term_string}"},"query-input":{"@type":"PropertyValueSpecification","valueRequired":true,"valueName":"search_term_string"}}],"inLanguage":"fr-FR"}]}},"_links":{"self":[{"href":"https:\/\/fleet.tech\/fr\/wp-json\/wp\/v2\/product\/10853","targetHints":{"allow":["GET"]}}],"collection":[{"href":"https:\/\/fleet.tech\/fr\/wp-json\/wp\/v2\/product"}],"about":[{"href":"https:\/\/fleet.tech\/fr\/wp-json\/wp\/v2\/types\/product"}],"wp:featuredmedia":[{"embeddable":true,"href":"https:\/\/fleet.tech\/fr\/wp-json\/wp\/v2\/media\/16036"}],"wp:attachment":[{"href":"https:\/\/fleet.tech\/fr\/wp-json\/wp\/v2\/media?parent=10853"}],"wp:term":[{"taxonomy":"product_brand","embeddable":true,"href":"https:\/\/fleet.tech\/fr\/wp-json\/wp\/v2\/product_brand?post=10853"},{"taxonomy":"product_cat","embeddable":true,"href":"https:\/\/fleet.tech\/fr\/wp-json\/wp\/v2\/product_cat?post=10853"},{"taxonomy":"product_tag","embeddable":true,"href":"https:\/\/fleet.tech\/fr\/wp-json\/wp\/v2\/product_tag?post=10853"}],"curies":[{"name":"wp","href":"https:\/\/api.w.org\/{rel}","templated":true}]}}