{"id":11885,"date":"2020-11-19T13:05:33","date_gmt":"2020-11-19T11:11:08","guid":{"rendered":"https:\/\/fleet.tech\/?post_type=product&#038;p=11885"},"modified":"2020-11-19T12:11:09","modified_gmt":"2020-11-19T11:11:09","slug":"appareil-terminal-pileus-de-la-serie-remade-avec-24-mois-de-garantie","status":"publish","type":"product","link":"https:\/\/fleet.tech\/fr\/produkt\/appareil-terminal-pileus-de-la-serie-remade-avec-24-mois-de-garantie\/","title":{"rendered":"Appareil terminal PILEUS de la s\u00e9rie ReMade, avec 24 mois de garantie"},"content":{"rendered":"<p>Chaque appareil reconditionn\u00e9 et remis en service permet d&rsquo;\u00e9viter, par rapport \u00e0 une nouvelle production, environ 20 kg d&rsquo;\u00e9missions de CO2 et jusqu&rsquo;\u00e0 15 kg de d\u00e9gradation des mati\u00e8res premi\u00e8res. En outre, les mati\u00e8res premi\u00e8res probl\u00e9matiques telles que les \u00ab\u00a0m\u00e9taux de terres rares\u00a0\u00bb restent directement dans le cycle et ne doivent m\u00eame pas \u00eatre recycl\u00e9es. <strong>Les dispositifs t\u00e9l\u00e9matiques de la famille PILEUS, qui a fait ses preuves, permettent de localiser les v\u00e9hicules et les flottes en temps r\u00e9el.<\/strong> Les appareils sont des produits de la s\u00e9rie <a href=\"https:\/\/fleet.tech\/fr\/produkt-kategorie\/produits-remade\/\">ReMade<\/a>, qui peuvent pr\u00e9senter de l\u00e9g\u00e8res traces d&rsquo;utilisation. Garantie de 24 mois. N&rsquo;offrez que jusqu&rsquo;\u00e0 \u00e9puisement des stocks ! Comme produit <strong><span class=\"color-green\"><em>ReMade avec 35% d&rsquo;avantage<\/em><\/span><\/strong> sur le nouveau prix.<\/p>\n","protected":false},"excerpt":{"rendered":"<p>Appareils t\u00e9l\u00e9matiques pour v\u00e9hicules<\/p>\n","protected":false},"featured_media":11783,"template":"","meta":{"_acf_changed":false,"inline_featured_image":false},"product_brand":[],"product_cat":[229],"product_tag":[],"class_list":{"0":"post-11885","1":"product","2":"type-product","3":"status-publish","4":"has-post-thumbnail","6":"product_cat-produits-remade","8":"first","9":"instock","10":"sale","11":"taxable","12":"shipping-taxable","13":"purchasable","14":"product-type-simple"},"acf":[],"yoast_head":"<!-- This site is optimized with the Yoast SEO plugin v26.1.1 - https:\/\/yoast.com\/wordpress\/plugins\/seo\/ -->\n<title>Appareil terminal PILEUS de la s\u00e9rie ReMade, avec 24 mois de garantie - fleet.tech<\/title>\n<meta name=\"robots\" content=\"index, follow, max-snippet:-1, max-image-preview:large, max-video-preview:-1\" \/>\n<link rel=\"canonical\" href=\"https:\/\/fleet.tech\/fr\/produkt\/appareil-terminal-pileus-de-la-serie-remade-avec-24-mois-de-garantie\/\" \/>\n<meta property=\"og:locale\" content=\"fr_FR\" \/>\n<meta property=\"og:type\" content=\"article\" \/>\n<meta property=\"og:title\" content=\"Appareil terminal PILEUS de la s\u00e9rie ReMade, avec 24 mois de garantie - fleet.tech\" \/>\n<meta property=\"og:description\" content=\"Appareils t\u00e9l\u00e9matiques pour v\u00e9hicules\" \/>\n<meta property=\"og:url\" content=\"https:\/\/fleet.tech\/fr\/produkt\/appareil-terminal-pileus-de-la-serie-remade-avec-24-mois-de-garantie\/\" \/>\n<meta property=\"og:site_name\" content=\"fleet.tech\" \/>\n<meta property=\"article:modified_time\" content=\"2020-11-19T11:11:09+00:00\" \/>\n<meta property=\"og:image\" content=\"https:\/\/fleet.tech\/wp-content\/uploads\/PILEUS_FR.png\" \/>\n\t<meta property=\"og:image:width\" content=\"600\" \/>\n\t<meta property=\"og:image:height\" content=\"346\" \/>\n\t<meta property=\"og:image:type\" content=\"image\/png\" \/>\n<meta name=\"twitter:card\" content=\"summary_large_image\" \/>\n<meta name=\"twitter:label1\" content=\"Dur\u00e9e de lecture estim\u00e9e\" \/>\n\t<meta name=\"twitter:data1\" content=\"1 minute\" \/>\n<script type=\"application\/ld+json\" class=\"yoast-schema-graph\">{\"@context\":\"https:\/\/schema.org\",\"@graph\":[{\"@type\":\"WebPage\",\"@id\":\"https:\/\/fleet.tech\/fr\/produkt\/appareil-terminal-pileus-de-la-serie-remade-avec-24-mois-de-garantie\/\",\"url\":\"https:\/\/fleet.tech\/fr\/produkt\/appareil-terminal-pileus-de-la-serie-remade-avec-24-mois-de-garantie\/\",\"name\":\"Appareil terminal PILEUS de la s\u00e9rie ReMade, avec 24 mois de garantie - fleet.tech\",\"isPartOf\":{\"@id\":\"https:\/\/fleet.tech\/#website\"},\"primaryImageOfPage\":{\"@id\":\"https:\/\/fleet.tech\/fr\/produkt\/appareil-terminal-pileus-de-la-serie-remade-avec-24-mois-de-garantie\/#primaryimage\"},\"image\":{\"@id\":\"https:\/\/fleet.tech\/fr\/produkt\/appareil-terminal-pileus-de-la-serie-remade-avec-24-mois-de-garantie\/#primaryimage\"},\"thumbnailUrl\":\"https:\/\/fleet.tech\/wp-content\/uploads\/PILEUS_FR.png\",\"datePublished\":\"2020-11-19T11:11:08+00:00\",\"dateModified\":\"2020-11-19T11:11:09+00:00\",\"breadcrumb\":{\"@id\":\"https:\/\/fleet.tech\/fr\/produkt\/appareil-terminal-pileus-de-la-serie-remade-avec-24-mois-de-garantie\/#breadcrumb\"},\"inLanguage\":\"fr-FR\",\"potentialAction\":[{\"@type\":\"ReadAction\",\"target\":[\"https:\/\/fleet.tech\/fr\/produkt\/appareil-terminal-pileus-de-la-serie-remade-avec-24-mois-de-garantie\/\"]}]},{\"@type\":\"ImageObject\",\"inLanguage\":\"fr-FR\",\"@id\":\"https:\/\/fleet.tech\/fr\/produkt\/appareil-terminal-pileus-de-la-serie-remade-avec-24-mois-de-garantie\/#primaryimage\",\"url\":\"https:\/\/fleet.tech\/wp-content\/uploads\/PILEUS_FR.png\",\"contentUrl\":\"https:\/\/fleet.tech\/wp-content\/uploads\/PILEUS_FR.png\",\"width\":600,\"height\":346,\"caption\":\"Pileus\"},{\"@type\":\"BreadcrumbList\",\"@id\":\"https:\/\/fleet.tech\/fr\/produkt\/appareil-terminal-pileus-de-la-serie-remade-avec-24-mois-de-garantie\/#breadcrumb\",\"itemListElement\":[{\"@type\":\"ListItem\",\"position\":1,\"name\":\"Home\",\"item\":\"https:\/\/fleet.tech\/fr\/\"},{\"@type\":\"ListItem\",\"position\":2,\"name\":\"Shop\",\"item\":\"https:\/\/fleet.tech\/fr\/shop\/\"},{\"@type\":\"ListItem\",\"position\":3,\"name\":\"Appareil terminal PILEUS de la s\u00e9rie ReMade, avec 24 mois de garantie\"}]},{\"@type\":\"WebSite\",\"@id\":\"https:\/\/fleet.tech\/#website\",\"url\":\"https:\/\/fleet.tech\/\",\"name\":\"fleet.tech\",\"description\":\"\",\"potentialAction\":[{\"@type\":\"SearchAction\",\"target\":{\"@type\":\"EntryPoint\",\"urlTemplate\":\"https:\/\/fleet.tech\/?s={search_term_string}\"},\"query-input\":{\"@type\":\"PropertyValueSpecification\",\"valueRequired\":true,\"valueName\":\"search_term_string\"}}],\"inLanguage\":\"fr-FR\"}]}<\/script>\n<!-- \/ Yoast SEO plugin. -->","yoast_head_json":{"title":"Appareil terminal PILEUS de la s\u00e9rie ReMade, avec 24 mois de garantie - fleet.tech","robots":{"index":"index","follow":"follow","max-snippet":"max-snippet:-1","max-image-preview":"max-image-preview:large","max-video-preview":"max-video-preview:-1"},"canonical":"https:\/\/fleet.tech\/fr\/produkt\/appareil-terminal-pileus-de-la-serie-remade-avec-24-mois-de-garantie\/","og_locale":"fr_FR","og_type":"article","og_title":"Appareil terminal PILEUS de la s\u00e9rie ReMade, avec 24 mois de garantie - fleet.tech","og_description":"Appareils t\u00e9l\u00e9matiques pour v\u00e9hicules","og_url":"https:\/\/fleet.tech\/fr\/produkt\/appareil-terminal-pileus-de-la-serie-remade-avec-24-mois-de-garantie\/","og_site_name":"fleet.tech","article_modified_time":"2020-11-19T11:11:09+00:00","og_image":[{"width":600,"height":346,"url":"https:\/\/fleet.tech\/wp-content\/uploads\/PILEUS_FR.png","type":"image\/png"}],"twitter_card":"summary_large_image","twitter_misc":{"Dur\u00e9e de lecture estim\u00e9e":"1 minute"},"schema":{"@context":"https:\/\/schema.org","@graph":[{"@type":"WebPage","@id":"https:\/\/fleet.tech\/fr\/produkt\/appareil-terminal-pileus-de-la-serie-remade-avec-24-mois-de-garantie\/","url":"https:\/\/fleet.tech\/fr\/produkt\/appareil-terminal-pileus-de-la-serie-remade-avec-24-mois-de-garantie\/","name":"Appareil terminal PILEUS de la s\u00e9rie ReMade, avec 24 mois de garantie - fleet.tech","isPartOf":{"@id":"https:\/\/fleet.tech\/#website"},"primaryImageOfPage":{"@id":"https:\/\/fleet.tech\/fr\/produkt\/appareil-terminal-pileus-de-la-serie-remade-avec-24-mois-de-garantie\/#primaryimage"},"image":{"@id":"https:\/\/fleet.tech\/fr\/produkt\/appareil-terminal-pileus-de-la-serie-remade-avec-24-mois-de-garantie\/#primaryimage"},"thumbnailUrl":"https:\/\/fleet.tech\/wp-content\/uploads\/PILEUS_FR.png","datePublished":"2020-11-19T11:11:08+00:00","dateModified":"2020-11-19T11:11:09+00:00","breadcrumb":{"@id":"https:\/\/fleet.tech\/fr\/produkt\/appareil-terminal-pileus-de-la-serie-remade-avec-24-mois-de-garantie\/#breadcrumb"},"inLanguage":"fr-FR","potentialAction":[{"@type":"ReadAction","target":["https:\/\/fleet.tech\/fr\/produkt\/appareil-terminal-pileus-de-la-serie-remade-avec-24-mois-de-garantie\/"]}]},{"@type":"ImageObject","inLanguage":"fr-FR","@id":"https:\/\/fleet.tech\/fr\/produkt\/appareil-terminal-pileus-de-la-serie-remade-avec-24-mois-de-garantie\/#primaryimage","url":"https:\/\/fleet.tech\/wp-content\/uploads\/PILEUS_FR.png","contentUrl":"https:\/\/fleet.tech\/wp-content\/uploads\/PILEUS_FR.png","width":600,"height":346,"caption":"Pileus"},{"@type":"BreadcrumbList","@id":"https:\/\/fleet.tech\/fr\/produkt\/appareil-terminal-pileus-de-la-serie-remade-avec-24-mois-de-garantie\/#breadcrumb","itemListElement":[{"@type":"ListItem","position":1,"name":"Home","item":"https:\/\/fleet.tech\/fr\/"},{"@type":"ListItem","position":2,"name":"Shop","item":"https:\/\/fleet.tech\/fr\/shop\/"},{"@type":"ListItem","position":3,"name":"Appareil terminal PILEUS de la s\u00e9rie ReMade, avec 24 mois de garantie"}]},{"@type":"WebSite","@id":"https:\/\/fleet.tech\/#website","url":"https:\/\/fleet.tech\/","name":"fleet.tech","description":"","potentialAction":[{"@type":"SearchAction","target":{"@type":"EntryPoint","urlTemplate":"https:\/\/fleet.tech\/?s={search_term_string}"},"query-input":{"@type":"PropertyValueSpecification","valueRequired":true,"valueName":"search_term_string"}}],"inLanguage":"fr-FR"}]}},"_links":{"self":[{"href":"https:\/\/fleet.tech\/fr\/wp-json\/wp\/v2\/product\/11885","targetHints":{"allow":["GET"]}}],"collection":[{"href":"https:\/\/fleet.tech\/fr\/wp-json\/wp\/v2\/product"}],"about":[{"href":"https:\/\/fleet.tech\/fr\/wp-json\/wp\/v2\/types\/product"}],"wp:featuredmedia":[{"embeddable":true,"href":"https:\/\/fleet.tech\/fr\/wp-json\/wp\/v2\/media\/11783"}],"wp:attachment":[{"href":"https:\/\/fleet.tech\/fr\/wp-json\/wp\/v2\/media?parent=11885"}],"wp:term":[{"taxonomy":"product_brand","embeddable":true,"href":"https:\/\/fleet.tech\/fr\/wp-json\/wp\/v2\/product_brand?post=11885"},{"taxonomy":"product_cat","embeddable":true,"href":"https:\/\/fleet.tech\/fr\/wp-json\/wp\/v2\/product_cat?post=11885"},{"taxonomy":"product_tag","embeddable":true,"href":"https:\/\/fleet.tech\/fr\/wp-json\/wp\/v2\/product_tag?post=11885"}],"curies":[{"name":"wp","href":"https:\/\/api.w.org\/{rel}","templated":true}]}}