{"id":8418,"date":"2019-09-23T15:26:56","date_gmt":"2019-09-23T14:26:56","guid":{"rendered":"https:\/\/fleet.tech\/produkt\/terminal-opacus-avec-12-mois-de-service-liquidation\/"},"modified":"2020-11-20T17:32:12","modified_gmt":"2020-11-20T16:32:12","slug":"terminal-lenticus-avec-12-mois-de-service-liquidation","status":"publish","type":"product","link":"https:\/\/fleet.tech\/fr\/produkt\/terminal-lenticus-avec-12-mois-de-service-liquidation\/","title":{"rendered":"Terminal LENTICUS avec 12 mois de service (LIQUIDATION !)"},"content":{"rendered":"<p>Les produits de la famille LENTICUS sont adapt\u00e9s \u00e0 la localisation des v\u00e9hicules et des flottes en temps r\u00e9el. Ils servent ainsi de base \u00e0 une localisation \u00e9conomique et de haute qualit\u00e9 des v\u00e9hicules. Maintenant dans le kit de liquidation des marteaux, y compris le terminal, la carte SIM et 12 mois de service. Les dispositifs sont des retours des positions de d\u00e9monstration, de sorte que les dispositifs peuvent montrer de l\u00e9gers signes d&rsquo;utilisation. 12 mois de garantie. Offre valable jusqu&rsquo;\u00e0 \u00e9puisement des stocks !<\/p>\n","protected":false},"excerpt":{"rendered":"<p>Dispositif de localisation GPS pour v\u00e9hicules<\/p>\n","protected":false},"featured_media":8318,"template":"","meta":{"_acf_changed":false,"inline_featured_image":false},"product_brand":[],"product_cat":[112],"product_tag":[],"class_list":{"0":"post-8418","1":"product","2":"type-product","3":"status-publish","4":"has-post-thumbnail","6":"product_cat-liquidation-totale","8":"first","9":"outofstock","10":"sale","11":"taxable","12":"shipping-taxable","13":"purchasable","14":"product-type-simple"},"acf":[],"yoast_head":"<!-- This site is optimized with the Yoast SEO plugin v26.1.1 - https:\/\/yoast.com\/wordpress\/plugins\/seo\/ -->\n<title>Terminal LENTICUS avec 12 mois de service (LIQUIDATION !) - fleet.tech<\/title>\n<meta name=\"robots\" content=\"index, follow, max-snippet:-1, max-image-preview:large, max-video-preview:-1\" \/>\n<link rel=\"canonical\" href=\"https:\/\/fleet.tech\/fr\/produkt\/terminal-lenticus-avec-12-mois-de-service-liquidation\/\" \/>\n<meta property=\"og:locale\" content=\"fr_FR\" \/>\n<meta property=\"og:type\" content=\"article\" \/>\n<meta property=\"og:title\" content=\"Terminal LENTICUS avec 12 mois de service (LIQUIDATION !) - fleet.tech\" \/>\n<meta property=\"og:description\" content=\"Dispositif de localisation GPS pour v\u00e9hicules\" \/>\n<meta property=\"og:url\" content=\"https:\/\/fleet.tech\/fr\/produkt\/terminal-lenticus-avec-12-mois-de-service-liquidation\/\" \/>\n<meta property=\"og:site_name\" content=\"fleet.tech\" \/>\n<meta property=\"article:modified_time\" content=\"2020-11-20T16:32:12+00:00\" \/>\n<meta property=\"og:image\" content=\"https:\/\/fleet.tech\/wp-content\/uploads\/sales_lenticus_fr.png\" \/>\n\t<meta property=\"og:image:width\" content=\"600\" \/>\n\t<meta property=\"og:image:height\" content=\"326\" \/>\n\t<meta property=\"og:image:type\" content=\"image\/png\" \/>\n<meta name=\"twitter:card\" content=\"summary_large_image\" \/>\n<script type=\"application\/ld+json\" class=\"yoast-schema-graph\">{\"@context\":\"https:\/\/schema.org\",\"@graph\":[{\"@type\":\"WebPage\",\"@id\":\"https:\/\/fleet.tech\/fr\/produkt\/terminal-lenticus-avec-12-mois-de-service-liquidation\/\",\"url\":\"https:\/\/fleet.tech\/fr\/produkt\/terminal-lenticus-avec-12-mois-de-service-liquidation\/\",\"name\":\"Terminal LENTICUS avec 12 mois de service (LIQUIDATION !) - fleet.tech\",\"isPartOf\":{\"@id\":\"https:\/\/fleet.tech\/#website\"},\"primaryImageOfPage\":{\"@id\":\"https:\/\/fleet.tech\/fr\/produkt\/terminal-lenticus-avec-12-mois-de-service-liquidation\/#primaryimage\"},\"image\":{\"@id\":\"https:\/\/fleet.tech\/fr\/produkt\/terminal-lenticus-avec-12-mois-de-service-liquidation\/#primaryimage\"},\"thumbnailUrl\":\"https:\/\/fleet.tech\/wp-content\/uploads\/sales_lenticus_fr.png\",\"datePublished\":\"2019-09-23T14:26:56+00:00\",\"dateModified\":\"2020-11-20T16:32:12+00:00\",\"breadcrumb\":{\"@id\":\"https:\/\/fleet.tech\/fr\/produkt\/terminal-lenticus-avec-12-mois-de-service-liquidation\/#breadcrumb\"},\"inLanguage\":\"fr-FR\",\"potentialAction\":[{\"@type\":\"ReadAction\",\"target\":[\"https:\/\/fleet.tech\/fr\/produkt\/terminal-lenticus-avec-12-mois-de-service-liquidation\/\"]}]},{\"@type\":\"ImageObject\",\"inLanguage\":\"fr-FR\",\"@id\":\"https:\/\/fleet.tech\/fr\/produkt\/terminal-lenticus-avec-12-mois-de-service-liquidation\/#primaryimage\",\"url\":\"https:\/\/fleet.tech\/wp-content\/uploads\/sales_lenticus_fr.png\",\"contentUrl\":\"https:\/\/fleet.tech\/wp-content\/uploads\/sales_lenticus_fr.png\",\"width\":600,\"height\":326},{\"@type\":\"BreadcrumbList\",\"@id\":\"https:\/\/fleet.tech\/fr\/produkt\/terminal-lenticus-avec-12-mois-de-service-liquidation\/#breadcrumb\",\"itemListElement\":[{\"@type\":\"ListItem\",\"position\":1,\"name\":\"Home\",\"item\":\"https:\/\/fleet.tech\/fr\/\"},{\"@type\":\"ListItem\",\"position\":2,\"name\":\"Shop\",\"item\":\"https:\/\/fleet.tech\/fr\/shop\/\"},{\"@type\":\"ListItem\",\"position\":3,\"name\":\"Terminal LENTICUS avec 12 mois de service (LIQUIDATION !)\"}]},{\"@type\":\"WebSite\",\"@id\":\"https:\/\/fleet.tech\/#website\",\"url\":\"https:\/\/fleet.tech\/\",\"name\":\"fleet.tech\",\"description\":\"\",\"potentialAction\":[{\"@type\":\"SearchAction\",\"target\":{\"@type\":\"EntryPoint\",\"urlTemplate\":\"https:\/\/fleet.tech\/?s={search_term_string}\"},\"query-input\":{\"@type\":\"PropertyValueSpecification\",\"valueRequired\":true,\"valueName\":\"search_term_string\"}}],\"inLanguage\":\"fr-FR\"}]}<\/script>\n<!-- \/ Yoast SEO plugin. -->","yoast_head_json":{"title":"Terminal LENTICUS avec 12 mois de service (LIQUIDATION !) - fleet.tech","robots":{"index":"index","follow":"follow","max-snippet":"max-snippet:-1","max-image-preview":"max-image-preview:large","max-video-preview":"max-video-preview:-1"},"canonical":"https:\/\/fleet.tech\/fr\/produkt\/terminal-lenticus-avec-12-mois-de-service-liquidation\/","og_locale":"fr_FR","og_type":"article","og_title":"Terminal LENTICUS avec 12 mois de service (LIQUIDATION !) - fleet.tech","og_description":"Dispositif de localisation GPS pour v\u00e9hicules","og_url":"https:\/\/fleet.tech\/fr\/produkt\/terminal-lenticus-avec-12-mois-de-service-liquidation\/","og_site_name":"fleet.tech","article_modified_time":"2020-11-20T16:32:12+00:00","og_image":[{"width":600,"height":326,"url":"https:\/\/fleet.tech\/wp-content\/uploads\/sales_lenticus_fr.png","type":"image\/png"}],"twitter_card":"summary_large_image","schema":{"@context":"https:\/\/schema.org","@graph":[{"@type":"WebPage","@id":"https:\/\/fleet.tech\/fr\/produkt\/terminal-lenticus-avec-12-mois-de-service-liquidation\/","url":"https:\/\/fleet.tech\/fr\/produkt\/terminal-lenticus-avec-12-mois-de-service-liquidation\/","name":"Terminal LENTICUS avec 12 mois de service (LIQUIDATION !) - fleet.tech","isPartOf":{"@id":"https:\/\/fleet.tech\/#website"},"primaryImageOfPage":{"@id":"https:\/\/fleet.tech\/fr\/produkt\/terminal-lenticus-avec-12-mois-de-service-liquidation\/#primaryimage"},"image":{"@id":"https:\/\/fleet.tech\/fr\/produkt\/terminal-lenticus-avec-12-mois-de-service-liquidation\/#primaryimage"},"thumbnailUrl":"https:\/\/fleet.tech\/wp-content\/uploads\/sales_lenticus_fr.png","datePublished":"2019-09-23T14:26:56+00:00","dateModified":"2020-11-20T16:32:12+00:00","breadcrumb":{"@id":"https:\/\/fleet.tech\/fr\/produkt\/terminal-lenticus-avec-12-mois-de-service-liquidation\/#breadcrumb"},"inLanguage":"fr-FR","potentialAction":[{"@type":"ReadAction","target":["https:\/\/fleet.tech\/fr\/produkt\/terminal-lenticus-avec-12-mois-de-service-liquidation\/"]}]},{"@type":"ImageObject","inLanguage":"fr-FR","@id":"https:\/\/fleet.tech\/fr\/produkt\/terminal-lenticus-avec-12-mois-de-service-liquidation\/#primaryimage","url":"https:\/\/fleet.tech\/wp-content\/uploads\/sales_lenticus_fr.png","contentUrl":"https:\/\/fleet.tech\/wp-content\/uploads\/sales_lenticus_fr.png","width":600,"height":326},{"@type":"BreadcrumbList","@id":"https:\/\/fleet.tech\/fr\/produkt\/terminal-lenticus-avec-12-mois-de-service-liquidation\/#breadcrumb","itemListElement":[{"@type":"ListItem","position":1,"name":"Home","item":"https:\/\/fleet.tech\/fr\/"},{"@type":"ListItem","position":2,"name":"Shop","item":"https:\/\/fleet.tech\/fr\/shop\/"},{"@type":"ListItem","position":3,"name":"Terminal LENTICUS avec 12 mois de service (LIQUIDATION !)"}]},{"@type":"WebSite","@id":"https:\/\/fleet.tech\/#website","url":"https:\/\/fleet.tech\/","name":"fleet.tech","description":"","potentialAction":[{"@type":"SearchAction","target":{"@type":"EntryPoint","urlTemplate":"https:\/\/fleet.tech\/?s={search_term_string}"},"query-input":{"@type":"PropertyValueSpecification","valueRequired":true,"valueName":"search_term_string"}}],"inLanguage":"fr-FR"}]}},"_links":{"self":[{"href":"https:\/\/fleet.tech\/fr\/wp-json\/wp\/v2\/product\/8418","targetHints":{"allow":["GET"]}}],"collection":[{"href":"https:\/\/fleet.tech\/fr\/wp-json\/wp\/v2\/product"}],"about":[{"href":"https:\/\/fleet.tech\/fr\/wp-json\/wp\/v2\/types\/product"}],"wp:featuredmedia":[{"embeddable":true,"href":"https:\/\/fleet.tech\/fr\/wp-json\/wp\/v2\/media\/8318"}],"wp:attachment":[{"href":"https:\/\/fleet.tech\/fr\/wp-json\/wp\/v2\/media?parent=8418"}],"wp:term":[{"taxonomy":"product_brand","embeddable":true,"href":"https:\/\/fleet.tech\/fr\/wp-json\/wp\/v2\/product_brand?post=8418"},{"taxonomy":"product_cat","embeddable":true,"href":"https:\/\/fleet.tech\/fr\/wp-json\/wp\/v2\/product_cat?post=8418"},{"taxonomy":"product_tag","embeddable":true,"href":"https:\/\/fleet.tech\/fr\/wp-json\/wp\/v2\/product_tag?post=8418"}],"curies":[{"name":"wp","href":"https:\/\/api.w.org\/{rel}","templated":true}]}}