{"id":8421,"date":"2019-09-23T15:18:49","date_gmt":"2019-09-23T14:18:49","guid":{"rendered":"https:\/\/fleet.tech\/produkt\/licence-android-pour-la-navigation-routiere-liquidation\/"},"modified":"2019-09-23T18:09:46","modified_gmt":"2019-09-23T17:09:46","slug":"licence-android-pour-la-navigation-routiere-liquidation","status":"publish","type":"product","link":"https:\/\/fleet.tech\/fr\/produkt\/licence-android-pour-la-navigation-routiere-liquidation\/","title":{"rendered":"Licence Android pour la navigation routi\u00e8re (LIQUIDATION !)"},"content":{"rendered":"<p>Tout simplement astucieux : Avec cette navigation de camion, le profil du camion peut \u00eatre saisi. Cela lui permet de reconna\u00eetre la hauteur des ponts, les passages \u00e9troits et les profils de danger et convient donc particuli\u00e8rement bien \u00e0 la navigation des camions. De plus, il dispose d&rsquo;un calcul d&rsquo;itin\u00e9raire tr\u00e8s rapide, d&rsquo;un affichage fluide et d&rsquo;un guidage routier intelligent avec calcul en temps r\u00e9el et vue d\u00e9taill\u00e9e des itin\u00e9raires alternatifs, d&rsquo;une recherche de destination situationnelle pour les stations-service, les stations-service et bien plus encore. Passons maintenant au Hammer-Liquidations-Price. 12 mois de garantie. Offre valable jusqu&rsquo;\u00e0 \u00e9puisement des stocks ! LE COMPRIM\u00c9 N&rsquo;EST PAS COMPRIS DANS LA LIVRAISON.<\/p>\n","protected":false},"excerpt":{"rendered":"<p>Licence pour la navigation de camions (Android). SANS COMPRIM\u00c9.<\/p>\n","protected":false},"featured_media":8333,"template":"","meta":{"_acf_changed":false,"inline_featured_image":false},"product_brand":[],"product_cat":[112],"product_tag":[],"class_list":{"0":"post-8421","1":"product","2":"type-product","3":"status-publish","4":"has-post-thumbnail","6":"product_cat-liquidation-totale","8":"first","9":"instock","10":"sale","11":"taxable","12":"shipping-taxable","13":"purchasable","14":"product-type-simple"},"acf":[],"yoast_head":"<!-- This site is optimized with the Yoast SEO plugin v26.1.1 - https:\/\/yoast.com\/wordpress\/plugins\/seo\/ -->\n<title>Licence Android pour la navigation routi\u00e8re (LIQUIDATION !) - fleet.tech<\/title>\n<meta name=\"robots\" content=\"index, follow, max-snippet:-1, max-image-preview:large, max-video-preview:-1\" \/>\n<link rel=\"canonical\" href=\"https:\/\/fleet.tech\/fr\/produkt\/licence-android-pour-la-navigation-routiere-liquidation\/\" \/>\n<meta property=\"og:locale\" content=\"fr_FR\" \/>\n<meta property=\"og:type\" content=\"article\" \/>\n<meta property=\"og:title\" content=\"Licence Android pour la navigation routi\u00e8re (LIQUIDATION !) - fleet.tech\" \/>\n<meta property=\"og:description\" content=\"Licence pour la navigation de camions (Android). SANS COMPRIM\u00c9.\" \/>\n<meta property=\"og:url\" content=\"https:\/\/fleet.tech\/fr\/produkt\/licence-android-pour-la-navigation-routiere-liquidation\/\" \/>\n<meta property=\"og:site_name\" content=\"fleet.tech\" \/>\n<meta property=\"article:modified_time\" content=\"2019-09-23T17:09:46+00:00\" \/>\n<meta property=\"og:image\" content=\"https:\/\/fleet.tech\/wp-content\/uploads\/sales_app_fr.png\" \/>\n\t<meta property=\"og:image:width\" content=\"600\" \/>\n\t<meta property=\"og:image:height\" content=\"284\" \/>\n\t<meta property=\"og:image:type\" content=\"image\/png\" \/>\n<meta name=\"twitter:card\" content=\"summary_large_image\" \/>\n<meta name=\"twitter:label1\" content=\"Dur\u00e9e de lecture estim\u00e9e\" \/>\n\t<meta name=\"twitter:data1\" content=\"1 minute\" \/>\n<script type=\"application\/ld+json\" class=\"yoast-schema-graph\">{\"@context\":\"https:\/\/schema.org\",\"@graph\":[{\"@type\":\"WebPage\",\"@id\":\"https:\/\/fleet.tech\/fr\/produkt\/licence-android-pour-la-navigation-routiere-liquidation\/\",\"url\":\"https:\/\/fleet.tech\/fr\/produkt\/licence-android-pour-la-navigation-routiere-liquidation\/\",\"name\":\"Licence Android pour la navigation routi\u00e8re (LIQUIDATION !) - fleet.tech\",\"isPartOf\":{\"@id\":\"https:\/\/fleet.tech\/#website\"},\"primaryImageOfPage\":{\"@id\":\"https:\/\/fleet.tech\/fr\/produkt\/licence-android-pour-la-navigation-routiere-liquidation\/#primaryimage\"},\"image\":{\"@id\":\"https:\/\/fleet.tech\/fr\/produkt\/licence-android-pour-la-navigation-routiere-liquidation\/#primaryimage\"},\"thumbnailUrl\":\"https:\/\/fleet.tech\/wp-content\/uploads\/sales_app_fr.png\",\"datePublished\":\"2019-09-23T14:18:49+00:00\",\"dateModified\":\"2019-09-23T17:09:46+00:00\",\"breadcrumb\":{\"@id\":\"https:\/\/fleet.tech\/fr\/produkt\/licence-android-pour-la-navigation-routiere-liquidation\/#breadcrumb\"},\"inLanguage\":\"fr-FR\",\"potentialAction\":[{\"@type\":\"ReadAction\",\"target\":[\"https:\/\/fleet.tech\/fr\/produkt\/licence-android-pour-la-navigation-routiere-liquidation\/\"]}]},{\"@type\":\"ImageObject\",\"inLanguage\":\"fr-FR\",\"@id\":\"https:\/\/fleet.tech\/fr\/produkt\/licence-android-pour-la-navigation-routiere-liquidation\/#primaryimage\",\"url\":\"https:\/\/fleet.tech\/wp-content\/uploads\/sales_app_fr.png\",\"contentUrl\":\"https:\/\/fleet.tech\/wp-content\/uploads\/sales_app_fr.png\",\"width\":600,\"height\":284},{\"@type\":\"BreadcrumbList\",\"@id\":\"https:\/\/fleet.tech\/fr\/produkt\/licence-android-pour-la-navigation-routiere-liquidation\/#breadcrumb\",\"itemListElement\":[{\"@type\":\"ListItem\",\"position\":1,\"name\":\"Home\",\"item\":\"https:\/\/fleet.tech\/fr\/\"},{\"@type\":\"ListItem\",\"position\":2,\"name\":\"Shop\",\"item\":\"https:\/\/fleet.tech\/fr\/shop\/\"},{\"@type\":\"ListItem\",\"position\":3,\"name\":\"Licence Android pour la navigation routi\u00e8re (LIQUIDATION !)\"}]},{\"@type\":\"WebSite\",\"@id\":\"https:\/\/fleet.tech\/#website\",\"url\":\"https:\/\/fleet.tech\/\",\"name\":\"fleet.tech\",\"description\":\"\",\"potentialAction\":[{\"@type\":\"SearchAction\",\"target\":{\"@type\":\"EntryPoint\",\"urlTemplate\":\"https:\/\/fleet.tech\/?s={search_term_string}\"},\"query-input\":{\"@type\":\"PropertyValueSpecification\",\"valueRequired\":true,\"valueName\":\"search_term_string\"}}],\"inLanguage\":\"fr-FR\"}]}<\/script>\n<!-- \/ Yoast SEO plugin. -->","yoast_head_json":{"title":"Licence Android pour la navigation routi\u00e8re (LIQUIDATION !) - fleet.tech","robots":{"index":"index","follow":"follow","max-snippet":"max-snippet:-1","max-image-preview":"max-image-preview:large","max-video-preview":"max-video-preview:-1"},"canonical":"https:\/\/fleet.tech\/fr\/produkt\/licence-android-pour-la-navigation-routiere-liquidation\/","og_locale":"fr_FR","og_type":"article","og_title":"Licence Android pour la navigation routi\u00e8re (LIQUIDATION !) - fleet.tech","og_description":"Licence pour la navigation de camions (Android). SANS COMPRIM\u00c9.","og_url":"https:\/\/fleet.tech\/fr\/produkt\/licence-android-pour-la-navigation-routiere-liquidation\/","og_site_name":"fleet.tech","article_modified_time":"2019-09-23T17:09:46+00:00","og_image":[{"width":600,"height":284,"url":"https:\/\/fleet.tech\/wp-content\/uploads\/sales_app_fr.png","type":"image\/png"}],"twitter_card":"summary_large_image","twitter_misc":{"Dur\u00e9e de lecture estim\u00e9e":"1 minute"},"schema":{"@context":"https:\/\/schema.org","@graph":[{"@type":"WebPage","@id":"https:\/\/fleet.tech\/fr\/produkt\/licence-android-pour-la-navigation-routiere-liquidation\/","url":"https:\/\/fleet.tech\/fr\/produkt\/licence-android-pour-la-navigation-routiere-liquidation\/","name":"Licence Android pour la navigation routi\u00e8re (LIQUIDATION !) - fleet.tech","isPartOf":{"@id":"https:\/\/fleet.tech\/#website"},"primaryImageOfPage":{"@id":"https:\/\/fleet.tech\/fr\/produkt\/licence-android-pour-la-navigation-routiere-liquidation\/#primaryimage"},"image":{"@id":"https:\/\/fleet.tech\/fr\/produkt\/licence-android-pour-la-navigation-routiere-liquidation\/#primaryimage"},"thumbnailUrl":"https:\/\/fleet.tech\/wp-content\/uploads\/sales_app_fr.png","datePublished":"2019-09-23T14:18:49+00:00","dateModified":"2019-09-23T17:09:46+00:00","breadcrumb":{"@id":"https:\/\/fleet.tech\/fr\/produkt\/licence-android-pour-la-navigation-routiere-liquidation\/#breadcrumb"},"inLanguage":"fr-FR","potentialAction":[{"@type":"ReadAction","target":["https:\/\/fleet.tech\/fr\/produkt\/licence-android-pour-la-navigation-routiere-liquidation\/"]}]},{"@type":"ImageObject","inLanguage":"fr-FR","@id":"https:\/\/fleet.tech\/fr\/produkt\/licence-android-pour-la-navigation-routiere-liquidation\/#primaryimage","url":"https:\/\/fleet.tech\/wp-content\/uploads\/sales_app_fr.png","contentUrl":"https:\/\/fleet.tech\/wp-content\/uploads\/sales_app_fr.png","width":600,"height":284},{"@type":"BreadcrumbList","@id":"https:\/\/fleet.tech\/fr\/produkt\/licence-android-pour-la-navigation-routiere-liquidation\/#breadcrumb","itemListElement":[{"@type":"ListItem","position":1,"name":"Home","item":"https:\/\/fleet.tech\/fr\/"},{"@type":"ListItem","position":2,"name":"Shop","item":"https:\/\/fleet.tech\/fr\/shop\/"},{"@type":"ListItem","position":3,"name":"Licence Android pour la navigation routi\u00e8re (LIQUIDATION !)"}]},{"@type":"WebSite","@id":"https:\/\/fleet.tech\/#website","url":"https:\/\/fleet.tech\/","name":"fleet.tech","description":"","potentialAction":[{"@type":"SearchAction","target":{"@type":"EntryPoint","urlTemplate":"https:\/\/fleet.tech\/?s={search_term_string}"},"query-input":{"@type":"PropertyValueSpecification","valueRequired":true,"valueName":"search_term_string"}}],"inLanguage":"fr-FR"}]}},"_links":{"self":[{"href":"https:\/\/fleet.tech\/fr\/wp-json\/wp\/v2\/product\/8421","targetHints":{"allow":["GET"]}}],"collection":[{"href":"https:\/\/fleet.tech\/fr\/wp-json\/wp\/v2\/product"}],"about":[{"href":"https:\/\/fleet.tech\/fr\/wp-json\/wp\/v2\/types\/product"}],"wp:featuredmedia":[{"embeddable":true,"href":"https:\/\/fleet.tech\/fr\/wp-json\/wp\/v2\/media\/8333"}],"wp:attachment":[{"href":"https:\/\/fleet.tech\/fr\/wp-json\/wp\/v2\/media?parent=8421"}],"wp:term":[{"taxonomy":"product_brand","embeddable":true,"href":"https:\/\/fleet.tech\/fr\/wp-json\/wp\/v2\/product_brand?post=8421"},{"taxonomy":"product_cat","embeddable":true,"href":"https:\/\/fleet.tech\/fr\/wp-json\/wp\/v2\/product_cat?post=8421"},{"taxonomy":"product_tag","embeddable":true,"href":"https:\/\/fleet.tech\/fr\/wp-json\/wp\/v2\/product_tag?post=8421"}],"curies":[{"name":"wp","href":"https:\/\/api.w.org\/{rel}","templated":true}]}}