{"id":8422,"date":"2019-09-23T14:54:33","date_gmt":"2019-09-23T13:54:33","guid":{"rendered":"https:\/\/fleet.tech\/produkt\/couvercle-special-pour-la-surveillance-des-citernes-de-camions-engins-de-chantier-etc\/"},"modified":"2019-09-23T18:10:16","modified_gmt":"2019-09-23T17:10:16","slug":"couvercle-special-pour-la-surveillance-des-citernes-de-camions-engins-de-chantier-etc","status":"publish","type":"product","link":"https:\/\/fleet.tech\/fr\/produkt\/couvercle-special-pour-la-surveillance-des-citernes-de-camions-engins-de-chantier-etc\/","title":{"rendered":"Couvercle sp\u00e9cial pour la surveillance des citernes de camions, engins de chantier, etc."},"content":{"rendered":"<p>Prot\u00e9gez-vous contre le vol de carburant diesel gr\u00e2ce \u00e0 une solution de surveillance de r\u00e9servoir \u00e9conomique et efficace. Il est con\u00e7u de telle mani\u00e8re qu&rsquo;il fonctionne sans probl\u00e8me avec les camions, les v\u00e9hicules utilitaires, les engins de construction, ainsi que les v\u00e9hicules agricoles et forestiers lourds. Un panier de protection contre l&rsquo;entr\u00e9e du tuyau emp\u00eache l&rsquo;aspiration du gazole. En option, la solution peut \u00e9galement \u00eatre connect\u00e9e aux terminaux t\u00e9l\u00e9matiques de fleet.tech par LOSTnFOUND. Maintenant au prix de liquidation du marteau, y compris 12 mois de garantie. Offre valable jusqu&rsquo;\u00e0 \u00e9puisement des stocks!<\/p>\n","protected":false},"excerpt":{"rendered":"<p>La surveillance des r\u00e9servoirs prot\u00e8ge contre le vol<\/p>\n","protected":false},"featured_media":8338,"template":"","meta":{"_acf_changed":false,"inline_featured_image":false},"product_brand":[],"product_cat":[112],"product_tag":[],"class_list":{"0":"post-8422","1":"product","2":"type-product","3":"status-publish","4":"has-post-thumbnail","6":"product_cat-liquidation-totale","8":"first","9":"instock","10":"sale","11":"taxable","12":"shipping-taxable","13":"purchasable","14":"product-type-simple"},"acf":[],"yoast_head":"<!-- This site is optimized with the Yoast SEO plugin v26.1.1 - https:\/\/yoast.com\/wordpress\/plugins\/seo\/ -->\n<title>Couvercle sp\u00e9cial pour la surveillance des citernes de camions, engins de chantier, etc. - fleet.tech<\/title>\n<meta name=\"robots\" content=\"index, follow, max-snippet:-1, max-image-preview:large, max-video-preview:-1\" \/>\n<link rel=\"canonical\" href=\"https:\/\/fleet.tech\/fr\/produkt\/couvercle-special-pour-la-surveillance-des-citernes-de-camions-engins-de-chantier-etc\/\" \/>\n<meta property=\"og:locale\" content=\"fr_FR\" \/>\n<meta property=\"og:type\" content=\"article\" \/>\n<meta property=\"og:title\" content=\"Couvercle sp\u00e9cial pour la surveillance des citernes de camions, engins de chantier, etc. - fleet.tech\" \/>\n<meta property=\"og:description\" content=\"La surveillance des r\u00e9servoirs prot\u00e8ge contre le vol\" \/>\n<meta property=\"og:url\" content=\"https:\/\/fleet.tech\/fr\/produkt\/couvercle-special-pour-la-surveillance-des-citernes-de-camions-engins-de-chantier-etc\/\" \/>\n<meta property=\"og:site_name\" content=\"fleet.tech\" \/>\n<meta property=\"article:modified_time\" content=\"2019-09-23T17:10:16+00:00\" \/>\n<meta property=\"og:image\" content=\"https:\/\/fleet.tech\/wp-content\/uploads\/sales_fuelcap_fr.png\" \/>\n\t<meta property=\"og:image:width\" content=\"600\" \/>\n\t<meta property=\"og:image:height\" content=\"337\" \/>\n\t<meta property=\"og:image:type\" content=\"image\/png\" \/>\n<meta name=\"twitter:card\" content=\"summary_large_image\" \/>\n<meta name=\"twitter:label1\" content=\"Dur\u00e9e de lecture estim\u00e9e\" \/>\n\t<meta name=\"twitter:data1\" content=\"1 minute\" \/>\n<script type=\"application\/ld+json\" class=\"yoast-schema-graph\">{\"@context\":\"https:\/\/schema.org\",\"@graph\":[{\"@type\":\"WebPage\",\"@id\":\"https:\/\/fleet.tech\/fr\/produkt\/couvercle-special-pour-la-surveillance-des-citernes-de-camions-engins-de-chantier-etc\/\",\"url\":\"https:\/\/fleet.tech\/fr\/produkt\/couvercle-special-pour-la-surveillance-des-citernes-de-camions-engins-de-chantier-etc\/\",\"name\":\"Couvercle sp\u00e9cial pour la surveillance des citernes de camions, engins de chantier, etc. - fleet.tech\",\"isPartOf\":{\"@id\":\"https:\/\/fleet.tech\/#website\"},\"primaryImageOfPage\":{\"@id\":\"https:\/\/fleet.tech\/fr\/produkt\/couvercle-special-pour-la-surveillance-des-citernes-de-camions-engins-de-chantier-etc\/#primaryimage\"},\"image\":{\"@id\":\"https:\/\/fleet.tech\/fr\/produkt\/couvercle-special-pour-la-surveillance-des-citernes-de-camions-engins-de-chantier-etc\/#primaryimage\"},\"thumbnailUrl\":\"https:\/\/fleet.tech\/wp-content\/uploads\/sales_fuelcap_fr.png\",\"datePublished\":\"2019-09-23T13:54:33+00:00\",\"dateModified\":\"2019-09-23T17:10:16+00:00\",\"breadcrumb\":{\"@id\":\"https:\/\/fleet.tech\/fr\/produkt\/couvercle-special-pour-la-surveillance-des-citernes-de-camions-engins-de-chantier-etc\/#breadcrumb\"},\"inLanguage\":\"fr-FR\",\"potentialAction\":[{\"@type\":\"ReadAction\",\"target\":[\"https:\/\/fleet.tech\/fr\/produkt\/couvercle-special-pour-la-surveillance-des-citernes-de-camions-engins-de-chantier-etc\/\"]}]},{\"@type\":\"ImageObject\",\"inLanguage\":\"fr-FR\",\"@id\":\"https:\/\/fleet.tech\/fr\/produkt\/couvercle-special-pour-la-surveillance-des-citernes-de-camions-engins-de-chantier-etc\/#primaryimage\",\"url\":\"https:\/\/fleet.tech\/wp-content\/uploads\/sales_fuelcap_fr.png\",\"contentUrl\":\"https:\/\/fleet.tech\/wp-content\/uploads\/sales_fuelcap_fr.png\",\"width\":600,\"height\":337},{\"@type\":\"BreadcrumbList\",\"@id\":\"https:\/\/fleet.tech\/fr\/produkt\/couvercle-special-pour-la-surveillance-des-citernes-de-camions-engins-de-chantier-etc\/#breadcrumb\",\"itemListElement\":[{\"@type\":\"ListItem\",\"position\":1,\"name\":\"Home\",\"item\":\"https:\/\/fleet.tech\/fr\/\"},{\"@type\":\"ListItem\",\"position\":2,\"name\":\"Shop\",\"item\":\"https:\/\/fleet.tech\/fr\/shop\/\"},{\"@type\":\"ListItem\",\"position\":3,\"name\":\"Couvercle sp\u00e9cial pour la surveillance des citernes de camions, engins de chantier, etc.\"}]},{\"@type\":\"WebSite\",\"@id\":\"https:\/\/fleet.tech\/#website\",\"url\":\"https:\/\/fleet.tech\/\",\"name\":\"fleet.tech\",\"description\":\"\",\"potentialAction\":[{\"@type\":\"SearchAction\",\"target\":{\"@type\":\"EntryPoint\",\"urlTemplate\":\"https:\/\/fleet.tech\/?s={search_term_string}\"},\"query-input\":{\"@type\":\"PropertyValueSpecification\",\"valueRequired\":true,\"valueName\":\"search_term_string\"}}],\"inLanguage\":\"fr-FR\"}]}<\/script>\n<!-- \/ Yoast SEO plugin. -->","yoast_head_json":{"title":"Couvercle sp\u00e9cial pour la surveillance des citernes de camions, engins de chantier, etc. - fleet.tech","robots":{"index":"index","follow":"follow","max-snippet":"max-snippet:-1","max-image-preview":"max-image-preview:large","max-video-preview":"max-video-preview:-1"},"canonical":"https:\/\/fleet.tech\/fr\/produkt\/couvercle-special-pour-la-surveillance-des-citernes-de-camions-engins-de-chantier-etc\/","og_locale":"fr_FR","og_type":"article","og_title":"Couvercle sp\u00e9cial pour la surveillance des citernes de camions, engins de chantier, etc. - fleet.tech","og_description":"La surveillance des r\u00e9servoirs prot\u00e8ge contre le vol","og_url":"https:\/\/fleet.tech\/fr\/produkt\/couvercle-special-pour-la-surveillance-des-citernes-de-camions-engins-de-chantier-etc\/","og_site_name":"fleet.tech","article_modified_time":"2019-09-23T17:10:16+00:00","og_image":[{"width":600,"height":337,"url":"https:\/\/fleet.tech\/wp-content\/uploads\/sales_fuelcap_fr.png","type":"image\/png"}],"twitter_card":"summary_large_image","twitter_misc":{"Dur\u00e9e de lecture estim\u00e9e":"1 minute"},"schema":{"@context":"https:\/\/schema.org","@graph":[{"@type":"WebPage","@id":"https:\/\/fleet.tech\/fr\/produkt\/couvercle-special-pour-la-surveillance-des-citernes-de-camions-engins-de-chantier-etc\/","url":"https:\/\/fleet.tech\/fr\/produkt\/couvercle-special-pour-la-surveillance-des-citernes-de-camions-engins-de-chantier-etc\/","name":"Couvercle sp\u00e9cial pour la surveillance des citernes de camions, engins de chantier, etc. - fleet.tech","isPartOf":{"@id":"https:\/\/fleet.tech\/#website"},"primaryImageOfPage":{"@id":"https:\/\/fleet.tech\/fr\/produkt\/couvercle-special-pour-la-surveillance-des-citernes-de-camions-engins-de-chantier-etc\/#primaryimage"},"image":{"@id":"https:\/\/fleet.tech\/fr\/produkt\/couvercle-special-pour-la-surveillance-des-citernes-de-camions-engins-de-chantier-etc\/#primaryimage"},"thumbnailUrl":"https:\/\/fleet.tech\/wp-content\/uploads\/sales_fuelcap_fr.png","datePublished":"2019-09-23T13:54:33+00:00","dateModified":"2019-09-23T17:10:16+00:00","breadcrumb":{"@id":"https:\/\/fleet.tech\/fr\/produkt\/couvercle-special-pour-la-surveillance-des-citernes-de-camions-engins-de-chantier-etc\/#breadcrumb"},"inLanguage":"fr-FR","potentialAction":[{"@type":"ReadAction","target":["https:\/\/fleet.tech\/fr\/produkt\/couvercle-special-pour-la-surveillance-des-citernes-de-camions-engins-de-chantier-etc\/"]}]},{"@type":"ImageObject","inLanguage":"fr-FR","@id":"https:\/\/fleet.tech\/fr\/produkt\/couvercle-special-pour-la-surveillance-des-citernes-de-camions-engins-de-chantier-etc\/#primaryimage","url":"https:\/\/fleet.tech\/wp-content\/uploads\/sales_fuelcap_fr.png","contentUrl":"https:\/\/fleet.tech\/wp-content\/uploads\/sales_fuelcap_fr.png","width":600,"height":337},{"@type":"BreadcrumbList","@id":"https:\/\/fleet.tech\/fr\/produkt\/couvercle-special-pour-la-surveillance-des-citernes-de-camions-engins-de-chantier-etc\/#breadcrumb","itemListElement":[{"@type":"ListItem","position":1,"name":"Home","item":"https:\/\/fleet.tech\/fr\/"},{"@type":"ListItem","position":2,"name":"Shop","item":"https:\/\/fleet.tech\/fr\/shop\/"},{"@type":"ListItem","position":3,"name":"Couvercle sp\u00e9cial pour la surveillance des citernes de camions, engins de chantier, etc."}]},{"@type":"WebSite","@id":"https:\/\/fleet.tech\/#website","url":"https:\/\/fleet.tech\/","name":"fleet.tech","description":"","potentialAction":[{"@type":"SearchAction","target":{"@type":"EntryPoint","urlTemplate":"https:\/\/fleet.tech\/?s={search_term_string}"},"query-input":{"@type":"PropertyValueSpecification","valueRequired":true,"valueName":"search_term_string"}}],"inLanguage":"fr-FR"}]}},"_links":{"self":[{"href":"https:\/\/fleet.tech\/fr\/wp-json\/wp\/v2\/product\/8422","targetHints":{"allow":["GET"]}}],"collection":[{"href":"https:\/\/fleet.tech\/fr\/wp-json\/wp\/v2\/product"}],"about":[{"href":"https:\/\/fleet.tech\/fr\/wp-json\/wp\/v2\/types\/product"}],"wp:featuredmedia":[{"embeddable":true,"href":"https:\/\/fleet.tech\/fr\/wp-json\/wp\/v2\/media\/8338"}],"wp:attachment":[{"href":"https:\/\/fleet.tech\/fr\/wp-json\/wp\/v2\/media?parent=8422"}],"wp:term":[{"taxonomy":"product_brand","embeddable":true,"href":"https:\/\/fleet.tech\/fr\/wp-json\/wp\/v2\/product_brand?post=8422"},{"taxonomy":"product_cat","embeddable":true,"href":"https:\/\/fleet.tech\/fr\/wp-json\/wp\/v2\/product_cat?post=8422"},{"taxonomy":"product_tag","embeddable":true,"href":"https:\/\/fleet.tech\/fr\/wp-json\/wp\/v2\/product_tag?post=8422"}],"curies":[{"name":"wp","href":"https:\/\/api.w.org\/{rel}","templated":true}]}}