{"id":8423,"date":"2019-09-23T15:09:39","date_gmt":"2019-09-23T14:09:39","guid":{"rendered":"https:\/\/fleet.tech\/produkt\/securite-ecodrive-et-carnet-de-bord-du-conducteur-dans-le-cadre-dun-programme-de-12-mois-offre-test\/"},"modified":"2019-09-23T15:09:39","modified_gmt":"2019-09-23T14:09:39","slug":"securite-ecodrive-et-carnet-de-bord-du-conducteur-dans-le-cadre-dun-programme-de-12-mois-offre-test","status":"publish","type":"product","link":"https:\/\/fleet.tech\/fr\/produkt\/securite-ecodrive-et-carnet-de-bord-du-conducteur-dans-le-cadre-dun-programme-de-12-mois-offre-test\/","title":{"rendered":"S\u00e9curit\u00e9, EcoDrive et carnet de bord du conducteur dans le cadre d&rsquo;un programme de 12 mois offre-test"},"content":{"rendered":"<p>L&rsquo;entra\u00eenement fitness complet pour votre flotte ! La r\u00e9duction de la consommation de carburant et des \u00e9missions de CO2 est une question centrale. C&rsquo;est pourquoi nous avons d\u00e9velopp\u00e9 un service unique pour mesurer la consommation d&rsquo;\u00e9nergie des voitures en conditions r\u00e9elles de conduite. Le syst\u00e8me unique en son genre permet \u00e9galement de tenir le journal de bord du conducteur lors de l&rsquo;utilisation de v\u00e9hicules de soci\u00e9t\u00e9 et de v\u00e9hicules en commun. Maintenant dans le forfait d&rsquo;introduction, y compris le terminal, et 12 mois de service, sans autre obligation contractuelle. <\/p>\n","protected":false},"excerpt":{"rendered":"<p>Car fitness tracker pour pour les tests<\/p>\n","protected":false},"featured_media":8209,"template":"","meta":{"_acf_changed":false,"inline_featured_image":false},"product_brand":[],"product_cat":[118],"product_tag":[],"class_list":{"0":"post-8423","1":"product","2":"type-product","3":"status-publish","4":"has-post-thumbnail","6":"product_cat-fitness-tracker-pour-automobile","8":"first","9":"instock","10":"taxable","11":"shipping-taxable","12":"purchasable","13":"product-type-simple"},"acf":[],"yoast_head":"<!-- This site is optimized with the Yoast SEO plugin v26.1.1 - https:\/\/yoast.com\/wordpress\/plugins\/seo\/ -->\n<title>S\u00e9curit\u00e9, EcoDrive et carnet de bord du conducteur dans le cadre d&#039;un programme de 12 mois offre-test - fleet.tech<\/title>\n<meta name=\"robots\" content=\"index, follow, max-snippet:-1, max-image-preview:large, max-video-preview:-1\" \/>\n<link rel=\"canonical\" href=\"https:\/\/fleet.tech\/fr\/produkt\/securite-ecodrive-et-carnet-de-bord-du-conducteur-dans-le-cadre-dun-programme-de-12-mois-offre-test\/\" \/>\n<meta property=\"og:locale\" content=\"fr_FR\" \/>\n<meta property=\"og:type\" content=\"article\" \/>\n<meta property=\"og:title\" content=\"S\u00e9curit\u00e9, EcoDrive et carnet de bord du conducteur dans le cadre d&#039;un programme de 12 mois offre-test - fleet.tech\" \/>\n<meta property=\"og:description\" content=\"Car fitness tracker pour pour les tests\" \/>\n<meta property=\"og:url\" content=\"https:\/\/fleet.tech\/fr\/produkt\/securite-ecodrive-et-carnet-de-bord-du-conducteur-dans-le-cadre-dun-programme-de-12-mois-offre-test\/\" \/>\n<meta property=\"og:site_name\" content=\"fleet.tech\" \/>\n<meta property=\"og:image\" content=\"https:\/\/fleet.tech\/wp-content\/uploads\/fitnesstracker_12mt.png\" \/>\n\t<meta property=\"og:image:width\" content=\"600\" \/>\n\t<meta property=\"og:image:height\" content=\"430\" \/>\n\t<meta property=\"og:image:type\" content=\"image\/png\" \/>\n<meta name=\"twitter:card\" content=\"summary_large_image\" \/>\n<script type=\"application\/ld+json\" class=\"yoast-schema-graph\">{\"@context\":\"https:\/\/schema.org\",\"@graph\":[{\"@type\":\"WebPage\",\"@id\":\"https:\/\/fleet.tech\/fr\/produkt\/securite-ecodrive-et-carnet-de-bord-du-conducteur-dans-le-cadre-dun-programme-de-12-mois-offre-test\/\",\"url\":\"https:\/\/fleet.tech\/fr\/produkt\/securite-ecodrive-et-carnet-de-bord-du-conducteur-dans-le-cadre-dun-programme-de-12-mois-offre-test\/\",\"name\":\"S\u00e9curit\u00e9, EcoDrive et carnet de bord du conducteur dans le cadre d'un programme de 12 mois offre-test - fleet.tech\",\"isPartOf\":{\"@id\":\"https:\/\/fleet.tech\/#website\"},\"primaryImageOfPage\":{\"@id\":\"https:\/\/fleet.tech\/fr\/produkt\/securite-ecodrive-et-carnet-de-bord-du-conducteur-dans-le-cadre-dun-programme-de-12-mois-offre-test\/#primaryimage\"},\"image\":{\"@id\":\"https:\/\/fleet.tech\/fr\/produkt\/securite-ecodrive-et-carnet-de-bord-du-conducteur-dans-le-cadre-dun-programme-de-12-mois-offre-test\/#primaryimage\"},\"thumbnailUrl\":\"https:\/\/fleet.tech\/wp-content\/uploads\/fitnesstracker_12mt.png\",\"datePublished\":\"2019-09-23T14:09:39+00:00\",\"breadcrumb\":{\"@id\":\"https:\/\/fleet.tech\/fr\/produkt\/securite-ecodrive-et-carnet-de-bord-du-conducteur-dans-le-cadre-dun-programme-de-12-mois-offre-test\/#breadcrumb\"},\"inLanguage\":\"fr-FR\",\"potentialAction\":[{\"@type\":\"ReadAction\",\"target\":[\"https:\/\/fleet.tech\/fr\/produkt\/securite-ecodrive-et-carnet-de-bord-du-conducteur-dans-le-cadre-dun-programme-de-12-mois-offre-test\/\"]}]},{\"@type\":\"ImageObject\",\"inLanguage\":\"fr-FR\",\"@id\":\"https:\/\/fleet.tech\/fr\/produkt\/securite-ecodrive-et-carnet-de-bord-du-conducteur-dans-le-cadre-dun-programme-de-12-mois-offre-test\/#primaryimage\",\"url\":\"https:\/\/fleet.tech\/wp-content\/uploads\/fitnesstracker_12mt.png\",\"contentUrl\":\"https:\/\/fleet.tech\/wp-content\/uploads\/fitnesstracker_12mt.png\",\"width\":600,\"height\":430},{\"@type\":\"BreadcrumbList\",\"@id\":\"https:\/\/fleet.tech\/fr\/produkt\/securite-ecodrive-et-carnet-de-bord-du-conducteur-dans-le-cadre-dun-programme-de-12-mois-offre-test\/#breadcrumb\",\"itemListElement\":[{\"@type\":\"ListItem\",\"position\":1,\"name\":\"Home\",\"item\":\"https:\/\/fleet.tech\/fr\/\"},{\"@type\":\"ListItem\",\"position\":2,\"name\":\"Shop\",\"item\":\"https:\/\/fleet.tech\/fr\/shop\/\"},{\"@type\":\"ListItem\",\"position\":3,\"name\":\"S\u00e9curit\u00e9, EcoDrive et carnet de bord du conducteur dans le cadre d&rsquo;un programme de 12 mois offre-test\"}]},{\"@type\":\"WebSite\",\"@id\":\"https:\/\/fleet.tech\/#website\",\"url\":\"https:\/\/fleet.tech\/\",\"name\":\"fleet.tech\",\"description\":\"\",\"potentialAction\":[{\"@type\":\"SearchAction\",\"target\":{\"@type\":\"EntryPoint\",\"urlTemplate\":\"https:\/\/fleet.tech\/?s={search_term_string}\"},\"query-input\":{\"@type\":\"PropertyValueSpecification\",\"valueRequired\":true,\"valueName\":\"search_term_string\"}}],\"inLanguage\":\"fr-FR\"}]}<\/script>\n<!-- \/ Yoast SEO plugin. -->","yoast_head_json":{"title":"S\u00e9curit\u00e9, EcoDrive et carnet de bord du conducteur dans le cadre d'un programme de 12 mois offre-test - fleet.tech","robots":{"index":"index","follow":"follow","max-snippet":"max-snippet:-1","max-image-preview":"max-image-preview:large","max-video-preview":"max-video-preview:-1"},"canonical":"https:\/\/fleet.tech\/fr\/produkt\/securite-ecodrive-et-carnet-de-bord-du-conducteur-dans-le-cadre-dun-programme-de-12-mois-offre-test\/","og_locale":"fr_FR","og_type":"article","og_title":"S\u00e9curit\u00e9, EcoDrive et carnet de bord du conducteur dans le cadre d'un programme de 12 mois offre-test - fleet.tech","og_description":"Car fitness tracker pour pour les tests","og_url":"https:\/\/fleet.tech\/fr\/produkt\/securite-ecodrive-et-carnet-de-bord-du-conducteur-dans-le-cadre-dun-programme-de-12-mois-offre-test\/","og_site_name":"fleet.tech","og_image":[{"width":600,"height":430,"url":"https:\/\/fleet.tech\/wp-content\/uploads\/fitnesstracker_12mt.png","type":"image\/png"}],"twitter_card":"summary_large_image","schema":{"@context":"https:\/\/schema.org","@graph":[{"@type":"WebPage","@id":"https:\/\/fleet.tech\/fr\/produkt\/securite-ecodrive-et-carnet-de-bord-du-conducteur-dans-le-cadre-dun-programme-de-12-mois-offre-test\/","url":"https:\/\/fleet.tech\/fr\/produkt\/securite-ecodrive-et-carnet-de-bord-du-conducteur-dans-le-cadre-dun-programme-de-12-mois-offre-test\/","name":"S\u00e9curit\u00e9, EcoDrive et carnet de bord du conducteur dans le cadre d'un programme de 12 mois offre-test - fleet.tech","isPartOf":{"@id":"https:\/\/fleet.tech\/#website"},"primaryImageOfPage":{"@id":"https:\/\/fleet.tech\/fr\/produkt\/securite-ecodrive-et-carnet-de-bord-du-conducteur-dans-le-cadre-dun-programme-de-12-mois-offre-test\/#primaryimage"},"image":{"@id":"https:\/\/fleet.tech\/fr\/produkt\/securite-ecodrive-et-carnet-de-bord-du-conducteur-dans-le-cadre-dun-programme-de-12-mois-offre-test\/#primaryimage"},"thumbnailUrl":"https:\/\/fleet.tech\/wp-content\/uploads\/fitnesstracker_12mt.png","datePublished":"2019-09-23T14:09:39+00:00","breadcrumb":{"@id":"https:\/\/fleet.tech\/fr\/produkt\/securite-ecodrive-et-carnet-de-bord-du-conducteur-dans-le-cadre-dun-programme-de-12-mois-offre-test\/#breadcrumb"},"inLanguage":"fr-FR","potentialAction":[{"@type":"ReadAction","target":["https:\/\/fleet.tech\/fr\/produkt\/securite-ecodrive-et-carnet-de-bord-du-conducteur-dans-le-cadre-dun-programme-de-12-mois-offre-test\/"]}]},{"@type":"ImageObject","inLanguage":"fr-FR","@id":"https:\/\/fleet.tech\/fr\/produkt\/securite-ecodrive-et-carnet-de-bord-du-conducteur-dans-le-cadre-dun-programme-de-12-mois-offre-test\/#primaryimage","url":"https:\/\/fleet.tech\/wp-content\/uploads\/fitnesstracker_12mt.png","contentUrl":"https:\/\/fleet.tech\/wp-content\/uploads\/fitnesstracker_12mt.png","width":600,"height":430},{"@type":"BreadcrumbList","@id":"https:\/\/fleet.tech\/fr\/produkt\/securite-ecodrive-et-carnet-de-bord-du-conducteur-dans-le-cadre-dun-programme-de-12-mois-offre-test\/#breadcrumb","itemListElement":[{"@type":"ListItem","position":1,"name":"Home","item":"https:\/\/fleet.tech\/fr\/"},{"@type":"ListItem","position":2,"name":"Shop","item":"https:\/\/fleet.tech\/fr\/shop\/"},{"@type":"ListItem","position":3,"name":"S\u00e9curit\u00e9, EcoDrive et carnet de bord du conducteur dans le cadre d&rsquo;un programme de 12 mois offre-test"}]},{"@type":"WebSite","@id":"https:\/\/fleet.tech\/#website","url":"https:\/\/fleet.tech\/","name":"fleet.tech","description":"","potentialAction":[{"@type":"SearchAction","target":{"@type":"EntryPoint","urlTemplate":"https:\/\/fleet.tech\/?s={search_term_string}"},"query-input":{"@type":"PropertyValueSpecification","valueRequired":true,"valueName":"search_term_string"}}],"inLanguage":"fr-FR"}]}},"_links":{"self":[{"href":"https:\/\/fleet.tech\/fr\/wp-json\/wp\/v2\/product\/8423","targetHints":{"allow":["GET"]}}],"collection":[{"href":"https:\/\/fleet.tech\/fr\/wp-json\/wp\/v2\/product"}],"about":[{"href":"https:\/\/fleet.tech\/fr\/wp-json\/wp\/v2\/types\/product"}],"wp:featuredmedia":[{"embeddable":true,"href":"https:\/\/fleet.tech\/fr\/wp-json\/wp\/v2\/media\/8209"}],"wp:attachment":[{"href":"https:\/\/fleet.tech\/fr\/wp-json\/wp\/v2\/media?parent=8423"}],"wp:term":[{"taxonomy":"product_brand","embeddable":true,"href":"https:\/\/fleet.tech\/fr\/wp-json\/wp\/v2\/product_brand?post=8423"},{"taxonomy":"product_cat","embeddable":true,"href":"https:\/\/fleet.tech\/fr\/wp-json\/wp\/v2\/product_cat?post=8423"},{"taxonomy":"product_tag","embeddable":true,"href":"https:\/\/fleet.tech\/fr\/wp-json\/wp\/v2\/product_tag?post=8423"}],"curies":[{"name":"wp","href":"https:\/\/api.w.org\/{rel}","templated":true}]}}