{"id":9863,"date":"2019-12-03T15:41:58","date_gmt":"2019-12-03T14:42:01","guid":{"rendered":"https:\/\/fleet.tech\/?post_type=product&#038;p=9863"},"modified":"2020-09-04T08:43:16","modified_gmt":"2020-09-04T07:43:16","slug":"stratus-y-compris-12-mois-de-service-vente","status":"publish","type":"product","link":"https:\/\/fleet.tech\/fr\/produkt\/stratus-y-compris-12-mois-de-service-vente\/","title":{"rendered":"STRATUS y compris 12 mois de service (VENTE !)"},"content":{"rendered":"<p>Le montage magn\u00e9tique simple permet de prot\u00e9ger et de surveiller facilement les marchandises mobiles telles que les remorques ou les conteneurs. Gr\u00e2ce \u00e0 la puissante batterie int\u00e9gr\u00e9e, la STRATUS peut fonctionner jusqu&rsquo;\u00e0 18 mois. Maintenant dans le kit de liquidation des marteaux, y compris le terminal, la carte SIM et 12 mois de service. Les appareils sont des retours des positions de d\u00e9monstration, donc les appareils peuvent montrer de l\u00e9gers signes d&rsquo;utilisation. 12 mois de garantie. Offre valable jusqu&rsquo;\u00e0 \u00e9puisement des stocks !<\/p>\n","protected":false},"excerpt":{"rendered":"<p>Dispositif de poursuite GSM portable<\/p>\n","protected":false},"featured_media":9885,"template":"","meta":{"_acf_changed":false,"inline_featured_image":false},"product_brand":[],"product_cat":[112],"product_tag":[],"class_list":{"0":"post-9863","1":"product","2":"type-product","3":"status-publish","4":"has-post-thumbnail","6":"product_cat-liquidation-totale","8":"first","9":"instock","10":"sale","11":"taxable","12":"shipping-taxable","13":"purchasable","14":"product-type-simple"},"acf":[],"yoast_head":"<!-- This site is optimized with the Yoast SEO plugin v26.1.1 - https:\/\/yoast.com\/wordpress\/plugins\/seo\/ -->\n<title>STRATUS y compris 12 mois de service (VENTE !) - fleet.tech<\/title>\n<meta name=\"robots\" content=\"index, follow, max-snippet:-1, max-image-preview:large, max-video-preview:-1\" \/>\n<link rel=\"canonical\" href=\"https:\/\/fleet.tech\/fr\/produkt\/stratus-y-compris-12-mois-de-service-vente\/\" \/>\n<meta property=\"og:locale\" content=\"fr_FR\" \/>\n<meta property=\"og:type\" content=\"article\" \/>\n<meta property=\"og:title\" content=\"STRATUS y compris 12 mois de service (VENTE !) - fleet.tech\" \/>\n<meta property=\"og:description\" content=\"Dispositif de poursuite GSM portable\" \/>\n<meta property=\"og:url\" content=\"https:\/\/fleet.tech\/fr\/produkt\/stratus-y-compris-12-mois-de-service-vente\/\" \/>\n<meta property=\"og:site_name\" content=\"fleet.tech\" \/>\n<meta property=\"article:modified_time\" content=\"2020-09-04T07:43:16+00:00\" \/>\n<meta property=\"og:image\" content=\"https:\/\/fleet.tech\/wp-content\/uploads\/Sales_STRATUS_fr.png\" \/>\n\t<meta property=\"og:image:width\" content=\"3152\" \/>\n\t<meta property=\"og:image:height\" content=\"1517\" \/>\n\t<meta property=\"og:image:type\" content=\"image\/png\" \/>\n<meta name=\"twitter:card\" content=\"summary_large_image\" \/>\n<script type=\"application\/ld+json\" class=\"yoast-schema-graph\">{\"@context\":\"https:\/\/schema.org\",\"@graph\":[{\"@type\":\"WebPage\",\"@id\":\"https:\/\/fleet.tech\/fr\/produkt\/stratus-y-compris-12-mois-de-service-vente\/\",\"url\":\"https:\/\/fleet.tech\/fr\/produkt\/stratus-y-compris-12-mois-de-service-vente\/\",\"name\":\"STRATUS y compris 12 mois de service (VENTE !) - fleet.tech\",\"isPartOf\":{\"@id\":\"https:\/\/fleet.tech\/#website\"},\"primaryImageOfPage\":{\"@id\":\"https:\/\/fleet.tech\/fr\/produkt\/stratus-y-compris-12-mois-de-service-vente\/#primaryimage\"},\"image\":{\"@id\":\"https:\/\/fleet.tech\/fr\/produkt\/stratus-y-compris-12-mois-de-service-vente\/#primaryimage\"},\"thumbnailUrl\":\"https:\/\/fleet.tech\/wp-content\/uploads\/Sales_STRATUS_fr.png\",\"datePublished\":\"2019-12-03T14:42:01+00:00\",\"dateModified\":\"2020-09-04T07:43:16+00:00\",\"breadcrumb\":{\"@id\":\"https:\/\/fleet.tech\/fr\/produkt\/stratus-y-compris-12-mois-de-service-vente\/#breadcrumb\"},\"inLanguage\":\"fr-FR\",\"potentialAction\":[{\"@type\":\"ReadAction\",\"target\":[\"https:\/\/fleet.tech\/fr\/produkt\/stratus-y-compris-12-mois-de-service-vente\/\"]}]},{\"@type\":\"ImageObject\",\"inLanguage\":\"fr-FR\",\"@id\":\"https:\/\/fleet.tech\/fr\/produkt\/stratus-y-compris-12-mois-de-service-vente\/#primaryimage\",\"url\":\"https:\/\/fleet.tech\/wp-content\/uploads\/Sales_STRATUS_fr.png\",\"contentUrl\":\"https:\/\/fleet.tech\/wp-content\/uploads\/Sales_STRATUS_fr.png\",\"width\":3152,\"height\":1517},{\"@type\":\"BreadcrumbList\",\"@id\":\"https:\/\/fleet.tech\/fr\/produkt\/stratus-y-compris-12-mois-de-service-vente\/#breadcrumb\",\"itemListElement\":[{\"@type\":\"ListItem\",\"position\":1,\"name\":\"Home\",\"item\":\"https:\/\/fleet.tech\/fr\/\"},{\"@type\":\"ListItem\",\"position\":2,\"name\":\"Shop\",\"item\":\"https:\/\/fleet.tech\/fr\/shop\/\"},{\"@type\":\"ListItem\",\"position\":3,\"name\":\"STRATUS y compris 12 mois de service (VENTE !)\"}]},{\"@type\":\"WebSite\",\"@id\":\"https:\/\/fleet.tech\/#website\",\"url\":\"https:\/\/fleet.tech\/\",\"name\":\"fleet.tech\",\"description\":\"\",\"potentialAction\":[{\"@type\":\"SearchAction\",\"target\":{\"@type\":\"EntryPoint\",\"urlTemplate\":\"https:\/\/fleet.tech\/?s={search_term_string}\"},\"query-input\":{\"@type\":\"PropertyValueSpecification\",\"valueRequired\":true,\"valueName\":\"search_term_string\"}}],\"inLanguage\":\"fr-FR\"}]}<\/script>\n<!-- \/ Yoast SEO plugin. -->","yoast_head_json":{"title":"STRATUS y compris 12 mois de service (VENTE !) - fleet.tech","robots":{"index":"index","follow":"follow","max-snippet":"max-snippet:-1","max-image-preview":"max-image-preview:large","max-video-preview":"max-video-preview:-1"},"canonical":"https:\/\/fleet.tech\/fr\/produkt\/stratus-y-compris-12-mois-de-service-vente\/","og_locale":"fr_FR","og_type":"article","og_title":"STRATUS y compris 12 mois de service (VENTE !) - fleet.tech","og_description":"Dispositif de poursuite GSM portable","og_url":"https:\/\/fleet.tech\/fr\/produkt\/stratus-y-compris-12-mois-de-service-vente\/","og_site_name":"fleet.tech","article_modified_time":"2020-09-04T07:43:16+00:00","og_image":[{"width":3152,"height":1517,"url":"https:\/\/fleet.tech\/wp-content\/uploads\/Sales_STRATUS_fr.png","type":"image\/png"}],"twitter_card":"summary_large_image","schema":{"@context":"https:\/\/schema.org","@graph":[{"@type":"WebPage","@id":"https:\/\/fleet.tech\/fr\/produkt\/stratus-y-compris-12-mois-de-service-vente\/","url":"https:\/\/fleet.tech\/fr\/produkt\/stratus-y-compris-12-mois-de-service-vente\/","name":"STRATUS y compris 12 mois de service (VENTE !) - fleet.tech","isPartOf":{"@id":"https:\/\/fleet.tech\/#website"},"primaryImageOfPage":{"@id":"https:\/\/fleet.tech\/fr\/produkt\/stratus-y-compris-12-mois-de-service-vente\/#primaryimage"},"image":{"@id":"https:\/\/fleet.tech\/fr\/produkt\/stratus-y-compris-12-mois-de-service-vente\/#primaryimage"},"thumbnailUrl":"https:\/\/fleet.tech\/wp-content\/uploads\/Sales_STRATUS_fr.png","datePublished":"2019-12-03T14:42:01+00:00","dateModified":"2020-09-04T07:43:16+00:00","breadcrumb":{"@id":"https:\/\/fleet.tech\/fr\/produkt\/stratus-y-compris-12-mois-de-service-vente\/#breadcrumb"},"inLanguage":"fr-FR","potentialAction":[{"@type":"ReadAction","target":["https:\/\/fleet.tech\/fr\/produkt\/stratus-y-compris-12-mois-de-service-vente\/"]}]},{"@type":"ImageObject","inLanguage":"fr-FR","@id":"https:\/\/fleet.tech\/fr\/produkt\/stratus-y-compris-12-mois-de-service-vente\/#primaryimage","url":"https:\/\/fleet.tech\/wp-content\/uploads\/Sales_STRATUS_fr.png","contentUrl":"https:\/\/fleet.tech\/wp-content\/uploads\/Sales_STRATUS_fr.png","width":3152,"height":1517},{"@type":"BreadcrumbList","@id":"https:\/\/fleet.tech\/fr\/produkt\/stratus-y-compris-12-mois-de-service-vente\/#breadcrumb","itemListElement":[{"@type":"ListItem","position":1,"name":"Home","item":"https:\/\/fleet.tech\/fr\/"},{"@type":"ListItem","position":2,"name":"Shop","item":"https:\/\/fleet.tech\/fr\/shop\/"},{"@type":"ListItem","position":3,"name":"STRATUS y compris 12 mois de service (VENTE !)"}]},{"@type":"WebSite","@id":"https:\/\/fleet.tech\/#website","url":"https:\/\/fleet.tech\/","name":"fleet.tech","description":"","potentialAction":[{"@type":"SearchAction","target":{"@type":"EntryPoint","urlTemplate":"https:\/\/fleet.tech\/?s={search_term_string}"},"query-input":{"@type":"PropertyValueSpecification","valueRequired":true,"valueName":"search_term_string"}}],"inLanguage":"fr-FR"}]}},"_links":{"self":[{"href":"https:\/\/fleet.tech\/fr\/wp-json\/wp\/v2\/product\/9863","targetHints":{"allow":["GET"]}}],"collection":[{"href":"https:\/\/fleet.tech\/fr\/wp-json\/wp\/v2\/product"}],"about":[{"href":"https:\/\/fleet.tech\/fr\/wp-json\/wp\/v2\/types\/product"}],"wp:featuredmedia":[{"embeddable":true,"href":"https:\/\/fleet.tech\/fr\/wp-json\/wp\/v2\/media\/9885"}],"wp:attachment":[{"href":"https:\/\/fleet.tech\/fr\/wp-json\/wp\/v2\/media?parent=9863"}],"wp:term":[{"taxonomy":"product_brand","embeddable":true,"href":"https:\/\/fleet.tech\/fr\/wp-json\/wp\/v2\/product_brand?post=9863"},{"taxonomy":"product_cat","embeddable":true,"href":"https:\/\/fleet.tech\/fr\/wp-json\/wp\/v2\/product_cat?post=9863"},{"taxonomy":"product_tag","embeddable":true,"href":"https:\/\/fleet.tech\/fr\/wp-json\/wp\/v2\/product_tag?post=9863"}],"curies":[{"name":"wp","href":"https:\/\/api.w.org\/{rel}","templated":true}]}}