{"id":12843,"date":"2021-03-01T19:23:29","date_gmt":"2021-03-01T18:23:29","guid":{"rendered":"https:\/\/fleet.tech\/privacy-driver\/"},"modified":"2021-03-01T19:36:40","modified_gmt":"2021-03-01T18:36:40","slug":"privacy-driver","status":"publish","type":"page","link":"https:\/\/fleet.tech\/it\/privacy-driver\/","title":{"rendered":"Politica sulla privacy"},"content":{"rendered":"<div id=\"pl-12843\"  class=\"panel-layout\" ><div id=\"pg-12843-0\"  class=\"panel-grid panel-no-style\" ><div id=\"pgc-12843-0-0\"  class=\"panel-grid-cell\" ><div id=\"panel-12843-0-0-0\" class=\"so-panel widget widget_sow-editor panel-first-child panel-last-child\" data-index=\"0\" ><div\n\t\t\t\n\t\t\tclass=\"so-widget-sow-editor so-widget-sow-editor-base\"\n\t\t\t\n\t\t>\n<div class=\"siteorigin-widget-tinymce textwidget\">\n\t<h1>Politica sulla privacy<\/h1>\n<h3>fleet.tech DRIVER<\/h3>\n<h2>Trattamento dei suoi dati personali<\/h2>\n<p>I vostri dati personali sono trattati dalla societ\u00e0 LOSTnFOUND (di seguito \"noi\", \"ci\" o \"nostro\").<\/p>\n<p><em>LOSTnFOUND AG<br \/>\nSoodstrasse 49<br \/>\nCH-8134 Adliswil<\/em><\/p>\n<p>Qualsiasi trasmissione a societ\u00e0 terze \u00e8 soggetta al suo accordo preventivo e a quello della sua azienda. Nessun dato \u00e8 trasferito al di fuori dell'Unione Europea, i servizi sono integrati sui server di un Host in Francia: OVH.<\/p>\n<h2>Quali tipi di dati personali trattiamo?<\/h2>\n<p>Non raccogliamo dati sensibili riguardanti gli utenti, come l'origine razziale o etnica, le opinioni politiche, filosofiche o religiose, cos\u00ec come i dati relativi all'appartenenza sindacale, alla salute o alla vita sessuale.<\/p>\n<p>Utilizzando la nostra applicazione mobile fleet.tech DRIVER, vi \u00e8 richiesto di fornirci informazioni, alcune delle quali possono identificarvi (\"Dati personali\"). Ci\u00f2 avviene in particolare quando compilate i moduli (come il modulo di registrazione), quando ci contattate - per telefono, e-mail o qualsiasi altro mezzo di comunicazione - o quando ci segnalate un problema.<\/p>\n<p>I Dati Personali che trattiamo includono le seguenti informazioni personali:<\/p>\n<ul>\n<li>Nome,<\/li>\n<li>Cognome,<\/li>\n<li>Indirizzo e-mail,<\/li>\n<li>Il modello del suo veicolo,<\/li>\n<li>Pseudo,<\/li>\n<li>Viaggi con veicoli a motore.<\/li>\n<\/ul>\n<p>Per rilevare e analizzare i viaggi di un veicolo, l'applicazione utilizza la posizione in background. L'applicazione elabora la velocit\u00e0 e la direzione per calcolare gli indicatori di guida.<\/p>\n<p>Inoltre, trattiamo i Dati Personali sulle sue abitudini di guida e sul suo utilizzo dei servizi, come ad esempio:<\/p>\n<ul>\n<li>Dati del punteggio di sicurezza: calcolati a partire da eventi di accelerazione\/frenata o di perdita di aderenza rilevati durante i vostri viaggi in moto,<\/li>\n<li>Dati sulla distrazione del guidatore: cio\u00e8 come interagisci con il tuo smartphone (sblocco\/uso dello schermo) durante i tuoi viaggi in moto,<\/li>\n<li>Dati del punteggio di eco-guida: calcolati in base all'accelerazione, al mantenimento della velocit\u00e0 o alla decelerazione rilevata durante i tuoi viaggi in moto,<\/li>\n<li>Consigli di guida che ti vengono dati dopo i tuoi viaggi,<\/li>\n<li>La tua potenziale partecipazione a una o pi\u00f9 sfide di guida,<\/li>\n<li>Il tuo punteggio di velocit\u00e0 pu\u00f2 anche essere attivato (in conformit\u00e0 con la legislazione vigente).<\/li>\n<\/ul>\n<h2>Per quale scopo saranno trattati i suoi dati personali?<\/h2>\n<p>Condividendo i vostri dati personali con DriveQuant (responsabile del trattamento dei dati), e con la vostra azienda, sarete in grado di:<\/p>\n<ul>\n<li>Si registri e acceda all'applicazione mobile <em>tech DRIVER,<\/em><\/li>\n<li>Beneficia di servizi incentrati sul conducente (punteggio di sicurezza, punteggio di eco-guida, punteggio di distrazione) che possono portare a consigli di guida e notifiche di viaggi,<\/li>\n<li>Accedi alle sfide di guida organizzate nell'app dalla tua azienda e ottieni dei premi,<\/li>\n<li>Consenti alla tua azienda di gestire l'applicazione mobile e le sfide.<\/li>\n<\/ul>\n<ol>\n<li><em> In qualsiasi momento, puoi disattivare l'invio di notifiche nelle impostazioni del tuo smartphone.<\/em><\/li>\n<\/ol>\n<p>Come parte dell'uso dei nostri Servizi, alcuni dei tuoi Dati saranno trasmessi ad altri Utenti di fleet.tech DRIVER. Per esempio, come parte delle sfide, tutti gli Utenti avranno accesso al punteggio e al nickname di altri utenti registrati.<\/p>\n<h2>Per quanto tempo conserviamo i suoi dati personali?<\/h2>\n<p>In assenza di una richiesta esplicita in senso contrario, i suoi dati personali saranno conservati per un massimo di 2 anni dopo la fine del suo utilizzo dell'applicazione fleet.tech DRIVER.<\/p>\n<h2>Conformit\u00e0 legale e sicurezza<\/h2>\n<p>Potremmo essere obbligati - per legge, procedimento giudiziario, contenzioso e\/o richiesta da parte di autorit\u00e0 pubbliche o governative nel o fuori dal tuo paese di residenza - a divulgare i tuoi Dati personali. Possiamo anche divulgare i tuoi dati personali se ci viene richiesto per la sicurezza nazionale, l'ordine pubblico o altre questioni di interesse pubblico, dove tale divulgazione \u00e8 necessaria e appropriata. Se la legislazione lo consente, vi informeremo in anticipo del trasferimento dei vostri dati.<\/p>\n<p>Possiamo anche divulgare informazioni personali se crediamo, in buona fede, che tale divulgazione sia ragionevolmente necessaria per proteggere i nostri diritti e rimedi, per far rispettare i nostri termini e condizioni, per indagare su un caso di frode o per proteggere le nostre operazioni o gli utenti.<\/p>\n<h2>Quali sono i vostri diritti?<\/h2>\n<p>Nell'ambito delle suddette operazioni di trattamento, avete il diritto di richiedere l'accesso ai vostri Dati Personali in un formato strutturato standard, la modifica e la cancellazione dei vostri dati. Inoltre, hai il diritto di opporti al trattamento dei tuoi Dati Personali o di richiedere una limitazione di tale trattamento.<\/p>\n<p>In ogni caso, avete anche il diritto di presentare un reclamo all'autorit\u00e0 competente per la protezione dei dati.<\/p>\n<h2>Modifica della nostra politica sulla privacy<\/h2>\n<p>Possiamo modificare la nostra politica sulla privacy in conformit\u00e0 con i nostri obblighi legali. Le raccomandiamo di controllare regolarmente questa pagina per eventuali modifiche o aggiornamenti di questo documento.<\/p>\n<h2>Contatta<\/h2>\n<p>Potete contattarci per qualsiasi domanda riguardante la nostra politica sulla privacy o i vostri dati personali:<\/p>\n<ul>\n<li>Per posta al seguente indirizzo: LOSTnFOUND AG, Attn: GDPR-Officer, Soodstrasse 59, CH8134 Adliswil;<\/li>\n<li>Per e-mail all'indirizzo del nostro responsabile della protezione dei dati: gdpr@lostnfound.com<\/li>\n<\/ul>\n<p>&nbsp;<\/p>\n<\/div>\n<\/div><\/div><\/div><\/div><\/div>","protected":false},"excerpt":{"rendered":"<p>Politica sulla privacy fleet.tech DRIVER Trattamento dei suoi dati personali I vostri dati personali sono trattati dalla societ\u00e0 LOSTnFOUND (di seguito &#8220;noi&#8221;, &#8220;ci&#8221; o &#8220;nostro&#8221;). LOSTnFOUND AG Soodstrasse 49 CH-8134 Adliswil Qualsiasi trasmissione a societ\u00e0 terze \u00e8 soggetta al suo accordo preventivo e a quello della sua azienda. Nessun dato \u00e8 trasferito al di fuori [&hellip;]<\/p>\n","protected":false},"author":3,"featured_media":1730,"parent":0,"menu_order":0,"comment_status":"closed","ping_status":"closed","template":"","meta":{"_acf_changed":false,"inline_featured_image":false,"footnotes":""},"class_list":["post-12843","page","type-page","status-publish","has-post-thumbnail","hentry"],"acf":[],"yoast_head":"<!-- This site is optimized with the Yoast SEO plugin v26.1.1 - https:\/\/yoast.com\/wordpress\/plugins\/seo\/ -->\n<title>Politica sulla privacy - fleet.tech<\/title>\n<meta name=\"robots\" content=\"index, follow, max-snippet:-1, max-image-preview:large, max-video-preview:-1\" \/>\n<link rel=\"canonical\" href=\"https:\/\/fleet.tech\/it\/privacy-driver\/\" \/>\n<meta property=\"og:locale\" content=\"it_IT\" \/>\n<meta property=\"og:type\" content=\"article\" \/>\n<meta property=\"og:title\" content=\"Politica sulla privacy - fleet.tech\" \/>\n<meta property=\"og:description\" content=\"Politica sulla privacy fleet.tech DRIVER Trattamento dei suoi dati personali I vostri dati personali sono trattati dalla societ\u00e0 LOSTnFOUND (di seguito &quot;noi&quot;, &quot;ci&quot; o &quot;nostro&quot;). LOSTnFOUND AG Soodstrasse 49 CH-8134 Adliswil Qualsiasi trasmissione a societ\u00e0 terze \u00e8 soggetta al suo accordo preventivo e a quello della sua azienda. Nessun dato \u00e8 trasferito al di fuori [&hellip;]\" \/>\n<meta property=\"og:url\" content=\"https:\/\/fleet.tech\/it\/privacy-driver\/\" \/>\n<meta property=\"og:site_name\" content=\"fleet.tech\" \/>\n<meta property=\"article:modified_time\" content=\"2021-03-01T18:36:40+00:00\" \/>\n<meta property=\"og:image\" content=\"https:\/\/fleet.tech\/wp-content\/uploads\/revslider\/start1\/slide-waldstrasse.jpg\" \/>\n\t<meta property=\"og:image:width\" content=\"1920\" \/>\n\t<meta property=\"og:image:height\" content=\"1080\" \/>\n\t<meta property=\"og:image:type\" content=\"image\/jpeg\" \/>\n<meta name=\"twitter:card\" content=\"summary_large_image\" \/>\n<meta name=\"twitter:label1\" content=\"Tempo di lettura stimato\" \/>\n\t<meta name=\"twitter:data1\" content=\"4 minuti\" \/>\n<script type=\"application\/ld+json\" class=\"yoast-schema-graph\">{\"@context\":\"https:\/\/schema.org\",\"@graph\":[{\"@type\":\"WebPage\",\"@id\":\"https:\/\/fleet.tech\/it\/privacy-driver\/\",\"url\":\"https:\/\/fleet.tech\/it\/privacy-driver\/\",\"name\":\"Politica sulla privacy - fleet.tech\",\"isPartOf\":{\"@id\":\"https:\/\/fleet.tech\/#website\"},\"primaryImageOfPage\":{\"@id\":\"https:\/\/fleet.tech\/it\/privacy-driver\/#primaryimage\"},\"image\":{\"@id\":\"https:\/\/fleet.tech\/it\/privacy-driver\/#primaryimage\"},\"thumbnailUrl\":\"https:\/\/fleet.tech\/wp-content\/uploads\/revslider\/start1\/slide-waldstrasse.jpg\",\"datePublished\":\"2021-03-01T18:23:29+00:00\",\"dateModified\":\"2021-03-01T18:36:40+00:00\",\"breadcrumb\":{\"@id\":\"https:\/\/fleet.tech\/it\/privacy-driver\/#breadcrumb\"},\"inLanguage\":\"it-IT\",\"potentialAction\":[{\"@type\":\"ReadAction\",\"target\":[\"https:\/\/fleet.tech\/it\/privacy-driver\/\"]}]},{\"@type\":\"ImageObject\",\"inLanguage\":\"it-IT\",\"@id\":\"https:\/\/fleet.tech\/it\/privacy-driver\/#primaryimage\",\"url\":\"https:\/\/fleet.tech\/wp-content\/uploads\/revslider\/start1\/slide-waldstrasse.jpg\",\"contentUrl\":\"https:\/\/fleet.tech\/wp-content\/uploads\/revslider\/start1\/slide-waldstrasse.jpg\",\"width\":1920,\"height\":1080},{\"@type\":\"BreadcrumbList\",\"@id\":\"https:\/\/fleet.tech\/it\/privacy-driver\/#breadcrumb\",\"itemListElement\":[{\"@type\":\"ListItem\",\"position\":1,\"name\":\"Home\",\"item\":\"https:\/\/fleet.tech\/\"},{\"@type\":\"ListItem\",\"position\":2,\"name\":\"Politica sulla privacy\"}]},{\"@type\":\"WebSite\",\"@id\":\"https:\/\/fleet.tech\/#website\",\"url\":\"https:\/\/fleet.tech\/\",\"name\":\"fleet.tech\",\"description\":\"\",\"potentialAction\":[{\"@type\":\"SearchAction\",\"target\":{\"@type\":\"EntryPoint\",\"urlTemplate\":\"https:\/\/fleet.tech\/?s={search_term_string}\"},\"query-input\":{\"@type\":\"PropertyValueSpecification\",\"valueRequired\":true,\"valueName\":\"search_term_string\"}}],\"inLanguage\":\"it-IT\"}]}<\/script>\n<!-- \/ Yoast SEO plugin. -->","yoast_head_json":{"title":"Politica sulla privacy - fleet.tech","robots":{"index":"index","follow":"follow","max-snippet":"max-snippet:-1","max-image-preview":"max-image-preview:large","max-video-preview":"max-video-preview:-1"},"canonical":"https:\/\/fleet.tech\/it\/privacy-driver\/","og_locale":"it_IT","og_type":"article","og_title":"Politica sulla privacy - fleet.tech","og_description":"Politica sulla privacy fleet.tech DRIVER Trattamento dei suoi dati personali I vostri dati personali sono trattati dalla societ\u00e0 LOSTnFOUND (di seguito \"noi\", \"ci\" o \"nostro\"). LOSTnFOUND AG Soodstrasse 49 CH-8134 Adliswil Qualsiasi trasmissione a societ\u00e0 terze \u00e8 soggetta al suo accordo preventivo e a quello della sua azienda. Nessun dato \u00e8 trasferito al di fuori [&hellip;]","og_url":"https:\/\/fleet.tech\/it\/privacy-driver\/","og_site_name":"fleet.tech","article_modified_time":"2021-03-01T18:36:40+00:00","og_image":[{"width":1920,"height":1080,"url":"https:\/\/fleet.tech\/wp-content\/uploads\/revslider\/start1\/slide-waldstrasse.jpg","type":"image\/jpeg"}],"twitter_card":"summary_large_image","twitter_misc":{"Tempo di lettura stimato":"4 minuti"},"schema":{"@context":"https:\/\/schema.org","@graph":[{"@type":"WebPage","@id":"https:\/\/fleet.tech\/it\/privacy-driver\/","url":"https:\/\/fleet.tech\/it\/privacy-driver\/","name":"Politica sulla privacy - fleet.tech","isPartOf":{"@id":"https:\/\/fleet.tech\/#website"},"primaryImageOfPage":{"@id":"https:\/\/fleet.tech\/it\/privacy-driver\/#primaryimage"},"image":{"@id":"https:\/\/fleet.tech\/it\/privacy-driver\/#primaryimage"},"thumbnailUrl":"https:\/\/fleet.tech\/wp-content\/uploads\/revslider\/start1\/slide-waldstrasse.jpg","datePublished":"2021-03-01T18:23:29+00:00","dateModified":"2021-03-01T18:36:40+00:00","breadcrumb":{"@id":"https:\/\/fleet.tech\/it\/privacy-driver\/#breadcrumb"},"inLanguage":"it-IT","potentialAction":[{"@type":"ReadAction","target":["https:\/\/fleet.tech\/it\/privacy-driver\/"]}]},{"@type":"ImageObject","inLanguage":"it-IT","@id":"https:\/\/fleet.tech\/it\/privacy-driver\/#primaryimage","url":"https:\/\/fleet.tech\/wp-content\/uploads\/revslider\/start1\/slide-waldstrasse.jpg","contentUrl":"https:\/\/fleet.tech\/wp-content\/uploads\/revslider\/start1\/slide-waldstrasse.jpg","width":1920,"height":1080},{"@type":"BreadcrumbList","@id":"https:\/\/fleet.tech\/it\/privacy-driver\/#breadcrumb","itemListElement":[{"@type":"ListItem","position":1,"name":"Home","item":"https:\/\/fleet.tech\/"},{"@type":"ListItem","position":2,"name":"Politica sulla privacy"}]},{"@type":"WebSite","@id":"https:\/\/fleet.tech\/#website","url":"https:\/\/fleet.tech\/","name":"fleet.tech","description":"","potentialAction":[{"@type":"SearchAction","target":{"@type":"EntryPoint","urlTemplate":"https:\/\/fleet.tech\/?s={search_term_string}"},"query-input":{"@type":"PropertyValueSpecification","valueRequired":true,"valueName":"search_term_string"}}],"inLanguage":"it-IT"}]}},"_links":{"self":[{"href":"https:\/\/fleet.tech\/it\/wp-json\/wp\/v2\/pages\/12843","targetHints":{"allow":["GET"]}}],"collection":[{"href":"https:\/\/fleet.tech\/it\/wp-json\/wp\/v2\/pages"}],"about":[{"href":"https:\/\/fleet.tech\/it\/wp-json\/wp\/v2\/types\/page"}],"author":[{"embeddable":true,"href":"https:\/\/fleet.tech\/it\/wp-json\/wp\/v2\/users\/3"}],"replies":[{"embeddable":true,"href":"https:\/\/fleet.tech\/it\/wp-json\/wp\/v2\/comments?post=12843"}],"version-history":[{"count":2,"href":"https:\/\/fleet.tech\/it\/wp-json\/wp\/v2\/pages\/12843\/revisions"}],"predecessor-version":[{"id":12850,"href":"https:\/\/fleet.tech\/it\/wp-json\/wp\/v2\/pages\/12843\/revisions\/12850"}],"wp:featuredmedia":[{"embeddable":true,"href":"https:\/\/fleet.tech\/it\/wp-json\/wp\/v2\/media\/1730"}],"wp:attachment":[{"href":"https:\/\/fleet.tech\/it\/wp-json\/wp\/v2\/media?parent=12843"}],"curies":[{"name":"wp","href":"https:\/\/api.w.org\/{rel}","templated":true}]}}